{"id":16795,"date":"2023-06-08T15:28:55","date_gmt":"2023-06-08T15:28:55","guid":{"rendered":"https:\/\/contank.com\/canal-de-denuncias\/"},"modified":"2023-06-09T08:08:31","modified_gmt":"2023-06-09T08:08:31","slug":"signalements-et-suggestions","status":"publish","type":"page","link":"https:\/\/contank.com\/fr\/signalements-et-suggestions\/","title":{"rendered":"Canal de Signalements et Suggestions RSE"},"content":{"rendered":"<div class=\"wpb-content-wrapper\"><p>[vc_row gap=\u00a0\u00bb80&Prime; css=\u00a0\u00bb.vc_custom_1530533604775{padding-top: 40px !important;padding-bottom: 40px !important;}\u00a0\u00bb][vc_column animation_delay=\u00a0\u00bb0&Prime; offset=\u00a0\u00bbvc_col-lg-8 vc_col-md-8 vc_col-xs-12&Prime;]<h3 id=\"et-animated-title-1\" class=\"et-animated-title et-clearfix  words-direct\" data-mobile-font=\"24px\" data-tablet-font=\"32px\" data-delay=\"\" style=\"font-size:48px;font-weight:700;line-height:56px;color:#212121;\"><span class=\"text-wrapper\"><span class=\"text\">Canal de Signalements et Suggestions RSE<\/span><\/span><\/h3><div class=\"gap et-clearfix \" style=\"height:2px\"><\/div><div class=\"gap et-clearfix \" style=\"height:32px\"><\/div><div class=\"et-simple-braket-block-wrapper\"><style>#et-simple-braket-block-1 .braket-text {font-size:24px;font-weight:400;line-height:32px;}#et-simple-braket-block-1 .braket > div  {background-color:#ffd23f;}<\/style><div id=\"et-simple-braket-block-1\" class=\"et-simple-braket-block \"><div class=\"braket\"><div><\/div><div><\/div><div><\/div><\/div><div class=\"braket-text\" data-mobile-font=\"inherit\" data-tablet-font=\"inherit\">Contank pr\u00e9sente son nouveau canal de signalements et suggestions RSE. D\u00e9sormais, vous pouvez nous fournir vos pr\u00e9cieuses remarques et signaler tout incident de mani\u00e8re rapide et confidentielle. Nous nous engageons \u00e0 garantir la transparence et \u00e0 am\u00e9liorer continuellement notre responsabilit\u00e9 sociale d&#039;entreprise. Votre voix compte !<\/div><\/div><\/div><div class=\"gap et-clearfix \" style=\"height:72px\"><\/div>\n<div class=\"wpcf7 no-js\" id=\"wpcf7-f16788-o1\" lang=\"es-ES\" dir=\"ltr\" data-wpcf7-id=\"16788\">\n<div class=\"screen-reader-response\"><p role=\"status\" aria-live=\"polite\" aria-atomic=\"true\"><\/p> <ul><\/ul><\/div>\n<form action=\"\/fr\/wp-json\/wp\/v2\/pages\/16795#wpcf7-f16788-o1\" method=\"post\" class=\"wpcf7-form init\" aria-label=\"Formulario de contacto\" enctype=\"multipart\/form-data\" novalidate=\"novalidate\" data-status=\"init\">\n<fieldset class=\"hidden-fields-container\"><input type=\"hidden\" name=\"_wpcf7\" value=\"16788\" \/><input type=\"hidden\" name=\"_wpcf7_version\" value=\"6.1.2\" \/><input type=\"hidden\" name=\"_wpcf7_locale\" value=\"es_ES\" \/><input type=\"hidden\" name=\"_wpcf7_unit_tag\" value=\"wpcf7-f16788-o1\" \/><input type=\"hidden\" name=\"_wpcf7_container_post\" value=\"0\" \/><input type=\"hidden\" name=\"_wpcf7_posted_data_hash\" value=\"\" \/><input type=\"hidden\" name=\"_wpcf7_recaptcha_response\" value=\"\" \/>\n<\/fieldset>\n<p><label> Your Name<br \/>\n<span class=\"wpcf7-form-control-wrap\" data-name=\"your-name\"><input size=\"40\" maxlength=\"400\" class=\"wpcf7-form-control wpcf7-text wpcf7-validates-as-required\" autocomplete=\"name\" aria-required=\"true\" aria-invalid=\"false\" value=\"\" type=\"text\" name=\"your-name\" \/><\/span> <\/label>\n<\/p>\n<p><label> Your Email<br \/>\n<span class=\"wpcf7-form-control-wrap\" data-name=\"your-email\"><input size=\"40\" maxlength=\"400\" class=\"wpcf7-form-control wpcf7-email wpcf7-validates-as-required wpcf7-text wpcf7-validates-as-email\" autocomplete=\"email\" aria-required=\"true\" aria-invalid=\"false\" value=\"\" type=\"email\" name=\"your-email\" \/><\/span> <\/label>\n<\/p>\n<p><label> Select Subject<br \/>\n<span class=\"wpcf7-form-control-wrap\" data-name=\"menu-576\"><select class=\"wpcf7-form-control wpcf7-select wpcf7-validates-as-required\" aria-required=\"true\" aria-invalid=\"false\" name=\"menu-576\"><option value=\"Select an option.\">Select an option.<\/option><option value=\"Violation of current regulations.\">Violation of current regulations.<\/option><option value=\"Lack of transparency in fulfilling obligations.\">Lack of transparency in fulfilling obligations.<\/option><option value=\"Discrimination practices based on gender, religion, race, among other aspects.\">Discrimination practices based on gender, religion, race, among other aspects.<\/option><option value=\"Actions related to ensuring safety and health in the workplace.\">Actions related to ensuring safety and health in the workplace.<\/option><option value=\"Violation of the commitment to human rights, including child exploitation and other similar issues.\">Violation of the commitment to human rights, including child exploitation and other similar issues.<\/option><option value=\"Failing to uphold the commitment to environmental protection.\">Failing to uphold the commitment to environmental protection.<\/option><option value=\"Behaviors that may compromise the integrity of facilities, assets, or the company&#039;s reputation.\">Behaviors that may compromise the integrity of facilities, assets, or the company&#039;s reputation.<\/option><option value=\"Corrupt or dishonest attitudes in commercial transactions with customers or suppliers.\">Corrupt or dishonest attitudes in commercial transactions with customers or suppliers.<\/option><option value=\"Failure to maintain confidentiality.\">Failure to maintain confidentiality.<\/option><option value=\"Report of misconduct or malicious acts by an employee.\">Report of misconduct or malicious acts by an employee.<\/option><option value=\"Other relevant incidents.\">Other relevant incidents.<\/option><\/select><\/span><\/label>\n<\/p>\n<p><label> Extended Message<br \/>\n<span class=\"wpcf7-form-control-wrap\" data-name=\"your-message\"><textarea cols=\"40\" rows=\"10\" maxlength=\"2000\" class=\"wpcf7-form-control wpcf7-textarea\" aria-invalid=\"false\" name=\"your-message\"><\/textarea><\/span> <\/label>\n<\/p>\n<p><label> Attach Document<br \/>\n<span class=\"wpcf7-form-control-wrap\" data-name=\"file-529\"><input size=\"40\" class=\"wpcf7-form-control wpcf7-file\" accept=\"audio\/*,video\/*,image\/*\" aria-invalid=\"false\" type=\"file\" name=\"file-529\" \/><\/span> <\/label>\n<\/p>\n<p><span class=\"wpcf7-form-control-wrap\" data-name=\"quiz-535\"><label><span class=\"wpcf7-quiz-label\">Solve the operation: 11 + 4<\/span> <input size=\"40\" class=\"wpcf7-form-control wpcf7-quiz\" autocomplete=\"off\" aria-required=\"true\" aria-invalid=\"false\" type=\"text\" name=\"quiz-535\" \/><\/label><input type=\"hidden\" name=\"_wpcf7_quiz_answer_quiz-535\" value=\"3dfe091b3479227f953e5d0ef4f3bfdf\" \/><\/span>\n<\/p>\n<p><input class=\"wpcf7-form-control wpcf7-submit has-spinner\" type=\"submit\" value=\"Enviar\" \/>\n<\/p><div class=\"wpcf7-response-output\" aria-hidden=\"true\"><\/div>\n<\/form>\n<\/div>\n<div class=\"gap et-clearfix \" style=\"height:72px\"><\/div>[\/vc_column][vc_column animation_delay=\u00a0\u00bb0&Prime; css=\u00a0\u00bb.vc_custom_1532512947266{border-left-width: 1px !important;padding-left: 20% !important;border-left-color: #e0e0e0 !important;border-left-style: solid !important;border-radius: 1px !important;}\u00a0\u00bb el_class=\u00a0\u00bbet-element-column-with-border-left text767-align-center\u00a0\u00bb offset=\u00a0\u00bbvc_col-lg-4 vc_col-md-4 vc_col-xs-12&Prime;][vc_custom_heading text=\u00a0\u00bbFolge uns in unseren sozialen Netzwerken!\u00a0\u00bb font_container=\u00a0\u00bbtag:h6|font_size:18px|text_align:left|line_height:32px\u00a0\u00bb use_theme_fonts=\u00a0\u00bbyes\u00a0\u00bb el_class=\u00a0\u00bbtext767-align-center\u00a0\u00bb]<div id=\"et-social-links-1\" class=\"et-social-links social-links et-clearfix full styling-original-false\"><style>#et-social-links-1 a {color:#212121;box-shadow:inset 0 0 0 2px #212121;border-radius:4px;}#et-social-links-1 a:hover {color:#fd8c40;box-shadow:inset 0 0 0 2px #fd8c40;}<\/style><a class=\"et-icon-google\" href=\"https:\/\/local.google.com\/place?id=5789000300570067704&#038;use=srp&#038;_ga=2.136648307.27580667.1620733826-719298591.1620733826\" target=\"_self\"><\/a><a class=\"et-icon-instagram\" href=\"https:\/\/www.instagram.com\/contank\" target=\"_self\"><\/a><a class=\"et-icon-twitter\" href=\"https:\/\/twitter.com\/ContankSA\" target=\"_self\"><\/a><a class=\"et-icon-linkedin\" href=\"https:\/\/es.linkedin.com\/company\/contank\" target=\"_self\"><\/a><\/div><div class=\"gap et-clearfix \" style=\"height:56px\"><\/div>[\/vc_column][\/vc_row]<\/p>\n<\/div>","protected":false},"excerpt":{"rendered":"<p>[vc_row gap=\u00a0\u00bb80&Prime; css=\u00a0\u00bb.vc_custom_1530533604775{padding-top: 40px !important;padding-bottom: 40px !important;}\u00a0\u00bb][vc_column animation_delay=\u00a0\u00bb0&Prime; offset=\u00a0\u00bbvc_col-lg-8 vc_col-md-8 vc_col-xs-12&Prime;][\/vc_column][vc_column animation_delay=\u00a0\u00bb0&Prime; css=\u00a0\u00bb.vc_custom_1532512947266{border-left-width: 1px !important;padding-left: 20% !important;border-left-color: #e0e0e0 !important;border-left-style: solid !important;border-radius: 1px !important;}\u00a0\u00bb el_class=\u00a0\u00bbet-element-column-with-border-left text767-align-center\u00a0\u00bb offset=\u00a0\u00bbvc_col-lg-4 vc_col-md-4 vc_col-xs-12&Prime;][vc_custom_heading text=\u00a0\u00bbFolge uns in unseren sozialen Netzwerken!\u00a0\u00bb font_container=\u00a0\u00bbtag:h6|font_size:18px|text_align:left|line_height:32px\u00a0\u00bb use_theme_fonts=\u00a0\u00bbyes\u00a0\u00bb el_class=\u00a0\u00bbtext767-align-center\u00a0\u00bb][\/vc_column][\/vc_row]<\/p>\n","protected":false},"author":1,"featured_media":0,"parent":0,"menu_order":0,"comment_status":"closed","ping_status":"closed","template":"","meta":{"footnotes":""},"class_list":["post-16795","page","type-page","status-publish","hentry"],"yoast_head":"<!-- This site is optimized with the Yoast SEO plugin v27.3 - https:\/\/yoast.com\/product\/yoast-seo-wordpress\/ -->\n<title>Canal de Signalements et Suggestions RSE - Contank - Transporte ADR de l\u00edquidos intermodal<\/title>\n<meta name=\"robots\" content=\"index, follow, max-snippet:-1, max-image-preview:large, max-video-preview:-1\" \/>\n<link rel=\"canonical\" href=\"https:\/\/contank.com\/fr\/signalements-et-suggestions\/\" \/>\n<meta property=\"og:locale\" content=\"fr_FR\" \/>\n<meta property=\"og:type\" content=\"article\" \/>\n<meta property=\"og:title\" content=\"Canal de Signalements et Suggestions RSE - Contank - Transporte ADR de l\u00edquidos intermodal\" \/>\n<meta property=\"og:description\" content=\"[vc_row gap=\u00a0\u00bb80&Prime; css=\u00a0\u00bb.vc_custom_1530533604775{padding-top: 40px !important;padding-bottom: 40px !important;}\u00a0\u00bb][vc_column animation_delay=\u00a0\u00bb0&Prime; offset=\u00a0\u00bbvc_col-lg-8 vc_col-md-8 vc_col-xs-12&Prime;][\/vc_column][vc_column animation_delay=\u00a0\u00bb0&Prime; css=\u00a0\u00bb.vc_custom_1532512947266{border-left-width: 1px !important;padding-left: 20% !important;border-left-color: #e0e0e0 !important;border-left-style: solid !important;border-radius: 1px !important;}\u00a0\u00bb el_class=\u00a0\u00bbet-element-column-with-border-left text767-align-center\u00a0\u00bb offset=\u00a0\u00bbvc_col-lg-4 vc_col-md-4 vc_col-xs-12&Prime;][vc_custom_heading text=\u00a0\u00bbFolge uns in unseren sozialen Netzwerken!\u00a0\u00bb font_container=\u00a0\u00bbtag:h6|font_size:18px|text_align:left|line_height:32px\u00a0\u00bb use_theme_fonts=\u00a0\u00bbyes\u00a0\u00bb el_class=\u00a0\u00bbtext767-align-center\u00a0\u00bb][\/vc_column][\/vc_row]\" \/>\n<meta property=\"og:url\" content=\"https:\/\/contank.com\/fr\/signalements-et-suggestions\/\" \/>\n<meta property=\"og:site_name\" content=\"Contank - Transporte ADR de l\u00edquidos intermodal\" \/>\n<meta property=\"article:modified_time\" content=\"2023-06-09T08:08:31+00:00\" \/>\n<meta name=\"twitter:card\" content=\"summary_large_image\" \/>\n<meta name=\"twitter:site\" content=\"@ContankSA\" \/>\n<meta name=\"twitter:label1\" content=\"Dur\u00e9e de lecture estim\u00e9e\" \/>\n\t<meta name=\"twitter:data1\" content=\"1 minute\" \/>\n<script type=\"application\/ld+json\" class=\"yoast-schema-graph\">{\"@context\":\"https:\\\/\\\/schema.org\",\"@graph\":[{\"@type\":\"WebPage\",\"@id\":\"https:\\\/\\\/contank.com\\\/fr\\\/signalements-et-suggestions\\\/\",\"url\":\"https:\\\/\\\/contank.com\\\/fr\\\/signalements-et-suggestions\\\/\",\"name\":\"Canal de Signalements et Suggestions RSE - Contank - Transporte ADR de l\u00edquidos intermodal\",\"isPartOf\":{\"@id\":\"https:\\\/\\\/contank.com\\\/#website\"},\"datePublished\":\"2023-06-08T15:28:55+00:00\",\"dateModified\":\"2023-06-09T08:08:31+00:00\",\"breadcrumb\":{\"@id\":\"https:\\\/\\\/contank.com\\\/fr\\\/signalements-et-suggestions\\\/#breadcrumb\"},\"inLanguage\":\"fr-FR\",\"potentialAction\":[{\"@type\":\"ReadAction\",\"target\":[\"https:\\\/\\\/contank.com\\\/fr\\\/signalements-et-suggestions\\\/\"]}]},{\"@type\":\"BreadcrumbList\",\"@id\":\"https:\\\/\\\/contank.com\\\/fr\\\/signalements-et-suggestions\\\/#breadcrumb\",\"itemListElement\":[{\"@type\":\"ListItem\",\"position\":1,\"name\":\"Portada\",\"item\":\"https:\\\/\\\/contank.com\\\/fr\\\/\"},{\"@type\":\"ListItem\",\"position\":2,\"name\":\"Canal de Signalements et Suggestions RSE\"}]},{\"@type\":\"WebSite\",\"@id\":\"https:\\\/\\\/contank.com\\\/#website\",\"url\":\"https:\\\/\\\/contank.com\\\/\",\"name\":\"Contank - Transporte ADR Intermodal\",\"description\":\"Especialistas en Transporte ADR de L\u00edquidos en contenedores\",\"publisher\":{\"@id\":\"https:\\\/\\\/contank.com\\\/#organization\"},\"potentialAction\":[{\"@type\":\"SearchAction\",\"target\":{\"@type\":\"EntryPoint\",\"urlTemplate\":\"https:\\\/\\\/contank.com\\\/?s={search_term_string}\"},\"query-input\":{\"@type\":\"PropertyValueSpecification\",\"valueRequired\":true,\"valueName\":\"search_term_string\"}}],\"inLanguage\":\"fr-FR\"},{\"@type\":\"Organization\",\"@id\":\"https:\\\/\\\/contank.com\\\/#organization\",\"name\":\"Contank\",\"url\":\"https:\\\/\\\/contank.com\\\/\",\"logo\":{\"@type\":\"ImageObject\",\"inLanguage\":\"fr-FR\",\"@id\":\"https:\\\/\\\/contank.com\\\/#\\\/schema\\\/logo\\\/image\\\/\",\"url\":\"https:\\\/\\\/contank.com\\\/wp-content\\\/uploads\\\/2021\\\/05\\\/ck1.png\",\"contentUrl\":\"https:\\\/\\\/contank.com\\\/wp-content\\\/uploads\\\/2021\\\/05\\\/ck1.png\",\"width\":130,\"height\":72,\"caption\":\"Contank\"},\"image\":{\"@id\":\"https:\\\/\\\/contank.com\\\/#\\\/schema\\\/logo\\\/image\\\/\"},\"sameAs\":[\"https:\\\/\\\/x.com\\\/ContankSA\",\"https:\\\/\\\/www.instagram.com\\\/contank\\\/\",\"https:\\\/\\\/www.linkedin.com\\\/company\\\/11075598\\\/\"]}]}<\/script>\n<!-- \/ Yoast SEO plugin. -->","yoast_head_json":{"title":"Canal de Signalements et Suggestions RSE - Contank - Transporte ADR de l\u00edquidos intermodal","robots":{"index":"index","follow":"follow","max-snippet":"max-snippet:-1","max-image-preview":"max-image-preview:large","max-video-preview":"max-video-preview:-1"},"canonical":"https:\/\/contank.com\/fr\/signalements-et-suggestions\/","og_locale":"fr_FR","og_type":"article","og_title":"Canal de Signalements et Suggestions RSE - Contank - Transporte ADR de l\u00edquidos intermodal","og_description":"[vc_row gap=\u00a0\u00bb80&Prime; css=\u00a0\u00bb.vc_custom_1530533604775{padding-top: 40px !important;padding-bottom: 40px !important;}\u00a0\u00bb][vc_column animation_delay=\u00a0\u00bb0&Prime; offset=\u00a0\u00bbvc_col-lg-8 vc_col-md-8 vc_col-xs-12&Prime;][\/vc_column][vc_column animation_delay=\u00a0\u00bb0&Prime; css=\u00a0\u00bb.vc_custom_1532512947266{border-left-width: 1px !important;padding-left: 20% !important;border-left-color: #e0e0e0 !important;border-left-style: solid !important;border-radius: 1px !important;}\u00a0\u00bb el_class=\u00a0\u00bbet-element-column-with-border-left text767-align-center\u00a0\u00bb offset=\u00a0\u00bbvc_col-lg-4 vc_col-md-4 vc_col-xs-12&Prime;][vc_custom_heading text=\u00a0\u00bbFolge uns in unseren sozialen Netzwerken!\u00a0\u00bb font_container=\u00a0\u00bbtag:h6|font_size:18px|text_align:left|line_height:32px\u00a0\u00bb use_theme_fonts=\u00a0\u00bbyes\u00a0\u00bb el_class=\u00a0\u00bbtext767-align-center\u00a0\u00bb][\/vc_column][\/vc_row]","og_url":"https:\/\/contank.com\/fr\/signalements-et-suggestions\/","og_site_name":"Contank - Transporte ADR de l\u00edquidos intermodal","article_modified_time":"2023-06-09T08:08:31+00:00","twitter_card":"summary_large_image","twitter_site":"@ContankSA","twitter_misc":{"Dur\u00e9e de lecture estim\u00e9e":"1 minute"},"schema":{"@context":"https:\/\/schema.org","@graph":[{"@type":"WebPage","@id":"https:\/\/contank.com\/fr\/signalements-et-suggestions\/","url":"https:\/\/contank.com\/fr\/signalements-et-suggestions\/","name":"Canal de Signalements et Suggestions RSE - Contank - Transporte ADR de l\u00edquidos intermodal","isPartOf":{"@id":"https:\/\/contank.com\/#website"},"datePublished":"2023-06-08T15:28:55+00:00","dateModified":"2023-06-09T08:08:31+00:00","breadcrumb":{"@id":"https:\/\/contank.com\/fr\/signalements-et-suggestions\/#breadcrumb"},"inLanguage":"fr-FR","potentialAction":[{"@type":"ReadAction","target":["https:\/\/contank.com\/fr\/signalements-et-suggestions\/"]}]},{"@type":"BreadcrumbList","@id":"https:\/\/contank.com\/fr\/signalements-et-suggestions\/#breadcrumb","itemListElement":[{"@type":"ListItem","position":1,"name":"Portada","item":"https:\/\/contank.com\/fr\/"},{"@type":"ListItem","position":2,"name":"Canal de Signalements et Suggestions RSE"}]},{"@type":"WebSite","@id":"https:\/\/contank.com\/#website","url":"https:\/\/contank.com\/","name":"Contank - Transporte ADR Intermodal","description":"Especialistas en Transporte ADR de L\u00edquidos en contenedores","publisher":{"@id":"https:\/\/contank.com\/#organization"},"potentialAction":[{"@type":"SearchAction","target":{"@type":"EntryPoint","urlTemplate":"https:\/\/contank.com\/?s={search_term_string}"},"query-input":{"@type":"PropertyValueSpecification","valueRequired":true,"valueName":"search_term_string"}}],"inLanguage":"fr-FR"},{"@type":"Organization","@id":"https:\/\/contank.com\/#organization","name":"Contank","url":"https:\/\/contank.com\/","logo":{"@type":"ImageObject","inLanguage":"fr-FR","@id":"https:\/\/contank.com\/#\/schema\/logo\/image\/","url":"https:\/\/contank.com\/wp-content\/uploads\/2021\/05\/ck1.png","contentUrl":"https:\/\/contank.com\/wp-content\/uploads\/2021\/05\/ck1.png","width":130,"height":72,"caption":"Contank"},"image":{"@id":"https:\/\/contank.com\/#\/schema\/logo\/image\/"},"sameAs":["https:\/\/x.com\/ContankSA","https:\/\/www.instagram.com\/contank\/","https:\/\/www.linkedin.com\/company\/11075598\/"]}]}},"_links":{"self":[{"href":"https:\/\/contank.com\/fr\/wp-json\/wp\/v2\/pages\/16795","targetHints":{"allow":["GET"]}}],"collection":[{"href":"https:\/\/contank.com\/fr\/wp-json\/wp\/v2\/pages"}],"about":[{"href":"https:\/\/contank.com\/fr\/wp-json\/wp\/v2\/types\/page"}],"author":[{"embeddable":true,"href":"https:\/\/contank.com\/fr\/wp-json\/wp\/v2\/users\/1"}],"replies":[{"embeddable":true,"href":"https:\/\/contank.com\/fr\/wp-json\/wp\/v2\/comments?post=16795"}],"version-history":[{"count":4,"href":"https:\/\/contank.com\/fr\/wp-json\/wp\/v2\/pages\/16795\/revisions"}],"predecessor-version":[{"id":16809,"href":"https:\/\/contank.com\/fr\/wp-json\/wp\/v2\/pages\/16795\/revisions\/16809"}],"wp:attachment":[{"href":"https:\/\/contank.com\/fr\/wp-json\/wp\/v2\/media?parent=16795"}],"curies":[{"name":"wp","href":"https:\/\/api.w.org\/{rel}","templated":true}]}}