{"id":15100,"date":"2021-05-10T15:14:12","date_gmt":"2021-05-10T15:14:12","guid":{"rendered":"https:\/\/contank.com\/politica-de-privacidad\/"},"modified":"2021-08-23T10:17:03","modified_gmt":"2021-08-23T10:17:03","slug":"politique-de-confidentialite","status":"publish","type":"page","link":"https:\/\/contank.com\/fr\/politique-de-confidentialite\/","title":{"rendered":"Politique de confidentialit\u00e9"},"content":{"rendered":"\r\n<h2 class=\"wp-block-heading\">Politique de confidentialit\u00e9<\/h2>\r\n\r\n\r\n\r\n<p>&nbsp;<\/p>\r\n<p>Gr\u00e2ce \u00e0 cette politique de confidentialit\u00e9 CONTANK, S.A. vous voulez tout informer<br \/>les personnes qui naviguent et acc\u00e8dent au site www.contank.com sur le traitement des donn\u00e9es<br \/>personnel effectu\u00e9.<\/p>\r\n<p><br \/>L&rsquo;acc\u00e8s au site ne n\u00e9cessite pas d&rsquo;inscription pr\u00e9alable. Avant de soumettre toute demande de<br \/>informations via le formulaire de contact sur ce site, l&rsquo;utilisateur doit accepter les<br \/>politique de confidentialit\u00e9, afin de donner le consentement expr\u00e8s et \u00e9clair\u00e9 du<br \/>traitement des donn\u00e9es aux fins indiqu\u00e9es.<\/p>\r\n<p><br \/>CONTANK, S.A., conform\u00e9ment au r\u00e8glement (UE) 2016\/679 du 27 avril 2016,<br \/>concernant la protection des personnes physiques \u00e0 l&rsquo;\u00e9gard du traitement des donn\u00e9es<br \/>donn\u00e9es personnelles et la libre circulation de ces donn\u00e9es, ainsi qu&rsquo;avec la loi organique 3\/2018, du 5<br \/>D\u00e9cembre, Protection des Donn\u00e9es Personnelles et garantie des droits num\u00e9riques, comme<br \/>Responsable du traitement des donn\u00e9es personnelles fournies, fournit ce qui suit<br \/>information:<\/p>\r\n<p><br \/>Responsable du traitement :<br \/>\uf0a7 Nom de l&rsquo;entreprise\u00a0: CONTANK, S.A.<br \/>NIF : A08957912<br \/>Adresse : Trav. De Ca n&rsquo;Estape, 5-7 &#8211; 08755 Castellbisbal (Barcelone)<br \/>T\u00e9l\u00e9phone : 937089600<br \/>Courriel : rgpd@contank.com<\/p>\r\n<p><br \/>Domaine d&rsquo;application<br \/>Cette politique sera applicable :<br \/>\uf0b7 \u00c0 \u200b\u200bceux qui visitent le site Web de Contank, www.contank.com<br \/>\uf0b7 \u00c0 \u200b\u200bceux qui contactent volontairement Contank par courrier<br \/>email, chat ou remplissez l&rsquo;un des formulaires de collecte<br \/>donn\u00e9es publi\u00e9es sur le site Contank<br \/>\uf0b7 \u00c0 \u200b\u200bceux qui demandent des informations sur les produits et services de Contank ou qui<br \/>demander \u00e0 participer \u00e0 l&rsquo;une des actions commerciales de Contank.<br \/>\uf0b7 A ceux qui formalisent une relation contractuelle avec Contank en contractant<br \/>vos produits et services.<br \/>\uf0b7 \u00c0 \u200b\u200bceux qui utilisent tout autre service pr\u00e9sent sur le site Web qui implique la<br \/>communication de donn\u00e9es \u00e0 Contank ou acc\u00e8s aux donn\u00e9es par Contank pour la mise \u00e0 disposition<br \/>de leurs prestations.<br \/>\uf0b7 \u00c0 \u200b\u200btous ceux qui, directement ou indirectement, ont donn\u00e9 leur consentement<br \/>express\u00e9ment pour que vos donn\u00e9es soient trait\u00e9es par Contank pour l&rsquo;un des<br \/>fins incluses dans la pr\u00e9sente politique.<\/p>\r\n<p>Finalit\u00e9 du traitement : Nous traitons les donn\u00e9es et informations que les personnes nous fournissent<br \/>int\u00e9ress\u00e9 afin de :<\/p>\r\n<p>\uf0b7 En cas d&rsquo;envoi d&rsquo;un e-mail \u00e0 Contank ou d&rsquo;une communication de<br \/>donn\u00e9es personnelles par tout autre moyen, tel qu&rsquo;une forme de<br \/>contact, la finalit\u00e9 de la collecte et du traitement desdites donn\u00e9es par Contank<br \/>C&rsquo;est l&rsquo;attention des enqu\u00eates et des demandes d&rsquo;informations qui surviennent au sujet de la<br \/>Contenir les produits et services.<\/p>\r\n<p><br \/>\uf0b7 En cas d&rsquo;envoi d&rsquo;un e-mail \u00e0 Contank relatif \u00e0 ses offres de<br \/>emploi, lesdites donn\u00e9es seront trait\u00e9es pour participer aux proc\u00e9dures de s\u00e9lection<br \/>de personnel.<\/p>\r\n<p><br \/>\uf0b7 Dans le cas des formulaires Contank que les parties int\u00e9ress\u00e9es remplissent pour participer<br \/>dans toute action commerciale de Contank, le but sera de permettre<br \/>ladite participation, ainsi que l&rsquo;envoi de communications commerciales et publicitaires<br \/>sur les services de Contank, \u00e0 moins que l&rsquo;int\u00e9ress\u00e9 n&rsquo;indique express\u00e9ment son<br \/>opposition en m\u00eame temps de la collecte de vos donn\u00e9es. Nonobstant ce qui pr\u00e9c\u00e8de, le<br \/>L&rsquo;int\u00e9ress\u00e9 peut modifier sa d\u00e9cision \u00e0 tout moment, autant de fois que<br \/>souhaiter, par les moyens mis \u00e0 disposition par Contank \u00e0 cet effet.<\/p>\r\n<p><br \/>\uf0b7 Lors de la souscription des services propos\u00e9s par Contank, seuls<br \/>les donn\u00e9es personnelles qui \u00e9taient n\u00e9cessaires pour \u00e9tablir la relation<br \/>contractuelles et permettre la fourniture de services et leur r\u00e9mun\u00e9ration par<br \/>partie des clients, lesdites donn\u00e9es \u00e9tant collect\u00e9es et trait\u00e9es avec les<br \/>fins :<\/p>\r\n<p><br \/>\uf0b7 L&rsquo;objectif principal sera de maintenir la relation contractuelle<br \/>qui est \u00e9tablie avec le client, conform\u00e9ment \u00e0 la nature et<br \/>caract\u00e9ristiques des services contract\u00e9s, en contactant Contank avec le client<br \/>Par le biais de l&rsquo;adresse e-mail, du t\u00e9l\u00e9phone ou d&rsquo;autres moyens indiqu\u00e9s par ce<br \/>dernier.<\/p>\r\n<p><br \/>\uf0b7 Pour envoyer de la documentation et des informations relatives aux services<br \/>contract\u00e9, ainsi que pour l&rsquo;envoi de communications commerciales et<br \/>publicit\u00e9 \u00e0 leur sujet ou similaire par Contank, \u00e0 travers<br \/>par courrier, e-mail, t\u00e9l\u00e9phone, SMS ou tout autre moyen indiqu\u00e9 par le client,<br \/>A moins qu&rsquo;il ne manifeste express\u00e9ment son opposition en m\u00eame temps que<br \/>l&#8217;embauche. Que le client ait choisi de recevoir ou non<br \/>informations commerciales de Contank, le client peut modifier sa d\u00e9cision en<br \/>\u00e0 tout moment, autant de fois que vous le souhaitez, via la rubrique<br \/>sp\u00e9cifiques disponibles \u00e0 cet effet dans votre Espace Client.<\/p>\r\n<p><br \/>\uf0b7 Pour la tenue des registres historiques des relations commerciales<br \/>dans les d\u00e9lais l\u00e9gaux.<\/p>\r\n<p><br \/>\uf0b7 Dans les cas o\u00f9 Contank doit acc\u00e9der et \/ ou traiter des donn\u00e9es personnelles<br \/>\u00e0 l&rsquo;\u00e9gard desquels le client avait la condition de responsable ou<br \/>En charge du traitement, Contank traitera lesdites donn\u00e9es comme<br \/>responsable de traitement conform\u00e9ment aux dispositions de l&rsquo;article 28 du RGPD et<br \/>selon ce qui est indiqu\u00e9 dans la section intitul\u00e9e \u00ab\u00a0Contank as<br \/>en charge du traitement \u00bb, inclus dans la pr\u00e9sente Politique.<\/p>\r\n<p>\uf0b7 Conform\u00e9ment aux dispositions de la loi 25\/2007, du 18 octobre, sur<br \/>conservation des donn\u00e9es relatives aux communications \u00e9lectroniques et<br \/>r\u00e9seaux publics de communication, Contank informe l&rsquo;utilisateur que<br \/>proc\u00e9dera \u00e0 la conservation et \u00e0 la conservation de certaines donn\u00e9es de trafic g\u00e9n\u00e9r\u00e9es<br \/>lors de l&rsquo;\u00e9laboration des communications, ainsi que, le cas \u00e9ch\u00e9ant, pour communiquer<br \/>lesdites donn\u00e9es aux organismes comp\u00e9tents \u00e0 condition que le<br \/>circonstances juridiques pr\u00e9vues par ladite loi.<\/p>\r\n<p>\uf0b7 \u00c0 \u200b\u200btoutes autres fins, qui apparaissent express\u00e9ment<br \/>inclus dans les Conditions Particuli\u00e8res applicables au produit ou<br \/>service correspondant contract\u00e9 par le client et express\u00e9ment accept\u00e9<br \/>cette.<\/p>\r\n<p><br \/>L\u00e9gitimation : Le traitement desdites donn\u00e9es est l\u00e9gitim\u00e9 par l&rsquo;ex\u00e9cution des obligations<br \/>contractuelles et\/ou commerciales.<br \/>Crit\u00e8res de conservation des donn\u00e9es : Les donn\u00e9es ne seront pas conserv\u00e9es plus de<br \/>n\u00e9cessaires pour lesquelles ils ont \u00e9t\u00e9 collect\u00e9s, sauf s&rsquo;il existe une obligation l\u00e9gale.<br \/>Communication des donn\u00e9es : Elles ne seront pas communiqu\u00e9es \u00e0 d&rsquo;autres tiers, sauf obligation l\u00e9gale ou<br \/>avec le consentement expr\u00e8s de l&rsquo;int\u00e9ress\u00e9.<\/p>\r\n<p><br \/>Destinataires des donn\u00e9es personnelles<br \/>Les destinataires des donn\u00e9es personnelles collect\u00e9es par Contank seront les suivants :<br \/>\uf0b7 Les propres employ\u00e9s de Contank dans l&rsquo;exercice de leurs fonctions.<br \/>\uf0b7 Les fournisseurs de Contank impliqu\u00e9s dans la prestation de services, dans le<br \/>si cela est n\u00e9cessaire pour la fourniture de celui-ci.<br \/>\uf0b7 Les entreprises membres du Groupe d&rsquo;Entreprises dont Contank fait partie,<br \/>compris au sens de l&rsquo;article 42 du Code de commerce, dont l&rsquo;activit\u00e9 est<br \/>la commercialisation de services de nature identique ou analogue offerts par<br \/>R\u00e9servoir,<br \/>\uf0b7 Les organes judiciaires ou administratifs, ainsi que les Forces et Organismes de S\u00e9curit\u00e9<br \/>de l&rsquo;\u00c9tat, dans le cas o\u00f9 Contank est requis conform\u00e9ment \u00e0 la l\u00e9gislation en vigueur<br \/>fournir des informations relatives \u00e0 ses clients et \u00e0 ses services.<br \/>\uf0b7 Toute autre personne qui, en raison de la nature du service, doit acc\u00e9der aux donn\u00e9es<br \/>fourni avec celui-ci, comme d\u00e9taill\u00e9 dans les Conditions Particuli\u00e8res qui sont<br \/>d&rsquo;application au produit ou service correspondant contract\u00e9 par le client et<br \/>express\u00e9ment accept\u00e9 par celui-ci.<\/p>\r\n<p><br \/>Transferts internationaux de donn\u00e9es : Aucun transfert international de donn\u00e9es n&rsquo;est effectu\u00e9.<br \/>donn\u00e9es vers des pays tiers en dehors de l&rsquo;Union europ\u00e9enne.<br \/>Droits qui assistent la partie int\u00e9ress\u00e9e: La partie int\u00e9ress\u00e9e a le droit de retirer son consentement dans<br \/>n&rsquo;importe quand. De m\u00eame, nous vous informons que vous pouvez exercer vos droits d&rsquo;acc\u00e8s,<br \/>rectification et suppression (Droit \u00e0 l&rsquo;oubli), limitation des donn\u00e9es, portabilit\u00e9 des donn\u00e9es et<br \/>opposition, en envoyant une lettre \u00e0 Trav. De Ca n&rsquo;Estape, 5-7 &#8211; 08755 Castellbisbal (Barcelone), ou<br \/>email rgpd@contank.com<\/p>\r\n<p><br \/>De m\u00eame, l&rsquo;int\u00e9ress\u00e9 est inform\u00e9 qu&rsquo;il peut r\u00e9voquer le consentement \u00e0 envoyer<br \/>communications commerciales en envoyant un email \u00e0 rgpd@contank.com<br \/>La personne int\u00e9ress\u00e9e peut d\u00e9poser une r\u00e9clamation aupr\u00e8s de l&rsquo;autorit\u00e9 de contr\u00f4le \u00e0 ce sujet<br \/>l&rsquo;autorit\u00e9 comp\u00e9tente en mati\u00e8re de protection des donn\u00e9es, qui est actuellement l&rsquo;Agence espagnole pour la protection des<br \/>Data (AEPD), via son si\u00e8ge \u00e9lectronique : www.sedeagpd.gob.es\/sede-electronica-web, ou<br \/>en envoyant une lettre \u00e0 C \/ Jorge Juan n\u00ba6 &#8211; 28001 MADRID.<br \/>Est-il obligatoire de fournir toutes les informations demand\u00e9es dans la rubrique contact ?<\/p>\r\n<p><br \/>Concernant les formulaires pr\u00e9sents sur le Site, l&rsquo;Utilisateur doit remplir ceux marqu\u00e9s comme<br \/>\u00ab\u00a0obligatoire\u00a0\u00bb. Le fait de ne pas remplir les donn\u00e9es personnelles requises ou de le faire partiellement peut signifier<br \/>que CONTANK, S.A. ne peut pas r\u00e9pondre \u00e0 vos demandes et, par cons\u00e9quent, CONTANK, S.A.<br \/>sera exon\u00e9r\u00e9 de toute responsabilit\u00e9 pour la non fourniture ou la fourniture incompl\u00e8te de<br \/>les prestations demand\u00e9es.<\/p>\r\n<p><br \/>Les donn\u00e9es personnelles que l&rsquo;utilisateur fournit \u00e0 CONTANK, S.A. ils doivent \u00eatre \u00e0 jour pour que<br \/>les informations contenues dans les dossiers sont \u00e0 jour et sans erreurs. L&rsquo;Utilisateur r\u00e9pondra de la v\u00e9racit\u00e9<br \/>des donn\u00e9es fournies.<\/p>\r\n<p><br \/>Quelles mesures de s\u00e9curit\u00e9 l&rsquo;entreprise a-t-elle mis en place ?<\/p>\r\n<p><br \/>CONTANK, S.A. informe que le traitement des donn\u00e9es personnelles est effectu\u00e9 dans tous les<br \/>moment conform\u00e9ment \u00e0 la r\u00e9glementation applicable en mati\u00e8re de protection des donn\u00e9es et<br \/>services de la soci\u00e9t\u00e9 de l&rsquo;information.<br \/>CONTANK, S.A. a mis en place des mesures de s\u00e9curit\u00e9 techniques et organisationnelles<br \/>n\u00e9cessaires pour garantir la s\u00e9curit\u00e9 des donn\u00e9es personnelles de l&rsquo;Utilisateur et \u00e9viter leur<br \/>alt\u00e9ration, perte, traitement et\/ou acc\u00e8s non autoris\u00e9 selon l&rsquo;\u00e9tat du<br \/>la technologie, la nature des donn\u00e9es stock\u00e9es et les risques auxquels elles sont expos\u00e9es, et<br \/>proviennent de l&rsquo;action humaine ou de l&rsquo;environnement physique ou naturel, conform\u00e9ment \u00e0 ce qui est pr\u00e9vu dans le<br \/>r\u00e9glementation en vigueur.<\/p>\r\n","protected":false},"excerpt":{"rendered":"<p>Politique de confidentialit\u00e9 &nbsp; Gr\u00e2ce \u00e0 cette politique de confidentialit\u00e9 CONTANK, S.A. vous voulez tout informerles personnes qui naviguent et acc\u00e8dent au site www.contank.com sur le traitement des donn\u00e9espersonnel effectu\u00e9. L&rsquo;acc\u00e8s au site ne n\u00e9cessite pas d&rsquo;inscription pr\u00e9alable. Avant de soumettre toute demande deinformations via le formulaire de contact sur ce site, l&rsquo;utilisateur doit accepter [&hellip;]<\/p>\n","protected":false},"author":1,"featured_media":0,"parent":0,"menu_order":0,"comment_status":"closed","ping_status":"closed","template":"","meta":{"footnotes":""},"class_list":["post-15100","page","type-page","status-publish","hentry"],"yoast_head":"<!-- This site is optimized with the Yoast SEO plugin v27.3 - https:\/\/yoast.com\/product\/yoast-seo-wordpress\/ -->\n<title>Politique de confidentialit\u00e9 - Contank - Transporte ADR de l\u00edquidos intermodal<\/title>\n<meta name=\"robots\" content=\"index, follow, max-snippet:-1, max-image-preview:large, max-video-preview:-1\" \/>\n<link rel=\"canonical\" href=\"https:\/\/contank.com\/fr\/politique-de-confidentialite\/\" \/>\n<meta property=\"og:locale\" content=\"fr_FR\" \/>\n<meta property=\"og:type\" content=\"article\" \/>\n<meta property=\"og:title\" content=\"Politique de confidentialit\u00e9 - Contank - Transporte ADR de l\u00edquidos intermodal\" \/>\n<meta property=\"og:description\" content=\"Politique de confidentialit\u00e9 &nbsp; Gr\u00e2ce \u00e0 cette politique de confidentialit\u00e9 CONTANK, S.A. vous voulez tout informerles personnes qui naviguent et acc\u00e8dent au site www.contank.com sur le traitement des donn\u00e9espersonnel effectu\u00e9. L&rsquo;acc\u00e8s au site ne n\u00e9cessite pas d&rsquo;inscription pr\u00e9alable. Avant de soumettre toute demande deinformations via le formulaire de contact sur ce site, l&rsquo;utilisateur doit accepter [&hellip;]\" \/>\n<meta property=\"og:url\" content=\"https:\/\/contank.com\/fr\/politique-de-confidentialite\/\" \/>\n<meta property=\"og:site_name\" content=\"Contank - Transporte ADR de l\u00edquidos intermodal\" \/>\n<meta property=\"article:modified_time\" content=\"2021-08-23T10:17:03+00:00\" \/>\n<meta name=\"twitter:card\" content=\"summary_large_image\" \/>\n<meta name=\"twitter:site\" content=\"@ContankSA\" \/>\n<meta name=\"twitter:label1\" content=\"Dur\u00e9e de lecture estim\u00e9e\" \/>\n\t<meta name=\"twitter:data1\" content=\"8 minutes\" \/>\n<script type=\"application\/ld+json\" class=\"yoast-schema-graph\">{\"@context\":\"https:\\\/\\\/schema.org\",\"@graph\":[{\"@type\":\"WebPage\",\"@id\":\"https:\\\/\\\/contank.com\\\/fr\\\/politique-de-confidentialite\\\/\",\"url\":\"https:\\\/\\\/contank.com\\\/fr\\\/politique-de-confidentialite\\\/\",\"name\":\"Politique de confidentialit\u00e9 - Contank - Transporte ADR de l\u00edquidos intermodal\",\"isPartOf\":{\"@id\":\"https:\\\/\\\/contank.com\\\/#website\"},\"datePublished\":\"2021-05-10T15:14:12+00:00\",\"dateModified\":\"2021-08-23T10:17:03+00:00\",\"breadcrumb\":{\"@id\":\"https:\\\/\\\/contank.com\\\/fr\\\/politique-de-confidentialite\\\/#breadcrumb\"},\"inLanguage\":\"fr-FR\",\"potentialAction\":[{\"@type\":\"ReadAction\",\"target\":[\"https:\\\/\\\/contank.com\\\/fr\\\/politique-de-confidentialite\\\/\"]}]},{\"@type\":\"BreadcrumbList\",\"@id\":\"https:\\\/\\\/contank.com\\\/fr\\\/politique-de-confidentialite\\\/#breadcrumb\",\"itemListElement\":[{\"@type\":\"ListItem\",\"position\":1,\"name\":\"Portada\",\"item\":\"https:\\\/\\\/contank.com\\\/fr\\\/\"},{\"@type\":\"ListItem\",\"position\":2,\"name\":\"Politique de confidentialit\u00e9\"}]},{\"@type\":\"WebSite\",\"@id\":\"https:\\\/\\\/contank.com\\\/#website\",\"url\":\"https:\\\/\\\/contank.com\\\/\",\"name\":\"Contank - Transporte ADR Intermodal\",\"description\":\"Especialistas en Transporte ADR de L\u00edquidos en contenedores\",\"publisher\":{\"@id\":\"https:\\\/\\\/contank.com\\\/#organization\"},\"potentialAction\":[{\"@type\":\"SearchAction\",\"target\":{\"@type\":\"EntryPoint\",\"urlTemplate\":\"https:\\\/\\\/contank.com\\\/?s={search_term_string}\"},\"query-input\":{\"@type\":\"PropertyValueSpecification\",\"valueRequired\":true,\"valueName\":\"search_term_string\"}}],\"inLanguage\":\"fr-FR\"},{\"@type\":\"Organization\",\"@id\":\"https:\\\/\\\/contank.com\\\/#organization\",\"name\":\"Contank\",\"url\":\"https:\\\/\\\/contank.com\\\/\",\"logo\":{\"@type\":\"ImageObject\",\"inLanguage\":\"fr-FR\",\"@id\":\"https:\\\/\\\/contank.com\\\/#\\\/schema\\\/logo\\\/image\\\/\",\"url\":\"https:\\\/\\\/contank.com\\\/wp-content\\\/uploads\\\/2021\\\/05\\\/ck1.png\",\"contentUrl\":\"https:\\\/\\\/contank.com\\\/wp-content\\\/uploads\\\/2021\\\/05\\\/ck1.png\",\"width\":130,\"height\":72,\"caption\":\"Contank\"},\"image\":{\"@id\":\"https:\\\/\\\/contank.com\\\/#\\\/schema\\\/logo\\\/image\\\/\"},\"sameAs\":[\"https:\\\/\\\/x.com\\\/ContankSA\",\"https:\\\/\\\/www.instagram.com\\\/contank\\\/\",\"https:\\\/\\\/www.linkedin.com\\\/company\\\/11075598\\\/\"]}]}<\/script>\n<!-- \/ Yoast SEO plugin. -->","yoast_head_json":{"title":"Politique de confidentialit\u00e9 - Contank - Transporte ADR de l\u00edquidos intermodal","robots":{"index":"index","follow":"follow","max-snippet":"max-snippet:-1","max-image-preview":"max-image-preview:large","max-video-preview":"max-video-preview:-1"},"canonical":"https:\/\/contank.com\/fr\/politique-de-confidentialite\/","og_locale":"fr_FR","og_type":"article","og_title":"Politique de confidentialit\u00e9 - Contank - Transporte ADR de l\u00edquidos intermodal","og_description":"Politique de confidentialit\u00e9 &nbsp; Gr\u00e2ce \u00e0 cette politique de confidentialit\u00e9 CONTANK, S.A. vous voulez tout informerles personnes qui naviguent et acc\u00e8dent au site www.contank.com sur le traitement des donn\u00e9espersonnel effectu\u00e9. L&rsquo;acc\u00e8s au site ne n\u00e9cessite pas d&rsquo;inscription pr\u00e9alable. Avant de soumettre toute demande deinformations via le formulaire de contact sur ce site, l&rsquo;utilisateur doit accepter [&hellip;]","og_url":"https:\/\/contank.com\/fr\/politique-de-confidentialite\/","og_site_name":"Contank - Transporte ADR de l\u00edquidos intermodal","article_modified_time":"2021-08-23T10:17:03+00:00","twitter_card":"summary_large_image","twitter_site":"@ContankSA","twitter_misc":{"Dur\u00e9e de lecture estim\u00e9e":"8 minutes"},"schema":{"@context":"https:\/\/schema.org","@graph":[{"@type":"WebPage","@id":"https:\/\/contank.com\/fr\/politique-de-confidentialite\/","url":"https:\/\/contank.com\/fr\/politique-de-confidentialite\/","name":"Politique de confidentialit\u00e9 - Contank - Transporte ADR de l\u00edquidos intermodal","isPartOf":{"@id":"https:\/\/contank.com\/#website"},"datePublished":"2021-05-10T15:14:12+00:00","dateModified":"2021-08-23T10:17:03+00:00","breadcrumb":{"@id":"https:\/\/contank.com\/fr\/politique-de-confidentialite\/#breadcrumb"},"inLanguage":"fr-FR","potentialAction":[{"@type":"ReadAction","target":["https:\/\/contank.com\/fr\/politique-de-confidentialite\/"]}]},{"@type":"BreadcrumbList","@id":"https:\/\/contank.com\/fr\/politique-de-confidentialite\/#breadcrumb","itemListElement":[{"@type":"ListItem","position":1,"name":"Portada","item":"https:\/\/contank.com\/fr\/"},{"@type":"ListItem","position":2,"name":"Politique de confidentialit\u00e9"}]},{"@type":"WebSite","@id":"https:\/\/contank.com\/#website","url":"https:\/\/contank.com\/","name":"Contank - Transporte ADR Intermodal","description":"Especialistas en Transporte ADR de L\u00edquidos en contenedores","publisher":{"@id":"https:\/\/contank.com\/#organization"},"potentialAction":[{"@type":"SearchAction","target":{"@type":"EntryPoint","urlTemplate":"https:\/\/contank.com\/?s={search_term_string}"},"query-input":{"@type":"PropertyValueSpecification","valueRequired":true,"valueName":"search_term_string"}}],"inLanguage":"fr-FR"},{"@type":"Organization","@id":"https:\/\/contank.com\/#organization","name":"Contank","url":"https:\/\/contank.com\/","logo":{"@type":"ImageObject","inLanguage":"fr-FR","@id":"https:\/\/contank.com\/#\/schema\/logo\/image\/","url":"https:\/\/contank.com\/wp-content\/uploads\/2021\/05\/ck1.png","contentUrl":"https:\/\/contank.com\/wp-content\/uploads\/2021\/05\/ck1.png","width":130,"height":72,"caption":"Contank"},"image":{"@id":"https:\/\/contank.com\/#\/schema\/logo\/image\/"},"sameAs":["https:\/\/x.com\/ContankSA","https:\/\/www.instagram.com\/contank\/","https:\/\/www.linkedin.com\/company\/11075598\/"]}]}},"_links":{"self":[{"href":"https:\/\/contank.com\/fr\/wp-json\/wp\/v2\/pages\/15100","targetHints":{"allow":["GET"]}}],"collection":[{"href":"https:\/\/contank.com\/fr\/wp-json\/wp\/v2\/pages"}],"about":[{"href":"https:\/\/contank.com\/fr\/wp-json\/wp\/v2\/types\/page"}],"author":[{"embeddable":true,"href":"https:\/\/contank.com\/fr\/wp-json\/wp\/v2\/users\/1"}],"replies":[{"embeddable":true,"href":"https:\/\/contank.com\/fr\/wp-json\/wp\/v2\/comments?post=15100"}],"version-history":[{"count":2,"href":"https:\/\/contank.com\/fr\/wp-json\/wp\/v2\/pages\/15100\/revisions"}],"predecessor-version":[{"id":15338,"href":"https:\/\/contank.com\/fr\/wp-json\/wp\/v2\/pages\/15100\/revisions\/15338"}],"wp:attachment":[{"href":"https:\/\/contank.com\/fr\/wp-json\/wp\/v2\/media?parent=15100"}],"curies":[{"name":"wp","href":"https:\/\/api.w.org\/{rel}","templated":true}]}}