{"id":15087,"date":"2021-05-13T08:40:52","date_gmt":"2021-05-13T08:40:52","guid":{"rendered":"https:\/\/contank.com\/cookies\/"},"modified":"2021-08-20T10:31:23","modified_gmt":"2021-08-20T10:31:23","slug":"cookies","status":"publish","type":"page","link":"https:\/\/contank.com\/fr\/cookies\/","title":{"rendered":"Cookies"},"content":{"rendered":"<div class=\"wpb-content-wrapper\"><p>[vc_row][vc_column][vc_column_text]POLITIQUE DE COOKIES<br \/>\n1. Que sont les cookies et pourquoi les utilisons-nous sur le site Web ?<br \/>\nUn cookie est un fichier qui est t\u00e9l\u00e9charg\u00e9 sur l&rsquo;appareil de l&rsquo;utilisateur pour acc\u00e9der \u00e0 un<br \/>\ncertains sites Web pour stocker et r\u00e9cup\u00e9rer des informations sur la navigation effectu\u00e9e<br \/>\ndans l&rsquo;ordinateur.<br \/>\nLes cookies permettent \u00e0 ce site Web, entre autres, de stocker et de r\u00e9cup\u00e9rer des informations<br \/>\nsur les options et les habitudes de l&rsquo;utilisateur. Sur ce site, les cookies qui existent sont<br \/>\nn\u00e9cessaire au fonctionnement de celui-ci.<br \/>\nIl est important de noter que l&rsquo;utilisation de cookies ne fournit pas de donn\u00e9es personnelles du<br \/>\nNom d&rsquo;utilisateur.<br \/>\n2. Quel type de cookies existe-t-il ?<br \/>\nLes cookies, en fonction de la dur\u00e9e pendant laquelle ils restent activ\u00e9s, peuvent \u00eatre divis\u00e9s en cookies de<br \/>\nsession ou permanente :<br \/>\nCookies de session : les donn\u00e9es que ces cookies collectent et stockent sont collect\u00e9es<br \/>\npendant que l&rsquo;utilisateur navigue sur la page Web, et ils sont \u00e9limin\u00e9s lorsque le navigateur est ferm\u00e9. je connais<br \/>\nIls sont g\u00e9n\u00e9ralement utilis\u00e9s pour stocker des informations que vous souhaitez conserver pour la fourniture du<br \/>\nservice demand\u00e9 par l&rsquo;utilisateur en une seule fois.<br \/>\n\uf0a7 Cookies persistants : gr\u00e2ce \u00e0 ces cookies, les donn\u00e9es continuent d&rsquo;\u00eatre stock\u00e9es dans le<br \/>\nterminal pendant une dur\u00e9e d\u00e9termin\u00e9e, facilitant ainsi le contr\u00f4le de la<br \/>\npr\u00e9f\u00e9rences choisies sans avoir \u00e0 r\u00e9p\u00e9ter certains param\u00e8tres \u00e0 chaque fois que vous visitez le<br \/>\nsite Web.<br \/>\nDe plus, selon l&rsquo;entit\u00e9 qui les g\u00e8re, les cookies peuvent \u00eatre class\u00e9s comme propres ou<br \/>\nla troisi\u00e8me:<br \/>\n\uf0a7 Cookies propres : ces cookies sont envoy\u00e9s \u00e0 l&rsquo;\u00e9quipement terminal de l&rsquo;utilisateur \u00e0 partir d&rsquo;un ordinateur<br \/>\nou domaine g\u00e9r\u00e9 par l&rsquo;\u00e9diteur lui-m\u00eame et \u00e0 partir duquel le service demand\u00e9 est fourni<br \/>\npar l&rsquo;utilisateur.<br \/>\nCookies tiers : ces cookies sont envoy\u00e9s \u00e0 l&rsquo;\u00e9quipement terminal de l&rsquo;utilisateur \u00e0 partir d&rsquo;un<br \/>\nordinateur ou domaine qui n&rsquo;est pas g\u00e9r\u00e9 par l&rsquo;\u00e9diteur, mais par une autre entit\u00e9 qui s&rsquo;occupe de<br \/>\ndonn\u00e9es obtenues par le biais de cookies.<br \/>\nConcernant la finalit\u00e9, les cookies peuvent \u00eatre :<br \/>\n\uf0a7 Cookies techniques : ces cookies vous permettent de contr\u00f4ler le trafic et la communication des donn\u00e9es.<br \/>\n\uf0a7 Cookies de personnalisation : ces cookies permettent aux utilisateurs d&rsquo;acc\u00e9der selon certains<br \/>\ncaract\u00e9ristiques propres qui sont collect\u00e9es (navigateur, langue, etc.).<br \/>\n\uf0a7 Cookies d&rsquo;analyse : ces cookies permettent \u00e0 leur responsable de surveiller<br \/>\net l&rsquo;analyse du comportement des utilisateurs des sites internet et permettre la cr\u00e9ation d&rsquo;un profil<br \/>\nd&rsquo;utilisateur.<\/p>\n<p>\uf0a7 Cookies publicitaires : ces cookies collectent des donn\u00e9es sur la gestion des espaces<br \/>\nLa publicit\u00e9.<br \/>\n3. Quel type de cookies le Web utilise-t-il ?<br \/>\nExpiration du but du nom de domaine<br \/>\n_ga .contank.com Cookie Google utilis\u00e9<br \/>\npour distinguer les utilisateurs. 2 ans<br \/>\n_gat .contank.com<br \/>\nCookies Google. Est utilis\u00e9 pour<br \/>\ndiff\u00e9rencier les diff\u00e9rents<br \/>\nsuivre les objets cr\u00e9\u00e9s<br \/>\ndans la s\u00e9ance. Le cookie est cr\u00e9\u00e9 lorsque<br \/>\ncharger la biblioth\u00e8que javascript et non<br \/>\nil existe une version pr\u00e9c\u00e9dente du<br \/>\ncookie _gat. Le biscuit est<br \/>\nmises \u00e0 jour chaque fois que vous envoyez le<br \/>\ndonn\u00e9es \u00e0 Google Analytics.<br \/>\n10 minutes<br \/>\nCookies Google _gid .contank.com. Est utilis\u00e9 pour<br \/>\ndistinguer les utilisateurs 24 heures<br \/>\n1P_JAR .google.com Transfert de donn\u00e9es vers Google 1 an<br \/>\nCONSENTEMENT Cookie .google.com g\u00e9n\u00e9r\u00e9 par YouTube<br \/>\npour suivre le consentement<br \/>\nde cookies.<br \/>\n17 ans<br \/>\nOGPC .google.com Pour pouvoir visualiser<br \/>\ncorrectement google maps<br \/>\nPlans.<br \/>\n2 ans<br \/>\nOTZ google.com Ce sont ceux qui, trait\u00e9s par<br \/>\nun tiers, permettez-nous<br \/>\nquantifier le nombre d&rsquo;utilisateurs<br \/>\net ainsi effectuer la mesure et<br \/>\nanalyse statistique de la<br \/>\nutilisation faite par<br \/>\nutilisateurs de nos services.<br \/>\n1 mois<br \/>\nANID google.com Contient une valeur g\u00e9n\u00e9r\u00e9e<br \/>\nal\u00e9atoirement unique qui<br \/>\npermet \u00e0 la Plateforme de<br \/>\ndistinguer les navigateurs et<br \/>\ndispositifs. Ces informations sont<br \/>\nutilis\u00e9 pour mesurer la<br \/>\nperformances publicitaires et<br \/>\nfournir des recommandations<br \/>\nli\u00e9s aux produits bas\u00e9s sur<br \/>\ndonn\u00e9es statistiques.<br \/>\n1 ann\u00e9e<br \/>\nNID google.com Enregistrer une identification unique<br \/>\nqui identifie l&rsquo;appareil d&rsquo;un<br \/>\nutilisateur retour. La<br \/>\nl&rsquo;identification est utilis\u00e9e pour<br \/>\npublicit\u00e9s sp\u00e9cifiques.<br \/>\n6 mois<\/p>\n<p>Cookies Google<br \/>\nCe site Web utilise Google Analytics, un service d&rsquo;analyse Web fourni par Google, Inc.,<br \/>\ndont le bureau principal est situ\u00e9 au 1600 Amphitheatre Parkway, Mountain View (Californie),<br \/>\nCA 94043, \u00c9tats-Unis (\u00ab Google \u00bb).<br \/>\nGoogle Analytics utilise des \u00ab\u00a0cookies\u00a0\u00bb, qui sont des fichiers texte situ\u00e9s sur votre ordinateur, pour<br \/>\naider le site Web \u00e0 analyser comment les utilisateurs l&rsquo;utilisent.<br \/>\nLes informations g\u00e9n\u00e9r\u00e9es par le cookie sur votre utilisation du site (y compris votre adresse IP)<br \/>\nil sera directement transmis et d\u00e9pos\u00e9 par Google sur des serveurs aux \u00c9tats-Unis.<br \/>\nGoogle utilisera ces informations en notre nom afin de suivre leur utilisation.<br \/>\ndu site Web, la compilation de rapports sur l&rsquo;activit\u00e9 du site Web et la fourniture d&rsquo;autres services<br \/>\nli\u00e9s \u00e0 l&rsquo;activit\u00e9 du site et \u00e0 l&rsquo;utilisation d&rsquo;Internet.<br \/>\nGoogle peut transmettre ces informations \u00e0 des tiers lorsque la loi l&rsquo;exige, ou<br \/>\nlorsque ces tiers traitent les informations pour le compte de Google.<br \/>\nGoogle n&rsquo;associera votre adresse IP \u00e0 aucune autre donn\u00e9e d\u00e9tenue par Google.<br \/>\nPour plus d&rsquo;informations sur les cookies Google, ce lien :<br \/>\nhttps:\/\/www.google.es\/intl\/es\/policies\/technologies\/types\/<\/p>\n<p>4. Comment d\u00e9sactiver les cookies dans votre navigateur ?<br \/>\nL&rsquo;utilisateur peut autoriser, bloquer ou supprimer les cookies install\u00e9s sur son ordinateur au moyen du<br \/>\nconfiguration des options du navigateur install\u00e9 sur votre ordinateur. Lisez s&rsquo;il vous pla\u00eet<br \/>\nattentivement la section d&rsquo;aide de votre navigateur pour en savoir plus sur la fa\u00e7on d&rsquo;activer le<br \/>\n\u00ab\u00a0Mode priv\u00e9\u00a0\u00bb ou d\u00e9bloquer certains cookies.<br \/>\nInformations sur les cookies pour Internet Explorer.<br \/>\nInformations sur les cookies pour Mozilla Firefox.<br \/>\nInformations sur les cookies pour Opera.<br \/>\nInformations sur les cookies pour Google Chrome.<br \/>\nInformations sur les cookies pour Safari.<br \/>\nInformation compl\u00e9mentaire<br \/>\nPour plus d&rsquo;informations sur l&rsquo;utilisation des cookies et comment les bloquer, rendez-vous sur<br \/>\nwww.allaboutcookies.org, www.youronlinechoices.eu. Si vous avez des questions ou des commentaires<br \/>\n\u00c0 propos de notre utilisation des cookies, veuillez nous contacter \u00e0 rgpd@contank.com[\/vc_column_text][\/vc_column][\/vc_row]<\/p>\n<\/div>","protected":false},"excerpt":{"rendered":"<p>[vc_row][vc_column][vc_column_text]POLITIQUE DE COOKIES 1. Que sont les cookies et pourquoi les utilisons-nous sur le site Web ? Un cookie est un fichier qui est t\u00e9l\u00e9charg\u00e9 sur l&rsquo;appareil de l&rsquo;utilisateur pour acc\u00e9der \u00e0 un certains sites Web pour stocker et r\u00e9cup\u00e9rer des informations sur la navigation effectu\u00e9e dans l&rsquo;ordinateur. Les cookies permettent \u00e0 ce site Web, [&hellip;]<\/p>\n","protected":false},"author":1,"featured_media":0,"parent":0,"menu_order":0,"comment_status":"closed","ping_status":"closed","template":"page-vc.php","meta":{"footnotes":""},"class_list":["post-15087","page","type-page","status-publish","hentry"],"yoast_head":"<!-- This site is optimized with the Yoast SEO plugin v27.4 - https:\/\/yoast.com\/product\/yoast-seo-wordpress\/ -->\n<title>Cookies - Contank - Transporte ADR de l\u00edquidos intermodal<\/title>\n<meta name=\"robots\" content=\"index, follow, max-snippet:-1, max-image-preview:large, max-video-preview:-1\" \/>\n<link rel=\"canonical\" href=\"https:\/\/contank.com\/fr\/cookies\/\" \/>\n<meta property=\"og:locale\" content=\"fr_FR\" \/>\n<meta property=\"og:type\" content=\"article\" \/>\n<meta property=\"og:title\" content=\"Cookies - Contank - Transporte ADR de l\u00edquidos intermodal\" \/>\n<meta property=\"og:description\" content=\"[vc_row][vc_column][vc_column_text]POLITIQUE DE COOKIES 1. Que sont les cookies et pourquoi les utilisons-nous sur le site Web ? Un cookie est un fichier qui est t\u00e9l\u00e9charg\u00e9 sur l&rsquo;appareil de l&rsquo;utilisateur pour acc\u00e9der \u00e0 un certains sites Web pour stocker et r\u00e9cup\u00e9rer des informations sur la navigation effectu\u00e9e dans l&rsquo;ordinateur. Les cookies permettent \u00e0 ce site Web, [&hellip;]\" \/>\n<meta property=\"og:url\" content=\"https:\/\/contank.com\/fr\/cookies\/\" \/>\n<meta property=\"og:site_name\" content=\"Contank - Transporte ADR de l\u00edquidos intermodal\" \/>\n<meta property=\"article:modified_time\" content=\"2021-08-20T10:31:23+00:00\" \/>\n<meta name=\"twitter:card\" content=\"summary_large_image\" \/>\n<meta name=\"twitter:site\" content=\"@ContankSA\" \/>\n<meta name=\"twitter:label1\" content=\"Dur\u00e9e de lecture estim\u00e9e\" \/>\n\t<meta name=\"twitter:data1\" content=\"5 minutes\" \/>\n<script type=\"application\/ld+json\" class=\"yoast-schema-graph\">{\"@context\":\"https:\\\/\\\/schema.org\",\"@graph\":[{\"@type\":\"WebPage\",\"@id\":\"https:\\\/\\\/contank.com\\\/fr\\\/cookies\\\/\",\"url\":\"https:\\\/\\\/contank.com\\\/fr\\\/cookies\\\/\",\"name\":\"Cookies - Contank - Transporte ADR de l\u00edquidos intermodal\",\"isPartOf\":{\"@id\":\"https:\\\/\\\/contank.com\\\/#website\"},\"datePublished\":\"2021-05-13T08:40:52+00:00\",\"dateModified\":\"2021-08-20T10:31:23+00:00\",\"breadcrumb\":{\"@id\":\"https:\\\/\\\/contank.com\\\/fr\\\/cookies\\\/#breadcrumb\"},\"inLanguage\":\"fr-FR\",\"potentialAction\":[{\"@type\":\"ReadAction\",\"target\":[\"https:\\\/\\\/contank.com\\\/fr\\\/cookies\\\/\"]}]},{\"@type\":\"BreadcrumbList\",\"@id\":\"https:\\\/\\\/contank.com\\\/fr\\\/cookies\\\/#breadcrumb\",\"itemListElement\":[{\"@type\":\"ListItem\",\"position\":1,\"name\":\"Portada\",\"item\":\"https:\\\/\\\/contank.com\\\/fr\\\/\"},{\"@type\":\"ListItem\",\"position\":2,\"name\":\"Cookies\"}]},{\"@type\":\"WebSite\",\"@id\":\"https:\\\/\\\/contank.com\\\/#website\",\"url\":\"https:\\\/\\\/contank.com\\\/\",\"name\":\"Contank - Transporte ADR Intermodal\",\"description\":\"Especialistas en Transporte ADR de L\u00edquidos en contenedores\",\"publisher\":{\"@id\":\"https:\\\/\\\/contank.com\\\/#organization\"},\"potentialAction\":[{\"@type\":\"SearchAction\",\"target\":{\"@type\":\"EntryPoint\",\"urlTemplate\":\"https:\\\/\\\/contank.com\\\/?s={search_term_string}\"},\"query-input\":{\"@type\":\"PropertyValueSpecification\",\"valueRequired\":true,\"valueName\":\"search_term_string\"}}],\"inLanguage\":\"fr-FR\"},{\"@type\":\"Organization\",\"@id\":\"https:\\\/\\\/contank.com\\\/#organization\",\"name\":\"Contank\",\"url\":\"https:\\\/\\\/contank.com\\\/\",\"logo\":{\"@type\":\"ImageObject\",\"inLanguage\":\"fr-FR\",\"@id\":\"https:\\\/\\\/contank.com\\\/#\\\/schema\\\/logo\\\/image\\\/\",\"url\":\"https:\\\/\\\/contank.com\\\/wp-content\\\/uploads\\\/2021\\\/05\\\/ck1.png\",\"contentUrl\":\"https:\\\/\\\/contank.com\\\/wp-content\\\/uploads\\\/2021\\\/05\\\/ck1.png\",\"width\":130,\"height\":72,\"caption\":\"Contank\"},\"image\":{\"@id\":\"https:\\\/\\\/contank.com\\\/#\\\/schema\\\/logo\\\/image\\\/\"},\"sameAs\":[\"https:\\\/\\\/x.com\\\/ContankSA\",\"https:\\\/\\\/www.instagram.com\\\/contank\\\/\",\"https:\\\/\\\/www.linkedin.com\\\/company\\\/11075598\\\/\"]}]}<\/script>\n<!-- \/ Yoast SEO plugin. -->","yoast_head_json":{"title":"Cookies - Contank - Transporte ADR de l\u00edquidos intermodal","robots":{"index":"index","follow":"follow","max-snippet":"max-snippet:-1","max-image-preview":"max-image-preview:large","max-video-preview":"max-video-preview:-1"},"canonical":"https:\/\/contank.com\/fr\/cookies\/","og_locale":"fr_FR","og_type":"article","og_title":"Cookies - Contank - Transporte ADR de l\u00edquidos intermodal","og_description":"[vc_row][vc_column][vc_column_text]POLITIQUE DE COOKIES 1. Que sont les cookies et pourquoi les utilisons-nous sur le site Web ? Un cookie est un fichier qui est t\u00e9l\u00e9charg\u00e9 sur l&rsquo;appareil de l&rsquo;utilisateur pour acc\u00e9der \u00e0 un certains sites Web pour stocker et r\u00e9cup\u00e9rer des informations sur la navigation effectu\u00e9e dans l&rsquo;ordinateur. Les cookies permettent \u00e0 ce site Web, [&hellip;]","og_url":"https:\/\/contank.com\/fr\/cookies\/","og_site_name":"Contank - Transporte ADR de l\u00edquidos intermodal","article_modified_time":"2021-08-20T10:31:23+00:00","twitter_card":"summary_large_image","twitter_site":"@ContankSA","twitter_misc":{"Dur\u00e9e de lecture estim\u00e9e":"5 minutes"},"schema":{"@context":"https:\/\/schema.org","@graph":[{"@type":"WebPage","@id":"https:\/\/contank.com\/fr\/cookies\/","url":"https:\/\/contank.com\/fr\/cookies\/","name":"Cookies - Contank - Transporte ADR de l\u00edquidos intermodal","isPartOf":{"@id":"https:\/\/contank.com\/#website"},"datePublished":"2021-05-13T08:40:52+00:00","dateModified":"2021-08-20T10:31:23+00:00","breadcrumb":{"@id":"https:\/\/contank.com\/fr\/cookies\/#breadcrumb"},"inLanguage":"fr-FR","potentialAction":[{"@type":"ReadAction","target":["https:\/\/contank.com\/fr\/cookies\/"]}]},{"@type":"BreadcrumbList","@id":"https:\/\/contank.com\/fr\/cookies\/#breadcrumb","itemListElement":[{"@type":"ListItem","position":1,"name":"Portada","item":"https:\/\/contank.com\/fr\/"},{"@type":"ListItem","position":2,"name":"Cookies"}]},{"@type":"WebSite","@id":"https:\/\/contank.com\/#website","url":"https:\/\/contank.com\/","name":"Contank - Transporte ADR Intermodal","description":"Especialistas en Transporte ADR de L\u00edquidos en contenedores","publisher":{"@id":"https:\/\/contank.com\/#organization"},"potentialAction":[{"@type":"SearchAction","target":{"@type":"EntryPoint","urlTemplate":"https:\/\/contank.com\/?s={search_term_string}"},"query-input":{"@type":"PropertyValueSpecification","valueRequired":true,"valueName":"search_term_string"}}],"inLanguage":"fr-FR"},{"@type":"Organization","@id":"https:\/\/contank.com\/#organization","name":"Contank","url":"https:\/\/contank.com\/","logo":{"@type":"ImageObject","inLanguage":"fr-FR","@id":"https:\/\/contank.com\/#\/schema\/logo\/image\/","url":"https:\/\/contank.com\/wp-content\/uploads\/2021\/05\/ck1.png","contentUrl":"https:\/\/contank.com\/wp-content\/uploads\/2021\/05\/ck1.png","width":130,"height":72,"caption":"Contank"},"image":{"@id":"https:\/\/contank.com\/#\/schema\/logo\/image\/"},"sameAs":["https:\/\/x.com\/ContankSA","https:\/\/www.instagram.com\/contank\/","https:\/\/www.linkedin.com\/company\/11075598\/"]}]}},"_links":{"self":[{"href":"https:\/\/contank.com\/fr\/wp-json\/wp\/v2\/pages\/15087","targetHints":{"allow":["GET"]}}],"collection":[{"href":"https:\/\/contank.com\/fr\/wp-json\/wp\/v2\/pages"}],"about":[{"href":"https:\/\/contank.com\/fr\/wp-json\/wp\/v2\/types\/page"}],"author":[{"embeddable":true,"href":"https:\/\/contank.com\/fr\/wp-json\/wp\/v2\/users\/1"}],"replies":[{"embeddable":true,"href":"https:\/\/contank.com\/fr\/wp-json\/wp\/v2\/comments?post=15087"}],"version-history":[{"count":3,"href":"https:\/\/contank.com\/fr\/wp-json\/wp\/v2\/pages\/15087\/revisions"}],"predecessor-version":[{"id":15371,"href":"https:\/\/contank.com\/fr\/wp-json\/wp\/v2\/pages\/15087\/revisions\/15371"}],"wp:attachment":[{"href":"https:\/\/contank.com\/fr\/wp-json\/wp\/v2\/media?parent=15087"}],"curies":[{"name":"wp","href":"https:\/\/api.w.org\/{rel}","templated":true}]}}