{"id":15078,"date":"2021-05-13T08:28:56","date_gmt":"2021-05-13T08:28:56","guid":{"rendered":"https:\/\/contank.com\/aviso-legal\/"},"modified":"2021-08-23T10:02:09","modified_gmt":"2021-08-23T10:02:09","slug":"avis-juridique","status":"publish","type":"page","link":"https:\/\/contank.com\/fr\/avis-juridique\/","title":{"rendered":"Avis Juridique"},"content":{"rendered":"<p><strong>AVIS JURIDIQUE<\/strong><\/p>\n<p>Conform\u00e9ment \u00e0 la loi 34\/2002 du 11 juillet sur les services de la soci\u00e9t\u00e9 de l&rsquo;information<br \/>\net du Commerce Electronique, l&rsquo;Utilisateur est inform\u00e9 que le propri\u00e9taire du site www.contank.com<br \/>\nappartient \u00e0 la soci\u00e9t\u00e9 CONTANK, S.A. et leurs donn\u00e9es d&rsquo;identification sont les suivantes :<\/p>\n<p>\uf0a7 Responsable : CONTANK, S.A.<br \/>\nNIF : A08957912<br \/>\n\uf0a7 Si\u00e8ge social : Trav. De Ca n&rsquo;Estape, 5-7<br \/>\nCode postal : 08755<br \/>\nVille: Castellbisbal<br \/>\nProvince : Barcelone<br \/>\nCourriel : rgpd@contank.com<br \/>\n\uf0a7 Donn\u00e9es d&rsquo;enregistrement : l&rsquo;entreprise est inscrite au Registre du Commerce de [Barcelone], dans le<br \/>\nVolume [6139], page [83] et num\u00e9ro de page [72574].<\/p>\n<p><strong>Acc\u00e9der au site<\/strong><\/p>\n<p>Les mentions l\u00e9gales r\u00e9gissent l&rsquo;acc\u00e8s et l&rsquo;utilisation des Utilisateurs du site Web et sont destin\u00e9es \u00e0 donner<br \/>\nconna\u00eetre les services de l&rsquo;entit\u00e9 et permettre un acc\u00e8s g\u00e9n\u00e9ral \u00e0 tous les internautes.<br \/>\nL&rsquo;acc\u00e8s et\/ou l&rsquo;utilisation des attributs Web \u00e0 quiconque remplit la condition d&rsquo;Utilisateur et d&rsquo;acceptation,<br \/>\nsans r\u00e9serves d&rsquo;aucune sorte, de chacune et de chacune des pr\u00e9sentes conditions g\u00e9n\u00e9rales, ainsi que<br \/>\nainsi que les autres personnes qui, le cas \u00e9ch\u00e9ant, r\u00e9gissent l&rsquo;utilisation du Portail ou des services<br \/>\nli\u00e9 \u00e0 celui-ci.<\/p>\n<p>L&rsquo;utilisateur doit lire attentivement les mentions l\u00e9gales et les politiques de confidentialit\u00e9 et de cookies<br \/>\nlorsque vous avez l&rsquo;intention d&rsquo;utiliser le site Web, \u00e9tant donn\u00e9 que CONTANK, S.A., se r\u00e9serve le droit de<br \/>\nd&rsquo;effectuer, \u00e0 tout moment et sans pr\u00e9avis, toute modification ou<br \/>\nmise \u00e0 jour des contenus et services, des pr\u00e9sentes dispositions d&rsquo;acc\u00e8s et d&rsquo;utilisation et, en<br \/>\nEn g\u00e9n\u00e9ral, combien d&rsquo;\u00e9l\u00e9ments composent la conception et la configuration de votre site Web. Si vous n&rsquo;acceptez pas le<br \/>\nconditions d&rsquo;acc\u00e8s et d&rsquo;utilisation, nous vous demandons de vous abstenir d&rsquo;utiliser le site et son contenu.<br \/>\nCONTANK 937089600 rgpd@contank.com 08755 Castellbisbal (Barcelone).<\/p>\n<p><strong>Utilisation du site Web<\/strong><\/p>\n<p>L&rsquo;Utilisateur s&rsquo;engage \u00e0 faire un usage diligent du Site, ainsi que des informations<br \/>\nli\u00e9s \u00e0 ses services et activit\u00e9s, pleinement soumis \u00e0 la fois \u00e0 la r\u00e9glementation applicable, ainsi qu&rsquo;\u00e0<br \/>\navec la morale et les bonnes mani\u00e8res g\u00e9n\u00e9ralement accept\u00e9es et l&rsquo;ordre public, le<br \/>\nconditions d&rsquo;acc\u00e8s et d&rsquo;utilisation et toutes autres conditions \u00e9tablies sur le Site.<br \/>\nEn outre, vous acceptez de vous abstenir d&rsquo;utiliser le contenu \u00e0 des fins ou<br \/>\neffets illicites, interdits dans le pr\u00e9sent texte, pr\u00e9judiciables aux droits et int\u00e9r\u00eats des tiers,<br \/>\nou qui, de quelque mani\u00e8re que ce soit, puisse endommager, d\u00e9sactiver, surcharger, d\u00e9t\u00e9riorer ou entraver le fonctionnement normal<br \/>\nutilisation des contenus, d&rsquo;autres Utilisateurs ou de tout internaute (mat\u00e9riel et<br \/>\nLogiciel).<\/p>\n<p><strong>Exploitation du site internet<\/strong><\/p>\n<p>En cas de violation des conditions de l&rsquo;Avis L\u00e9gal, ou des Politiques de Confidentialit\u00e9 et<br \/>\nCookies, CONTANK, S.A., se r\u00e9serve le droit de limiter, suspendre et\/ou exclure l&rsquo;acc\u00e8s \u00e0 ses<br \/>\nSite Web, en adoptant toute mesure technique n\u00e9cessaire pour le respecter. CONTANK, S.A.,<br \/>\nautant que possible pour maintenir le site Web en bon \u00e9tat de fonctionnement, en \u00e9vitant les erreurs, ou<br \/>\nles r\u00e9parer et maintenir le contenu \u00e0 jour. Cependant, CONTANK, S.A., ne<br \/>\ngarantit la disponibilit\u00e9 et la continuit\u00e9 de l&rsquo;acc\u00e8s au Site ou l&rsquo;inexistence de<br \/>\nerreurs dans le contenu.<\/p>\n<p><strong>Responsabilit\u00e9<\/strong><\/p>\n<p>L&rsquo;Utilisateur est seul responsable de l&rsquo;usage qui pourra \u00eatre fait de toute information ou<br \/>\nM\u00e9canisme de page Web.<br \/>\nCONTANK, S.A., ne sera pas responsable des dommages caus\u00e9s au mat\u00e9riel et \/ ou aux logiciels de l&rsquo;utilisateur<br \/>\nqui d\u00e9coulent de l&rsquo;acc\u00e8s et de l&rsquo;utilisation du site Web. De m\u00eame, il ne sera pas responsable de<br \/>\nces dommages et\/ou pertes qui pourraient \u00eatre caus\u00e9s par l&rsquo;acc\u00e8s et\/ou l&rsquo;utilisation des informations de<br \/>\nle site Web, et en particulier ceux qui peuvent se produire dans les syst\u00e8mes informatiques ou le<br \/>\ncaus\u00e9s par des virus\/attaques informatiques, chutes, interruptions, absence ou d\u00e9faut du<br \/>\ncommunications et\/ou Internet.<\/p>\n<p>L&rsquo;Utilisateur sera responsable des dommages et \/ ou des pertes que CONTANK, S.A., pourrait subir en tant que<br \/>\ncons\u00e9quence du manquement \u00e0 l&rsquo;une quelconque des obligations auxquelles il est soumis<br \/>\n\u00c0 travers les pr\u00e9sentes mentions l\u00e9gales, la r\u00e9glementation applicable et la politique de confidentialit\u00e9 et de cookies.<br \/>\nPolitique sur les \u00ab\u00a0Liens\u00a0\u00bb (liens et site Web li\u00e9)<\/p>\n<p>a) Lien vers le site Web\u00a0:<br \/>\nTiers qui ont l&rsquo;intention d&rsquo;inclure un lien vers cette page sur une page Web<br \/>\ndevra se conformer \u00e0 la l\u00e9gislation en vigueur et ne pourra pas h\u00e9berger de contenu<br \/>\ninappropri\u00e9, ill\u00e9gal, pornographique, violent, etc.<br \/>\nCONTANK 937089600 rgpd@contank.com 08755 Castellbisbal (Barcelone)<br \/>\nEn aucun cas CONTANK, S.A., n&rsquo;est responsable du contenu du site Web, ni<br \/>\npromeut, garantit, supervise ou recommande son contenu.<br \/>\nSi le site Web de liaison ne respecte pas l&rsquo;un des aspects ci-dessus, il sera oblig\u00e9 de supprimer le<br \/>\nlien imm\u00e9diatement.<\/p>\n<p>b) Site Web li\u00e9\u00a0:<br \/>\nCe site Web peut inclure des liens vers des sites Web de tiers qui permettent \u00e0 la<br \/>\nAcc\u00e8s utilisateur. Cependant, CONTANK, S.A., n&rsquo;est pas responsable du contenu de ces<br \/>\npages Web li\u00e9es, mais l&rsquo;utilisateur sera charg\u00e9 d&rsquo;accepter et de v\u00e9rifier les<br \/>\nacc\u00e8de \u00e0 chaque fois que vous vous connectez.<br \/>\nDe tels liens ou mentions ont un but qui n&rsquo;implique pas l&rsquo;approbation, l&rsquo;approbation,<br \/>\nmarketing ou toute relation entre la page et les personnes ou entit\u00e9s qui poss\u00e8dent le<br \/>\nendroits o\u00f9 ils se trouvent.<\/p>\n<p><strong>Propri\u00e9t\u00e9 Intellectuelle et Industrielle sur les contenus<\/strong><\/p>\n<p>CONTANK, S.A., ou ses conc\u00e9dants de licence, sont les propri\u00e9taires de tous les droits de propri\u00e9t\u00e9 intellectuelle<br \/>\nsur le Contenu du Site Internet, comprenant en tant que tel toutes les conceptions, bases de donn\u00e9es,<br \/>\nprogrammes informatiques sous-jacents (code source inclus), ainsi que les diff\u00e9rents<br \/>\n\u00e9l\u00e9ments composant le Site (textes, graphismes, photographies, vid\u00e9os, couleurs, etc.),<br \/>\nstructure, ordre, etc. En ce qui concerne les marques et les noms commerciaux (\u00ab\u00a0signes distinctifs\u00a0\u00bb), ils sont<br \/>\npropri\u00e9t\u00e9 de CONTANK, S.A., ou des conc\u00e9dants de licence.<\/p>\n<p>L&rsquo;utilisation du Site par l&rsquo;Utilisateur n&rsquo;implique le transfert d&rsquo;aucun droit \u00e0<br \/>\npropri\u00e9t\u00e9 intellectuelle ou industrielle. L&rsquo;Utilisateur s&rsquo;interdit totalement de reproduire, copier,<br \/>\ndistribuer, mettre \u00e0 disposition ou de toute autre mani\u00e8re pour communiquer publiquement, transformer<br \/>\nou modifier le Contenu ou les Signes distinctifs, sauf autorisation du<br \/>\ntitulaire des droits correspondants ou cela est l\u00e9galement autoris\u00e9.<\/p>\n<p><strong>Publicit\u00e9<\/strong><\/p>\n<p>De la publicit\u00e9 ou du contenu sponsoris\u00e9 peut \u00eatre h\u00e9berg\u00e9 sur le site Web. Annonceurs o<br \/>\nLes commanditaires sont seuls responsables de s&rsquo;assurer que le mat\u00e9riel soumis pour leur<br \/>\nL&rsquo;inclusion sur le Web est conforme aux lois qui, dans chaque cas, peuvent \u00eatre applicables.<br \/>\nCONTANK, S.A., ne sera pas responsable de toute erreur, inexactitude ou irr\u00e9gularit\u00e9 qui pourrait<br \/>\ncontenir de la publicit\u00e9 ou du contenu sponsoris\u00e9.<br \/>\nCONTANK 937089600 rgpd@contank.com 08755 Castellbisbal (Barcelone)<\/p>\n<p>&nbsp;<\/p>\n<p>&nbsp;<\/p>\n<p><strong>L\u00e9gislation applicable<\/strong><\/p>\n<p>Les mentions l\u00e9gales seront r\u00e9gies et interpr\u00e9t\u00e9es conform\u00e9ment \u00e0 la l\u00e9gislation espagnole.<br \/>\nPour la r\u00e9solution de tout conflit pouvant d\u00e9couler de l&rsquo;acc\u00e8s au site Web, il est<br \/>\nse soumettra aux cours ou tribunaux comp\u00e9tents conform\u00e9ment aux r\u00e8glements de<br \/>\nconsommateurs et utilisateurs.<\/p>\n<p>&nbsp;<\/p>\n<p><strong>Contact<\/strong><\/p>\n<p>Pour toute question ou remarque concernant cette mention l\u00e9gale, vous pouvez nous contacter<br \/>\navec nous par e-mail rgpd@contank.com<br \/>\nDerni\u00e8re mise \u00e0 jour : JUIN 2020<\/p>\n","protected":false},"excerpt":{"rendered":"<p>AVIS JURIDIQUE Conform\u00e9ment \u00e0 la loi 34\/2002 du 11 juillet sur les services de la soci\u00e9t\u00e9 de l&rsquo;information et du Commerce Electronique, l&rsquo;Utilisateur est inform\u00e9 que le propri\u00e9taire du site www.contank.com appartient \u00e0 la soci\u00e9t\u00e9 CONTANK, S.A. et leurs donn\u00e9es d&rsquo;identification sont les suivantes : \uf0a7 Responsable : CONTANK, S.A. NIF : A08957912 \uf0a7 Si\u00e8ge [&hellip;]<\/p>\n","protected":false},"author":1,"featured_media":0,"parent":0,"menu_order":0,"comment_status":"closed","ping_status":"closed","template":"","meta":{"footnotes":""},"class_list":["post-15078","page","type-page","status-publish","hentry"],"yoast_head":"<!-- This site is optimized with the Yoast SEO plugin v27.5 - https:\/\/yoast.com\/product\/yoast-seo-wordpress\/ -->\n<title>Avis Juridique - Contank - Transporte ADR de l\u00edquidos intermodal<\/title>\n<meta name=\"robots\" content=\"index, follow, max-snippet:-1, max-image-preview:large, max-video-preview:-1\" \/>\n<link rel=\"canonical\" href=\"https:\/\/contank.com\/fr\/avis-juridique\/\" \/>\n<meta property=\"og:locale\" content=\"fr_FR\" \/>\n<meta property=\"og:type\" content=\"article\" \/>\n<meta property=\"og:title\" content=\"Avis Juridique - Contank - Transporte ADR de l\u00edquidos intermodal\" \/>\n<meta property=\"og:description\" content=\"AVIS JURIDIQUE Conform\u00e9ment \u00e0 la loi 34\/2002 du 11 juillet sur les services de la soci\u00e9t\u00e9 de l&rsquo;information et du Commerce Electronique, l&rsquo;Utilisateur est inform\u00e9 que le propri\u00e9taire du site www.contank.com appartient \u00e0 la soci\u00e9t\u00e9 CONTANK, S.A. et leurs donn\u00e9es d&rsquo;identification sont les suivantes : \uf0a7 Responsable : CONTANK, S.A. NIF : A08957912 \uf0a7 Si\u00e8ge [&hellip;]\" \/>\n<meta property=\"og:url\" content=\"https:\/\/contank.com\/fr\/avis-juridique\/\" \/>\n<meta property=\"og:site_name\" content=\"Contank - Transporte ADR de l\u00edquidos intermodal\" \/>\n<meta property=\"article:modified_time\" content=\"2021-08-23T10:02:09+00:00\" \/>\n<meta name=\"twitter:card\" content=\"summary_large_image\" \/>\n<meta name=\"twitter:site\" content=\"@ContankSA\" \/>\n<meta name=\"twitter:label1\" content=\"Dur\u00e9e de lecture estim\u00e9e\" \/>\n\t<meta name=\"twitter:data1\" content=\"6 minutes\" \/>\n<script type=\"application\/ld+json\" class=\"yoast-schema-graph\">{\"@context\":\"https:\\\/\\\/schema.org\",\"@graph\":[{\"@type\":\"WebPage\",\"@id\":\"https:\\\/\\\/contank.com\\\/fr\\\/avis-juridique\\\/\",\"url\":\"https:\\\/\\\/contank.com\\\/fr\\\/avis-juridique\\\/\",\"name\":\"Avis Juridique - Contank - Transporte ADR de l\u00edquidos intermodal\",\"isPartOf\":{\"@id\":\"https:\\\/\\\/contank.com\\\/#website\"},\"datePublished\":\"2021-05-13T08:28:56+00:00\",\"dateModified\":\"2021-08-23T10:02:09+00:00\",\"breadcrumb\":{\"@id\":\"https:\\\/\\\/contank.com\\\/fr\\\/avis-juridique\\\/#breadcrumb\"},\"inLanguage\":\"fr-FR\",\"potentialAction\":[{\"@type\":\"ReadAction\",\"target\":[\"https:\\\/\\\/contank.com\\\/fr\\\/avis-juridique\\\/\"]}]},{\"@type\":\"BreadcrumbList\",\"@id\":\"https:\\\/\\\/contank.com\\\/fr\\\/avis-juridique\\\/#breadcrumb\",\"itemListElement\":[{\"@type\":\"ListItem\",\"position\":1,\"name\":\"Portada\",\"item\":\"https:\\\/\\\/contank.com\\\/fr\\\/\"},{\"@type\":\"ListItem\",\"position\":2,\"name\":\"Avis Juridique\"}]},{\"@type\":\"WebSite\",\"@id\":\"https:\\\/\\\/contank.com\\\/#website\",\"url\":\"https:\\\/\\\/contank.com\\\/\",\"name\":\"Contank - Transporte ADR Intermodal\",\"description\":\"Especialistas en Transporte ADR de L\u00edquidos en contenedores\",\"publisher\":{\"@id\":\"https:\\\/\\\/contank.com\\\/#organization\"},\"potentialAction\":[{\"@type\":\"SearchAction\",\"target\":{\"@type\":\"EntryPoint\",\"urlTemplate\":\"https:\\\/\\\/contank.com\\\/?s={search_term_string}\"},\"query-input\":{\"@type\":\"PropertyValueSpecification\",\"valueRequired\":true,\"valueName\":\"search_term_string\"}}],\"inLanguage\":\"fr-FR\"},{\"@type\":\"Organization\",\"@id\":\"https:\\\/\\\/contank.com\\\/#organization\",\"name\":\"Contank\",\"url\":\"https:\\\/\\\/contank.com\\\/\",\"logo\":{\"@type\":\"ImageObject\",\"inLanguage\":\"fr-FR\",\"@id\":\"https:\\\/\\\/contank.com\\\/#\\\/schema\\\/logo\\\/image\\\/\",\"url\":\"https:\\\/\\\/contank.com\\\/wp-content\\\/uploads\\\/2021\\\/05\\\/ck1.png\",\"contentUrl\":\"https:\\\/\\\/contank.com\\\/wp-content\\\/uploads\\\/2021\\\/05\\\/ck1.png\",\"width\":130,\"height\":72,\"caption\":\"Contank\"},\"image\":{\"@id\":\"https:\\\/\\\/contank.com\\\/#\\\/schema\\\/logo\\\/image\\\/\"},\"sameAs\":[\"https:\\\/\\\/x.com\\\/ContankSA\",\"https:\\\/\\\/www.instagram.com\\\/contank\\\/\",\"https:\\\/\\\/www.linkedin.com\\\/company\\\/11075598\\\/\"]}]}<\/script>\n<!-- \/ Yoast SEO plugin. -->","yoast_head_json":{"title":"Avis Juridique - Contank - Transporte ADR de l\u00edquidos intermodal","robots":{"index":"index","follow":"follow","max-snippet":"max-snippet:-1","max-image-preview":"max-image-preview:large","max-video-preview":"max-video-preview:-1"},"canonical":"https:\/\/contank.com\/fr\/avis-juridique\/","og_locale":"fr_FR","og_type":"article","og_title":"Avis Juridique - Contank - Transporte ADR de l\u00edquidos intermodal","og_description":"AVIS JURIDIQUE Conform\u00e9ment \u00e0 la loi 34\/2002 du 11 juillet sur les services de la soci\u00e9t\u00e9 de l&rsquo;information et du Commerce Electronique, l&rsquo;Utilisateur est inform\u00e9 que le propri\u00e9taire du site www.contank.com appartient \u00e0 la soci\u00e9t\u00e9 CONTANK, S.A. et leurs donn\u00e9es d&rsquo;identification sont les suivantes : \uf0a7 Responsable : CONTANK, S.A. NIF : A08957912 \uf0a7 Si\u00e8ge [&hellip;]","og_url":"https:\/\/contank.com\/fr\/avis-juridique\/","og_site_name":"Contank - Transporte ADR de l\u00edquidos intermodal","article_modified_time":"2021-08-23T10:02:09+00:00","twitter_card":"summary_large_image","twitter_site":"@ContankSA","twitter_misc":{"Dur\u00e9e de lecture estim\u00e9e":"6 minutes"},"schema":{"@context":"https:\/\/schema.org","@graph":[{"@type":"WebPage","@id":"https:\/\/contank.com\/fr\/avis-juridique\/","url":"https:\/\/contank.com\/fr\/avis-juridique\/","name":"Avis Juridique - Contank - Transporte ADR de l\u00edquidos intermodal","isPartOf":{"@id":"https:\/\/contank.com\/#website"},"datePublished":"2021-05-13T08:28:56+00:00","dateModified":"2021-08-23T10:02:09+00:00","breadcrumb":{"@id":"https:\/\/contank.com\/fr\/avis-juridique\/#breadcrumb"},"inLanguage":"fr-FR","potentialAction":[{"@type":"ReadAction","target":["https:\/\/contank.com\/fr\/avis-juridique\/"]}]},{"@type":"BreadcrumbList","@id":"https:\/\/contank.com\/fr\/avis-juridique\/#breadcrumb","itemListElement":[{"@type":"ListItem","position":1,"name":"Portada","item":"https:\/\/contank.com\/fr\/"},{"@type":"ListItem","position":2,"name":"Avis Juridique"}]},{"@type":"WebSite","@id":"https:\/\/contank.com\/#website","url":"https:\/\/contank.com\/","name":"Contank - Transporte ADR Intermodal","description":"Especialistas en Transporte ADR de L\u00edquidos en contenedores","publisher":{"@id":"https:\/\/contank.com\/#organization"},"potentialAction":[{"@type":"SearchAction","target":{"@type":"EntryPoint","urlTemplate":"https:\/\/contank.com\/?s={search_term_string}"},"query-input":{"@type":"PropertyValueSpecification","valueRequired":true,"valueName":"search_term_string"}}],"inLanguage":"fr-FR"},{"@type":"Organization","@id":"https:\/\/contank.com\/#organization","name":"Contank","url":"https:\/\/contank.com\/","logo":{"@type":"ImageObject","inLanguage":"fr-FR","@id":"https:\/\/contank.com\/#\/schema\/logo\/image\/","url":"https:\/\/contank.com\/wp-content\/uploads\/2021\/05\/ck1.png","contentUrl":"https:\/\/contank.com\/wp-content\/uploads\/2021\/05\/ck1.png","width":130,"height":72,"caption":"Contank"},"image":{"@id":"https:\/\/contank.com\/#\/schema\/logo\/image\/"},"sameAs":["https:\/\/x.com\/ContankSA","https:\/\/www.instagram.com\/contank\/","https:\/\/www.linkedin.com\/company\/11075598\/"]}]}},"_links":{"self":[{"href":"https:\/\/contank.com\/fr\/wp-json\/wp\/v2\/pages\/15078","targetHints":{"allow":["GET"]}}],"collection":[{"href":"https:\/\/contank.com\/fr\/wp-json\/wp\/v2\/pages"}],"about":[{"href":"https:\/\/contank.com\/fr\/wp-json\/wp\/v2\/types\/page"}],"author":[{"embeddable":true,"href":"https:\/\/contank.com\/fr\/wp-json\/wp\/v2\/users\/1"}],"replies":[{"embeddable":true,"href":"https:\/\/contank.com\/fr\/wp-json\/wp\/v2\/comments?post=15078"}],"version-history":[{"count":3,"href":"https:\/\/contank.com\/fr\/wp-json\/wp\/v2\/pages\/15078\/revisions"}],"predecessor-version":[{"id":15368,"href":"https:\/\/contank.com\/fr\/wp-json\/wp\/v2\/pages\/15078\/revisions\/15368"}],"wp:attachment":[{"href":"https:\/\/contank.com\/fr\/wp-json\/wp\/v2\/media?parent=15078"}],"curies":[{"name":"wp","href":"https:\/\/api.w.org\/{rel}","templated":true}]}}