{"id":15056,"date":"2018-06-11T06:42:14","date_gmt":"2018-06-11T06:42:14","guid":{"rendered":"https:\/\/contank.com\/career\/"},"modified":"2021-11-05T10:16:50","modified_gmt":"2021-11-05T10:16:50","slug":"carriere","status":"publish","type":"page","link":"https:\/\/contank.com\/fr\/carriere\/","title":{"rendered":"Travaillez avec Nous"},"content":{"rendered":"<div class=\"wpb-content-wrapper\"><p>[vc_row gap=\u00a0\u00bb80&Prime; css=\u00a0\u00bb.vc_custom_1532438709730{padding-top: 40px !important;padding-bottom: 72px !important;}\u00a0\u00bb][vc_column width=\u00a0\u00bb2\/3&Prime;]<h3 id=\"et-animated-title-1\" class=\"et-animated-title et-clearfix  words-direct\" data-mobile-font=\"24px\" data-tablet-font=\"32px\" data-delay=\"\" style=\"font-size:48px;font-weight:700;line-height:56px;color:#212121;\"><span class=\"text-wrapper\"><span class=\"text\">Travaillez avec Nous<\/span><\/span><\/h3><div class=\"gap et-clearfix \" style=\"height:2px\"><\/div><h3 id=\"et-animated-title-2\" class=\"et-animated-title et-clearfix  letter-direct\" data-mobile-font=\"inherit\" data-tablet-font=\"inherit\" data-delay=\"200\" style=\"font-size:24px;font-weight:700;line-height:32px;color:#ffd23f;\"><span class=\"text-wrapper\"><span class=\"text\">\u00cates-vous pr\u00eat\/e pour le niveau suivant?<\/span><\/span><\/h3><div class=\"gap et-clearfix \" style=\"height:32px\"><\/div><div class=\"et-simple-braket-block-wrapper\"><style>#et-simple-braket-block-1 .braket-text {font-size:24px;font-weight:400;line-height:32px;}#et-simple-braket-block-1 .braket > div  {background-color:#ffc53f;}<\/style><div id=\"et-simple-braket-block-1\" class=\"et-simple-braket-block \"><div class=\"braket\"><div><\/div><div><\/div><div><\/div><\/div><div class=\"braket-text\" data-mobile-font=\"inherit\" data-tablet-font=\"inherit\">Consultez le d\u00e9tail des candidatures disponibles et envoyez-nous votre CV. Votre demande sera examin\u00e9e par notre d\u00e9partement des R.H.<\/div><\/div><\/div><div class=\"gap et-clearfix \" style=\"height:32px\"><\/div>[vc_custom_heading text=\u00a0\u00bb-&gt; appuyez pour voir les offres d&#8217;emploi\u00a0\u00bb font_container=\u00a0\u00bbtag:h2|text_align:right\u00a0\u00bb use_theme_fonts=\u00a0\u00bbyes\u00a0\u00bb link=\u00a0\u00bburl:https%3A%2F%2Fcontank.com%2Fcareer%2F|title:Cliquez%20ici%20pour%20voir%20les%20offres%20d&#8217;emploi\u00a0\u00bb][\/vc_column][vc_column animation_delay=\u00a0\u00bb0&Prime; width=\u00a0\u00bb1\/3&Prime; css=\u00a0\u00bb.vc_custom_1530279884745{border-left-width: 1px !important;padding-left: 20% !important;border-left-color: #e0e0e0 !important;border-left-style: solid !important;border-radius: 1px !important;}\u00a0\u00bb el_class=\u00a0\u00bbet-element-column-with-border-left\u00a0\u00bb][vc_widget_sidebar sidebar_id=\u00a0\u00bbpage-5&Prime;][\/vc_column][\/vc_row]<\/p>\n<\/div>","protected":false},"excerpt":{"rendered":"<p>[vc_row gap=\u00a0\u00bb80&Prime; css=\u00a0\u00bb.vc_custom_1532438709730{padding-top: 40px !important;padding-bottom: 72px !important;}\u00a0\u00bb][vc_column width=\u00a0\u00bb2\/3&Prime;][vc_custom_heading text=\u00a0\u00bb-&gt; appuyez pour voir les offres d&#8217;emploi\u00a0\u00bb font_container=\u00a0\u00bbtag:h2|text_align:right\u00a0\u00bb use_theme_fonts=\u00a0\u00bbyes\u00a0\u00bb link=\u00a0\u00bburl:https%3A%2F%2Fcontank.com%2Fcareer%2F|title:Cliquez%20ici%20pour%20voir%20les%20offres%20d&#8217;emploi\u00a0\u00bb][\/vc_column][vc_column animation_delay=\u00a0\u00bb0&Prime; width=\u00a0\u00bb1\/3&Prime; css=\u00a0\u00bb.vc_custom_1530279884745{border-left-width: 1px !important;padding-left: 20% !important;border-left-color: #e0e0e0 !important;border-left-style: solid !important;border-radius: 1px !important;}\u00a0\u00bb el_class=\u00a0\u00bbet-element-column-with-border-left\u00a0\u00bb][vc_widget_sidebar sidebar_id=\u00a0\u00bbpage-5&Prime;][\/vc_column][\/vc_row]<\/p>\n","protected":false},"author":1,"featured_media":0,"parent":0,"menu_order":0,"comment_status":"closed","ping_status":"closed","template":"page-vc.php","meta":{"footnotes":""},"class_list":["post-15056","page","type-page","status-publish","hentry"],"yoast_head":"<!-- This site is optimized with the Yoast SEO plugin v27.4 - https:\/\/yoast.com\/product\/yoast-seo-wordpress\/ -->\n<title>Travaillez avec Nous - Contank - Transporte ADR de l\u00edquidos intermodal<\/title>\n<meta name=\"robots\" content=\"index, follow, max-snippet:-1, max-image-preview:large, max-video-preview:-1\" \/>\n<link rel=\"canonical\" href=\"https:\/\/contank.com\/fr\/carriere\/\" \/>\n<meta property=\"og:locale\" content=\"fr_FR\" \/>\n<meta property=\"og:type\" content=\"article\" \/>\n<meta property=\"og:title\" content=\"Travaillez avec Nous - Contank - Transporte ADR de l\u00edquidos intermodal\" \/>\n<meta property=\"og:description\" content=\"[vc_row gap=\u00a0\u00bb80&Prime; css=\u00a0\u00bb.vc_custom_1532438709730{padding-top: 40px !important;padding-bottom: 72px !important;}\u00a0\u00bb][vc_column width=\u00a0\u00bb2\/3&Prime;][vc_custom_heading text=\u00a0\u00bb-&gt; appuyez pour voir les offres d&#8217;emploi\u00a0\u00bb font_container=\u00a0\u00bbtag:h2|text_align:right\u00a0\u00bb use_theme_fonts=\u00a0\u00bbyes\u00a0\u00bb link=\u00a0\u00bburl:https%3A%2F%2Fcontank.com%2Fcareer%2F|title:Cliquez%20ici%20pour%20voir%20les%20offres%20d&#8217;emploi\u00a0\u00bb][\/vc_column][vc_column animation_delay=\u00a0\u00bb0&Prime; width=\u00a0\u00bb1\/3&Prime; css=\u00a0\u00bb.vc_custom_1530279884745{border-left-width: 1px !important;padding-left: 20% !important;border-left-color: #e0e0e0 !important;border-left-style: solid !important;border-radius: 1px !important;}\u00a0\u00bb el_class=\u00a0\u00bbet-element-column-with-border-left\u00a0\u00bb][vc_widget_sidebar sidebar_id=\u00a0\u00bbpage-5&Prime;][\/vc_column][\/vc_row]\" \/>\n<meta property=\"og:url\" content=\"https:\/\/contank.com\/fr\/carriere\/\" \/>\n<meta property=\"og:site_name\" content=\"Contank - Transporte ADR de l\u00edquidos intermodal\" \/>\n<meta property=\"article:modified_time\" content=\"2021-11-05T10:16:50+00:00\" \/>\n<meta name=\"twitter:card\" content=\"summary_large_image\" \/>\n<meta name=\"twitter:site\" content=\"@ContankSA\" \/>\n<meta name=\"twitter:label1\" content=\"Dur\u00e9e de lecture estim\u00e9e\" \/>\n\t<meta name=\"twitter:data1\" content=\"1 minute\" \/>\n<script type=\"application\/ld+json\" class=\"yoast-schema-graph\">{\"@context\":\"https:\\\/\\\/schema.org\",\"@graph\":[{\"@type\":\"WebPage\",\"@id\":\"https:\\\/\\\/contank.com\\\/fr\\\/carriere\\\/\",\"url\":\"https:\\\/\\\/contank.com\\\/fr\\\/carriere\\\/\",\"name\":\"Travaillez avec Nous - Contank - Transporte ADR de l\u00edquidos intermodal\",\"isPartOf\":{\"@id\":\"https:\\\/\\\/contank.com\\\/#website\"},\"datePublished\":\"2018-06-11T06:42:14+00:00\",\"dateModified\":\"2021-11-05T10:16:50+00:00\",\"breadcrumb\":{\"@id\":\"https:\\\/\\\/contank.com\\\/fr\\\/carriere\\\/#breadcrumb\"},\"inLanguage\":\"fr-FR\",\"potentialAction\":[{\"@type\":\"ReadAction\",\"target\":[\"https:\\\/\\\/contank.com\\\/fr\\\/carriere\\\/\"]}]},{\"@type\":\"BreadcrumbList\",\"@id\":\"https:\\\/\\\/contank.com\\\/fr\\\/carriere\\\/#breadcrumb\",\"itemListElement\":[{\"@type\":\"ListItem\",\"position\":1,\"name\":\"Portada\",\"item\":\"https:\\\/\\\/contank.com\\\/fr\\\/\"},{\"@type\":\"ListItem\",\"position\":2,\"name\":\"Travaillez avec Nous\"}]},{\"@type\":\"WebSite\",\"@id\":\"https:\\\/\\\/contank.com\\\/#website\",\"url\":\"https:\\\/\\\/contank.com\\\/\",\"name\":\"Contank - Transporte ADR Intermodal\",\"description\":\"Especialistas en Transporte ADR de L\u00edquidos en contenedores\",\"publisher\":{\"@id\":\"https:\\\/\\\/contank.com\\\/#organization\"},\"potentialAction\":[{\"@type\":\"SearchAction\",\"target\":{\"@type\":\"EntryPoint\",\"urlTemplate\":\"https:\\\/\\\/contank.com\\\/?s={search_term_string}\"},\"query-input\":{\"@type\":\"PropertyValueSpecification\",\"valueRequired\":true,\"valueName\":\"search_term_string\"}}],\"inLanguage\":\"fr-FR\"},{\"@type\":\"Organization\",\"@id\":\"https:\\\/\\\/contank.com\\\/#organization\",\"name\":\"Contank\",\"url\":\"https:\\\/\\\/contank.com\\\/\",\"logo\":{\"@type\":\"ImageObject\",\"inLanguage\":\"fr-FR\",\"@id\":\"https:\\\/\\\/contank.com\\\/#\\\/schema\\\/logo\\\/image\\\/\",\"url\":\"https:\\\/\\\/contank.com\\\/wp-content\\\/uploads\\\/2021\\\/05\\\/ck1.png\",\"contentUrl\":\"https:\\\/\\\/contank.com\\\/wp-content\\\/uploads\\\/2021\\\/05\\\/ck1.png\",\"width\":130,\"height\":72,\"caption\":\"Contank\"},\"image\":{\"@id\":\"https:\\\/\\\/contank.com\\\/#\\\/schema\\\/logo\\\/image\\\/\"},\"sameAs\":[\"https:\\\/\\\/x.com\\\/ContankSA\",\"https:\\\/\\\/www.instagram.com\\\/contank\\\/\",\"https:\\\/\\\/www.linkedin.com\\\/company\\\/11075598\\\/\"]}]}<\/script>\n<!-- \/ Yoast SEO plugin. -->","yoast_head_json":{"title":"Travaillez avec Nous - Contank - Transporte ADR de l\u00edquidos intermodal","robots":{"index":"index","follow":"follow","max-snippet":"max-snippet:-1","max-image-preview":"max-image-preview:large","max-video-preview":"max-video-preview:-1"},"canonical":"https:\/\/contank.com\/fr\/carriere\/","og_locale":"fr_FR","og_type":"article","og_title":"Travaillez avec Nous - Contank - Transporte ADR de l\u00edquidos intermodal","og_description":"[vc_row gap=\u00a0\u00bb80&Prime; css=\u00a0\u00bb.vc_custom_1532438709730{padding-top: 40px !important;padding-bottom: 72px !important;}\u00a0\u00bb][vc_column width=\u00a0\u00bb2\/3&Prime;][vc_custom_heading text=\u00a0\u00bb-&gt; appuyez pour voir les offres d&#8217;emploi\u00a0\u00bb font_container=\u00a0\u00bbtag:h2|text_align:right\u00a0\u00bb use_theme_fonts=\u00a0\u00bbyes\u00a0\u00bb link=\u00a0\u00bburl:https%3A%2F%2Fcontank.com%2Fcareer%2F|title:Cliquez%20ici%20pour%20voir%20les%20offres%20d&#8217;emploi\u00a0\u00bb][\/vc_column][vc_column animation_delay=\u00a0\u00bb0&Prime; width=\u00a0\u00bb1\/3&Prime; css=\u00a0\u00bb.vc_custom_1530279884745{border-left-width: 1px !important;padding-left: 20% !important;border-left-color: #e0e0e0 !important;border-left-style: solid !important;border-radius: 1px !important;}\u00a0\u00bb el_class=\u00a0\u00bbet-element-column-with-border-left\u00a0\u00bb][vc_widget_sidebar sidebar_id=\u00a0\u00bbpage-5&Prime;][\/vc_column][\/vc_row]","og_url":"https:\/\/contank.com\/fr\/carriere\/","og_site_name":"Contank - Transporte ADR de l\u00edquidos intermodal","article_modified_time":"2021-11-05T10:16:50+00:00","twitter_card":"summary_large_image","twitter_site":"@ContankSA","twitter_misc":{"Dur\u00e9e de lecture estim\u00e9e":"1 minute"},"schema":{"@context":"https:\/\/schema.org","@graph":[{"@type":"WebPage","@id":"https:\/\/contank.com\/fr\/carriere\/","url":"https:\/\/contank.com\/fr\/carriere\/","name":"Travaillez avec Nous - Contank - Transporte ADR de l\u00edquidos intermodal","isPartOf":{"@id":"https:\/\/contank.com\/#website"},"datePublished":"2018-06-11T06:42:14+00:00","dateModified":"2021-11-05T10:16:50+00:00","breadcrumb":{"@id":"https:\/\/contank.com\/fr\/carriere\/#breadcrumb"},"inLanguage":"fr-FR","potentialAction":[{"@type":"ReadAction","target":["https:\/\/contank.com\/fr\/carriere\/"]}]},{"@type":"BreadcrumbList","@id":"https:\/\/contank.com\/fr\/carriere\/#breadcrumb","itemListElement":[{"@type":"ListItem","position":1,"name":"Portada","item":"https:\/\/contank.com\/fr\/"},{"@type":"ListItem","position":2,"name":"Travaillez avec Nous"}]},{"@type":"WebSite","@id":"https:\/\/contank.com\/#website","url":"https:\/\/contank.com\/","name":"Contank - Transporte ADR Intermodal","description":"Especialistas en Transporte ADR de L\u00edquidos en contenedores","publisher":{"@id":"https:\/\/contank.com\/#organization"},"potentialAction":[{"@type":"SearchAction","target":{"@type":"EntryPoint","urlTemplate":"https:\/\/contank.com\/?s={search_term_string}"},"query-input":{"@type":"PropertyValueSpecification","valueRequired":true,"valueName":"search_term_string"}}],"inLanguage":"fr-FR"},{"@type":"Organization","@id":"https:\/\/contank.com\/#organization","name":"Contank","url":"https:\/\/contank.com\/","logo":{"@type":"ImageObject","inLanguage":"fr-FR","@id":"https:\/\/contank.com\/#\/schema\/logo\/image\/","url":"https:\/\/contank.com\/wp-content\/uploads\/2021\/05\/ck1.png","contentUrl":"https:\/\/contank.com\/wp-content\/uploads\/2021\/05\/ck1.png","width":130,"height":72,"caption":"Contank"},"image":{"@id":"https:\/\/contank.com\/#\/schema\/logo\/image\/"},"sameAs":["https:\/\/x.com\/ContankSA","https:\/\/www.instagram.com\/contank\/","https:\/\/www.linkedin.com\/company\/11075598\/"]}]}},"_links":{"self":[{"href":"https:\/\/contank.com\/fr\/wp-json\/wp\/v2\/pages\/15056","targetHints":{"allow":["GET"]}}],"collection":[{"href":"https:\/\/contank.com\/fr\/wp-json\/wp\/v2\/pages"}],"about":[{"href":"https:\/\/contank.com\/fr\/wp-json\/wp\/v2\/types\/page"}],"author":[{"embeddable":true,"href":"https:\/\/contank.com\/fr\/wp-json\/wp\/v2\/users\/1"}],"replies":[{"embeddable":true,"href":"https:\/\/contank.com\/fr\/wp-json\/wp\/v2\/comments?post=15056"}],"version-history":[{"count":12,"href":"https:\/\/contank.com\/fr\/wp-json\/wp\/v2\/pages\/15056\/revisions"}],"predecessor-version":[{"id":16644,"href":"https:\/\/contank.com\/fr\/wp-json\/wp\/v2\/pages\/15056\/revisions\/16644"}],"wp:attachment":[{"href":"https:\/\/contank.com\/fr\/wp-json\/wp\/v2\/media?parent=15056"}],"curies":[{"name":"wp","href":"https:\/\/api.w.org\/{rel}","templated":true}]}}