{"id":15046,"date":"2021-07-20T10:54:40","date_gmt":"2021-07-20T10:54:40","guid":{"rendered":"https:\/\/contank.com\/proyectos-solidarios\/"},"modified":"2021-10-19T13:52:58","modified_gmt":"2021-10-19T13:52:58","slug":"projets-de-solidarite","status":"publish","type":"page","link":"https:\/\/contank.com\/fr\/projets-de-solidarite\/","title":{"rendered":"Projets de solidarit\u00e9"},"content":{"rendered":"<div class=\"wpb-content-wrapper\"><p>[vc_row][vc_column][\/vc_column][\/vc_row][vc_row][vc_column width=\u00a0\u00bb1\/2&Prime;]<div class=\"et-braket-block-wrapper\"><style>#et-braket-block-1 .braket-title {font-weight:700;color:#212121;}#et-braket-block-1 .braket-sub-title {color:#9a9a9a;}#et-braket-block-1 .braket-button {color:#212121 !important;}#et-braket-block-1 .braket-button:hover {color:#ffffff !important;}#et-braket-block-1 .braket-button:before {box-shadow:inset 0 0 0 1px #212121;}#et-braket-block-1 .braket-button:after {background-color:#ffd23f;}#et-braket-block-1 .braket > div:first-child,\r\n\t\t\t\t\t\t#et-braket-block-1 .braket > div:last-child,\r\n\t\t\t\t\t\t#et-braket-block-1 .braket > div:nth-child(2) > span  {background-color:#ffd23f;}<\/style><div id=\"et-braket-block-1\" data-delay=\"0\" class=\"et-braket-block left \"><div class=\"braket-block-inner et-clearfix\"><div class=\"braket\"><div><\/div><div><span><\/span><\/div><div><\/div><\/div><div class=\"braket-block-content\"><p class=\"braket-sub-title\">CONTANK - Engag\u00e9 dans la soci\u00e9t\u00e9.<\/p><h1 class=\"braket-title\" data-mobile-font=\"inherit\" data-tablet-font=\"inherit\">Parier sur un monde meilleur.<\/h1><\/div><\/div><div class=\"braket-block-content text et-clearfix\"><\/div><\/div><\/div>[\/vc_column][vc_column width=\u00a0\u00bb1\/2&Prime;][\/vc_column][\/vc_row][vc_row][vc_column][vc_empty_space][\/vc_column][\/vc_row][vc_row][vc_column][vc_column_text]Chez Contank, nous apportons notre grain de sable pour am\u00e9liorer la soci\u00e9t\u00e9 et l&rsquo;environnement qui nous entoure. Pour cette raison, nous avons sign\u00e9 une s\u00e9rie de projets visant \u00e0 am\u00e9liorer la qualit\u00e9 de vie des personnes.[\/vc_column_text][\/vc_column][\/vc_row][vc_row full_width=\u00a0\u00bbstretch_row\u00a0\u00bb gap=\u00a0\u00bb0&Prime; css=\u00a0\u00bb.vc_custom_1622028145198{padding-top: 120px !important;padding-bottom: 80px !important;background-color: #f7f7f7 !important;background-position: center !important;background-repeat: no-repeat !important;background-size: cover !important;}\u00a0\u00bb][vc_column animation_delay=\u00a0\u00bb0&Prime; width=\u00a0\u00bb1\/2&Prime;]<h1 class=\"et-highlight-title \" style=\"font-weight:700;color:#2b2b2b;\" data-mobile-font=\"inherit\" data-tablet-font=\"inherit\"><span class=\"title-inner\">UNHCR\/ACNUR<span class=\"highlight-line\" style=\"background-color:#ffffff;\"><\/span><\/span><\/h1>[vc_column_text]Contank a sign\u00e9 un contrat de collaboration avec UNHCR \/ UNHCR. Le UNHCR \/ UNHCR est l&rsquo;organisme des Nations Unies charg\u00e9 de prot\u00e9ger les r\u00e9fugi\u00e9s et les personnes d\u00e9plac\u00e9es en raison de pers\u00e9cutions ou de conflits, et de promouvoir des solutions durables \u00e0 leur situation.<\/p>\n<p>Chez Contank, en tant qu&rsquo;entreprise SUMA, nous voulons soutenir les r\u00e9fugi\u00e9s et apporter notre contribution dans des domaines sp\u00e9cifiques de toute urgence \u00e0 ceux qui en ont le plus besoin.[\/vc_column_text][\/vc_column][vc_column width=\u00a0\u00bb1\/2&Prime;][vc_single_image image=\u00a0\u00bb14878&Prime; img_size=\u00a0\u00bbfull\u00a0\u00bb alignment=\u00a0\u00bbright\u00a0\u00bb onclick=\u00a0\u00bbcustom_link\u00a0\u00bb css_animation=\u00a0\u00bbbounceInDown\u00a0\u00bb link=\u00a0\u00bbhttps:\/\/www.acnur.org\/\u00a0\u00bb][\/vc_column][\/vc_row][vc_row][vc_column width=\u00a0\u00bb1\/2&Prime;]<h1 class=\"et-highlight-title \" style=\"font-weight:700;color:#2b2b2b;\" data-mobile-font=\"inherit\" data-tablet-font=\"inherit\"><span class=\"title-inner\">Fundaci\u00f3n Ana Ribot<span class=\"highlight-line\" style=\"background-color:#ffffff;\"><\/span><\/span><\/h1>[vc_single_image image=\u00a0\u00bb14912&Prime; img_size=\u00a0\u00bbmedium\u00a0\u00bb style=\u00a0\u00bbvc_box_rounded\u00a0\u00bb onclick=\u00a0\u00bbcustom_link\u00a0\u00bb css_animation=\u00a0\u00bbbounceInDown\u00a0\u00bb css=\u00a0\u00bb.vc_custom_1634632937607{padding-top: 20px !important;}\u00a0\u00bb link=\u00a0\u00bbhttps:\/\/www.fundacioanaribot.org\/\u00a0\u00bb][\/vc_column][vc_column width=\u00a0\u00bb1\/2&Prime;][vc_column_text]Projet visant \u00e0 aider les personnes \u00e2g\u00e9es.<\/p>\n<p>Sa mission est d&rsquo;am\u00e9liorer la qualit\u00e9 de vie des personnes \u00e2g\u00e9es pr\u00e9sentant une certaine d\u00e9pendance (physique, mentale, sociale) et d&rsquo;apporter un soutien social et psychologique \u00e0 leurs familles et aidants.<\/p>\n<p>Sensibiliser aux probl\u00e8mes et aux besoins que la d\u00e9pendance engendre pour les personnes \u00e2g\u00e9es et pour l&rsquo;environnement familial et social, en particulier ceux qui d\u00e9coulent de leurs propres maladies telles que la maladie d&rsquo;Alzheimer ou similaire.<br \/>\nPromouvoir un fonds d&rsquo;aide \u00e9conomique et offrir un soutien affectif aux personnes qui ne peuvent pas s&rsquo;aider elles-m\u00eames, et qui ni elles ni leurs familles n&rsquo;ont les moyens financiers suffisants.[\/vc_column_text][\/vc_column][\/vc_row][vc_row full_width=\u00a0\u00bbstretch_row\u00a0\u00bb gap=\u00a0\u00bb0&Prime; css=\u00a0\u00bb.vc_custom_1622028145198{padding-top: 120px !important;padding-bottom: 80px !important;background-color: #f7f7f7 !important;background-position: center !important;background-repeat: no-repeat !important;background-size: cover !important;}\u00a0\u00bb][vc_column animation_delay=\u00a0\u00bb0&Prime; width=\u00a0\u00bb1\/2&Prime;]<h1 class=\"et-highlight-title \" style=\"font-weight:700;color:#2b2b2b;\" data-mobile-font=\"inherit\" data-tablet-font=\"inherit\"><span class=\"title-inner\">M\u00e9decins Sans Fronti\u00e8res<span class=\"highlight-line\" style=\"background-color:#ffffff;\"><\/span><\/span><\/h1>[vc_column_text]M\u00e9decins Sans Fronti\u00e8res (MSF) est une organisation m\u00e9dicale et humanitaire internationale qui vient en aide aux victimes de catastrophes naturelles ou humaines et de conflits arm\u00e9s, sans aucune discrimination fond\u00e9e sur la race, le sexe, la religion, la philosophie ou la politique. En 2021, le groupe \u00e9tait actif dans 70 pays avec plus de 43 000 employ\u00e9s, principalement des m\u00e9decins, des infirmi\u00e8res et autres professionnels de la sant\u00e9 locaux, des experts en logistique, des ing\u00e9nieurs et des responsables de l&rsquo;eau et de l&rsquo;assainissement. Contank aide \u00e0 financer l&rsquo;organisation et sa mission \u00e0 travers le monde.[\/vc_column_text][\/vc_column][vc_column width=\u00a0\u00bb1\/2&Prime;][vc_single_image image=\u00a0\u00bb16601&Prime; img_size=\u00a0\u00bbfull\u00a0\u00bb alignment=\u00a0\u00bbright\u00a0\u00bb onclick=\u00a0\u00bbcustom_link\u00a0\u00bb css_animation=\u00a0\u00bbbounceInDown\u00a0\u00bb link=\u00a0\u00bbhttp:\/\/www.msf.es\/iniciativas\u00a0\u00bb][\/vc_column][\/vc_row][vc_row full_width=\u00a0\u00bbstretch_row\u00a0\u00bb gap=\u00a0\u00bb64&Prime; content_placement=\u00a0\u00bbmiddle\u00a0\u00bb css_animation=\u00a0\u00bbfadeInRight\u00a0\u00bb css=\u00a0\u00bb.vc_custom_1622041099161{background-position: center !important;background-repeat: no-repeat !important;background-size: cover !important;}\u00a0\u00bb][vc_column width=\u00a0\u00bb2\/3&Prime;][\/vc_column][vc_column animation_delay=\u00a0\u00bb0&Prime; width=\u00a0\u00bb1\/3&Prime; parallax=\u00a0\u00bbtrue\u00a0\u00bb parallax_image=\u00a0\u00bb12700&Prime;][\/vc_column][\/vc_row]<\/p>\n<\/div>","protected":false},"excerpt":{"rendered":"<p>[vc_row][vc_column][\/vc_column][\/vc_row][vc_row][vc_column width=\u00a0\u00bb1\/2&Prime;][\/vc_column][vc_column width=\u00a0\u00bb1\/2&Prime;][\/vc_column][\/vc_row][vc_row][vc_column][vc_empty_space][\/vc_column][\/vc_row][vc_row][vc_column][vc_column_text]Chez Contank, nous apportons notre grain de sable pour am\u00e9liorer la soci\u00e9t\u00e9 et l&rsquo;environnement qui nous entoure. Pour cette raison, nous avons sign\u00e9 une s\u00e9rie de projets visant \u00e0 am\u00e9liorer la qualit\u00e9 de vie des personnes.[\/vc_column_text][\/vc_column][\/vc_row][vc_row full_width=\u00a0\u00bbstretch_row\u00a0\u00bb gap=\u00a0\u00bb0&Prime; css=\u00a0\u00bb.vc_custom_1622028145198{padding-top: 120px !important;padding-bottom: 80px !important;background-color: #f7f7f7 !important;background-position: center !important;background-repeat: no-repeat !important;background-size: cover !important;}\u00a0\u00bb][vc_column animation_delay=\u00a0\u00bb0&Prime; width=\u00a0\u00bb1\/2&Prime;][vc_column_text]Contank [&hellip;]<\/p>\n","protected":false},"author":1,"featured_media":0,"parent":0,"menu_order":0,"comment_status":"closed","ping_status":"closed","template":"page-vc.php","meta":{"footnotes":""},"class_list":["post-15046","page","type-page","status-publish","hentry"],"yoast_head":"<!-- This site is optimized with the Yoast SEO plugin v27.3 - https:\/\/yoast.com\/product\/yoast-seo-wordpress\/ -->\n<title>Projets de solidarit\u00e9 - Contank - Transporte ADR de l\u00edquidos intermodal<\/title>\n<meta name=\"robots\" content=\"index, follow, max-snippet:-1, max-image-preview:large, max-video-preview:-1\" \/>\n<link rel=\"canonical\" href=\"https:\/\/contank.com\/fr\/projets-de-solidarite\/\" \/>\n<meta property=\"og:locale\" content=\"fr_FR\" \/>\n<meta property=\"og:type\" content=\"article\" \/>\n<meta property=\"og:title\" content=\"Projets de solidarit\u00e9 - Contank - Transporte ADR de l\u00edquidos intermodal\" \/>\n<meta property=\"og:description\" content=\"[vc_row][vc_column][\/vc_column][\/vc_row][vc_row][vc_column width=\u00a0\u00bb1\/2&Prime;][\/vc_column][vc_column width=\u00a0\u00bb1\/2&Prime;][\/vc_column][\/vc_row][vc_row][vc_column][vc_empty_space][\/vc_column][\/vc_row][vc_row][vc_column][vc_column_text]Chez Contank, nous apportons notre grain de sable pour am\u00e9liorer la soci\u00e9t\u00e9 et l&rsquo;environnement qui nous entoure. Pour cette raison, nous avons sign\u00e9 une s\u00e9rie de projets visant \u00e0 am\u00e9liorer la qualit\u00e9 de vie des personnes.[\/vc_column_text][\/vc_column][\/vc_row][vc_row full_width=\u00a0\u00bbstretch_row\u00a0\u00bb gap=\u00a0\u00bb0&Prime; css=\u00a0\u00bb.vc_custom_1622028145198{padding-top: 120px !important;padding-bottom: 80px !important;background-color: #f7f7f7 !important;background-position: center !important;background-repeat: no-repeat !important;background-size: cover !important;}\u00a0\u00bb][vc_column animation_delay=\u00a0\u00bb0&Prime; width=\u00a0\u00bb1\/2&Prime;][vc_column_text]Contank [&hellip;]\" \/>\n<meta property=\"og:url\" content=\"https:\/\/contank.com\/fr\/projets-de-solidarite\/\" \/>\n<meta property=\"og:site_name\" content=\"Contank - Transporte ADR de l\u00edquidos intermodal\" \/>\n<meta property=\"article:modified_time\" content=\"2021-10-19T13:52:58+00:00\" \/>\n<meta name=\"twitter:card\" content=\"summary_large_image\" \/>\n<meta name=\"twitter:site\" content=\"@ContankSA\" \/>\n<meta name=\"twitter:label1\" content=\"Dur\u00e9e de lecture estim\u00e9e\" \/>\n\t<meta name=\"twitter:data1\" content=\"2 minutes\" \/>\n<script type=\"application\/ld+json\" class=\"yoast-schema-graph\">{\"@context\":\"https:\\\/\\\/schema.org\",\"@graph\":[{\"@type\":\"WebPage\",\"@id\":\"https:\\\/\\\/contank.com\\\/fr\\\/projets-de-solidarite\\\/\",\"url\":\"https:\\\/\\\/contank.com\\\/fr\\\/projets-de-solidarite\\\/\",\"name\":\"Projets de solidarit\u00e9 - Contank - Transporte ADR de l\u00edquidos intermodal\",\"isPartOf\":{\"@id\":\"https:\\\/\\\/contank.com\\\/#website\"},\"datePublished\":\"2021-07-20T10:54:40+00:00\",\"dateModified\":\"2021-10-19T13:52:58+00:00\",\"breadcrumb\":{\"@id\":\"https:\\\/\\\/contank.com\\\/fr\\\/projets-de-solidarite\\\/#breadcrumb\"},\"inLanguage\":\"fr-FR\",\"potentialAction\":[{\"@type\":\"ReadAction\",\"target\":[\"https:\\\/\\\/contank.com\\\/fr\\\/projets-de-solidarite\\\/\"]}]},{\"@type\":\"BreadcrumbList\",\"@id\":\"https:\\\/\\\/contank.com\\\/fr\\\/projets-de-solidarite\\\/#breadcrumb\",\"itemListElement\":[{\"@type\":\"ListItem\",\"position\":1,\"name\":\"Portada\",\"item\":\"https:\\\/\\\/contank.com\\\/fr\\\/\"},{\"@type\":\"ListItem\",\"position\":2,\"name\":\"Projets de solidarit\u00e9\"}]},{\"@type\":\"WebSite\",\"@id\":\"https:\\\/\\\/contank.com\\\/#website\",\"url\":\"https:\\\/\\\/contank.com\\\/\",\"name\":\"Contank - Transporte ADR Intermodal\",\"description\":\"Especialistas en Transporte ADR de L\u00edquidos en contenedores\",\"publisher\":{\"@id\":\"https:\\\/\\\/contank.com\\\/#organization\"},\"potentialAction\":[{\"@type\":\"SearchAction\",\"target\":{\"@type\":\"EntryPoint\",\"urlTemplate\":\"https:\\\/\\\/contank.com\\\/?s={search_term_string}\"},\"query-input\":{\"@type\":\"PropertyValueSpecification\",\"valueRequired\":true,\"valueName\":\"search_term_string\"}}],\"inLanguage\":\"fr-FR\"},{\"@type\":\"Organization\",\"@id\":\"https:\\\/\\\/contank.com\\\/#organization\",\"name\":\"Contank\",\"url\":\"https:\\\/\\\/contank.com\\\/\",\"logo\":{\"@type\":\"ImageObject\",\"inLanguage\":\"fr-FR\",\"@id\":\"https:\\\/\\\/contank.com\\\/#\\\/schema\\\/logo\\\/image\\\/\",\"url\":\"https:\\\/\\\/contank.com\\\/wp-content\\\/uploads\\\/2021\\\/05\\\/ck1.png\",\"contentUrl\":\"https:\\\/\\\/contank.com\\\/wp-content\\\/uploads\\\/2021\\\/05\\\/ck1.png\",\"width\":130,\"height\":72,\"caption\":\"Contank\"},\"image\":{\"@id\":\"https:\\\/\\\/contank.com\\\/#\\\/schema\\\/logo\\\/image\\\/\"},\"sameAs\":[\"https:\\\/\\\/x.com\\\/ContankSA\",\"https:\\\/\\\/www.instagram.com\\\/contank\\\/\",\"https:\\\/\\\/www.linkedin.com\\\/company\\\/11075598\\\/\"]}]}<\/script>\n<!-- \/ Yoast SEO plugin. -->","yoast_head_json":{"title":"Projets de solidarit\u00e9 - Contank - Transporte ADR de l\u00edquidos intermodal","robots":{"index":"index","follow":"follow","max-snippet":"max-snippet:-1","max-image-preview":"max-image-preview:large","max-video-preview":"max-video-preview:-1"},"canonical":"https:\/\/contank.com\/fr\/projets-de-solidarite\/","og_locale":"fr_FR","og_type":"article","og_title":"Projets de solidarit\u00e9 - Contank - Transporte ADR de l\u00edquidos intermodal","og_description":"[vc_row][vc_column][\/vc_column][\/vc_row][vc_row][vc_column width=\u00a0\u00bb1\/2&Prime;][\/vc_column][vc_column width=\u00a0\u00bb1\/2&Prime;][\/vc_column][\/vc_row][vc_row][vc_column][vc_empty_space][\/vc_column][\/vc_row][vc_row][vc_column][vc_column_text]Chez Contank, nous apportons notre grain de sable pour am\u00e9liorer la soci\u00e9t\u00e9 et l&rsquo;environnement qui nous entoure. Pour cette raison, nous avons sign\u00e9 une s\u00e9rie de projets visant \u00e0 am\u00e9liorer la qualit\u00e9 de vie des personnes.[\/vc_column_text][\/vc_column][\/vc_row][vc_row full_width=\u00a0\u00bbstretch_row\u00a0\u00bb gap=\u00a0\u00bb0&Prime; css=\u00a0\u00bb.vc_custom_1622028145198{padding-top: 120px !important;padding-bottom: 80px !important;background-color: #f7f7f7 !important;background-position: center !important;background-repeat: no-repeat !important;background-size: cover !important;}\u00a0\u00bb][vc_column animation_delay=\u00a0\u00bb0&Prime; width=\u00a0\u00bb1\/2&Prime;][vc_column_text]Contank [&hellip;]","og_url":"https:\/\/contank.com\/fr\/projets-de-solidarite\/","og_site_name":"Contank - Transporte ADR de l\u00edquidos intermodal","article_modified_time":"2021-10-19T13:52:58+00:00","twitter_card":"summary_large_image","twitter_site":"@ContankSA","twitter_misc":{"Dur\u00e9e de lecture estim\u00e9e":"2 minutes"},"schema":{"@context":"https:\/\/schema.org","@graph":[{"@type":"WebPage","@id":"https:\/\/contank.com\/fr\/projets-de-solidarite\/","url":"https:\/\/contank.com\/fr\/projets-de-solidarite\/","name":"Projets de solidarit\u00e9 - Contank - Transporte ADR de l\u00edquidos intermodal","isPartOf":{"@id":"https:\/\/contank.com\/#website"},"datePublished":"2021-07-20T10:54:40+00:00","dateModified":"2021-10-19T13:52:58+00:00","breadcrumb":{"@id":"https:\/\/contank.com\/fr\/projets-de-solidarite\/#breadcrumb"},"inLanguage":"fr-FR","potentialAction":[{"@type":"ReadAction","target":["https:\/\/contank.com\/fr\/projets-de-solidarite\/"]}]},{"@type":"BreadcrumbList","@id":"https:\/\/contank.com\/fr\/projets-de-solidarite\/#breadcrumb","itemListElement":[{"@type":"ListItem","position":1,"name":"Portada","item":"https:\/\/contank.com\/fr\/"},{"@type":"ListItem","position":2,"name":"Projets de solidarit\u00e9"}]},{"@type":"WebSite","@id":"https:\/\/contank.com\/#website","url":"https:\/\/contank.com\/","name":"Contank - Transporte ADR Intermodal","description":"Especialistas en Transporte ADR de L\u00edquidos en contenedores","publisher":{"@id":"https:\/\/contank.com\/#organization"},"potentialAction":[{"@type":"SearchAction","target":{"@type":"EntryPoint","urlTemplate":"https:\/\/contank.com\/?s={search_term_string}"},"query-input":{"@type":"PropertyValueSpecification","valueRequired":true,"valueName":"search_term_string"}}],"inLanguage":"fr-FR"},{"@type":"Organization","@id":"https:\/\/contank.com\/#organization","name":"Contank","url":"https:\/\/contank.com\/","logo":{"@type":"ImageObject","inLanguage":"fr-FR","@id":"https:\/\/contank.com\/#\/schema\/logo\/image\/","url":"https:\/\/contank.com\/wp-content\/uploads\/2021\/05\/ck1.png","contentUrl":"https:\/\/contank.com\/wp-content\/uploads\/2021\/05\/ck1.png","width":130,"height":72,"caption":"Contank"},"image":{"@id":"https:\/\/contank.com\/#\/schema\/logo\/image\/"},"sameAs":["https:\/\/x.com\/ContankSA","https:\/\/www.instagram.com\/contank\/","https:\/\/www.linkedin.com\/company\/11075598\/"]}]}},"_links":{"self":[{"href":"https:\/\/contank.com\/fr\/wp-json\/wp\/v2\/pages\/15046","targetHints":{"allow":["GET"]}}],"collection":[{"href":"https:\/\/contank.com\/fr\/wp-json\/wp\/v2\/pages"}],"about":[{"href":"https:\/\/contank.com\/fr\/wp-json\/wp\/v2\/types\/page"}],"author":[{"embeddable":true,"href":"https:\/\/contank.com\/fr\/wp-json\/wp\/v2\/users\/1"}],"replies":[{"embeddable":true,"href":"https:\/\/contank.com\/fr\/wp-json\/wp\/v2\/comments?post=15046"}],"version-history":[{"count":4,"href":"https:\/\/contank.com\/fr\/wp-json\/wp\/v2\/pages\/15046\/revisions"}],"predecessor-version":[{"id":16612,"href":"https:\/\/contank.com\/fr\/wp-json\/wp\/v2\/pages\/15046\/revisions\/16612"}],"wp:attachment":[{"href":"https:\/\/contank.com\/fr\/wp-json\/wp\/v2\/media?parent=15046"}],"curies":[{"name":"wp","href":"https:\/\/api.w.org\/{rel}","templated":true}]}}