{"id":15035,"date":"2021-05-21T10:18:36","date_gmt":"2021-05-21T10:18:36","guid":{"rendered":"https:\/\/contank.com\/sostenibilidad\/"},"modified":"2021-12-03T10:52:39","modified_gmt":"2021-12-03T10:52:39","slug":"durabilite","status":"publish","type":"page","link":"https:\/\/contank.com\/fr\/durabilite\/","title":{"rendered":"Durabilit\u00e9"},"content":{"rendered":"<div class=\"wpb-content-wrapper\"><p>[vc_row][vc_column width=\u00a0\u00bb1\/2&Prime;]<div class=\"et-braket-block-wrapper\"><style>#et-braket-block-1 .braket-title {font-weight:700;color:#212121;}#et-braket-block-1 .braket-sub-title {color:#9a9a9a;}#et-braket-block-1 .braket-button {color:#212121 !important;}#et-braket-block-1 .braket-button:hover {color:#ffffff !important;}#et-braket-block-1 .braket-button:before {box-shadow:inset 0 0 0 1px #212121;}#et-braket-block-1 .braket-button:after {background-color:#ffd23f;}#et-braket-block-1 .braket > div:first-child,\r\n\t\t\t\t\t\t#et-braket-block-1 .braket > div:last-child,\r\n\t\t\t\t\t\t#et-braket-block-1 .braket > div:nth-child(2) > span  {background-color:#ffd23f;}<\/style><div id=\"et-braket-block-1\" data-delay=\"0\" class=\"et-braket-block left \"><div class=\"braket-block-inner et-clearfix\"><div class=\"braket\"><div><\/div><div><span><\/span><\/div><div><\/div><\/div><div class=\"braket-block-content\"><h1 class=\"braket-title\" data-mobile-font=\"inherit\" data-tablet-font=\"inherit\">Gestion de la durabilit\u00e9<\/h1><\/div><\/div><div class=\"braket-block-content text et-clearfix\"><\/div><\/div><\/div>[\/vc_column][vc_column width=\u00a0\u00bb1\/2&Prime;][vc_column_text]Chez Contank, nous avons la volont\u00e9 de cr\u00e9er de la valeur de mani\u00e8re durable \u00e0 travers ces diff\u00e9rents aspects :\u00a0<strong>changement climatique, environnement, fonctionnement s\u00fbr, personnes, \u00e9thique et transparence et innovation et technologie<\/strong>. De plus, nous soutenons l&rsquo;Agenda 2030 comme un ferme engagement en faveur du progr\u00e8s de la soci\u00e9t\u00e9.[\/vc_column_text][\/vc_column][\/vc_row][vc_row full_width=\u00a0\u00bbstretch_row\u00a0\u00bb css=\u00a0\u00bb.vc_custom_1532095330581{padding-top: 72px !important;padding-bottom: 96px !important;}\u00a0\u00bb el_class=\u00a0\u00bb.et-carousel-custom-nav-color\u00a0\u00bb][vc_column]<div class=\"et-testimonial-wrapper\"><div id=\"loop-testimonial-alt-1\" data-columns=\"1\" class=\"loop-testimonial testimonial-alt owl-carousel navigation-only-arrows et-clearfix\"><div class=\"et-testimonial-item\"><div class=\"et-item-inner\"><div class=\"testimonial-content et-clearfix\"><p>La protection de la plan\u00e8te est le d\u00e9fi le plus important auquel nous sommes confront\u00e9s.<\/p>\n<\/div><div class=\"testimonial-person-data\"><h5 class=\"testimonial-title stylish-dash\">Quality Manager<\/h5><p class=\"testimonial-subtitle\">Evelin Fern\u00e1ndez<\/p><\/div><\/div><\/div><\/div><\/div>[\/vc_column][\/vc_row][vc_row][vc_column width=\u00a0\u00bb1\/3&Prime;][vc_hoverbox image=\u00a0\u00bb14310&Prime; primary_title=\u00a0\u00bbEnvironnement\u00a0\u00bb hover_title=\u00a0\u00bbEnvironnement\u00a0\u00bb shape=\u00a0\u00bbsquare\u00a0\u00bb hover_background_color=\u00a0\u00bbcustom\u00a0\u00bb hover_custom_background=\u00a0\u00bb#f9ce22&Prime; el_class=\u00a0\u00bbcuadrado\u00a0\u00bb]Nous respectons l&rsquo;environnement et d\u00e9veloppons des activit\u00e9s de responsabilit\u00e9 sociale d&rsquo;entreprise. Nous essayons de contribuer volontairement \u00e0 l&rsquo;<strong>am\u00e9lioration environnementale.<\/strong>[\/vc_hoverbox]<div class=\"gap et-clearfix \" style=\"height:32px\"><\/div>[vc_hoverbox image=\u00a0\u00bb14356&Prime; primary_title=\u00a0\u00bbS\u00e9curit\u00e9 au Travail\u00a0\u00bb hover_title=\u00a0\u00bbS\u00e9curit\u00e9 au Travail\u00a0\u00bb shape=\u00a0\u00bbsquare\u00a0\u00bb hover_background_color=\u00a0\u00bbcustom\u00a0\u00bb hover_custom_background=\u00a0\u00bb#f9ce22&Prime; el_class=\u00a0\u00bbcuadrado\u00a0\u00bb]Nous \u00e9valuons les risques associ\u00e9s \u00e0 notre activit\u00e9 afin de garantir la s\u00e9curit\u00e9, tant de notre personnel que des clients et fournisseurs.[\/vc_hoverbox]<div class=\"gap et-clearfix \" style=\"height:32px\"><\/div>[vc_hoverbox image=\u00a0\u00bb14371&Prime; primary_title=\u00a0\u00bbEmploy\u00e9s\u00a0\u00bb hover_title=\u00a0\u00bbEmploy\u00e9s\u00a0\u00bb shape=\u00a0\u00bbsquare\u00a0\u00bb hover_background_color=\u00a0\u00bbcustom\u00a0\u00bb hover_custom_background=\u00a0\u00bb#f9ce22&Prime; el_class=\u00a0\u00bbcuadrado\u00a0\u00bb]\u00c9quipe diverse et engag\u00e9e en faveur du projet Contank. Nous croyons au talent des personnes et misons sur la conciliation et la formation continue.[\/vc_hoverbox][\/vc_column][vc_column width=\u00a0\u00bb1\/3&Prime;][vc_hoverbox image=\u00a0\u00bb14345&Prime; primary_title=\u00a0\u00bbChangement Climatique\u00a0\u00bb hover_title=\u00a0\u00bbChangement Climatique\u00a0\u00bb shape=\u00a0\u00bbsquare\u00a0\u00bb hover_background_color=\u00a0\u00bbcustom\u00a0\u00bb hover_custom_background=\u00a0\u00bb#f9ce22&Prime; el_class=\u00a0\u00bbcuadrado\u00a0\u00bb el_id=\u00a0\u00bbcuadrado\u00a0\u00bb]Les effets du changement climatique nous affectent tous. Si des mesures drastiques ne sont pas prises imm\u00e9diatement, il sera beaucoup plus difficile et co\u00fbteux de s&rsquo;adapter \u00e0 ses effets dans l&rsquo;avenir.[\/vc_hoverbox]<div class=\"gap et-clearfix \" style=\"height:32px\"><\/div>[vc_hoverbox image=\u00a0\u00bb14360&Prime; primary_title=\u00a0\u00bbDroits de l&rsquo;Homme\u00a0\u00bb hover_title=\u00a0\u00bbDroits de l&rsquo;Homme\u00a0\u00bb shape=\u00a0\u00bbsquare\u00a0\u00bb hover_background_color=\u00a0\u00bbcustom\u00a0\u00bb hover_custom_background=\u00a0\u00bb#f9ce22&Prime; el_class=\u00a0\u00bbcuadrado\u00a0\u00bb]Nous respectons les droits humains en nous conformant r\u00e9solument aux principes directeurs des Nations Unies relatifs aux entreprises et aux droits de l&rsquo;homme.\u00a0<span class=\"et-highlight back-active\" style=\"color:white;background-color:white;\"><a href=\"https:\/\/contank.com\/fr\/projets-de-solidarite\/\">Projects de Solidarite<\/a><\/span><\/p>\n<p>[\/vc_hoverbox]<div class=\"gap et-clearfix \" style=\"height:32px\"><\/div>[vc_hoverbox image=\u00a0\u00bb14373&Prime; primary_title=\u00a0\u00bbFiscalit\u00e9 Responsable\u00a0\u00bb hover_title=\u00a0\u00bbFiscalit\u00e9 Responsable\u00a0\u00bb shape=\u00a0\u00bbsquare\u00a0\u00bb hover_background_color=\u00a0\u00bbcustom\u00a0\u00bb hover_custom_background=\u00a0\u00bb#f9ce22&Prime; el_class=\u00a0\u00bbcuadrado\u00a0\u00bb]Gestion responsable de notre fiscalit\u00e9, en appliquant de bonnes pratiques fiscales et avec transparence.[\/vc_hoverbox][\/vc_column][vc_column width=\u00a0\u00bb1\/3&Prime;][vc_hoverbox image=\u00a0\u00bb14351&Prime; primary_title=\u00a0\u00bb\u00c9conomie Circulaire\u00a0\u00bb hover_title=\u00a0\u00bb\u00c9conomie Circulaire\u00a0\u00bb shape=\u00a0\u00bbsquare\u00a0\u00bb hover_background_color=\u00a0\u00bbcustom\u00a0\u00bb hover_custom_background=\u00a0\u00bb#f9ce22&Prime; el_class=\u00a0\u00bbcuadrado\u00a0\u00bb]R\u00e9duction au minimum des\u00a0<strong>d\u00e9chets<\/strong>.\u00a0Lorsqu&rsquo;un produit arrive \u00e0 la fin de sa dur\u00e9e de vie utile, ses mat\u00e9riaux sont maintenus dans l&rsquo;\u00e9conomie lorsque cela est possible,\u00a0<strong>en cr\u00e9ant ainsi plus de valeur<\/strong>.[\/vc_hoverbox]<div class=\"gap et-clearfix \" style=\"height:32px\"><\/div>[vc_hoverbox image=\u00a0\u00bb14365&Prime; primary_title=\u00a0\u00bb\u00c9thique et Transparence\u00a0\u00bb hover_title=\u00a0\u00bb\u00c9thique et Transparence\u00a0\u00bb shape=\u00a0\u00bbsquare\u00a0\u00bb hover_background_color=\u00a0\u00bbcustom\u00a0\u00bb hover_custom_background=\u00a0\u00bb#f9ce22&Prime; el_class=\u00a0\u00bbcuadrado\u00a0\u00bb]Nous r\u00e9alisons nos activit\u00e9s de mani\u00e8re \u00e9thique et responsable. Nous apportons de la valeur \u00e0 la soci\u00e9t\u00e9 avec nos petites grandes actions.[\/vc_hoverbox]<div class=\"gap et-clearfix \" style=\"height:32px\"><\/div>[vc_hoverbox image=\u00a0\u00bb14375&Prime; primary_title=\u00a0\u00bbCommunaut\u00e9s\u00a0\u00bb hover_title=\u00a0\u00bbCommunaut\u00e9s\u00a0\u00bb shape=\u00a0\u00bbsquare\u00a0\u00bb hover_background_color=\u00a0\u00bbcustom\u00a0\u00bb hover_custom_background=\u00a0\u00bb#f9ce22&Prime; el_class=\u00a0\u00bbcuadrado\u00a0\u00bb]Nous \u00e9tablissons des relations solides avec les communaut\u00e9s et mairies avec lesquelles nous interagissons. Nous nous fondons sur le respect, le dialogue et la confiance. \u00a0<span class=\"et-highlight back-active\" style=\"color:white;background-color:white;\"><a href=\"https:\/\/contank.com\/fr\/projets-de-solidarite\/\">Projects de Solidarite<\/a><\/span>[\/vc_hoverbox][\/vc_column][\/vc_row][vc_row][vc_column width=\u00a0\u00bb1\/2&Prime;]<div class=\"gap et-clearfix \" style=\"height:32px\"><\/div>[vc_single_image image=\u00a0\u00bb14438&Prime; img_size=\u00a0\u00bb\u00a0\u00bb onclick=\u00a0\u00bbcustom_link\u00a0\u00bb link=\u00a0\u00bb\/wp-content\/uploads\/2021\/05\/RESPONSIBLE-CARE-CERTIFICATE.pdf\u00a0\u00bb][\/vc_column][vc_column width=\u00a0\u00bb1\/2&Prime;]<div class=\"gap et-clearfix \" style=\"height:32px\"><\/div>[vc_column_text]<strong>Responsible Care\u00ae<\/strong>\u00a0est l&rsquo;initiative volontaire de l&rsquo;industrie chimique mondiale qui, au-del\u00e0 du respect des dispositions l\u00e9gislatives et r\u00e9glementaires, engage les entreprises, les associations nationales de l&rsquo;industrie chimique et leurs partenaires \u00e0 am\u00e9liorer en permanence la connaissance et les performances en mati\u00e8re environnementale, de sant\u00e9, de s\u00e9curit\u00e9 et de protection de nos technologies, processus et produits tout au long de leur cycle de vie.[\/vc_column_text][\/vc_column][\/vc_row]<\/p>\n<\/div>","protected":false},"excerpt":{"rendered":"<p>[vc_row][vc_column width=\u00a0\u00bb1\/2&Prime;][\/vc_column][vc_column width=\u00a0\u00bb1\/2&Prime;][vc_column_text]Chez Contank, nous avons la volont\u00e9 de cr\u00e9er de la valeur de mani\u00e8re durable \u00e0 travers ces diff\u00e9rents aspects :\u00a0changement climatique, environnement, fonctionnement s\u00fbr, personnes, \u00e9thique et transparence et innovation et technologie. De plus, nous soutenons l&rsquo;Agenda 2030 comme un ferme engagement en faveur du progr\u00e8s de la soci\u00e9t\u00e9.[\/vc_column_text][\/vc_column][\/vc_row][vc_row full_width=\u00a0\u00bbstretch_row\u00a0\u00bb css=\u00a0\u00bb.vc_custom_1532095330581{padding-top: 72px !important;padding-bottom: [&hellip;]<\/p>\n","protected":false},"author":1,"featured_media":0,"parent":0,"menu_order":0,"comment_status":"closed","ping_status":"closed","template":"page-vc.php","meta":{"footnotes":""},"class_list":["post-15035","page","type-page","status-publish","hentry"],"yoast_head":"<!-- This site is optimized with the Yoast SEO plugin v27.4 - https:\/\/yoast.com\/product\/yoast-seo-wordpress\/ -->\n<title>Durabilit\u00e9 - Contank - Transporte ADR de l\u00edquidos intermodal<\/title>\n<meta name=\"robots\" content=\"index, follow, max-snippet:-1, max-image-preview:large, max-video-preview:-1\" \/>\n<link rel=\"canonical\" href=\"https:\/\/contank.com\/fr\/durabilite\/\" \/>\n<meta property=\"og:locale\" content=\"fr_FR\" \/>\n<meta property=\"og:type\" content=\"article\" \/>\n<meta property=\"og:title\" content=\"Durabilit\u00e9 - Contank - Transporte ADR de l\u00edquidos intermodal\" \/>\n<meta property=\"og:description\" content=\"[vc_row][vc_column width=\u00a0\u00bb1\/2&Prime;][\/vc_column][vc_column width=\u00a0\u00bb1\/2&Prime;][vc_column_text]Chez Contank, nous avons la volont\u00e9 de cr\u00e9er de la valeur de mani\u00e8re durable \u00e0 travers ces diff\u00e9rents aspects :\u00a0changement climatique, environnement, fonctionnement s\u00fbr, personnes, \u00e9thique et transparence et innovation et technologie. De plus, nous soutenons l&rsquo;Agenda 2030 comme un ferme engagement en faveur du progr\u00e8s de la soci\u00e9t\u00e9.[\/vc_column_text][\/vc_column][\/vc_row][vc_row full_width=\u00a0\u00bbstretch_row\u00a0\u00bb css=\u00a0\u00bb.vc_custom_1532095330581{padding-top: 72px !important;padding-bottom: [&hellip;]\" \/>\n<meta property=\"og:url\" content=\"https:\/\/contank.com\/fr\/durabilite\/\" \/>\n<meta property=\"og:site_name\" content=\"Contank - Transporte ADR de l\u00edquidos intermodal\" \/>\n<meta property=\"article:modified_time\" content=\"2021-12-03T10:52:39+00:00\" \/>\n<meta name=\"twitter:card\" content=\"summary_large_image\" \/>\n<meta name=\"twitter:site\" content=\"@ContankSA\" \/>\n<meta name=\"twitter:label1\" content=\"Dur\u00e9e de lecture estim\u00e9e\" \/>\n\t<meta name=\"twitter:data1\" content=\"3 minutes\" \/>\n<script type=\"application\/ld+json\" class=\"yoast-schema-graph\">{\"@context\":\"https:\\\/\\\/schema.org\",\"@graph\":[{\"@type\":\"WebPage\",\"@id\":\"https:\\\/\\\/contank.com\\\/fr\\\/durabilite\\\/\",\"url\":\"https:\\\/\\\/contank.com\\\/fr\\\/durabilite\\\/\",\"name\":\"Durabilit\u00e9 - Contank - Transporte ADR de l\u00edquidos intermodal\",\"isPartOf\":{\"@id\":\"https:\\\/\\\/contank.com\\\/#website\"},\"datePublished\":\"2021-05-21T10:18:36+00:00\",\"dateModified\":\"2021-12-03T10:52:39+00:00\",\"breadcrumb\":{\"@id\":\"https:\\\/\\\/contank.com\\\/fr\\\/durabilite\\\/#breadcrumb\"},\"inLanguage\":\"fr-FR\",\"potentialAction\":[{\"@type\":\"ReadAction\",\"target\":[\"https:\\\/\\\/contank.com\\\/fr\\\/durabilite\\\/\"]}]},{\"@type\":\"BreadcrumbList\",\"@id\":\"https:\\\/\\\/contank.com\\\/fr\\\/durabilite\\\/#breadcrumb\",\"itemListElement\":[{\"@type\":\"ListItem\",\"position\":1,\"name\":\"Portada\",\"item\":\"https:\\\/\\\/contank.com\\\/fr\\\/\"},{\"@type\":\"ListItem\",\"position\":2,\"name\":\"Durabilit\u00e9\"}]},{\"@type\":\"WebSite\",\"@id\":\"https:\\\/\\\/contank.com\\\/#website\",\"url\":\"https:\\\/\\\/contank.com\\\/\",\"name\":\"Contank - Transporte ADR Intermodal\",\"description\":\"Especialistas en Transporte ADR de L\u00edquidos en contenedores\",\"publisher\":{\"@id\":\"https:\\\/\\\/contank.com\\\/#organization\"},\"potentialAction\":[{\"@type\":\"SearchAction\",\"target\":{\"@type\":\"EntryPoint\",\"urlTemplate\":\"https:\\\/\\\/contank.com\\\/?s={search_term_string}\"},\"query-input\":{\"@type\":\"PropertyValueSpecification\",\"valueRequired\":true,\"valueName\":\"search_term_string\"}}],\"inLanguage\":\"fr-FR\"},{\"@type\":\"Organization\",\"@id\":\"https:\\\/\\\/contank.com\\\/#organization\",\"name\":\"Contank\",\"url\":\"https:\\\/\\\/contank.com\\\/\",\"logo\":{\"@type\":\"ImageObject\",\"inLanguage\":\"fr-FR\",\"@id\":\"https:\\\/\\\/contank.com\\\/#\\\/schema\\\/logo\\\/image\\\/\",\"url\":\"https:\\\/\\\/contank.com\\\/wp-content\\\/uploads\\\/2021\\\/05\\\/ck1.png\",\"contentUrl\":\"https:\\\/\\\/contank.com\\\/wp-content\\\/uploads\\\/2021\\\/05\\\/ck1.png\",\"width\":130,\"height\":72,\"caption\":\"Contank\"},\"image\":{\"@id\":\"https:\\\/\\\/contank.com\\\/#\\\/schema\\\/logo\\\/image\\\/\"},\"sameAs\":[\"https:\\\/\\\/x.com\\\/ContankSA\",\"https:\\\/\\\/www.instagram.com\\\/contank\\\/\",\"https:\\\/\\\/www.linkedin.com\\\/company\\\/11075598\\\/\"]}]}<\/script>\n<!-- \/ Yoast SEO plugin. -->","yoast_head_json":{"title":"Durabilit\u00e9 - Contank - Transporte ADR de l\u00edquidos intermodal","robots":{"index":"index","follow":"follow","max-snippet":"max-snippet:-1","max-image-preview":"max-image-preview:large","max-video-preview":"max-video-preview:-1"},"canonical":"https:\/\/contank.com\/fr\/durabilite\/","og_locale":"fr_FR","og_type":"article","og_title":"Durabilit\u00e9 - Contank - Transporte ADR de l\u00edquidos intermodal","og_description":"[vc_row][vc_column width=\u00a0\u00bb1\/2&Prime;][\/vc_column][vc_column width=\u00a0\u00bb1\/2&Prime;][vc_column_text]Chez Contank, nous avons la volont\u00e9 de cr\u00e9er de la valeur de mani\u00e8re durable \u00e0 travers ces diff\u00e9rents aspects :\u00a0changement climatique, environnement, fonctionnement s\u00fbr, personnes, \u00e9thique et transparence et innovation et technologie. De plus, nous soutenons l&rsquo;Agenda 2030 comme un ferme engagement en faveur du progr\u00e8s de la soci\u00e9t\u00e9.[\/vc_column_text][\/vc_column][\/vc_row][vc_row full_width=\u00a0\u00bbstretch_row\u00a0\u00bb css=\u00a0\u00bb.vc_custom_1532095330581{padding-top: 72px !important;padding-bottom: [&hellip;]","og_url":"https:\/\/contank.com\/fr\/durabilite\/","og_site_name":"Contank - Transporte ADR de l\u00edquidos intermodal","article_modified_time":"2021-12-03T10:52:39+00:00","twitter_card":"summary_large_image","twitter_site":"@ContankSA","twitter_misc":{"Dur\u00e9e de lecture estim\u00e9e":"3 minutes"},"schema":{"@context":"https:\/\/schema.org","@graph":[{"@type":"WebPage","@id":"https:\/\/contank.com\/fr\/durabilite\/","url":"https:\/\/contank.com\/fr\/durabilite\/","name":"Durabilit\u00e9 - Contank - Transporte ADR de l\u00edquidos intermodal","isPartOf":{"@id":"https:\/\/contank.com\/#website"},"datePublished":"2021-05-21T10:18:36+00:00","dateModified":"2021-12-03T10:52:39+00:00","breadcrumb":{"@id":"https:\/\/contank.com\/fr\/durabilite\/#breadcrumb"},"inLanguage":"fr-FR","potentialAction":[{"@type":"ReadAction","target":["https:\/\/contank.com\/fr\/durabilite\/"]}]},{"@type":"BreadcrumbList","@id":"https:\/\/contank.com\/fr\/durabilite\/#breadcrumb","itemListElement":[{"@type":"ListItem","position":1,"name":"Portada","item":"https:\/\/contank.com\/fr\/"},{"@type":"ListItem","position":2,"name":"Durabilit\u00e9"}]},{"@type":"WebSite","@id":"https:\/\/contank.com\/#website","url":"https:\/\/contank.com\/","name":"Contank - Transporte ADR Intermodal","description":"Especialistas en Transporte ADR de L\u00edquidos en contenedores","publisher":{"@id":"https:\/\/contank.com\/#organization"},"potentialAction":[{"@type":"SearchAction","target":{"@type":"EntryPoint","urlTemplate":"https:\/\/contank.com\/?s={search_term_string}"},"query-input":{"@type":"PropertyValueSpecification","valueRequired":true,"valueName":"search_term_string"}}],"inLanguage":"fr-FR"},{"@type":"Organization","@id":"https:\/\/contank.com\/#organization","name":"Contank","url":"https:\/\/contank.com\/","logo":{"@type":"ImageObject","inLanguage":"fr-FR","@id":"https:\/\/contank.com\/#\/schema\/logo\/image\/","url":"https:\/\/contank.com\/wp-content\/uploads\/2021\/05\/ck1.png","contentUrl":"https:\/\/contank.com\/wp-content\/uploads\/2021\/05\/ck1.png","width":130,"height":72,"caption":"Contank"},"image":{"@id":"https:\/\/contank.com\/#\/schema\/logo\/image\/"},"sameAs":["https:\/\/x.com\/ContankSA","https:\/\/www.instagram.com\/contank\/","https:\/\/www.linkedin.com\/company\/11075598\/"]}]}},"_links":{"self":[{"href":"https:\/\/contank.com\/fr\/wp-json\/wp\/v2\/pages\/15035","targetHints":{"allow":["GET"]}}],"collection":[{"href":"https:\/\/contank.com\/fr\/wp-json\/wp\/v2\/pages"}],"about":[{"href":"https:\/\/contank.com\/fr\/wp-json\/wp\/v2\/types\/page"}],"author":[{"embeddable":true,"href":"https:\/\/contank.com\/fr\/wp-json\/wp\/v2\/users\/1"}],"replies":[{"embeddable":true,"href":"https:\/\/contank.com\/fr\/wp-json\/wp\/v2\/comments?post=15035"}],"version-history":[{"count":3,"href":"https:\/\/contank.com\/fr\/wp-json\/wp\/v2\/pages\/15035\/revisions"}],"predecessor-version":[{"id":16670,"href":"https:\/\/contank.com\/fr\/wp-json\/wp\/v2\/pages\/15035\/revisions\/16670"}],"wp:attachment":[{"href":"https:\/\/contank.com\/fr\/wp-json\/wp\/v2\/media?parent=15035"}],"curies":[{"name":"wp","href":"https:\/\/api.w.org\/{rel}","templated":true}]}}