{"id":15013,"date":"2018-06-14T09:32:25","date_gmt":"2018-06-14T09:32:25","guid":{"rendered":"https:\/\/contank.com\/nosotros\/"},"modified":"2021-08-23T10:43:50","modified_gmt":"2021-08-23T10:43:50","slug":"nous","status":"publish","type":"page","link":"https:\/\/contank.com\/fr\/nous\/","title":{"rendered":"A propos de nous"},"content":{"rendered":"<div class=\"wpb-content-wrapper\"><p>[vc_row css=\u00a0\u00bb.vc_custom_1531321123594{padding-top: 72px !important;padding-bottom: 72px !important;}\u00a0\u00bb][vc_column][vc_row_inner][vc_column_inner width=\u00a0\u00bb1\/6&Prime;][\/vc_column_inner][vc_column_inner el_class=\u00a0\u00bbtext-align-center\u00a0\u00bb width=\u00a0\u00bb2\/3&Prime;]<h3 id=\"et-animated-title-1\" class=\"et-animated-title et-clearfix  words-direct\" data-mobile-font=\"32px\" data-tablet-font=\"inherit\" data-delay=\"100\" style=\"font-size:48px;font-weight:700;line-height:56px;color:#212121;\"><span class=\"text-wrapper\"><span class=\"text\">Une histoire avec une vision de l&rsquo;avenir<\/span><\/span><\/h3><div class=\"gap et-clearfix \" style=\"height:32px\"><\/div><div class=\"et-simple-braket-block-wrapper\"><style>#et-simple-braket-block-1 .braket-text {font-weight:400;}#et-simple-braket-block-1 .braket > div  {background-color:#ffcb3f;}<\/style><div id=\"et-simple-braket-block-1\" class=\"et-simple-braket-block \"><div class=\"braket\"><div><\/div><div><\/div><div><\/div><\/div><div class=\"braket-text\" data-mobile-font=\"inherit\" data-tablet-font=\"32px\">L&#039;histoire de Contank s&#039;est caract\u00e9ris\u00e9e par des d\u00e9cisions \u00e0 long terme. C&#039;est l&#039;histoire d&#039;une entreprise dynamique \u00e0 l&#039;orientation internationale et poss\u00e9dant une appr\u00e9ciation sans faille des besoins du client.<\/div><\/div><\/div>[\/vc_column_inner][vc_column_inner width=\u00a0\u00bb1\/6&Prime;][\/vc_column_inner][\/vc_row_inner]<div class=\"et-timeline-wrapper\"><div id=\"et-timeline-1\" class=\"et-timeline et-clearfix\"><div class=\"et-timeline-item et-clearfix\"><h5 class=\"timeline-item-title\">1989<\/h5><span class=\"timeline-item-icon fa fa-map-marker-alt\"><\/span><div id=\"1989-1\" class=\"timeline-item-content et-clearfix\">[vc_custom_heading text=\u00a0\u00bbCr\u00e9ation\u00a0\u00bb font_container=\u00a0\u00bbtag:h5|text_align:left\u00a0\u00bb use_theme_fonts=\u00a0\u00bbyes\u00a0\u00bb][vc_column_text]Jos\u00e9 Antonio Lago cr\u00e9e la soci\u00e9t\u00e9.[\/vc_column_text]<\/div><\/div><div class=\"et-timeline-item et-clearfix\"><h5 class=\"timeline-item-title\">1994<\/h5><span class=\"timeline-item-icon fa fa-map-marker-alt\"><\/span><div id=\"1994-2\" class=\"timeline-item-content et-clearfix\">[vc_custom_heading text=\u00a0\u00bbNouveaux Bureaux\u00a0\u00bb font_container=\u00a0\u00bbtag:h5|text_align:left\u00a0\u00bb use_theme_fonts=\u00a0\u00bbyes\u00a0\u00bb][vc_column_text]Bureaux Principaux dans le b\u00e2timent Col\u00f3n de Barcelone.[\/vc_column_text]<\/div><\/div><div class=\"et-timeline-item et-clearfix\"><h5 class=\"timeline-item-title\">1997<\/h5><span class=\"timeline-item-icon fa fa-map-marker-alt\"><\/span><div id=\"1997-3\" class=\"timeline-item-content et-clearfix\">[vc_custom_heading text=\u00a0\u00bb100 Conteneurs\u00a0\u00bb font_container=\u00a0\u00bbtag:h5|text_align:left\u00a0\u00bb use_theme_fonts=\u00a0\u00bbyes\u00a0\u00bb][vc_column_text]Notre flotte atteint les 100 conteneurs.[\/vc_column_text]<\/div><\/div><div class=\"et-timeline-item et-clearfix\"><h5 class=\"timeline-item-title\">2002<\/h5><span class=\"timeline-item-icon fa fa-map-marker-alt\"><\/span><div id=\"2002-4\" class=\"timeline-item-content et-clearfix\">[vc_custom_heading text=\u00a0\u00bbNouvelle Base Logistique\u00a0\u00bb font_container=\u00a0\u00bbtag:h5|text_align:left\u00a0\u00bb use_theme_fonts=\u00a0\u00bbyes\u00a0\u00bb][vc_column_text]Achat de 30 000 m<sup>2<\/sup> de terrain \u00e0 Castellbisbal (Barcelone).[\/vc_column_text]<\/div><\/div><div class=\"et-timeline-item et-clearfix\"><h5 class=\"timeline-item-title\">2005<\/h5><span class=\"timeline-item-icon fa fa-map-marker-alt\"><\/span><div id=\"2005-5\" class=\"timeline-item-content et-clearfix\">[vc_custom_heading text=\u00a0\u00bbNouvelle Base Logistique\u00a0\u00bb font_container=\u00a0\u00bbtag:h5|text_align:left\u00a0\u00bb use_theme_fonts=\u00a0\u00bbyes\u00a0\u00bb][vc_column_text]Inauguration du nouveau complexe logistique \u00e0 Castellbisbal (Barcelone).[\/vc_column_text]<\/div><\/div><div class=\"et-timeline-item et-clearfix\"><h5 class=\"timeline-item-title\">2010<\/h5><span class=\"timeline-item-icon fa fa-map-marker-alt\"><\/span><div id=\"2010-6\" class=\"timeline-item-content et-clearfix\">[vc_custom_heading text=\u00a0\u00bb1000 Conteneurs\u00a0\u00bb font_container=\u00a0\u00bbtag:h5|text_align:left\u00a0\u00bb use_theme_fonts=\u00a0\u00bbyes\u00a0\u00bb][vc_column_text]Notre flotte atteint les 1000 conteneurs.[\/vc_column_text]<\/div><\/div><div class=\"et-timeline-item et-clearfix\"><h5 class=\"timeline-item-title\">2014<\/h5><span class=\"timeline-item-icon fa fa-map-marker-alt\"><\/span><div id=\"2014-7\" class=\"timeline-item-content et-clearfix\">[vc_custom_heading text=\u00a0\u00bbNouvelle Station de Lavage Alimentaire\u00a0\u00bb font_container=\u00a0\u00bbtag:h5|text_align:left\u00a0\u00bb use_theme_fonts=\u00a0\u00bbyes\u00a0\u00bb][vc_column_text]Nous inaugurons la nouvelle station de lavage certifi\u00e9e de citernes alimentaires. (Unique en Espagne)[\/vc_column_text]<\/div><\/div><div class=\"et-timeline-item et-clearfix\"><h5 class=\"timeline-item-title\">2015<\/h5><span class=\"timeline-item-icon fa fa-map-marker-alt\"><\/span><div id=\"2015-8\" class=\"timeline-item-content et-clearfix\">[vc_custom_heading text=\u00a0\u00bbNouveau CEO : Israel Lago\u00a0\u00bb font_container=\u00a0\u00bbtag:h5|text_align:left\u00a0\u00bb use_theme_fonts=\u00a0\u00bbyes\u00a0\u00bb][vc_column_text]Israel Lago est le nouveau CEO de Contank.[\/vc_column_text]<\/div><\/div><div class=\"et-timeline-item et-clearfix\"><h5 class=\"timeline-item-title\">2016<\/h5><span class=\"timeline-item-icon fa fa-map-marker-alt\"><\/span><div id=\"2016-9\" class=\"timeline-item-content et-clearfix\">[vc_custom_heading text=\u00a0\u00bbNouveaux Conteneurs Composite\u00a0\u00bb font_container=\u00a0\u00bbtag:h5|text_align:left\u00a0\u00bb use_theme_fonts=\u00a0\u00bbyes\u00a0\u00bb][vc_column_text]Nouveaux conteneurs fabriqu\u00e9s en composite, plus l\u00e9gers et poss\u00e9dant une plus grande capacit\u00e9 de chargement.[\/vc_column_text]<\/div><\/div><div class=\"et-timeline-item et-clearfix\"><h5 class=\"timeline-item-title\">2019<\/h5><span class=\"timeline-item-icon fa fa-map-marker-alt\"><\/span><div id=\"2019-10\" class=\"timeline-item-content et-clearfix\">[vc_custom_heading text=\u00a0\u00bb30\u00e8me Anniversaire de Contank\u00a0\u00bb font_container=\u00a0\u00bbtag:h5|text_align:left\u00a0\u00bb use_theme_fonts=\u00a0\u00bbyes\u00a0\u00bb][vc_column_text]On f\u00eate les 30 ans de la cr\u00e9ation de l&rsquo;entreprise.[\/vc_column_text]<\/div><\/div><div class=\"et-timeline-item et-clearfix\"><h5 class=\"timeline-item-title\">2021<\/h5><span class=\"timeline-item-icon fa fa-map-marker-alt\"><\/span><div id=\"2021-11\" class=\"timeline-item-content et-clearfix\">[vc_custom_heading text=\u00a0\u00bb1500 Conteneurs\u00a0\u00bb font_container=\u00a0\u00bbtag:h5|text_align:left\u00a0\u00bb use_theme_fonts=\u00a0\u00bbyes\u00a0\u00bb][vc_column_text]Notre flotte atteint les 1500 conteneurs.[\/vc_column_text]<\/div><\/div><\/div><\/div>[vc_column_text css_animation=\u00a0\u00bbfadeInUp\u00a0\u00bb]<\/p>\n<h3 style=\"text-align: center;\">Vous nous accompagnez?<\/h3>\n<p>[\/vc_column_text][vc_single_image image=\u00a0\u00bb14181&Prime; img_size=\u00a0\u00bbfull\u00a0\u00bb alignment=\u00a0\u00bbcenter\u00a0\u00bb css_animation=\u00a0\u00bbbounceInUp\u00a0\u00bb][\/vc_column][\/vc_row][vc_row full_width=\u00a0\u00bbstretch_row\u00a0\u00bb content_placement=\u00a0\u00bbmiddle\u00a0\u00bb css=\u00a0\u00bb.vc_custom_1622026263322{background-image: url(https:\/\/contank.com\/wp-content\/uploads\/2018\/07\/globus_image_large_color_1.jpg?id=12703) !important;}\u00a0\u00bb][vc_column width=\u00a0\u00bb2\/3&Prime;][vc_custom_heading text=\u00a0\u00bbR\u00e9duisez votre empreinte carbone\u00a0\u00bb font_container=\u00a0\u00bbtag:h1|text_align:left|color:%23ffffff\u00a0\u00bb use_theme_fonts=\u00a0\u00bbyes\u00a0\u00bb mobile_font_size=\u00a0\u00bb32px\u00a0\u00bb][vc_column_text]<span style=\"color: #ffffff;\">R\u00e9duisez votre empreinte carbone en optant pour le transport le plus efficace et le plus respectueux de l&rsquo;environnement, le transport intermodal.<\/span>[\/vc_column_text][\/vc_column][vc_column width=\u00a0\u00bb1\/3&Prime;]<a target=\"_self\" href=\"\/fr\/contact\/\" id=\"et-button-1\" style=\"color:#ffffff;font-weight:800 !important;\" class=\"et-button   icon-position-left modal-false large hover-none false click-material\" data-color=\"#ffffff\" ><span style=\"\" class=\"hover\"><\/span><span style=\"\" class=\"regular\"><\/span><span style=\"background-color:#ffffff;\" class=\"et-ink\"><\/span><span class=\"text\">ON EN PARLE?<\/span><\/a>[\/vc_column][vc_column][\/vc_column][\/vc_row]<\/p>\n<\/div>","protected":false},"excerpt":{"rendered":"<p>[vc_row css=\u00a0\u00bb.vc_custom_1531321123594{padding-top: 72px !important;padding-bottom: 72px !important;}\u00a0\u00bb][vc_column][vc_row_inner][vc_column_inner width=\u00a0\u00bb1\/6&Prime;][\/vc_column_inner][vc_column_inner el_class=\u00a0\u00bbtext-align-center\u00a0\u00bb width=\u00a0\u00bb2\/3&Prime;][\/vc_column_inner][vc_column_inner width=\u00a0\u00bb1\/6&Prime;][\/vc_column_inner][\/vc_row_inner][vc_column_text css_animation=\u00a0\u00bbfadeInUp\u00a0\u00bb] Vous nous accompagnez? [\/vc_column_text][vc_single_image image=\u00a0\u00bb14181&Prime; img_size=\u00a0\u00bbfull\u00a0\u00bb alignment=\u00a0\u00bbcenter\u00a0\u00bb css_animation=\u00a0\u00bbbounceInUp\u00a0\u00bb][\/vc_column][\/vc_row][vc_row full_width=\u00a0\u00bbstretch_row\u00a0\u00bb content_placement=\u00a0\u00bbmiddle\u00a0\u00bb css=\u00a0\u00bb.vc_custom_1622026263322{background-image: url(https:\/\/contank.com\/wp-content\/uploads\/2018\/07\/globus_image_large_color_1.jpg?id=12703) !important;}\u00a0\u00bb][vc_column width=\u00a0\u00bb2\/3&Prime;][vc_custom_heading text=\u00a0\u00bbR\u00e9duisez votre empreinte carbone\u00a0\u00bb font_container=\u00a0\u00bbtag:h1|text_align:left|color:%23ffffff\u00a0\u00bb use_theme_fonts=\u00a0\u00bbyes\u00a0\u00bb mobile_font_size=\u00a0\u00bb32px\u00a0\u00bb][vc_column_text]R\u00e9duisez votre empreinte carbone en optant pour le transport le plus efficace et le plus respectueux de l&rsquo;environnement, le transport intermodal.[\/vc_column_text][\/vc_column][vc_column width=\u00a0\u00bb1\/3&Prime;][\/vc_column][vc_column][\/vc_column][\/vc_row]<\/p>\n","protected":false},"author":1,"featured_media":0,"parent":0,"menu_order":0,"comment_status":"closed","ping_status":"closed","template":"page-vc.php","meta":{"footnotes":""},"class_list":["post-15013","page","type-page","status-publish","hentry"],"yoast_head":"<!-- This site is optimized with the Yoast SEO plugin v27.4 - https:\/\/yoast.com\/product\/yoast-seo-wordpress\/ -->\n<title>A propos de nous - Contank - Transporte ADR de l\u00edquidos intermodal<\/title>\n<meta name=\"robots\" content=\"index, follow, max-snippet:-1, max-image-preview:large, max-video-preview:-1\" \/>\n<link rel=\"canonical\" href=\"https:\/\/contank.com\/fr\/nous\/\" \/>\n<meta property=\"og:locale\" content=\"fr_FR\" \/>\n<meta property=\"og:type\" content=\"article\" \/>\n<meta property=\"og:title\" content=\"A propos de nous - Contank - Transporte ADR de l\u00edquidos intermodal\" \/>\n<meta property=\"og:description\" content=\"[vc_row css=\u00a0\u00bb.vc_custom_1531321123594{padding-top: 72px !important;padding-bottom: 72px !important;}\u00a0\u00bb][vc_column][vc_row_inner][vc_column_inner width=\u00a0\u00bb1\/6&Prime;][\/vc_column_inner][vc_column_inner el_class=\u00a0\u00bbtext-align-center\u00a0\u00bb width=\u00a0\u00bb2\/3&Prime;][\/vc_column_inner][vc_column_inner width=\u00a0\u00bb1\/6&Prime;][\/vc_column_inner][\/vc_row_inner][vc_column_text css_animation=\u00a0\u00bbfadeInUp\u00a0\u00bb] Vous nous accompagnez? [\/vc_column_text][vc_single_image image=\u00a0\u00bb14181&Prime; img_size=\u00a0\u00bbfull\u00a0\u00bb alignment=\u00a0\u00bbcenter\u00a0\u00bb css_animation=\u00a0\u00bbbounceInUp\u00a0\u00bb][\/vc_column][\/vc_row][vc_row full_width=\u00a0\u00bbstretch_row\u00a0\u00bb content_placement=\u00a0\u00bbmiddle\u00a0\u00bb css=\u00a0\u00bb.vc_custom_1622026263322{background-image: url(https:\/\/contank.com\/wp-content\/uploads\/2018\/07\/globus_image_large_color_1.jpg?id=12703) !important;}\u00a0\u00bb][vc_column width=\u00a0\u00bb2\/3&Prime;][vc_custom_heading text=\u00a0\u00bbR\u00e9duisez votre empreinte carbone\u00a0\u00bb font_container=\u00a0\u00bbtag:h1|text_align:left|color:%23ffffff\u00a0\u00bb use_theme_fonts=\u00a0\u00bbyes\u00a0\u00bb mobile_font_size=\u00a0\u00bb32px\u00a0\u00bb][vc_column_text]R\u00e9duisez votre empreinte carbone en optant pour le transport le plus efficace et le plus respectueux de l&rsquo;environnement, le transport intermodal.[\/vc_column_text][\/vc_column][vc_column width=\u00a0\u00bb1\/3&Prime;][\/vc_column][vc_column][\/vc_column][\/vc_row]\" \/>\n<meta property=\"og:url\" content=\"https:\/\/contank.com\/fr\/nous\/\" \/>\n<meta property=\"og:site_name\" content=\"Contank - Transporte ADR de l\u00edquidos intermodal\" \/>\n<meta property=\"article:modified_time\" content=\"2021-08-23T10:43:50+00:00\" \/>\n<meta name=\"twitter:card\" content=\"summary_large_image\" \/>\n<meta name=\"twitter:site\" content=\"@ContankSA\" \/>\n<meta name=\"twitter:label1\" content=\"Dur\u00e9e de lecture estim\u00e9e\" \/>\n\t<meta name=\"twitter:data1\" content=\"4 minutes\" \/>\n<script type=\"application\/ld+json\" class=\"yoast-schema-graph\">{\"@context\":\"https:\\\/\\\/schema.org\",\"@graph\":[{\"@type\":\"WebPage\",\"@id\":\"https:\\\/\\\/contank.com\\\/fr\\\/nous\\\/\",\"url\":\"https:\\\/\\\/contank.com\\\/fr\\\/nous\\\/\",\"name\":\"A propos de nous - Contank - Transporte ADR de l\u00edquidos intermodal\",\"isPartOf\":{\"@id\":\"https:\\\/\\\/contank.com\\\/#website\"},\"datePublished\":\"2018-06-14T09:32:25+00:00\",\"dateModified\":\"2021-08-23T10:43:50+00:00\",\"breadcrumb\":{\"@id\":\"https:\\\/\\\/contank.com\\\/fr\\\/nous\\\/#breadcrumb\"},\"inLanguage\":\"fr-FR\",\"potentialAction\":[{\"@type\":\"ReadAction\",\"target\":[\"https:\\\/\\\/contank.com\\\/fr\\\/nous\\\/\"]}]},{\"@type\":\"BreadcrumbList\",\"@id\":\"https:\\\/\\\/contank.com\\\/fr\\\/nous\\\/#breadcrumb\",\"itemListElement\":[{\"@type\":\"ListItem\",\"position\":1,\"name\":\"Portada\",\"item\":\"https:\\\/\\\/contank.com\\\/fr\\\/\"},{\"@type\":\"ListItem\",\"position\":2,\"name\":\"A propos de nous\"}]},{\"@type\":\"WebSite\",\"@id\":\"https:\\\/\\\/contank.com\\\/#website\",\"url\":\"https:\\\/\\\/contank.com\\\/\",\"name\":\"Contank - Transporte ADR Intermodal\",\"description\":\"Especialistas en Transporte ADR de L\u00edquidos en contenedores\",\"publisher\":{\"@id\":\"https:\\\/\\\/contank.com\\\/#organization\"},\"potentialAction\":[{\"@type\":\"SearchAction\",\"target\":{\"@type\":\"EntryPoint\",\"urlTemplate\":\"https:\\\/\\\/contank.com\\\/?s={search_term_string}\"},\"query-input\":{\"@type\":\"PropertyValueSpecification\",\"valueRequired\":true,\"valueName\":\"search_term_string\"}}],\"inLanguage\":\"fr-FR\"},{\"@type\":\"Organization\",\"@id\":\"https:\\\/\\\/contank.com\\\/#organization\",\"name\":\"Contank\",\"url\":\"https:\\\/\\\/contank.com\\\/\",\"logo\":{\"@type\":\"ImageObject\",\"inLanguage\":\"fr-FR\",\"@id\":\"https:\\\/\\\/contank.com\\\/#\\\/schema\\\/logo\\\/image\\\/\",\"url\":\"https:\\\/\\\/contank.com\\\/wp-content\\\/uploads\\\/2021\\\/05\\\/ck1.png\",\"contentUrl\":\"https:\\\/\\\/contank.com\\\/wp-content\\\/uploads\\\/2021\\\/05\\\/ck1.png\",\"width\":130,\"height\":72,\"caption\":\"Contank\"},\"image\":{\"@id\":\"https:\\\/\\\/contank.com\\\/#\\\/schema\\\/logo\\\/image\\\/\"},\"sameAs\":[\"https:\\\/\\\/x.com\\\/ContankSA\",\"https:\\\/\\\/www.instagram.com\\\/contank\\\/\",\"https:\\\/\\\/www.linkedin.com\\\/company\\\/11075598\\\/\"]}]}<\/script>\n<!-- \/ Yoast SEO plugin. -->","yoast_head_json":{"title":"A propos de nous - Contank - Transporte ADR de l\u00edquidos intermodal","robots":{"index":"index","follow":"follow","max-snippet":"max-snippet:-1","max-image-preview":"max-image-preview:large","max-video-preview":"max-video-preview:-1"},"canonical":"https:\/\/contank.com\/fr\/nous\/","og_locale":"fr_FR","og_type":"article","og_title":"A propos de nous - Contank - Transporte ADR de l\u00edquidos intermodal","og_description":"[vc_row css=\u00a0\u00bb.vc_custom_1531321123594{padding-top: 72px !important;padding-bottom: 72px !important;}\u00a0\u00bb][vc_column][vc_row_inner][vc_column_inner width=\u00a0\u00bb1\/6&Prime;][\/vc_column_inner][vc_column_inner el_class=\u00a0\u00bbtext-align-center\u00a0\u00bb width=\u00a0\u00bb2\/3&Prime;][\/vc_column_inner][vc_column_inner width=\u00a0\u00bb1\/6&Prime;][\/vc_column_inner][\/vc_row_inner][vc_column_text css_animation=\u00a0\u00bbfadeInUp\u00a0\u00bb] Vous nous accompagnez? [\/vc_column_text][vc_single_image image=\u00a0\u00bb14181&Prime; img_size=\u00a0\u00bbfull\u00a0\u00bb alignment=\u00a0\u00bbcenter\u00a0\u00bb css_animation=\u00a0\u00bbbounceInUp\u00a0\u00bb][\/vc_column][\/vc_row][vc_row full_width=\u00a0\u00bbstretch_row\u00a0\u00bb content_placement=\u00a0\u00bbmiddle\u00a0\u00bb css=\u00a0\u00bb.vc_custom_1622026263322{background-image: url(https:\/\/contank.com\/wp-content\/uploads\/2018\/07\/globus_image_large_color_1.jpg?id=12703) !important;}\u00a0\u00bb][vc_column width=\u00a0\u00bb2\/3&Prime;][vc_custom_heading text=\u00a0\u00bbR\u00e9duisez votre empreinte carbone\u00a0\u00bb font_container=\u00a0\u00bbtag:h1|text_align:left|color:%23ffffff\u00a0\u00bb use_theme_fonts=\u00a0\u00bbyes\u00a0\u00bb mobile_font_size=\u00a0\u00bb32px\u00a0\u00bb][vc_column_text]R\u00e9duisez votre empreinte carbone en optant pour le transport le plus efficace et le plus respectueux de l&rsquo;environnement, le transport intermodal.[\/vc_column_text][\/vc_column][vc_column width=\u00a0\u00bb1\/3&Prime;][\/vc_column][vc_column][\/vc_column][\/vc_row]","og_url":"https:\/\/contank.com\/fr\/nous\/","og_site_name":"Contank - Transporte ADR de l\u00edquidos intermodal","article_modified_time":"2021-08-23T10:43:50+00:00","twitter_card":"summary_large_image","twitter_site":"@ContankSA","twitter_misc":{"Dur\u00e9e de lecture estim\u00e9e":"4 minutes"},"schema":{"@context":"https:\/\/schema.org","@graph":[{"@type":"WebPage","@id":"https:\/\/contank.com\/fr\/nous\/","url":"https:\/\/contank.com\/fr\/nous\/","name":"A propos de nous - Contank - Transporte ADR de l\u00edquidos intermodal","isPartOf":{"@id":"https:\/\/contank.com\/#website"},"datePublished":"2018-06-14T09:32:25+00:00","dateModified":"2021-08-23T10:43:50+00:00","breadcrumb":{"@id":"https:\/\/contank.com\/fr\/nous\/#breadcrumb"},"inLanguage":"fr-FR","potentialAction":[{"@type":"ReadAction","target":["https:\/\/contank.com\/fr\/nous\/"]}]},{"@type":"BreadcrumbList","@id":"https:\/\/contank.com\/fr\/nous\/#breadcrumb","itemListElement":[{"@type":"ListItem","position":1,"name":"Portada","item":"https:\/\/contank.com\/fr\/"},{"@type":"ListItem","position":2,"name":"A propos de nous"}]},{"@type":"WebSite","@id":"https:\/\/contank.com\/#website","url":"https:\/\/contank.com\/","name":"Contank - Transporte ADR Intermodal","description":"Especialistas en Transporte ADR de L\u00edquidos en contenedores","publisher":{"@id":"https:\/\/contank.com\/#organization"},"potentialAction":[{"@type":"SearchAction","target":{"@type":"EntryPoint","urlTemplate":"https:\/\/contank.com\/?s={search_term_string}"},"query-input":{"@type":"PropertyValueSpecification","valueRequired":true,"valueName":"search_term_string"}}],"inLanguage":"fr-FR"},{"@type":"Organization","@id":"https:\/\/contank.com\/#organization","name":"Contank","url":"https:\/\/contank.com\/","logo":{"@type":"ImageObject","inLanguage":"fr-FR","@id":"https:\/\/contank.com\/#\/schema\/logo\/image\/","url":"https:\/\/contank.com\/wp-content\/uploads\/2021\/05\/ck1.png","contentUrl":"https:\/\/contank.com\/wp-content\/uploads\/2021\/05\/ck1.png","width":130,"height":72,"caption":"Contank"},"image":{"@id":"https:\/\/contank.com\/#\/schema\/logo\/image\/"},"sameAs":["https:\/\/x.com\/ContankSA","https:\/\/www.instagram.com\/contank\/","https:\/\/www.linkedin.com\/company\/11075598\/"]}]}},"_links":{"self":[{"href":"https:\/\/contank.com\/fr\/wp-json\/wp\/v2\/pages\/15013","targetHints":{"allow":["GET"]}}],"collection":[{"href":"https:\/\/contank.com\/fr\/wp-json\/wp\/v2\/pages"}],"about":[{"href":"https:\/\/contank.com\/fr\/wp-json\/wp\/v2\/types\/page"}],"author":[{"embeddable":true,"href":"https:\/\/contank.com\/fr\/wp-json\/wp\/v2\/users\/1"}],"replies":[{"embeddable":true,"href":"https:\/\/contank.com\/fr\/wp-json\/wp\/v2\/comments?post=15013"}],"version-history":[{"count":4,"href":"https:\/\/contank.com\/fr\/wp-json\/wp\/v2\/pages\/15013\/revisions"}],"predecessor-version":[{"id":15436,"href":"https:\/\/contank.com\/fr\/wp-json\/wp\/v2\/pages\/15013\/revisions\/15436"}],"wp:attachment":[{"href":"https:\/\/contank.com\/fr\/wp-json\/wp\/v2\/media?parent=15013"}],"curies":[{"name":"wp","href":"https:\/\/api.w.org\/{rel}","templated":true}]}}