{"id":15003,"date":"2021-05-25T10:00:10","date_gmt":"2021-05-25T10:00:10","guid":{"rendered":"https:\/\/contank.com\/servicios-electronicos\/"},"modified":"2021-09-20T07:38:53","modified_gmt":"2021-09-20T07:38:53","slug":"e-services","status":"publish","type":"page","link":"https:\/\/contank.com\/fr\/e-services\/","title":{"rendered":"E-Services"},"content":{"rendered":"<div class=\"wpb-content-wrapper\"><p>[vc_row][vc_column width=\u00a0\u00bb1\/2&Prime;]<h1 id=\"et-animated-title-1\" class=\"et-animated-title et-clearfix  curtain curtain-left\" data-mobile-font=\"inherit\" data-tablet-font=\"inherit\" data-delay=\"0\" style=\"font-size:32px;font-weight:700;color:#212121;\"><span class=\"text-wrapper\"><span class=\"text\">Services num\u00e9riques<\/span><span class=\"curtain\" style=\"background-color:#ffcb3f;\"><\/span><\/span><\/h1><div class=\"et-braket-block-wrapper\"><style>#et-braket-block-1 .braket-title {font-weight:700;color:#212121;}#et-braket-block-1 .braket-sub-title {color:#9a9a9a;}#et-braket-block-1 .braket-button {color:#212121 !important;}#et-braket-block-1 .braket-button:hover {color:#ffffff !important;}#et-braket-block-1 .braket-button:before {box-shadow:inset 0 0 0 1px #212121;}#et-braket-block-1 .braket-button:after {background-color:#f9ce3e;}#et-braket-block-1 .braket > div:first-child,\r\n\t\t\t\t\t\t#et-braket-block-1 .braket > div:last-child,\r\n\t\t\t\t\t\t#et-braket-block-1 .braket > div:nth-child(2) > span  {background-color:#f9ce3e;}<\/style><div id=\"et-braket-block-1\" data-delay=\"0\" class=\"et-braket-block left \"><div class=\"braket-block-inner et-clearfix\"><div class=\"braket\"><div><\/div><div><span><\/span><\/div><div><\/div><\/div><div class=\"braket-block-content\"><h1 class=\"braket-title\" data-mobile-font=\"inherit\" data-tablet-font=\"inherit\">Ensemble sur les meilleures plateformes<\/h1><\/div><\/div><div class=\"braket-block-content text et-clearfix\"><\/div><\/div><\/div>[\/vc_column][vc_column width=\u00a0\u00bb1\/2&Prime;][vc_column_text]Nous travaillons avec les principales plateformes de Supply Chain du secteur. Cela permet d&rsquo;int\u00e9grer notre syst\u00e8me \u00e0 celui de nos clients de mani\u00e8re \u00e0 ce que les informations soient transmises en temps r\u00e9el et de r\u00e9duire les appels et l&rsquo;\u00e9change d&rsquo;e-mails.[\/vc_column_text][vc_single_image image=\u00a0\u00bb14458&Prime; img_size=\u00a0\u00bblarge\u00a0\u00bb][\/vc_column][\/vc_row][vc_row][vc_column width=\u00a0\u00bb1\/4&Prime;][vc_single_image image=\u00a0\u00bb14477&Prime;][\/vc_column][vc_column width=\u00a0\u00bb1\/4&Prime;][vc_single_image image=\u00a0\u00bb14465&Prime;][\/vc_column][vc_column width=\u00a0\u00bb1\/4&Prime;][vc_single_image image=\u00a0\u00bb14466&Prime;][\/vc_column][vc_column width=\u00a0\u00bb1\/4&Prime;][vc_single_image image=\u00a0\u00bb14479&Prime; css=\u00a0\u00bb.vc_custom_1621940233504{background-position: center !important;background-repeat: no-repeat !important;background-size: contain !important;}\u00a0\u00bb][\/vc_column][\/vc_row][vc_row][vc_column width=\u00a0\u00bb1\/4&Prime;][vc_single_image image=\u00a0\u00bb14480&Prime;][\/vc_column][vc_column width=\u00a0\u00bb1\/4&Prime;][vc_single_image image=\u00a0\u00bb14484&Prime;][\/vc_column][vc_column width=\u00a0\u00bb1\/4&Prime;][vc_single_image image=\u00a0\u00bb14486&Prime;][\/vc_column][vc_column width=\u00a0\u00bb1\/4&Prime;][vc_single_image image=\u00a0\u00bb14481&Prime; css=\u00a0\u00bb.vc_custom_1621940457739{background-position: center !important;background-repeat: no-repeat !important;background-size: contain !important;}\u00a0\u00bb][\/vc_column][\/vc_row][vc_row full_width=\u00a0\u00bbstretch_row\u00a0\u00bb gap=\u00a0\u00bb2&Prime; css=\u00a0\u00bb.vc_custom_1621941272707{background-color: #ffca3a !important;}\u00a0\u00bb][vc_column]<div class=\"gap et-clearfix \" style=\"height:12px\"><\/div>[\/vc_column][\/vc_row][vc_row][vc_column width=\u00a0\u00bb1\/2&Prime;]<div class=\"et-braket-block-wrapper\"><style>#et-braket-block-2 .braket-title {font-weight:700;color:#212121;}#et-braket-block-2 .braket-sub-title {color:#9a9a9a;}#et-braket-block-2 .braket-button {color:#212121 !important;}#et-braket-block-2 .braket-button:hover {color:#ffffff !important;}#et-braket-block-2 .braket-button:before {box-shadow:inset 0 0 0 1px #212121;}#et-braket-block-2 .braket-button:after {background-color:#fcd03f;}#et-braket-block-2 .braket > div:first-child,\r\n\t\t\t\t\t\t#et-braket-block-2 .braket > div:last-child,\r\n\t\t\t\t\t\t#et-braket-block-2 .braket > div:nth-child(2) > span  {background-color:#fcd03f;}<\/style><div id=\"et-braket-block-2\" data-delay=\"0\" class=\"et-braket-block left \"><div class=\"braket-block-inner et-clearfix\"><div class=\"braket\"><div><\/div><div><span><\/span><\/div><div><\/div><\/div><div class=\"braket-block-content\"><h1 class=\"braket-title\" data-mobile-font=\"inherit\" data-tablet-font=\"inherit\">Int\u00e9gration EDI<\/h1><\/div><\/div><div class=\"braket-block-content text et-clearfix\"><\/div><\/div><\/div>[\/vc_column][vc_column width=\u00a0\u00bb1\/2&Prime;][vc_column_text]Int\u00e9gration au moyen de fichiers \u00e9lectroniques\u00a0<strong>EDI \/ XML<\/strong>\u00a0directement entre Contank et votre entreprise.\u00a0 Rapide, S\u00fbre et Fiable.<\/p>\n<p><img loading=\"lazy\" decoding=\"async\" class=\"wp-image-14499 aligncenter\" style=\"text-align: right;\" src=\"https:\/\/contank.com\/wp-content\/uploads\/2021\/05\/edi-1-300x300.png\" alt=\"\" width=\"194\" height=\"194\" \/><\/p>\n<p>Gr\u00e2ce au syst\u00e8me d&rsquo;\u00e9change de fichiers, on garantit l&rsquo;envoi \/ r\u00e9ception des informations envoy\u00e9es, en \u00e9vitant les erreurs humaines dans tout le processus.[\/vc_column_text][\/vc_column][\/vc_row][vc_row full_width=\u00a0\u00bbstretch_row\u00a0\u00bb gap=\u00a0\u00bb2&Prime; css=\u00a0\u00bb.vc_custom_1621941272707{background-color: #ffca3a !important;}\u00a0\u00bb][vc_column]<div class=\"gap et-clearfix \" style=\"height:12px\"><\/div>[\/vc_column][\/vc_row][vc_row][vc_column width=\u00a0\u00bb1\/2&Prime;]<div class=\"et-braket-block-wrapper\"><style>#et-braket-block-3 .braket-title {font-weight:700;color:#212121;}#et-braket-block-3 .braket-sub-title {color:#9a9a9a;}#et-braket-block-3 .braket-button {color:#212121 !important;}#et-braket-block-3 .braket-button:hover {color:#ffffff !important;}#et-braket-block-3 .braket-button:before {box-shadow:inset 0 0 0 1px #212121;}#et-braket-block-3 .braket-button:after {background-color:#fcd03f;}#et-braket-block-3 .braket > div:first-child,\r\n\t\t\t\t\t\t#et-braket-block-3 .braket > div:last-child,\r\n\t\t\t\t\t\t#et-braket-block-3 .braket > div:nth-child(2) > span  {background-color:#fcd03f;}<\/style><div id=\"et-braket-block-3\" data-delay=\"0\" class=\"et-braket-block left \"><div class=\"braket-block-inner et-clearfix\"><div class=\"braket\"><div><\/div><div><span><\/span><\/div><div><\/div><\/div><div class=\"braket-block-content\"><h1 class=\"braket-title\" data-mobile-font=\"inherit\" data-tablet-font=\"inherit\">Contank Mobile APP<\/h1><\/div><\/div><div class=\"braket-block-content text et-clearfix\"><div class=\"et-clearfix braket-block-content-inner\"><p><a href=\"https:\/\/contankmobile.com\/\">Acc\u00e8s fournisseur (ContankMobile)<\/a><\/p>\n<p><a href=\"https:\/\/contank.com\/en\/customer-access\/\">Acc\u00e8s Client<\/a><\/div><\/div><\/div><\/div>[\/vc_column][vc_column width=\u00a0\u00bb1\/2&Prime;][vc_column_text]Tous nos chauffeurs et fournisseurs disposent d&rsquo;une APP d\u00e9velopp\u00e9e en interne sur laquelle ils suivent l&rsquo;\u00e9tat de leurs trajets <strong>en temps r\u00e9el<\/strong>.<\/p>\n<p><a href=\"https:\/\/play.google.com\/store\/apps\/details?id=com.contank.contankmobile\"><img loading=\"lazy\" decoding=\"async\" class=\"wp-image-14728 alignleft\" src=\"https:\/\/contank.com\/wp-content\/uploads\/2021\/05\/android-300x300.png\" alt=\"\" width=\"57\" height=\"57\" \/><\/a><\/p>\n<p><a href=\"https:\/\/apps.apple.com\/es\/app\/ck-safety-driving\/id1465713607\"><img loading=\"lazy\" decoding=\"async\" class=\"wp-image-14729 alignright\" src=\"https:\/\/contank.com\/wp-content\/uploads\/2021\/05\/ios-300x300.png\" alt=\"\" width=\"65\" height=\"65\" \/><\/a><\/p>\n<p>Gr\u00e2ce \u00e0 cette App, nous pouvons partager avec nos clients la<strong>\u00a0position GPS<\/strong>\u00a0et le <strong>temps estim\u00e9 de livraison<\/strong>\u00a0(ETA).[\/vc_column_text][\/vc_column][\/vc_row][vc_row][vc_column width=\u00a0\u00bb1\/3&Prime;][vc_single_image image=\u00a0\u00bb14733&Prime; img_size=\u00a0\u00bbmedium\u00a0\u00bb][\/vc_column][vc_column width=\u00a0\u00bb1\/3&Prime;][vc_single_image image=\u00a0\u00bb14735&Prime; img_size=\u00a0\u00bbmedium\u00a0\u00bb][\/vc_column][vc_column width=\u00a0\u00bb1\/3&Prime;][vc_single_image image=\u00a0\u00bb14737&Prime; img_size=\u00a0\u00bblarge\u00a0\u00bb][\/vc_column][\/vc_row]<\/p>\n<\/div>","protected":false},"excerpt":{"rendered":"<p>[vc_row][vc_column width=\u00a0\u00bb1\/2&Prime;][\/vc_column][vc_column width=\u00a0\u00bb1\/2&Prime;][vc_column_text]Nous travaillons avec les principales plateformes de Supply Chain du secteur. Cela permet d&rsquo;int\u00e9grer notre syst\u00e8me \u00e0 celui de nos clients de mani\u00e8re \u00e0 ce que les informations soient transmises en temps r\u00e9el et de r\u00e9duire les appels et l&rsquo;\u00e9change d&rsquo;e-mails.[\/vc_column_text][vc_single_image image=\u00a0\u00bb14458&Prime; img_size=\u00a0\u00bblarge\u00a0\u00bb][\/vc_column][\/vc_row][vc_row][vc_column width=\u00a0\u00bb1\/4&Prime;][vc_single_image image=\u00a0\u00bb14477&Prime;][\/vc_column][vc_column width=\u00a0\u00bb1\/4&Prime;][vc_single_image image=\u00a0\u00bb14465&Prime;][\/vc_column][vc_column width=\u00a0\u00bb1\/4&Prime;][vc_single_image image=\u00a0\u00bb14466&Prime;][\/vc_column][vc_column width=\u00a0\u00bb1\/4&Prime;][vc_single_image image=\u00a0\u00bb14479&Prime; css=\u00a0\u00bb.vc_custom_1621940233504{background-position: center [&hellip;]<\/p>\n","protected":false},"author":1,"featured_media":0,"parent":0,"menu_order":0,"comment_status":"closed","ping_status":"closed","template":"","meta":{"footnotes":""},"class_list":["post-15003","page","type-page","status-publish","hentry"],"yoast_head":"<!-- This site is optimized with the Yoast SEO plugin v27.3 - https:\/\/yoast.com\/product\/yoast-seo-wordpress\/ -->\n<title>E-Services - Contank - Transporte ADR de l\u00edquidos intermodal<\/title>\n<meta name=\"robots\" content=\"index, follow, max-snippet:-1, max-image-preview:large, max-video-preview:-1\" \/>\n<link rel=\"canonical\" href=\"https:\/\/contank.com\/fr\/e-services\/\" \/>\n<meta property=\"og:locale\" content=\"fr_FR\" \/>\n<meta property=\"og:type\" content=\"article\" \/>\n<meta property=\"og:title\" content=\"E-Services - Contank - Transporte ADR de l\u00edquidos intermodal\" \/>\n<meta property=\"og:description\" content=\"[vc_row][vc_column width=\u00a0\u00bb1\/2&Prime;][\/vc_column][vc_column width=\u00a0\u00bb1\/2&Prime;][vc_column_text]Nous travaillons avec les principales plateformes de Supply Chain du secteur. Cela permet d&rsquo;int\u00e9grer notre syst\u00e8me \u00e0 celui de nos clients de mani\u00e8re \u00e0 ce que les informations soient transmises en temps r\u00e9el et de r\u00e9duire les appels et l&rsquo;\u00e9change d&rsquo;e-mails.[\/vc_column_text][vc_single_image image=\u00a0\u00bb14458&Prime; img_size=\u00a0\u00bblarge\u00a0\u00bb][\/vc_column][\/vc_row][vc_row][vc_column width=\u00a0\u00bb1\/4&Prime;][vc_single_image image=\u00a0\u00bb14477&Prime;][\/vc_column][vc_column width=\u00a0\u00bb1\/4&Prime;][vc_single_image image=\u00a0\u00bb14465&Prime;][\/vc_column][vc_column width=\u00a0\u00bb1\/4&Prime;][vc_single_image image=\u00a0\u00bb14466&Prime;][\/vc_column][vc_column width=\u00a0\u00bb1\/4&Prime;][vc_single_image image=\u00a0\u00bb14479&Prime; css=\u00a0\u00bb.vc_custom_1621940233504{background-position: center [&hellip;]\" \/>\n<meta property=\"og:url\" content=\"https:\/\/contank.com\/fr\/e-services\/\" \/>\n<meta property=\"og:site_name\" content=\"Contank - Transporte ADR de l\u00edquidos intermodal\" \/>\n<meta property=\"article:modified_time\" content=\"2021-09-20T07:38:53+00:00\" \/>\n<meta property=\"og:image\" content=\"https:\/\/contank.com\/wp-content\/uploads\/2021\/05\/edi-1-300x300.png\" \/>\n<meta name=\"twitter:card\" content=\"summary_large_image\" \/>\n<meta name=\"twitter:site\" content=\"@ContankSA\" \/>\n<meta name=\"twitter:label1\" content=\"Dur\u00e9e de lecture estim\u00e9e\" \/>\n\t<meta name=\"twitter:data1\" content=\"2 minutes\" \/>\n<script type=\"application\/ld+json\" class=\"yoast-schema-graph\">{\"@context\":\"https:\\\/\\\/schema.org\",\"@graph\":[{\"@type\":\"WebPage\",\"@id\":\"https:\\\/\\\/contank.com\\\/fr\\\/e-services\\\/\",\"url\":\"https:\\\/\\\/contank.com\\\/fr\\\/e-services\\\/\",\"name\":\"E-Services - Contank - Transporte ADR de l\u00edquidos intermodal\",\"isPartOf\":{\"@id\":\"https:\\\/\\\/contank.com\\\/#website\"},\"primaryImageOfPage\":{\"@id\":\"https:\\\/\\\/contank.com\\\/fr\\\/e-services\\\/#primaryimage\"},\"image\":{\"@id\":\"https:\\\/\\\/contank.com\\\/fr\\\/e-services\\\/#primaryimage\"},\"thumbnailUrl\":\"https:\\\/\\\/contank.com\\\/wp-content\\\/uploads\\\/2021\\\/05\\\/edi-1-300x300.png\",\"datePublished\":\"2021-05-25T10:00:10+00:00\",\"dateModified\":\"2021-09-20T07:38:53+00:00\",\"breadcrumb\":{\"@id\":\"https:\\\/\\\/contank.com\\\/fr\\\/e-services\\\/#breadcrumb\"},\"inLanguage\":\"fr-FR\",\"potentialAction\":[{\"@type\":\"ReadAction\",\"target\":[\"https:\\\/\\\/contank.com\\\/fr\\\/e-services\\\/\"]}]},{\"@type\":\"ImageObject\",\"inLanguage\":\"fr-FR\",\"@id\":\"https:\\\/\\\/contank.com\\\/fr\\\/e-services\\\/#primaryimage\",\"url\":\"https:\\\/\\\/contank.com\\\/wp-content\\\/uploads\\\/2021\\\/05\\\/edi-1-300x300.png\",\"contentUrl\":\"https:\\\/\\\/contank.com\\\/wp-content\\\/uploads\\\/2021\\\/05\\\/edi-1-300x300.png\"},{\"@type\":\"BreadcrumbList\",\"@id\":\"https:\\\/\\\/contank.com\\\/fr\\\/e-services\\\/#breadcrumb\",\"itemListElement\":[{\"@type\":\"ListItem\",\"position\":1,\"name\":\"Portada\",\"item\":\"https:\\\/\\\/contank.com\\\/fr\\\/\"},{\"@type\":\"ListItem\",\"position\":2,\"name\":\"E-Services\"}]},{\"@type\":\"WebSite\",\"@id\":\"https:\\\/\\\/contank.com\\\/#website\",\"url\":\"https:\\\/\\\/contank.com\\\/\",\"name\":\"Contank - Transporte ADR Intermodal\",\"description\":\"Especialistas en Transporte ADR de L\u00edquidos en contenedores\",\"publisher\":{\"@id\":\"https:\\\/\\\/contank.com\\\/#organization\"},\"potentialAction\":[{\"@type\":\"SearchAction\",\"target\":{\"@type\":\"EntryPoint\",\"urlTemplate\":\"https:\\\/\\\/contank.com\\\/?s={search_term_string}\"},\"query-input\":{\"@type\":\"PropertyValueSpecification\",\"valueRequired\":true,\"valueName\":\"search_term_string\"}}],\"inLanguage\":\"fr-FR\"},{\"@type\":\"Organization\",\"@id\":\"https:\\\/\\\/contank.com\\\/#organization\",\"name\":\"Contank\",\"url\":\"https:\\\/\\\/contank.com\\\/\",\"logo\":{\"@type\":\"ImageObject\",\"inLanguage\":\"fr-FR\",\"@id\":\"https:\\\/\\\/contank.com\\\/#\\\/schema\\\/logo\\\/image\\\/\",\"url\":\"https:\\\/\\\/contank.com\\\/wp-content\\\/uploads\\\/2021\\\/05\\\/ck1.png\",\"contentUrl\":\"https:\\\/\\\/contank.com\\\/wp-content\\\/uploads\\\/2021\\\/05\\\/ck1.png\",\"width\":130,\"height\":72,\"caption\":\"Contank\"},\"image\":{\"@id\":\"https:\\\/\\\/contank.com\\\/#\\\/schema\\\/logo\\\/image\\\/\"},\"sameAs\":[\"https:\\\/\\\/x.com\\\/ContankSA\",\"https:\\\/\\\/www.instagram.com\\\/contank\\\/\",\"https:\\\/\\\/www.linkedin.com\\\/company\\\/11075598\\\/\"]}]}<\/script>\n<!-- \/ Yoast SEO plugin. -->","yoast_head_json":{"title":"E-Services - Contank - Transporte ADR de l\u00edquidos intermodal","robots":{"index":"index","follow":"follow","max-snippet":"max-snippet:-1","max-image-preview":"max-image-preview:large","max-video-preview":"max-video-preview:-1"},"canonical":"https:\/\/contank.com\/fr\/e-services\/","og_locale":"fr_FR","og_type":"article","og_title":"E-Services - Contank - Transporte ADR de l\u00edquidos intermodal","og_description":"[vc_row][vc_column width=\u00a0\u00bb1\/2&Prime;][\/vc_column][vc_column width=\u00a0\u00bb1\/2&Prime;][vc_column_text]Nous travaillons avec les principales plateformes de Supply Chain du secteur. Cela permet d&rsquo;int\u00e9grer notre syst\u00e8me \u00e0 celui de nos clients de mani\u00e8re \u00e0 ce que les informations soient transmises en temps r\u00e9el et de r\u00e9duire les appels et l&rsquo;\u00e9change d&rsquo;e-mails.[\/vc_column_text][vc_single_image image=\u00a0\u00bb14458&Prime; img_size=\u00a0\u00bblarge\u00a0\u00bb][\/vc_column][\/vc_row][vc_row][vc_column width=\u00a0\u00bb1\/4&Prime;][vc_single_image image=\u00a0\u00bb14477&Prime;][\/vc_column][vc_column width=\u00a0\u00bb1\/4&Prime;][vc_single_image image=\u00a0\u00bb14465&Prime;][\/vc_column][vc_column width=\u00a0\u00bb1\/4&Prime;][vc_single_image image=\u00a0\u00bb14466&Prime;][\/vc_column][vc_column width=\u00a0\u00bb1\/4&Prime;][vc_single_image image=\u00a0\u00bb14479&Prime; css=\u00a0\u00bb.vc_custom_1621940233504{background-position: center [&hellip;]","og_url":"https:\/\/contank.com\/fr\/e-services\/","og_site_name":"Contank - Transporte ADR de l\u00edquidos intermodal","article_modified_time":"2021-09-20T07:38:53+00:00","og_image":[{"url":"https:\/\/contank.com\/wp-content\/uploads\/2021\/05\/edi-1-300x300.png","type":"","width":"","height":""}],"twitter_card":"summary_large_image","twitter_site":"@ContankSA","twitter_misc":{"Dur\u00e9e de lecture estim\u00e9e":"2 minutes"},"schema":{"@context":"https:\/\/schema.org","@graph":[{"@type":"WebPage","@id":"https:\/\/contank.com\/fr\/e-services\/","url":"https:\/\/contank.com\/fr\/e-services\/","name":"E-Services - Contank - Transporte ADR de l\u00edquidos intermodal","isPartOf":{"@id":"https:\/\/contank.com\/#website"},"primaryImageOfPage":{"@id":"https:\/\/contank.com\/fr\/e-services\/#primaryimage"},"image":{"@id":"https:\/\/contank.com\/fr\/e-services\/#primaryimage"},"thumbnailUrl":"https:\/\/contank.com\/wp-content\/uploads\/2021\/05\/edi-1-300x300.png","datePublished":"2021-05-25T10:00:10+00:00","dateModified":"2021-09-20T07:38:53+00:00","breadcrumb":{"@id":"https:\/\/contank.com\/fr\/e-services\/#breadcrumb"},"inLanguage":"fr-FR","potentialAction":[{"@type":"ReadAction","target":["https:\/\/contank.com\/fr\/e-services\/"]}]},{"@type":"ImageObject","inLanguage":"fr-FR","@id":"https:\/\/contank.com\/fr\/e-services\/#primaryimage","url":"https:\/\/contank.com\/wp-content\/uploads\/2021\/05\/edi-1-300x300.png","contentUrl":"https:\/\/contank.com\/wp-content\/uploads\/2021\/05\/edi-1-300x300.png"},{"@type":"BreadcrumbList","@id":"https:\/\/contank.com\/fr\/e-services\/#breadcrumb","itemListElement":[{"@type":"ListItem","position":1,"name":"Portada","item":"https:\/\/contank.com\/fr\/"},{"@type":"ListItem","position":2,"name":"E-Services"}]},{"@type":"WebSite","@id":"https:\/\/contank.com\/#website","url":"https:\/\/contank.com\/","name":"Contank - Transporte ADR Intermodal","description":"Especialistas en Transporte ADR de L\u00edquidos en contenedores","publisher":{"@id":"https:\/\/contank.com\/#organization"},"potentialAction":[{"@type":"SearchAction","target":{"@type":"EntryPoint","urlTemplate":"https:\/\/contank.com\/?s={search_term_string}"},"query-input":{"@type":"PropertyValueSpecification","valueRequired":true,"valueName":"search_term_string"}}],"inLanguage":"fr-FR"},{"@type":"Organization","@id":"https:\/\/contank.com\/#organization","name":"Contank","url":"https:\/\/contank.com\/","logo":{"@type":"ImageObject","inLanguage":"fr-FR","@id":"https:\/\/contank.com\/#\/schema\/logo\/image\/","url":"https:\/\/contank.com\/wp-content\/uploads\/2021\/05\/ck1.png","contentUrl":"https:\/\/contank.com\/wp-content\/uploads\/2021\/05\/ck1.png","width":130,"height":72,"caption":"Contank"},"image":{"@id":"https:\/\/contank.com\/#\/schema\/logo\/image\/"},"sameAs":["https:\/\/x.com\/ContankSA","https:\/\/www.instagram.com\/contank\/","https:\/\/www.linkedin.com\/company\/11075598\/"]}]}},"_links":{"self":[{"href":"https:\/\/contank.com\/fr\/wp-json\/wp\/v2\/pages\/15003","targetHints":{"allow":["GET"]}}],"collection":[{"href":"https:\/\/contank.com\/fr\/wp-json\/wp\/v2\/pages"}],"about":[{"href":"https:\/\/contank.com\/fr\/wp-json\/wp\/v2\/types\/page"}],"author":[{"embeddable":true,"href":"https:\/\/contank.com\/fr\/wp-json\/wp\/v2\/users\/1"}],"replies":[{"embeddable":true,"href":"https:\/\/contank.com\/fr\/wp-json\/wp\/v2\/comments?post=15003"}],"version-history":[{"count":3,"href":"https:\/\/contank.com\/fr\/wp-json\/wp\/v2\/pages\/15003\/revisions"}],"predecessor-version":[{"id":16587,"href":"https:\/\/contank.com\/fr\/wp-json\/wp\/v2\/pages\/15003\/revisions\/16587"}],"wp:attachment":[{"href":"https:\/\/contank.com\/fr\/wp-json\/wp\/v2\/media?parent=15003"}],"curies":[{"name":"wp","href":"https:\/\/api.w.org\/{rel}","templated":true}]}}