{"id":14991,"date":"2021-05-26T07:57:43","date_gmt":"2021-05-26T07:57:43","guid":{"rendered":"https:\/\/contank.com\/equipamiento\/"},"modified":"2021-08-23T10:43:22","modified_gmt":"2021-08-23T10:43:22","slug":"equipement","status":"publish","type":"page","link":"https:\/\/contank.com\/fr\/equipement\/","title":{"rendered":"\u00c9quipement"},"content":{"rendered":"<div class=\"wpb-content-wrapper\"><p>[vc_row][vc_column][\/vc_column][\/vc_row][vc_row][vc_column width=\u00a0\u00bb1\/2&Prime;]<div class=\"et-braket-block-wrapper\"><style>#et-braket-block-1 .braket-title {font-weight:700;color:#212121;}#et-braket-block-1 .braket-sub-title {color:#9a9a9a;}#et-braket-block-1 .braket-button {color:#212121 !important;}#et-braket-block-1 .braket-button:hover {color:#ffffff !important;}#et-braket-block-1 .braket-button:before {box-shadow:inset 0 0 0 1px #212121;}#et-braket-block-1 .braket-button:after {background-color:#ffd23f;}#et-braket-block-1 .braket > div:first-child,\r\n\t\t\t\t\t\t#et-braket-block-1 .braket > div:last-child,\r\n\t\t\t\t\t\t#et-braket-block-1 .braket > div:nth-child(2) > span  {background-color:#ffd23f;}<\/style><div id=\"et-braket-block-1\" data-delay=\"0\" class=\"et-braket-block left \"><div class=\"braket-block-inner et-clearfix\"><div class=\"braket\"><div><\/div><div><span><\/span><\/div><div><\/div><\/div><div class=\"braket-block-content\"><p class=\"braket-sub-title\">CONTANK - UNE SOLUTION ADAPT\u00c9E A CHAQUE BESOIN<\/p><h1 class=\"braket-title\" data-mobile-font=\"inherit\" data-tablet-font=\"inherit\">Un Conteneur pour chaque type de service<\/h1><\/div><\/div><div class=\"braket-block-content text et-clearfix\"><\/div><\/div><\/div>[\/vc_column][vc_column width=\u00a0\u00bb1\/2&Prime;][\/vc_column][\/vc_row][vc_row][vc_column][vc_empty_space][\/vc_column][\/vc_row][vc_row][vc_column][vc_column_text]Nous renouvelons et augmentons en permanence notre flotte de conteneurs en proposant ainsi des unit\u00e9s de construction r\u00e9cente. Tous les conteneurs sont con\u00e7us et fabriqu\u00e9s selon les standards de s\u00e9curit\u00e9 les plus actuels et font l&rsquo;objet d&rsquo;inspections p\u00e9riodiques ADR\/IMO\/CSC.<\/p>\n<p>&nbsp;<\/p>\n<p>Nous disposons de\u00a0notre <strong>propre<\/strong> <strong>Stock de conteneurs <\/strong>tant dans notre base logistique situ\u00e9e \u00e0 Castellbisbal que dans les principaux points nodaux de transport en Europe afin de garantir la disponibilit\u00e9 et la flexibilit\u00e9 du service.[\/vc_column_text][\/vc_column][\/vc_row][vc_row full_width=\u00a0\u00bbstretch_row\u00a0\u00bb gap=\u00a0\u00bb0&Prime; css=\u00a0\u00bb.vc_custom_1622028145198{padding-top: 120px !important;padding-bottom: 80px !important;background-color: #f7f7f7 !important;background-position: center !important;background-repeat: no-repeat !important;background-size: cover !important;}\u00a0\u00bb][vc_column animation_delay=\u00a0\u00bb0&Prime; width=\u00a0\u00bb1\/2&Prime;]<h1 class=\"et-highlight-title \" style=\"font-weight:700;color:#2b2b2b;\" data-mobile-font=\"inherit\" data-tablet-font=\"inherit\"><span class=\"title-inner\">Conteneurs Monocuve<span class=\"highlight-line\" style=\"background-color:#ffffff;\"><\/span><\/span><\/h1>[vc_column_text]<strong>Conteneurs de 17 500 l \u00e0 35 000 l<\/strong><\/p>\n<p>Conteneurs monocuve de 20\u2033, 25\u2033 et 30\u2033 pour transporter un seul produit, capacit\u00e9s de 17 500 l \u2013 21 000 l \u00a0\u2013 24 000 l \u2013 25 000 l \u2013 26 000 l \u2013 27 000 l \u2013<\/p>\n<p>31 000 l \u2013 33 500 l et\u00a0 35 000 l.[\/vc_column_text][\/vc_column][vc_column width=\u00a0\u00bb1\/2&Prime;][vc_single_image image=\u00a0\u00bb14556&Prime; img_size=\u00a0\u00bbfull\u00a0\u00bb alignment=\u00a0\u00bbright\u00a0\u00bb css_animation=\u00a0\u00bbbounceInDown\u00a0\u00bb][\/vc_column][\/vc_row][vc_row][vc_column][\/vc_column][\/vc_row][vc_row full_width=\u00a0\u00bbstretch_row\u00a0\u00bb gap=\u00a0\u00bb0&Prime; css=\u00a0\u00bb.vc_custom_1622027338345{padding-top: 120px !important;padding-bottom: 80px !important;background-position: center !important;background-repeat: no-repeat !important;background-size: cover !important;}\u00a0\u00bb][vc_column width=\u00a0\u00bb1\/2&Prime;][vc_single_image image=\u00a0\u00bb14597&Prime; img_size=\u00a0\u00bbfull\u00a0\u00bb css_animation=\u00a0\u00bbbounceInDown\u00a0\u00bb][\/vc_column][vc_column animation_delay=\u00a0\u00bb0&Prime; width=\u00a0\u00bb1\/2&Prime;]<h1 class=\"et-highlight-title \" style=\"font-weight:700;color:#2b2b2b;\" data-mobile-font=\"inherit\" data-tablet-font=\"inherit\"><span class=\"title-inner\">Conteneurs Multi-compartiment\u00e9s<span class=\"highlight-line\" style=\"background-color:#ffffff;\"><\/span><\/span><\/h1>[vc_column_text]<strong>Conteneurs de 24 500 l \u00e0 32 500 l<\/strong><\/p>\n<p>Conteneurs multi-compartiment\u00e9s avec 2 \/ 3 \/ 4 compartiments. Id\u00e9al pour transporter plusieurs produits simultan\u00e9ment.<\/p>\n<p>Avec des capacit\u00e9s de :<\/p>\n<p>2 Compartiments : 24 500 l\u00a0 \/ 3 Compartiments : 32 000 l \/\u00a0 4 Compartiments : 32 000 l. \u2013 32 500 l.[\/vc_column_text][\/vc_column][\/vc_row][vc_row full_width=\u00a0\u00bbstretch_row\u00a0\u00bb gap=\u00a0\u00bb0&Prime; css=\u00a0\u00bb.vc_custom_1622028145198{padding-top: 120px !important;padding-bottom: 80px !important;background-color: #f7f7f7 !important;background-position: center !important;background-repeat: no-repeat !important;background-size: cover !important;}\u00a0\u00bb][vc_column animation_delay=\u00a0\u00bb0&Prime; width=\u00a0\u00bb1\/2&Prime;]<h1 class=\"et-highlight-title \" style=\"font-weight:700;color:#2b2b2b;\" data-mobile-font=\"inherit\" data-tablet-font=\"inherit\"><span class=\"title-inner\">Conteneurs L\u00e9gers Composite<span class=\"highlight-line\" style=\"background-color:#ffffff;\"><\/span><\/span><\/h1>[vc_column_text]<span style=\"color: #ff0000;\"><strong>NOUVEAUX! <\/strong><\/span><strong>Conteneurs Composite, plus l\u00e9gers et poss\u00e9dant une plus grande capacit\u00e9 de chargement pour le secteur du transport chimique.<\/strong><\/p>\n<p>Capacit\u00e9s entre 26 000 l et 34 400 l de 20\u2033 et 24\u2033 Avec certificat ADR Augmente la capacit\u00e9 de chargement de deux (2) t.<\/p>\n<p>Temp\u00e9rature maximale 60C\u00ba.[\/vc_column_text][\/vc_column][vc_column width=\u00a0\u00bb1\/2&Prime;][vc_single_image image=\u00a0\u00bb14593&Prime; img_size=\u00a0\u00bbfull\u00a0\u00bb alignment=\u00a0\u00bbright\u00a0\u00bb css_animation=\u00a0\u00bbbounceInDown\u00a0\u00bb][\/vc_column][\/vc_row][vc_row full_width=\u00a0\u00bbstretch_row\u00a0\u00bb gap=\u00a0\u00bb0&Prime; css=\u00a0\u00bb.vc_custom_1622027338345{padding-top: 120px !important;padding-bottom: 80px !important;background-position: center !important;background-repeat: no-repeat !important;background-size: cover !important;}\u00a0\u00bb][vc_column width=\u00a0\u00bb1\/2&Prime;][vc_single_image image=\u00a0\u00bb14599&Prime; img_size=\u00a0\u00bbfull\u00a0\u00bb css_animation=\u00a0\u00bbbounceInDown\u00a0\u00bb][\/vc_column][vc_column animation_delay=\u00a0\u00bb0&Prime; width=\u00a0\u00bb1\/2&Prime;]<h1 class=\"et-highlight-title \" style=\"font-weight:700;color:#2b2b2b;\" data-mobile-font=\"inherit\" data-tablet-font=\"inherit\"><span class=\"title-inner\">Conteneurs \u00e0 Haute Temp\u00e9rature<span class=\"highlight-line\" style=\"background-color:#ffffff;\"><\/span><\/span><\/h1>[vc_column_text]<strong>Conteneurs de 24 500 l \u00e0 32500 l<\/strong><\/p>\n<p>Conteneurs multi-compartiment\u00e9s avec 2 \/ 3 \/ 4 compartiments. Id\u00e9al pour transporter plusieurs produits simultan\u00e9ment.<\/p>\n<p>Avec capacit\u00e9s de : 2 Compartiments : 24 500 l\u00a0 \/ 3 Compartiments : 32 000 l \/\u00a0 4 Compartiments : 32 000 l \u2013 32 500 l.[\/vc_column_text][\/vc_column][\/vc_row][vc_row full_width=\u00a0\u00bbstretch_row\u00a0\u00bb gap=\u00a0\u00bb64&Prime; content_placement=\u00a0\u00bbmiddle\u00a0\u00bb css_animation=\u00a0\u00bbfadeInRight\u00a0\u00bb css=\u00a0\u00bb.vc_custom_1622041099161{background-position: center !important;background-repeat: no-repeat !important;background-size: cover !important;}\u00a0\u00bb][vc_column width=\u00a0\u00bb2\/3&Prime;][\/vc_column][vc_column animation_delay=\u00a0\u00bb0&Prime; width=\u00a0\u00bb1\/3&Prime; parallax=\u00a0\u00bbtrue\u00a0\u00bb parallax_image=\u00a0\u00bb12700&Prime;][\/vc_column][\/vc_row][vc_row full_width=\u00a0\u00bbstretch_row\u00a0\u00bb gap=\u00a0\u00bb0&Prime; css=\u00a0\u00bb.vc_custom_1622028145198{padding-top: 120px !important;padding-bottom: 80px !important;background-color: #f7f7f7 !important;background-position: center !important;background-repeat: no-repeat !important;background-size: cover !important;}\u00a0\u00bb][vc_column animation_delay=\u00a0\u00bb0&Prime; width=\u00a0\u00bb1\/2&Prime;]<h1 class=\"et-highlight-title \" style=\"font-weight:700;color:#2b2b2b;\" data-mobile-font=\"inherit\" data-tablet-font=\"inherit\"><span class=\"title-inner\">Conteneurs pour distribution<span class=\"highlight-line\" style=\"background-color:#ffffff;\"><\/span><\/span><\/h1>[vc_column_text]<strong>Conteneurs avec compteur de d\u00e9bit, id\u00e9al pour la distribution de liquides \u00e0 de multiples destinataires.<\/strong><\/p>\n<p>Possibilit\u00e9 de distribuer des produits liquides en vrac.\u00a0\u00a0Nous sommes actuellement distributeur national d&rsquo;Adblue avec Greenchem Ib\u00e9rica.[\/vc_column_text][\/vc_column][vc_column width=\u00a0\u00bb1\/2&Prime;][vc_single_image image=\u00a0\u00bb14856&Prime; img_size=\u00a0\u00bbfull\u00a0\u00bb alignment=\u00a0\u00bbright\u00a0\u00bb css_animation=\u00a0\u00bbbounceInDown\u00a0\u00bb][\/vc_column][\/vc_row][vc_row full_width=\u00a0\u00bbstretch_row\u00a0\u00bb gap=\u00a0\u00bb48&Prime; content_placement=\u00a0\u00bbmiddle\u00a0\u00bb css_animation=\u00a0\u00bbzoomInRight\u00a0\u00bb css=\u00a0\u00bb.vc_custom_1622041549437{background-image: url(https:\/\/contank.com\/wp-content\/uploads\/2018\/07\/globus_image_small_color_1.jpg?id=12700) !important;}\u00a0\u00bb][vc_column][vc_row_inner content_placement=\u00a0\u00bbmiddle\u00a0\u00bb][vc_column_inner width=\u00a0\u00bb1\/2&Prime;][vc_column_text]<\/p>\n<h2>Besoin de plus d&rsquo;informations ?<\/h2>\n<p>[\/vc_column_text][\/vc_column_inner][vc_column_inner width=\u00a0\u00bb1\/2&Prime;][vc_column_text css_animation=\u00a0\u00bbslideInRight\u00a0\u00bb]<\/p>\n<h3 style=\"text-align: center;\"><span style=\"color: #ffffff;\"><a style=\"color: #ffffff;\" href=\"\/fr\/contact\">NOUS PARLONS?<\/a><\/span><\/h3>\n<p>[\/vc_column_text][\/vc_column_inner][\/vc_row_inner][\/vc_column][\/vc_row]<\/p>\n<\/div>","protected":false},"excerpt":{"rendered":"<p>[vc_row][vc_column][\/vc_column][\/vc_row][vc_row][vc_column width=\u00a0\u00bb1\/2&Prime;][\/vc_column][vc_column width=\u00a0\u00bb1\/2&Prime;][\/vc_column][\/vc_row][vc_row][vc_column][vc_empty_space][\/vc_column][\/vc_row][vc_row][vc_column][vc_column_text]Nous renouvelons et augmentons en permanence notre flotte de conteneurs en proposant ainsi des unit\u00e9s de construction r\u00e9cente. Tous les conteneurs sont con\u00e7us et fabriqu\u00e9s selon les standards de s\u00e9curit\u00e9 les plus actuels et font l&rsquo;objet d&rsquo;inspections p\u00e9riodiques ADR\/IMO\/CSC. &nbsp; Nous disposons de\u00a0notre propre Stock de conteneurs tant dans notre base logistique situ\u00e9e [&hellip;]<\/p>\n","protected":false},"author":1,"featured_media":0,"parent":0,"menu_order":0,"comment_status":"closed","ping_status":"closed","template":"page-vc.php","meta":{"footnotes":""},"class_list":["post-14991","page","type-page","status-publish","hentry"],"yoast_head":"<!-- This site is optimized with the Yoast SEO plugin v27.4 - https:\/\/yoast.com\/product\/yoast-seo-wordpress\/ -->\n<title>\u00c9quipement - Contank - Transporte ADR de l\u00edquidos intermodal<\/title>\n<meta name=\"robots\" content=\"index, follow, max-snippet:-1, max-image-preview:large, max-video-preview:-1\" \/>\n<link rel=\"canonical\" href=\"https:\/\/contank.com\/fr\/equipement\/\" \/>\n<meta property=\"og:locale\" content=\"fr_FR\" \/>\n<meta property=\"og:type\" content=\"article\" \/>\n<meta property=\"og:title\" content=\"\u00c9quipement - Contank - Transporte ADR de l\u00edquidos intermodal\" \/>\n<meta property=\"og:description\" content=\"[vc_row][vc_column][\/vc_column][\/vc_row][vc_row][vc_column width=\u00a0\u00bb1\/2&Prime;][\/vc_column][vc_column width=\u00a0\u00bb1\/2&Prime;][\/vc_column][\/vc_row][vc_row][vc_column][vc_empty_space][\/vc_column][\/vc_row][vc_row][vc_column][vc_column_text]Nous renouvelons et augmentons en permanence notre flotte de conteneurs en proposant ainsi des unit\u00e9s de construction r\u00e9cente. Tous les conteneurs sont con\u00e7us et fabriqu\u00e9s selon les standards de s\u00e9curit\u00e9 les plus actuels et font l&rsquo;objet d&rsquo;inspections p\u00e9riodiques ADR\/IMO\/CSC. &nbsp; Nous disposons de\u00a0notre propre Stock de conteneurs tant dans notre base logistique situ\u00e9e [&hellip;]\" \/>\n<meta property=\"og:url\" content=\"https:\/\/contank.com\/fr\/equipement\/\" \/>\n<meta property=\"og:site_name\" content=\"Contank - Transporte ADR de l\u00edquidos intermodal\" \/>\n<meta property=\"article:modified_time\" content=\"2021-08-23T10:43:22+00:00\" \/>\n<meta name=\"twitter:card\" content=\"summary_large_image\" \/>\n<meta name=\"twitter:site\" content=\"@ContankSA\" \/>\n<meta name=\"twitter:label1\" content=\"Dur\u00e9e de lecture estim\u00e9e\" \/>\n\t<meta name=\"twitter:data1\" content=\"4 minutes\" \/>\n<script type=\"application\/ld+json\" class=\"yoast-schema-graph\">{\"@context\":\"https:\\\/\\\/schema.org\",\"@graph\":[{\"@type\":\"WebPage\",\"@id\":\"https:\\\/\\\/contank.com\\\/fr\\\/equipement\\\/\",\"url\":\"https:\\\/\\\/contank.com\\\/fr\\\/equipement\\\/\",\"name\":\"\u00c9quipement - Contank - Transporte ADR de l\u00edquidos intermodal\",\"isPartOf\":{\"@id\":\"https:\\\/\\\/contank.com\\\/#website\"},\"datePublished\":\"2021-05-26T07:57:43+00:00\",\"dateModified\":\"2021-08-23T10:43:22+00:00\",\"breadcrumb\":{\"@id\":\"https:\\\/\\\/contank.com\\\/fr\\\/equipement\\\/#breadcrumb\"},\"inLanguage\":\"fr-FR\",\"potentialAction\":[{\"@type\":\"ReadAction\",\"target\":[\"https:\\\/\\\/contank.com\\\/fr\\\/equipement\\\/\"]}]},{\"@type\":\"BreadcrumbList\",\"@id\":\"https:\\\/\\\/contank.com\\\/fr\\\/equipement\\\/#breadcrumb\",\"itemListElement\":[{\"@type\":\"ListItem\",\"position\":1,\"name\":\"Portada\",\"item\":\"https:\\\/\\\/contank.com\\\/fr\\\/\"},{\"@type\":\"ListItem\",\"position\":2,\"name\":\"\u00c9quipement\"}]},{\"@type\":\"WebSite\",\"@id\":\"https:\\\/\\\/contank.com\\\/#website\",\"url\":\"https:\\\/\\\/contank.com\\\/\",\"name\":\"Contank - Transporte ADR Intermodal\",\"description\":\"Especialistas en Transporte ADR de L\u00edquidos en contenedores\",\"publisher\":{\"@id\":\"https:\\\/\\\/contank.com\\\/#organization\"},\"potentialAction\":[{\"@type\":\"SearchAction\",\"target\":{\"@type\":\"EntryPoint\",\"urlTemplate\":\"https:\\\/\\\/contank.com\\\/?s={search_term_string}\"},\"query-input\":{\"@type\":\"PropertyValueSpecification\",\"valueRequired\":true,\"valueName\":\"search_term_string\"}}],\"inLanguage\":\"fr-FR\"},{\"@type\":\"Organization\",\"@id\":\"https:\\\/\\\/contank.com\\\/#organization\",\"name\":\"Contank\",\"url\":\"https:\\\/\\\/contank.com\\\/\",\"logo\":{\"@type\":\"ImageObject\",\"inLanguage\":\"fr-FR\",\"@id\":\"https:\\\/\\\/contank.com\\\/#\\\/schema\\\/logo\\\/image\\\/\",\"url\":\"https:\\\/\\\/contank.com\\\/wp-content\\\/uploads\\\/2021\\\/05\\\/ck1.png\",\"contentUrl\":\"https:\\\/\\\/contank.com\\\/wp-content\\\/uploads\\\/2021\\\/05\\\/ck1.png\",\"width\":130,\"height\":72,\"caption\":\"Contank\"},\"image\":{\"@id\":\"https:\\\/\\\/contank.com\\\/#\\\/schema\\\/logo\\\/image\\\/\"},\"sameAs\":[\"https:\\\/\\\/x.com\\\/ContankSA\",\"https:\\\/\\\/www.instagram.com\\\/contank\\\/\",\"https:\\\/\\\/www.linkedin.com\\\/company\\\/11075598\\\/\"]}]}<\/script>\n<!-- \/ Yoast SEO plugin. -->","yoast_head_json":{"title":"\u00c9quipement - Contank - Transporte ADR de l\u00edquidos intermodal","robots":{"index":"index","follow":"follow","max-snippet":"max-snippet:-1","max-image-preview":"max-image-preview:large","max-video-preview":"max-video-preview:-1"},"canonical":"https:\/\/contank.com\/fr\/equipement\/","og_locale":"fr_FR","og_type":"article","og_title":"\u00c9quipement - Contank - Transporte ADR de l\u00edquidos intermodal","og_description":"[vc_row][vc_column][\/vc_column][\/vc_row][vc_row][vc_column width=\u00a0\u00bb1\/2&Prime;][\/vc_column][vc_column width=\u00a0\u00bb1\/2&Prime;][\/vc_column][\/vc_row][vc_row][vc_column][vc_empty_space][\/vc_column][\/vc_row][vc_row][vc_column][vc_column_text]Nous renouvelons et augmentons en permanence notre flotte de conteneurs en proposant ainsi des unit\u00e9s de construction r\u00e9cente. Tous les conteneurs sont con\u00e7us et fabriqu\u00e9s selon les standards de s\u00e9curit\u00e9 les plus actuels et font l&rsquo;objet d&rsquo;inspections p\u00e9riodiques ADR\/IMO\/CSC. &nbsp; Nous disposons de\u00a0notre propre Stock de conteneurs tant dans notre base logistique situ\u00e9e [&hellip;]","og_url":"https:\/\/contank.com\/fr\/equipement\/","og_site_name":"Contank - Transporte ADR de l\u00edquidos intermodal","article_modified_time":"2021-08-23T10:43:22+00:00","twitter_card":"summary_large_image","twitter_site":"@ContankSA","twitter_misc":{"Dur\u00e9e de lecture estim\u00e9e":"4 minutes"},"schema":{"@context":"https:\/\/schema.org","@graph":[{"@type":"WebPage","@id":"https:\/\/contank.com\/fr\/equipement\/","url":"https:\/\/contank.com\/fr\/equipement\/","name":"\u00c9quipement - Contank - Transporte ADR de l\u00edquidos intermodal","isPartOf":{"@id":"https:\/\/contank.com\/#website"},"datePublished":"2021-05-26T07:57:43+00:00","dateModified":"2021-08-23T10:43:22+00:00","breadcrumb":{"@id":"https:\/\/contank.com\/fr\/equipement\/#breadcrumb"},"inLanguage":"fr-FR","potentialAction":[{"@type":"ReadAction","target":["https:\/\/contank.com\/fr\/equipement\/"]}]},{"@type":"BreadcrumbList","@id":"https:\/\/contank.com\/fr\/equipement\/#breadcrumb","itemListElement":[{"@type":"ListItem","position":1,"name":"Portada","item":"https:\/\/contank.com\/fr\/"},{"@type":"ListItem","position":2,"name":"\u00c9quipement"}]},{"@type":"WebSite","@id":"https:\/\/contank.com\/#website","url":"https:\/\/contank.com\/","name":"Contank - Transporte ADR Intermodal","description":"Especialistas en Transporte ADR de L\u00edquidos en contenedores","publisher":{"@id":"https:\/\/contank.com\/#organization"},"potentialAction":[{"@type":"SearchAction","target":{"@type":"EntryPoint","urlTemplate":"https:\/\/contank.com\/?s={search_term_string}"},"query-input":{"@type":"PropertyValueSpecification","valueRequired":true,"valueName":"search_term_string"}}],"inLanguage":"fr-FR"},{"@type":"Organization","@id":"https:\/\/contank.com\/#organization","name":"Contank","url":"https:\/\/contank.com\/","logo":{"@type":"ImageObject","inLanguage":"fr-FR","@id":"https:\/\/contank.com\/#\/schema\/logo\/image\/","url":"https:\/\/contank.com\/wp-content\/uploads\/2021\/05\/ck1.png","contentUrl":"https:\/\/contank.com\/wp-content\/uploads\/2021\/05\/ck1.png","width":130,"height":72,"caption":"Contank"},"image":{"@id":"https:\/\/contank.com\/#\/schema\/logo\/image\/"},"sameAs":["https:\/\/x.com\/ContankSA","https:\/\/www.instagram.com\/contank\/","https:\/\/www.linkedin.com\/company\/11075598\/"]}]}},"_links":{"self":[{"href":"https:\/\/contank.com\/fr\/wp-json\/wp\/v2\/pages\/14991","targetHints":{"allow":["GET"]}}],"collection":[{"href":"https:\/\/contank.com\/fr\/wp-json\/wp\/v2\/pages"}],"about":[{"href":"https:\/\/contank.com\/fr\/wp-json\/wp\/v2\/types\/page"}],"author":[{"embeddable":true,"href":"https:\/\/contank.com\/fr\/wp-json\/wp\/v2\/users\/1"}],"replies":[{"embeddable":true,"href":"https:\/\/contank.com\/fr\/wp-json\/wp\/v2\/comments?post=14991"}],"version-history":[{"count":4,"href":"https:\/\/contank.com\/fr\/wp-json\/wp\/v2\/pages\/14991\/revisions"}],"predecessor-version":[{"id":15435,"href":"https:\/\/contank.com\/fr\/wp-json\/wp\/v2\/pages\/14991\/revisions\/15435"}],"wp:attachment":[{"href":"https:\/\/contank.com\/fr\/wp-json\/wp\/v2\/media?parent=14991"}],"curies":[{"name":"wp","href":"https:\/\/api.w.org\/{rel}","templated":true}]}}