{"id":14962,"date":"2021-05-25T15:36:04","date_gmt":"2021-05-25T15:36:04","guid":{"rendered":"https:\/\/contank.com\/transporte-liquidos\/"},"modified":"2021-08-23T10:18:47","modified_gmt":"2021-08-23T10:18:47","slug":"transport-de-liquides","status":"publish","type":"page","link":"https:\/\/contank.com\/fr\/transport-de-liquides\/","title":{"rendered":"Transport de Liquides"},"content":{"rendered":"<div class=\"wpb-content-wrapper\"><p>[vc_row][vc_column][vc_row_inner content_placement=\u00a0\u00bbmiddle\u00a0\u00bb][vc_column_inner width=\u00a0\u00bb1\/2&Prime;]<div class=\"et-braket-block-wrapper\"><style>#et-braket-block-1 .braket-title {font-weight:700;color:#212121;}#et-braket-block-1 .braket-sub-title {color:#9a9a9a;}#et-braket-block-1 .braket-button {color:#212121 !important;}#et-braket-block-1 .braket-button:hover {color:#ffffff !important;}#et-braket-block-1 .braket-button:before {box-shadow:inset 0 0 0 1px #212121;}#et-braket-block-1 .braket-button:after {background-color:#fcc33f;}#et-braket-block-1 .braket > div:first-child,\r\n\t\t\t\t\t\t#et-braket-block-1 .braket > div:last-child,\r\n\t\t\t\t\t\t#et-braket-block-1 .braket > div:nth-child(2) > span  {background-color:#fcc33f;}<\/style><div id=\"et-braket-block-1\" data-delay=\"0\" class=\"et-braket-block left \"><div class=\"braket-block-inner et-clearfix\"><div class=\"braket\"><div><\/div><div><span><\/span><\/div><div><\/div><\/div><div class=\"braket-block-content\"><p class=\"braket-sub-title\">TRANSPORT DE LIQUIDES CHIMIQUES<\/p><h1 class=\"braket-title\" data-mobile-font=\"inherit\" data-tablet-font=\"inherit\">Sp\u00e9cialistes du transport de produits chimiques liquides.<\/h1><\/div><\/div><div class=\"braket-block-content text et-clearfix\"><\/div><\/div><\/div>[\/vc_column_inner][vc_column_inner width=\u00a0\u00bb1\/2&Prime;][vc_single_image image=\u00a0\u00bb14556&Prime; img_size=\u00a0\u00bbfull\u00a0\u00bb alignment=\u00a0\u00bbcenter\u00a0\u00bb css_animation=\u00a0\u00bbfadeInDownBig\u00a0\u00bb][\/vc_column_inner][\/vc_row_inner][vc_empty_space height=\u00a0\u00bb62px\u00a0\u00bb][\/vc_column][\/vc_row][vc_row][vc_column width=\u00a0\u00bb1\/2&Prime;][vc_empty_space height=\u00a0\u00bb80px\u00a0\u00bb]<h1 id=\"et-animated-title-1\" class=\"et-animated-title et-clearfix  curtain curtain-left\" data-mobile-font=\"inherit\" data-tablet-font=\"inherit\" data-delay=\"0\" style=\"font-weight:700;color:#212121;\"><span class=\"text-wrapper\"><span class=\"text\">TRANSPORT INTERMODAL<\/span><span class=\"curtain\" style=\"background-color:#fcc93f;\"><\/span><\/span><\/h1>[\/vc_column][vc_column width=\u00a0\u00bb1\/2&Prime;][vc_column_text]Nous sommes des\u00a0<strong>sp\u00e9cialistes du transport intermodal de marchandises ADR<\/strong>\u00a0des classes 3,4,5,6,8 et 9\u00a0et<strong> non-ADR,<\/strong>\u00a0avec une <a href=\"https:\/\/contank.com\/equipamiento\/\">flotte de conteneurs<\/a>\u00a0renouvel\u00e9e\u00a0 de 20\u2033 IsoTank, 25\u2033 SwapBody et 30\u2033 SwapBody.<\/p>\n<p>Gr\u00e2ce au transport Intermodal, qu&rsquo;il s&rsquo;agisse de produits <strong>ADR<\/strong>\u00a0ou\u00a0<strong>non-ADR<\/strong>,\u00a0<strong>nous r\u00e9duisons consid\u00e9rablement les \u00e9missions de CO<sub>2<\/sub><\/strong>\u00a0par rapport au m\u00eame voyage effectu\u00e9 par route, on r\u00e9duit en outre les risques associ\u00e9s au voyage, le transport\u00a0<strong>intermodal \u00e9tant la m\u00e9thode la plus s\u00fbre<\/strong>\u00a0qui existe.[\/vc_column_text][\/vc_column][\/vc_row][vc_row][vc_column animation_delay=\u00a0\u00bb0&Prime; css=\u00a0\u00bb.vc_custom_1622112770163{background-image: url(https:\/\/contank.com\/wp-content\/uploads\/2018\/07\/world.jpg?id=11623) !important;}\u00a0\u00bb]<div class=\"et-process-wrapper\"><style>#et-process-1 .process-angle, #et-process-1 .process-item-icon, #et-process-1 .process-item-title {color:#fcd03f}<\/style><div id=\"et-process-1\" data-animate=\"true\" class=\"et-process  columns-3 effect-moveUp et-clearfix\"><div class=\"et-process-item et-item et-clearfix\"><div class=\"et-item-inner\"><span class=\"process-item-icon fa fa-industry\"><\/span><h5 class=\"process-item-title\">NOUS CHARGEONS LE PRODUIT A L&#039;USINE D&#039;ORIGINE ET LE LAISSONS AU TERMINAL.<\/h5><\/div><\/div><div class=\"et-process-item et-item et-clearfix\"><div class=\"et-item-inner\"><span class=\"process-item-icon fa fa-train\"><\/span><h5 class=\"process-item-title\">VOYAGE EN TRAIN OU BATEAU LA MAJEURE PARTIE DU TRAJET.<\/h5><\/div><\/div><div class=\"et-process-item et-item et-clearfix\"><div class=\"et-item-inner\"><span class=\"process-item-icon fa fa-industry\"><\/span><h5 class=\"process-item-title\">NOUS R\u00c9CUP\u00c9RONS LE CONTENEUR AU TERMINAL ET LE LIVRONS AU CLIENT FINAL.<\/h5><\/div><\/div><\/div><\/div>[vc_row_inner css=\u00a0\u00bb.vc_custom_1622114979450{margin-top: 50px !important;}\u00a0\u00bb][vc_column_inner width=\u00a0\u00bb1\/3&Prime;][vc_single_image image=\u00a0\u00bb14696&Prime; img_size=\u00a0\u00bbmedium\u00a0\u00bb css_animation=\u00a0\u00bbslideInUp\u00a0\u00bb][\/vc_column_inner][vc_column_inner width=\u00a0\u00bb1\/3&Prime;][vc_single_image image=\u00a0\u00bb14664&Prime; img_size=\u00a0\u00bbfull\u00a0\u00bb alignment=\u00a0\u00bbcenter\u00a0\u00bb][\/vc_column_inner][vc_column_inner width=\u00a0\u00bb1\/3&Prime;][vc_column_text]Nous d\u00e9livrons un\u00a0<strong>certificat d&rsquo;\u00e9conomie de CO<sub>2<\/sub><\/strong>\u00a0\u00e0 votre organisation pour conna\u00eetre les tonnes \u00e9conomis\u00e9es gr\u00e2ce \u00e0 la m\u00e9thode intermodale.<\/p>\n<p><strong>R\u00e9duisez votre empreinte carbone en optant pour l&rsquo;intermodal!<\/strong>[\/vc_column_text][\/vc_column_inner][\/vc_row_inner][\/vc_column][\/vc_row][vc_row][vc_column][vc_empty_space height=\u00a0\u00bb90px\u00a0\u00bb]<div class=\"gap et-clearfix \" style=\"height:32px\"><\/div>[\/vc_column][\/vc_row][vc_row][vc_column width=\u00a0\u00bb1\/2&Prime;][vc_column_text]Nous d\u00e9livrons un\u00a0<strong>certificat d&rsquo;\u00e9conomie de CO<sub>2<\/sub><\/strong>\u00a0\u00e0 votre organisation pour conna\u00eetre les tonnes \u00e9conomis\u00e9es gr\u00e2ce \u00e0 la m\u00e9thode intermodale.<\/p>\n<p><strong>R\u00e9duisez votre empreinte carbone en optant pour l&rsquo;intermodal!\u00a0<\/strong>[\/vc_column_text][\/vc_column][vc_column width=\u00a0\u00bb1\/2&Prime;]<h1 id=\"et-animated-title-2\" class=\"et-animated-title et-clearfix  curtain curtain-left\" data-mobile-font=\"inherit\" data-tablet-font=\"inherit\" data-delay=\"0\" style=\"font-weight:700;color:#212121;\"><span class=\"text-wrapper\"><span class=\"text\">TRANSPORT PAR ROUTE<\/span><span class=\"curtain\" style=\"background-color:#fcc93f;\"><\/span><\/span><\/h1>[\/vc_column][\/vc_row][vc_row][vc_column]<div class=\"et-process-wrapper\"><style>#et-process-2 .process-angle, #et-process-2 .process-item-icon, #et-process-2 .process-item-title {color:#fcd03f}<\/style><div id=\"et-process-2\" data-animate=\"false\" class=\"et-process  columns-3 effect-none et-clearfix\"><div class=\"et-process-item et-item et-clearfix\"><div class=\"et-item-inner\"><span class=\"process-item-icon fa fa-industry\"><\/span><h5 class=\"process-item-title\">CHARGEMENT DU PRODUIT A L&#039;USINE D&#039;ORIGINE.<\/h5><\/div><\/div><div class=\"et-process-item et-item et-clearfix\"><div class=\"et-item-inner\"><span class=\"process-item-icon fa fa-truck\"><\/span><h5 class=\"process-item-title\">INT\u00c9GRALIT\u00c9 DU VOYAGE PAR ROUTE.<\/h5><\/div><\/div><div class=\"et-process-item et-item et-clearfix\"><div class=\"et-item-inner\"><span class=\"process-item-icon fa fa-industry\"><\/span><h5 class=\"process-item-title\">INT\u00c9GRALIT\u00c9 DU VOYAGE PAR ROUTE.<\/h5><\/div><\/div><\/div><\/div>[\/vc_column][\/vc_row][vc_row][vc_column width=\u00a0\u00bb1\/2&Prime;]<h1 id=\"et-animated-title-3\" class=\"et-animated-title et-clearfix  curtain curtain-left\" data-mobile-font=\"inherit\" data-tablet-font=\"inherit\" data-delay=\"0\" style=\"font-weight:700;color:#212121;\"><span class=\"text-wrapper\"><span class=\"text\">DISTRIBUTION PAR ROUTE<\/span><span class=\"curtain\" style=\"background-color:#fcc93f;\"><\/span><\/span><\/h1>[\/vc_column][vc_column width=\u00a0\u00bb1\/2&Prime;][vc_column_text]<strong>Conteneurs comportant un compteur de d\u00e9bit, id\u00e9al pour la distribution de liquides \u00e0 de multiples destinataires.<\/strong><\/p>\n<p>Possibilit\u00e9 de distribuer des produits liquides en vrac en multi-livraison sur un itin\u00e9raire.<\/p>\n<p>Compteurs associ\u00e9s \u00e0 t\u00e9l\u00e9m\u00e9trie, id\u00e9al pour notifier num\u00e9riquement les litres livr\u00e9s \u00e0 chaque destinataire.[\/vc_column_text][\/vc_column][\/vc_row][vc_row][vc_column][vc_single_image image=\u00a0\u00bb14856&Prime; img_size=\u00a0\u00bblarge\u00a0\u00bb alignment=\u00a0\u00bbcenter\u00a0\u00bb][\/vc_column][\/vc_row][vc_row full_width=\u00a0\u00bbstretch_row\u00a0\u00bb gap=\u00a0\u00bb48&Prime; css=\u00a0\u00bb.vc_custom_1622477318825{background-image: url(https:\/\/contank.com\/wp-content\/uploads\/2018\/07\/globus_image_large_dark.jpg?id=13226) !important;background-position: center !important;background-repeat: no-repeat !important;background-size: cover !important;}\u00a0\u00bb el_id=\u00a0\u00bbwhite\u00a0\u00bb el_class=\u00a0\u00bbwhite\u00a0\u00bb][vc_column animation_delay=\u00a0\u00bb0&Prime; css_animation=\u00a0\u00bbbounceInUp\u00a0\u00bb width=\u00a0\u00bb1\/2&Prime; css=\u00a0\u00bb.vc_custom_1622043998589{margin-top: 100px !important;}\u00a0\u00bb]<h1 class=\"et-highlight-title \" style=\"font-weight:700;color:#dbdbdb;\" data-mobile-font=\"inherit\" data-tablet-font=\"inherit\"><span class=\"title-inner\">BESOIN DE PLUS D&#039;INFORMATIONS ?<span class=\"highlight-line\" style=\"background-color:#ffffff;\"><\/span><\/span><\/h1>[\/vc_column][vc_column animation_delay=\u00a0\u00bb0&Prime; css_animation=\u00a0\u00bbbounceInLeft\u00a0\u00bb width=\u00a0\u00bb1\/2&Prime; el_class=\u00a0\u00bb.cuadrado\u00a0\u00bb]\n<div class=\"wpcf7 no-js\" id=\"wpcf7-f15302-o1\" lang=\"es-ES\" dir=\"ltr\" data-wpcf7-id=\"15302\">\n<div class=\"screen-reader-response\"><p role=\"status\" aria-live=\"polite\" aria-atomic=\"true\"><\/p> <ul><\/ul><\/div>\n<form action=\"\/fr\/wp-json\/wp\/v2\/pages\/14962#wpcf7-f15302-o1\" method=\"post\" class=\"wpcf7-form init\" aria-label=\"Formulario de contacto\" novalidate=\"novalidate\" data-status=\"init\">\n<fieldset class=\"hidden-fields-container\"><input type=\"hidden\" name=\"_wpcf7\" value=\"15302\" \/><input type=\"hidden\" name=\"_wpcf7_version\" value=\"6.1.2\" \/><input type=\"hidden\" name=\"_wpcf7_locale\" value=\"es_ES\" \/><input type=\"hidden\" name=\"_wpcf7_unit_tag\" value=\"wpcf7-f15302-o1\" \/><input type=\"hidden\" name=\"_wpcf7_container_post\" value=\"0\" \/><input type=\"hidden\" name=\"_wpcf7_posted_data_hash\" value=\"\" \/><input type=\"hidden\" name=\"_wpcf7_recaptcha_response\" value=\"\" \/>\n<\/fieldset>\n<p><label> Votre nom<br \/>\n<span class=\"wpcf7-form-control-wrap\" data-name=\"your-name\"><input size=\"40\" maxlength=\"400\" class=\"wpcf7-form-control wpcf7-text wpcf7-validates-as-required\" aria-required=\"true\" aria-invalid=\"false\" value=\"\" type=\"text\" name=\"your-name\" \/><\/span> <\/label>\n<\/p>\n<p><label> Votre adresse de courrier \u00e9lectronique<br \/>\n<span class=\"wpcf7-form-control-wrap\" data-name=\"your-email\"><input size=\"40\" maxlength=\"400\" class=\"wpcf7-form-control wpcf7-email wpcf7-validates-as-required wpcf7-text wpcf7-validates-as-email\" aria-required=\"true\" aria-invalid=\"false\" value=\"\" type=\"email\" name=\"your-email\" \/><\/span> <\/label>\n<\/p>\n<p><label> Entreprise<br \/>\n<span class=\"wpcf7-form-control-wrap\" data-name=\"your-subject\"><input size=\"40\" maxlength=\"400\" class=\"wpcf7-form-control wpcf7-text wpcf7-validates-as-required\" aria-required=\"true\" aria-invalid=\"false\" value=\"\" type=\"text\" name=\"your-subject\" \/><\/span> <\/label>\n<\/p>\n<p><label> Votre message<br \/>\n<span class=\"wpcf7-form-control-wrap\" data-name=\"your-message\"><textarea cols=\"40\" rows=\"10\" maxlength=\"2000\" class=\"wpcf7-form-control wpcf7-textarea\" aria-invalid=\"false\" name=\"your-message\"><\/textarea><\/span> <\/label>\n<\/p>\n<p><span class=\"wpcf7-form-control-wrap\" data-name=\"acceptance-773\"><span class=\"wpcf7-form-control wpcf7-acceptance\"><span class=\"wpcf7-list-item\"><label><input type=\"checkbox\" name=\"acceptance-773\" value=\"1\" aria-invalid=\"false\" \/><span class=\"wpcf7-list-item-label\">J'ai lu et j'accepte la <a href=\"https:\/\/contank.com\/fr\/politique-de-confidentialite\/\" target=\"_blank\" rel=\"noopener\">Politique de Confidentialit\u00e9 de Contank S.A.<\/a> et le traitement de mes donn\u00e9es selon les dispositions sp\u00e9cifi\u00e9es dans celle-ci.<\/span><\/label><\/span><\/span><\/span>\n<\/p>\n<p><span class=\"wpcf7-form-control-wrap\" data-name=\"quiz-535\"><label><span class=\"wpcf7-quiz-label\">R\u00e9soudre l&#039;op\u00e9ration math\u00e9matique: 11 + 4<\/span> <input size=\"40\" class=\"wpcf7-form-control wpcf7-quiz\" autocomplete=\"off\" aria-required=\"true\" aria-invalid=\"false\" type=\"text\" name=\"quiz-535\" \/><\/label><input type=\"hidden\" name=\"_wpcf7_quiz_answer_quiz-535\" value=\"3dfe091b3479227f953e5d0ef4f3bfdf\" \/><\/span>\n<\/p>\n<p><input class=\"wpcf7-form-control wpcf7-submit has-spinner\" type=\"submit\" value=\"Envoyer\" \/>\n<\/p><div class=\"wpcf7-response-output\" aria-hidden=\"true\"><\/div>\n<\/form>\n<\/div>\n[\/vc_column][\/vc_row]<\/p>\n<\/div>","protected":false},"excerpt":{"rendered":"<p>[vc_row][vc_column][vc_row_inner content_placement=\u00a0\u00bbmiddle\u00a0\u00bb][vc_column_inner width=\u00a0\u00bb1\/2&Prime;][\/vc_column_inner][vc_column_inner width=\u00a0\u00bb1\/2&Prime;][vc_single_image image=\u00a0\u00bb14556&Prime; img_size=\u00a0\u00bbfull\u00a0\u00bb alignment=\u00a0\u00bbcenter\u00a0\u00bb css_animation=\u00a0\u00bbfadeInDownBig\u00a0\u00bb][\/vc_column_inner][\/vc_row_inner][vc_empty_space height=\u00a0\u00bb62px\u00a0\u00bb][\/vc_column][\/vc_row][vc_row][vc_column width=\u00a0\u00bb1\/2&Prime;][vc_empty_space height=\u00a0\u00bb80px\u00a0\u00bb][\/vc_column][vc_column width=\u00a0\u00bb1\/2&Prime;][vc_column_text]Nous sommes des\u00a0sp\u00e9cialistes du transport intermodal de marchandises ADR\u00a0des classes 3,4,5,6,8 et 9\u00a0et non-ADR,\u00a0avec une flotte de conteneurs\u00a0renouvel\u00e9e\u00a0 de 20\u2033 IsoTank, 25\u2033 SwapBody et 30\u2033 SwapBody. Gr\u00e2ce au transport Intermodal, qu&rsquo;il s&rsquo;agisse de produits ADR\u00a0ou\u00a0non-ADR,\u00a0nous r\u00e9duisons consid\u00e9rablement les \u00e9missions de CO2\u00a0par rapport au m\u00eame [&hellip;]<\/p>\n","protected":false},"author":1,"featured_media":0,"parent":0,"menu_order":0,"comment_status":"closed","ping_status":"closed","template":"page-vc.php","meta":{"footnotes":""},"class_list":["post-14962","page","type-page","status-publish","hentry"],"yoast_head":"<!-- This site is optimized with the Yoast SEO plugin v27.3 - https:\/\/yoast.com\/product\/yoast-seo-wordpress\/ -->\n<title>Transport de Liquides - Contank - Transporte ADR de l\u00edquidos intermodal<\/title>\n<meta name=\"robots\" content=\"index, follow, max-snippet:-1, max-image-preview:large, max-video-preview:-1\" \/>\n<link rel=\"canonical\" href=\"https:\/\/contank.com\/fr\/transport-de-liquides\/\" \/>\n<meta property=\"og:locale\" content=\"fr_FR\" \/>\n<meta property=\"og:type\" content=\"article\" \/>\n<meta property=\"og:title\" content=\"Transport de Liquides - Contank - Transporte ADR de l\u00edquidos intermodal\" \/>\n<meta property=\"og:description\" content=\"[vc_row][vc_column][vc_row_inner content_placement=\u00a0\u00bbmiddle\u00a0\u00bb][vc_column_inner width=\u00a0\u00bb1\/2&Prime;][\/vc_column_inner][vc_column_inner width=\u00a0\u00bb1\/2&Prime;][vc_single_image image=\u00a0\u00bb14556&Prime; img_size=\u00a0\u00bbfull\u00a0\u00bb alignment=\u00a0\u00bbcenter\u00a0\u00bb css_animation=\u00a0\u00bbfadeInDownBig\u00a0\u00bb][\/vc_column_inner][\/vc_row_inner][vc_empty_space height=\u00a0\u00bb62px\u00a0\u00bb][\/vc_column][\/vc_row][vc_row][vc_column width=\u00a0\u00bb1\/2&Prime;][vc_empty_space height=\u00a0\u00bb80px\u00a0\u00bb][\/vc_column][vc_column width=\u00a0\u00bb1\/2&Prime;][vc_column_text]Nous sommes des\u00a0sp\u00e9cialistes du transport intermodal de marchandises ADR\u00a0des classes 3,4,5,6,8 et 9\u00a0et non-ADR,\u00a0avec une flotte de conteneurs\u00a0renouvel\u00e9e\u00a0 de 20\u2033 IsoTank, 25\u2033 SwapBody et 30\u2033 SwapBody. Gr\u00e2ce au transport Intermodal, qu&rsquo;il s&rsquo;agisse de produits ADR\u00a0ou\u00a0non-ADR,\u00a0nous r\u00e9duisons consid\u00e9rablement les \u00e9missions de CO2\u00a0par rapport au m\u00eame [&hellip;]\" \/>\n<meta property=\"og:url\" content=\"https:\/\/contank.com\/fr\/transport-de-liquides\/\" \/>\n<meta property=\"og:site_name\" content=\"Contank - Transporte ADR de l\u00edquidos intermodal\" \/>\n<meta property=\"article:modified_time\" content=\"2021-08-23T10:18:47+00:00\" \/>\n<meta name=\"twitter:card\" content=\"summary_large_image\" \/>\n<meta name=\"twitter:site\" content=\"@ContankSA\" \/>\n<meta name=\"twitter:label1\" content=\"Dur\u00e9e de lecture estim\u00e9e\" \/>\n\t<meta name=\"twitter:data1\" content=\"3 minutes\" \/>\n<script type=\"application\/ld+json\" class=\"yoast-schema-graph\">{\"@context\":\"https:\\\/\\\/schema.org\",\"@graph\":[{\"@type\":\"WebPage\",\"@id\":\"https:\\\/\\\/contank.com\\\/fr\\\/transport-de-liquides\\\/\",\"url\":\"https:\\\/\\\/contank.com\\\/fr\\\/transport-de-liquides\\\/\",\"name\":\"Transport de Liquides - Contank - Transporte ADR de l\u00edquidos intermodal\",\"isPartOf\":{\"@id\":\"https:\\\/\\\/contank.com\\\/#website\"},\"datePublished\":\"2021-05-25T15:36:04+00:00\",\"dateModified\":\"2021-08-23T10:18:47+00:00\",\"breadcrumb\":{\"@id\":\"https:\\\/\\\/contank.com\\\/fr\\\/transport-de-liquides\\\/#breadcrumb\"},\"inLanguage\":\"fr-FR\",\"potentialAction\":[{\"@type\":\"ReadAction\",\"target\":[\"https:\\\/\\\/contank.com\\\/fr\\\/transport-de-liquides\\\/\"]}]},{\"@type\":\"BreadcrumbList\",\"@id\":\"https:\\\/\\\/contank.com\\\/fr\\\/transport-de-liquides\\\/#breadcrumb\",\"itemListElement\":[{\"@type\":\"ListItem\",\"position\":1,\"name\":\"Portada\",\"item\":\"https:\\\/\\\/contank.com\\\/fr\\\/\"},{\"@type\":\"ListItem\",\"position\":2,\"name\":\"Transport de Liquides\"}]},{\"@type\":\"WebSite\",\"@id\":\"https:\\\/\\\/contank.com\\\/#website\",\"url\":\"https:\\\/\\\/contank.com\\\/\",\"name\":\"Contank - Transporte ADR Intermodal\",\"description\":\"Especialistas en Transporte ADR de L\u00edquidos en contenedores\",\"publisher\":{\"@id\":\"https:\\\/\\\/contank.com\\\/#organization\"},\"potentialAction\":[{\"@type\":\"SearchAction\",\"target\":{\"@type\":\"EntryPoint\",\"urlTemplate\":\"https:\\\/\\\/contank.com\\\/?s={search_term_string}\"},\"query-input\":{\"@type\":\"PropertyValueSpecification\",\"valueRequired\":true,\"valueName\":\"search_term_string\"}}],\"inLanguage\":\"fr-FR\"},{\"@type\":\"Organization\",\"@id\":\"https:\\\/\\\/contank.com\\\/#organization\",\"name\":\"Contank\",\"url\":\"https:\\\/\\\/contank.com\\\/\",\"logo\":{\"@type\":\"ImageObject\",\"inLanguage\":\"fr-FR\",\"@id\":\"https:\\\/\\\/contank.com\\\/#\\\/schema\\\/logo\\\/image\\\/\",\"url\":\"https:\\\/\\\/contank.com\\\/wp-content\\\/uploads\\\/2021\\\/05\\\/ck1.png\",\"contentUrl\":\"https:\\\/\\\/contank.com\\\/wp-content\\\/uploads\\\/2021\\\/05\\\/ck1.png\",\"width\":130,\"height\":72,\"caption\":\"Contank\"},\"image\":{\"@id\":\"https:\\\/\\\/contank.com\\\/#\\\/schema\\\/logo\\\/image\\\/\"},\"sameAs\":[\"https:\\\/\\\/x.com\\\/ContankSA\",\"https:\\\/\\\/www.instagram.com\\\/contank\\\/\",\"https:\\\/\\\/www.linkedin.com\\\/company\\\/11075598\\\/\"]}]}<\/script>\n<!-- \/ Yoast SEO plugin. -->","yoast_head_json":{"title":"Transport de Liquides - Contank - Transporte ADR de l\u00edquidos intermodal","robots":{"index":"index","follow":"follow","max-snippet":"max-snippet:-1","max-image-preview":"max-image-preview:large","max-video-preview":"max-video-preview:-1"},"canonical":"https:\/\/contank.com\/fr\/transport-de-liquides\/","og_locale":"fr_FR","og_type":"article","og_title":"Transport de Liquides - Contank - Transporte ADR de l\u00edquidos intermodal","og_description":"[vc_row][vc_column][vc_row_inner content_placement=\u00a0\u00bbmiddle\u00a0\u00bb][vc_column_inner width=\u00a0\u00bb1\/2&Prime;][\/vc_column_inner][vc_column_inner width=\u00a0\u00bb1\/2&Prime;][vc_single_image image=\u00a0\u00bb14556&Prime; img_size=\u00a0\u00bbfull\u00a0\u00bb alignment=\u00a0\u00bbcenter\u00a0\u00bb css_animation=\u00a0\u00bbfadeInDownBig\u00a0\u00bb][\/vc_column_inner][\/vc_row_inner][vc_empty_space height=\u00a0\u00bb62px\u00a0\u00bb][\/vc_column][\/vc_row][vc_row][vc_column width=\u00a0\u00bb1\/2&Prime;][vc_empty_space height=\u00a0\u00bb80px\u00a0\u00bb][\/vc_column][vc_column width=\u00a0\u00bb1\/2&Prime;][vc_column_text]Nous sommes des\u00a0sp\u00e9cialistes du transport intermodal de marchandises ADR\u00a0des classes 3,4,5,6,8 et 9\u00a0et non-ADR,\u00a0avec une flotte de conteneurs\u00a0renouvel\u00e9e\u00a0 de 20\u2033 IsoTank, 25\u2033 SwapBody et 30\u2033 SwapBody. Gr\u00e2ce au transport Intermodal, qu&rsquo;il s&rsquo;agisse de produits ADR\u00a0ou\u00a0non-ADR,\u00a0nous r\u00e9duisons consid\u00e9rablement les \u00e9missions de CO2\u00a0par rapport au m\u00eame [&hellip;]","og_url":"https:\/\/contank.com\/fr\/transport-de-liquides\/","og_site_name":"Contank - Transporte ADR de l\u00edquidos intermodal","article_modified_time":"2021-08-23T10:18:47+00:00","twitter_card":"summary_large_image","twitter_site":"@ContankSA","twitter_misc":{"Dur\u00e9e de lecture estim\u00e9e":"3 minutes"},"schema":{"@context":"https:\/\/schema.org","@graph":[{"@type":"WebPage","@id":"https:\/\/contank.com\/fr\/transport-de-liquides\/","url":"https:\/\/contank.com\/fr\/transport-de-liquides\/","name":"Transport de Liquides - Contank - Transporte ADR de l\u00edquidos intermodal","isPartOf":{"@id":"https:\/\/contank.com\/#website"},"datePublished":"2021-05-25T15:36:04+00:00","dateModified":"2021-08-23T10:18:47+00:00","breadcrumb":{"@id":"https:\/\/contank.com\/fr\/transport-de-liquides\/#breadcrumb"},"inLanguage":"fr-FR","potentialAction":[{"@type":"ReadAction","target":["https:\/\/contank.com\/fr\/transport-de-liquides\/"]}]},{"@type":"BreadcrumbList","@id":"https:\/\/contank.com\/fr\/transport-de-liquides\/#breadcrumb","itemListElement":[{"@type":"ListItem","position":1,"name":"Portada","item":"https:\/\/contank.com\/fr\/"},{"@type":"ListItem","position":2,"name":"Transport de Liquides"}]},{"@type":"WebSite","@id":"https:\/\/contank.com\/#website","url":"https:\/\/contank.com\/","name":"Contank - Transporte ADR Intermodal","description":"Especialistas en Transporte ADR de L\u00edquidos en contenedores","publisher":{"@id":"https:\/\/contank.com\/#organization"},"potentialAction":[{"@type":"SearchAction","target":{"@type":"EntryPoint","urlTemplate":"https:\/\/contank.com\/?s={search_term_string}"},"query-input":{"@type":"PropertyValueSpecification","valueRequired":true,"valueName":"search_term_string"}}],"inLanguage":"fr-FR"},{"@type":"Organization","@id":"https:\/\/contank.com\/#organization","name":"Contank","url":"https:\/\/contank.com\/","logo":{"@type":"ImageObject","inLanguage":"fr-FR","@id":"https:\/\/contank.com\/#\/schema\/logo\/image\/","url":"https:\/\/contank.com\/wp-content\/uploads\/2021\/05\/ck1.png","contentUrl":"https:\/\/contank.com\/wp-content\/uploads\/2021\/05\/ck1.png","width":130,"height":72,"caption":"Contank"},"image":{"@id":"https:\/\/contank.com\/#\/schema\/logo\/image\/"},"sameAs":["https:\/\/x.com\/ContankSA","https:\/\/www.instagram.com\/contank\/","https:\/\/www.linkedin.com\/company\/11075598\/"]}]}},"_links":{"self":[{"href":"https:\/\/contank.com\/fr\/wp-json\/wp\/v2\/pages\/14962","targetHints":{"allow":["GET"]}}],"collection":[{"href":"https:\/\/contank.com\/fr\/wp-json\/wp\/v2\/pages"}],"about":[{"href":"https:\/\/contank.com\/fr\/wp-json\/wp\/v2\/types\/page"}],"author":[{"embeddable":true,"href":"https:\/\/contank.com\/fr\/wp-json\/wp\/v2\/users\/1"}],"replies":[{"embeddable":true,"href":"https:\/\/contank.com\/fr\/wp-json\/wp\/v2\/comments?post=14962"}],"version-history":[{"count":2,"href":"https:\/\/contank.com\/fr\/wp-json\/wp\/v2\/pages\/14962\/revisions"}],"predecessor-version":[{"id":15305,"href":"https:\/\/contank.com\/fr\/wp-json\/wp\/v2\/pages\/14962\/revisions\/15305"}],"wp:attachment":[{"href":"https:\/\/contank.com\/fr\/wp-json\/wp\/v2\/media?parent=14962"}],"curies":[{"name":"wp","href":"https:\/\/api.w.org\/{rel}","templated":true}]}}