{"id":16796,"date":"2023-06-08T15:28:55","date_gmt":"2023-06-08T15:28:55","guid":{"rendered":"https:\/\/contank.com\/canal-de-denuncias\/"},"modified":"2026-04-29T07:54:19","modified_gmt":"2026-04-29T07:54:19","slug":"meldungs-und-vorschlagskanal-fur-csr","status":"publish","type":"page","link":"https:\/\/contank.com\/de\/meldungs-und-vorschlagskanal-fur-csr\/","title":{"rendered":"Meldungs- und Vorschlagskanal f\u00fcr CSR"},"content":{"rendered":"<div class=\"wpb-content-wrapper\"><p>[vc_row gap=&#8220;80&#8243; css=&#8220;.vc_custom_1530533604775{padding-top: 40px !important;padding-bottom: 40px !important;}&#8220;][vc_column animation_delay=&#8220;0&#8243; offset=&#8220;vc_col-lg-8 vc_col-md-8 vc_col-xs-12&#8243;]<h3 id=\"et-animated-title-1\" class=\"et-animated-title et-clearfix  words-direct\" data-mobile-font=\"24px\" data-tablet-font=\"32px\" data-delay=\"\" style=\"font-size:48px;font-weight:700;line-height:56px;color:#212121;\"><span class=\"text-wrapper\"><span class=\"text\">Meldungs- und Vorschlagskanal f\u00fcr CSR<\/span><\/span><\/h3><div class=\"gap et-clearfix \" style=\"height:2px\"><\/div><div class=\"gap et-clearfix \" style=\"height:32px\"><\/div><div class=\"et-simple-braket-block-wrapper\"><style>#et-simple-braket-block-1 .braket-text {font-size:24px;font-weight:400;line-height:32px;}#et-simple-braket-block-1 .braket > div  {background-color:#ffd23f;}<\/style><div id=\"et-simple-braket-block-1\" class=\"et-simple-braket-block \"><div class=\"braket\"><div><\/div><div><\/div><div><\/div><\/div><div class=\"braket-text\" data-mobile-font=\"inherit\" data-tablet-font=\"inherit\">Contank pr\u00e4sentiert seinen neuen Meldungs- und Vorschlagskanal f\u00fcr CSR. Sie k\u00f6nnen uns jetzt wertvolles Feedback geben und Vorf\u00e4lle schnell und vertraulich melden. Wir verpflichten uns zur Transparenz und kontinuierlichen Verbesserung unserer unternehmerischen sozialen Verantwortung. Ihre Stimme z\u00e4hlt!<\/div><\/div><\/div><div class=\"gap et-clearfix \" style=\"height:72px\"><\/div>[vc_btn title=&#8220;NEUE MITTEILUNG ERSTELLEN&#8220; color=&#8220;warning&#8220; align=&#8220;center&#8220; i_icon_fontawesome=&#8220;fas fa-plus&#8220; css_animation=&#8220;bounceIn&#8220; add_icon=&#8220;true&#8220; link=&#8220;url:https%3A%2F%2Fwww.ovetauki.com%2Fcanal%2Fgrupocontank|target:_blank&#8220;]<div class=\"gap et-clearfix \" style=\"height:72px\"><\/div><a target=\"_blank\" href=\"https:\/\/contank.com\/wp-content\/uploads\/2026\/04\/PoliticadelSistemaInternodeInformacion.pdf\" id=\"et-line-button-1\" style=\"color:#dd9933;\" class=\"et-line-button  modal-false false\"><span class=\"text\">Richtlinie zum internen Informationssystem<\/span><span style=\"\" class=\"line-before line\"><\/span><span style=\"\" class=\"line-after line\"><\/span><\/a><a target=\"_blank\" href=\"https:\/\/contank.com\/wp-content\/uploads\/2026\/04\/Protocolodelcanaldecomunicacion.pdf\" id=\"et-line-button-2\" style=\"color:#dd9933;\" class=\"et-line-button  modal-false false\"><span class=\"text\">Kommunikationskanal-Protokoll<\/span><span style=\"background-color:#ffffff;\" class=\"line-before line\"><\/span><span style=\"background-color:#ffffff;\" class=\"line-after line\"><\/span><\/a>[\/vc_column][vc_column animation_delay=&#8220;0&#8243; css=&#8220;.vc_custom_1532512947266{border-left-width: 1px !important;padding-left: 20% !important;border-left-color: #e0e0e0 !important;border-left-style: solid !important;border-radius: 1px !important;}&#8220; el_class=&#8220;et-element-column-with-border-left text767-align-center&#8220; offset=&#8220;vc_col-lg-4 vc_col-md-4 vc_col-xs-12&#8243;][vc_custom_heading text=&#8220;Folge uns in unseren sozialen Netzwerken!&#8220; font_container=&#8220;tag:h6|font_size:18px|text_align:left|line_height:32px&#8220; use_theme_fonts=&#8220;yes&#8220; el_class=&#8220;text767-align-center&#8220;]<div id=\"et-social-links-1\" class=\"et-social-links social-links et-clearfix full styling-original-false\"><style>#et-social-links-1 a {color:#212121;box-shadow:inset 0 0 0 2px #212121;border-radius:4px;}#et-social-links-1 a:hover {color:#fd8c40;box-shadow:inset 0 0 0 2px #fd8c40;}<\/style><a class=\"et-icon-google\" href=\"https:\/\/local.google.com\/place?id=5789000300570067704&#038;use=srp&#038;_ga=2.136648307.27580667.1620733826-719298591.1620733826\" target=\"_self\"><\/a><a class=\"et-icon-instagram\" href=\"https:\/\/www.instagram.com\/contank\" target=\"_self\"><\/a><a class=\"et-icon-twitter\" href=\"https:\/\/twitter.com\/ContankSA\" target=\"_self\"><\/a><a class=\"et-icon-linkedin\" href=\"https:\/\/es.linkedin.com\/company\/contank\" target=\"_self\"><\/a><\/div><div class=\"gap et-clearfix \" style=\"height:56px\"><\/div>[\/vc_column][\/vc_row]<\/p>\n<\/div>","protected":false},"excerpt":{"rendered":"<p>[vc_row gap=&#8220;80&#8243; css=&#8220;.vc_custom_1530533604775{padding-top: 40px !important;padding-bottom: 40px !important;}&#8220;][vc_column animation_delay=&#8220;0&#8243; offset=&#8220;vc_col-lg-8 vc_col-md-8 vc_col-xs-12&#8243;][vc_btn title=&#8220;NEUE MITTEILUNG ERSTELLEN&#8220; color=&#8220;warning&#8220; align=&#8220;center&#8220; i_icon_fontawesome=&#8220;fas fa-plus&#8220; css_animation=&#8220;bounceIn&#8220; add_icon=&#8220;true&#8220; link=&#8220;url:https%3A%2F%2Fwww.ovetauki.com%2Fcanal%2Fgrupocontank|target:_blank&#8220;][\/vc_column][vc_column animation_delay=&#8220;0&#8243; css=&#8220;.vc_custom_1532512947266{border-left-width: 1px !important;padding-left: 20% !important;border-left-color: #e0e0e0 !important;border-left-style: solid !important;border-radius: 1px !important;}&#8220; el_class=&#8220;et-element-column-with-border-left text767-align-center&#8220; offset=&#8220;vc_col-lg-4 vc_col-md-4 vc_col-xs-12&#8243;][vc_custom_heading text=&#8220;Folge uns in unseren sozialen Netzwerken!&#8220; font_container=&#8220;tag:h6|font_size:18px|text_align:left|line_height:32px&#8220; use_theme_fonts=&#8220;yes&#8220; el_class=&#8220;text767-align-center&#8220;][\/vc_column][\/vc_row]<\/p>\n","protected":false},"author":1,"featured_media":0,"parent":0,"menu_order":0,"comment_status":"closed","ping_status":"closed","template":"","meta":{"footnotes":""},"class_list":["post-16796","page","type-page","status-publish","hentry"],"yoast_head":"<!-- This site is optimized with the Yoast SEO plugin v27.5 - https:\/\/yoast.com\/product\/yoast-seo-wordpress\/ -->\n<title>Meldungs- und Vorschlagskanal f\u00fcr CSR - Contank - Transporte ADR de l\u00edquidos intermodal<\/title>\n<meta name=\"robots\" content=\"index, follow, max-snippet:-1, max-image-preview:large, max-video-preview:-1\" \/>\n<link rel=\"canonical\" href=\"https:\/\/contank.com\/de\/meldungs-und-vorschlagskanal-fur-csr\/\" \/>\n<meta property=\"og:locale\" content=\"de_DE\" \/>\n<meta property=\"og:type\" content=\"article\" \/>\n<meta property=\"og:title\" content=\"Meldungs- und Vorschlagskanal f\u00fcr CSR - Contank - Transporte ADR de l\u00edquidos intermodal\" \/>\n<meta property=\"og:description\" content=\"[vc_row gap=&#8220;80&#8243; css=&#8220;.vc_custom_1530533604775{padding-top: 40px !important;padding-bottom: 40px !important;}&#8220;][vc_column animation_delay=&#8220;0&#8243; offset=&#8220;vc_col-lg-8 vc_col-md-8 vc_col-xs-12&#8243;][vc_btn title=&#8220;NEUE MITTEILUNG ERSTELLEN&#8220; color=&#8220;warning&#8220; align=&#8220;center&#8220; i_icon_fontawesome=&#8220;fas fa-plus&#8220; css_animation=&#8220;bounceIn&#8220; add_icon=&#8220;true&#8220; link=&#8220;url:https%3A%2F%2Fwww.ovetauki.com%2Fcanal%2Fgrupocontank|target:_blank&#8220;][\/vc_column][vc_column animation_delay=&#8220;0&#8243; css=&#8220;.vc_custom_1532512947266{border-left-width: 1px !important;padding-left: 20% !important;border-left-color: #e0e0e0 !important;border-left-style: solid !important;border-radius: 1px !important;}&#8220; el_class=&#8220;et-element-column-with-border-left text767-align-center&#8220; offset=&#8220;vc_col-lg-4 vc_col-md-4 vc_col-xs-12&#8243;][vc_custom_heading text=&#8220;Folge uns in unseren sozialen Netzwerken!&#8220; font_container=&#8220;tag:h6|font_size:18px|text_align:left|line_height:32px&#8220; use_theme_fonts=&#8220;yes&#8220; el_class=&#8220;text767-align-center&#8220;][\/vc_column][\/vc_row]\" \/>\n<meta property=\"og:url\" content=\"https:\/\/contank.com\/de\/meldungs-und-vorschlagskanal-fur-csr\/\" \/>\n<meta property=\"og:site_name\" content=\"Contank - Transporte ADR de l\u00edquidos intermodal\" \/>\n<meta property=\"article:modified_time\" content=\"2026-04-29T07:54:19+00:00\" \/>\n<meta name=\"twitter:card\" content=\"summary_large_image\" \/>\n<meta name=\"twitter:site\" content=\"@ContankSA\" \/>\n<meta name=\"twitter:label1\" content=\"Gesch\u00e4tzte Lesezeit\" \/>\n\t<meta name=\"twitter:data1\" content=\"1\u00a0Minute\" \/>\n<script type=\"application\/ld+json\" class=\"yoast-schema-graph\">{\"@context\":\"https:\\\/\\\/schema.org\",\"@graph\":[{\"@type\":\"WebPage\",\"@id\":\"https:\\\/\\\/contank.com\\\/de\\\/meldungs-und-vorschlagskanal-fur-csr\\\/\",\"url\":\"https:\\\/\\\/contank.com\\\/de\\\/meldungs-und-vorschlagskanal-fur-csr\\\/\",\"name\":\"Meldungs- und Vorschlagskanal f\u00fcr CSR - Contank - Transporte ADR de l\u00edquidos intermodal\",\"isPartOf\":{\"@id\":\"https:\\\/\\\/contank.com\\\/#website\"},\"datePublished\":\"2023-06-08T15:28:55+00:00\",\"dateModified\":\"2026-04-29T07:54:19+00:00\",\"breadcrumb\":{\"@id\":\"https:\\\/\\\/contank.com\\\/de\\\/meldungs-und-vorschlagskanal-fur-csr\\\/#breadcrumb\"},\"inLanguage\":\"de\",\"potentialAction\":[{\"@type\":\"ReadAction\",\"target\":[\"https:\\\/\\\/contank.com\\\/de\\\/meldungs-und-vorschlagskanal-fur-csr\\\/\"]}]},{\"@type\":\"BreadcrumbList\",\"@id\":\"https:\\\/\\\/contank.com\\\/de\\\/meldungs-und-vorschlagskanal-fur-csr\\\/#breadcrumb\",\"itemListElement\":[{\"@type\":\"ListItem\",\"position\":1,\"name\":\"Portada\",\"item\":\"https:\\\/\\\/contank.com\\\/de\\\/\"},{\"@type\":\"ListItem\",\"position\":2,\"name\":\"Meldungs- und Vorschlagskanal f\u00fcr CSR\"}]},{\"@type\":\"WebSite\",\"@id\":\"https:\\\/\\\/contank.com\\\/#website\",\"url\":\"https:\\\/\\\/contank.com\\\/\",\"name\":\"Contank - Transporte ADR Intermodal\",\"description\":\"Especialistas en Transporte ADR de L\u00edquidos en contenedores\",\"publisher\":{\"@id\":\"https:\\\/\\\/contank.com\\\/#organization\"},\"potentialAction\":[{\"@type\":\"SearchAction\",\"target\":{\"@type\":\"EntryPoint\",\"urlTemplate\":\"https:\\\/\\\/contank.com\\\/?s={search_term_string}\"},\"query-input\":{\"@type\":\"PropertyValueSpecification\",\"valueRequired\":true,\"valueName\":\"search_term_string\"}}],\"inLanguage\":\"de\"},{\"@type\":\"Organization\",\"@id\":\"https:\\\/\\\/contank.com\\\/#organization\",\"name\":\"Contank\",\"url\":\"https:\\\/\\\/contank.com\\\/\",\"logo\":{\"@type\":\"ImageObject\",\"inLanguage\":\"de\",\"@id\":\"https:\\\/\\\/contank.com\\\/#\\\/schema\\\/logo\\\/image\\\/\",\"url\":\"https:\\\/\\\/contank.com\\\/wp-content\\\/uploads\\\/2021\\\/05\\\/ck1.png\",\"contentUrl\":\"https:\\\/\\\/contank.com\\\/wp-content\\\/uploads\\\/2021\\\/05\\\/ck1.png\",\"width\":130,\"height\":72,\"caption\":\"Contank\"},\"image\":{\"@id\":\"https:\\\/\\\/contank.com\\\/#\\\/schema\\\/logo\\\/image\\\/\"},\"sameAs\":[\"https:\\\/\\\/x.com\\\/ContankSA\",\"https:\\\/\\\/www.instagram.com\\\/contank\\\/\",\"https:\\\/\\\/www.linkedin.com\\\/company\\\/11075598\\\/\"]}]}<\/script>\n<!-- \/ Yoast SEO plugin. -->","yoast_head_json":{"title":"Meldungs- und Vorschlagskanal f\u00fcr CSR - Contank - Transporte ADR de l\u00edquidos intermodal","robots":{"index":"index","follow":"follow","max-snippet":"max-snippet:-1","max-image-preview":"max-image-preview:large","max-video-preview":"max-video-preview:-1"},"canonical":"https:\/\/contank.com\/de\/meldungs-und-vorschlagskanal-fur-csr\/","og_locale":"de_DE","og_type":"article","og_title":"Meldungs- und Vorschlagskanal f\u00fcr CSR - Contank - Transporte ADR de l\u00edquidos intermodal","og_description":"[vc_row gap=&#8220;80&#8243; css=&#8220;.vc_custom_1530533604775{padding-top: 40px !important;padding-bottom: 40px !important;}&#8220;][vc_column animation_delay=&#8220;0&#8243; offset=&#8220;vc_col-lg-8 vc_col-md-8 vc_col-xs-12&#8243;][vc_btn title=&#8220;NEUE MITTEILUNG ERSTELLEN&#8220; color=&#8220;warning&#8220; align=&#8220;center&#8220; i_icon_fontawesome=&#8220;fas fa-plus&#8220; css_animation=&#8220;bounceIn&#8220; add_icon=&#8220;true&#8220; link=&#8220;url:https%3A%2F%2Fwww.ovetauki.com%2Fcanal%2Fgrupocontank|target:_blank&#8220;][\/vc_column][vc_column animation_delay=&#8220;0&#8243; css=&#8220;.vc_custom_1532512947266{border-left-width: 1px !important;padding-left: 20% !important;border-left-color: #e0e0e0 !important;border-left-style: solid !important;border-radius: 1px !important;}&#8220; el_class=&#8220;et-element-column-with-border-left text767-align-center&#8220; offset=&#8220;vc_col-lg-4 vc_col-md-4 vc_col-xs-12&#8243;][vc_custom_heading text=&#8220;Folge uns in unseren sozialen Netzwerken!&#8220; font_container=&#8220;tag:h6|font_size:18px|text_align:left|line_height:32px&#8220; use_theme_fonts=&#8220;yes&#8220; el_class=&#8220;text767-align-center&#8220;][\/vc_column][\/vc_row]","og_url":"https:\/\/contank.com\/de\/meldungs-und-vorschlagskanal-fur-csr\/","og_site_name":"Contank - Transporte ADR de l\u00edquidos intermodal","article_modified_time":"2026-04-29T07:54:19+00:00","twitter_card":"summary_large_image","twitter_site":"@ContankSA","twitter_misc":{"Gesch\u00e4tzte Lesezeit":"1\u00a0Minute"},"schema":{"@context":"https:\/\/schema.org","@graph":[{"@type":"WebPage","@id":"https:\/\/contank.com\/de\/meldungs-und-vorschlagskanal-fur-csr\/","url":"https:\/\/contank.com\/de\/meldungs-und-vorschlagskanal-fur-csr\/","name":"Meldungs- und Vorschlagskanal f\u00fcr CSR - Contank - Transporte ADR de l\u00edquidos intermodal","isPartOf":{"@id":"https:\/\/contank.com\/#website"},"datePublished":"2023-06-08T15:28:55+00:00","dateModified":"2026-04-29T07:54:19+00:00","breadcrumb":{"@id":"https:\/\/contank.com\/de\/meldungs-und-vorschlagskanal-fur-csr\/#breadcrumb"},"inLanguage":"de","potentialAction":[{"@type":"ReadAction","target":["https:\/\/contank.com\/de\/meldungs-und-vorschlagskanal-fur-csr\/"]}]},{"@type":"BreadcrumbList","@id":"https:\/\/contank.com\/de\/meldungs-und-vorschlagskanal-fur-csr\/#breadcrumb","itemListElement":[{"@type":"ListItem","position":1,"name":"Portada","item":"https:\/\/contank.com\/de\/"},{"@type":"ListItem","position":2,"name":"Meldungs- und Vorschlagskanal f\u00fcr CSR"}]},{"@type":"WebSite","@id":"https:\/\/contank.com\/#website","url":"https:\/\/contank.com\/","name":"Contank - Transporte ADR Intermodal","description":"Especialistas en Transporte ADR de L\u00edquidos en contenedores","publisher":{"@id":"https:\/\/contank.com\/#organization"},"potentialAction":[{"@type":"SearchAction","target":{"@type":"EntryPoint","urlTemplate":"https:\/\/contank.com\/?s={search_term_string}"},"query-input":{"@type":"PropertyValueSpecification","valueRequired":true,"valueName":"search_term_string"}}],"inLanguage":"de"},{"@type":"Organization","@id":"https:\/\/contank.com\/#organization","name":"Contank","url":"https:\/\/contank.com\/","logo":{"@type":"ImageObject","inLanguage":"de","@id":"https:\/\/contank.com\/#\/schema\/logo\/image\/","url":"https:\/\/contank.com\/wp-content\/uploads\/2021\/05\/ck1.png","contentUrl":"https:\/\/contank.com\/wp-content\/uploads\/2021\/05\/ck1.png","width":130,"height":72,"caption":"Contank"},"image":{"@id":"https:\/\/contank.com\/#\/schema\/logo\/image\/"},"sameAs":["https:\/\/x.com\/ContankSA","https:\/\/www.instagram.com\/contank\/","https:\/\/www.linkedin.com\/company\/11075598\/"]}]}},"_links":{"self":[{"href":"https:\/\/contank.com\/de\/wp-json\/wp\/v2\/pages\/16796","targetHints":{"allow":["GET"]}}],"collection":[{"href":"https:\/\/contank.com\/de\/wp-json\/wp\/v2\/pages"}],"about":[{"href":"https:\/\/contank.com\/de\/wp-json\/wp\/v2\/types\/page"}],"author":[{"embeddable":true,"href":"https:\/\/contank.com\/de\/wp-json\/wp\/v2\/users\/1"}],"replies":[{"embeddable":true,"href":"https:\/\/contank.com\/de\/wp-json\/wp\/v2\/comments?post=16796"}],"version-history":[{"count":4,"href":"https:\/\/contank.com\/de\/wp-json\/wp\/v2\/pages\/16796\/revisions"}],"predecessor-version":[{"id":16897,"href":"https:\/\/contank.com\/de\/wp-json\/wp\/v2\/pages\/16796\/revisions\/16897"}],"wp:attachment":[{"href":"https:\/\/contank.com\/de\/wp-json\/wp\/v2\/media?parent=16796"}],"curies":[{"name":"wp","href":"https:\/\/api.w.org\/{rel}","templated":true}]}}