{"id":15101,"date":"2021-05-10T15:14:12","date_gmt":"2021-05-10T15:14:12","guid":{"rendered":"https:\/\/contank.com\/politica-de-privacidad\/"},"modified":"2021-08-23T10:22:54","modified_gmt":"2021-08-23T10:22:54","slug":"datenschutzerklarung","status":"publish","type":"page","link":"https:\/\/contank.com\/de\/datenschutzerklarung\/","title":{"rendered":"Datenschutzerkl\u00e4rung"},"content":{"rendered":"\r\n<p>DATENSCHUTZ-BESTIMMUNGEN<\/p>\r\n<p><br \/>Durch diese Datenschutzerkl\u00e4rung von CONTANK, S.A. du willst alle informieren<br \/>Personen, die auf der Website www.contank.com surfen und darauf zugreifen, \u00fcber die Datenverarbeitung<br \/>Personal durchgef\u00fchrt.<\/p>\r\n<p><br \/>Der Zugang zur Website erfordert keine vorherige Registrierung. Bevor Sie eine Anfrage f\u00fcr<br \/>Informationen \u00fcber das Kontaktformular auf dieser Website, muss der Benutzer die<br \/>Datenschutzerkl\u00e4rung, um eine ausdr\u00fcckliche und informierte Zustimmung der<br \/>Verarbeitung der Daten zu den angegebenen Zwecken.<\/p>\r\n<p><br \/>CONTANK, S.A., gem\u00e4\u00df Verordnung (EU) 2016\/679 vom 27. April 2016,<br \/>zum Schutz nat\u00fcrlicher Personen bei der Datenverarbeitung<br \/>personenbezogenen Daten und den freien Verkehr dieser Daten sowie mit dem Organgesetz 3\/2018 vom 5.<br \/>Dezember, Schutz personenbezogener Daten und Gew\u00e4hrleistung der digitalen Rechte, as<br \/>Verantwortlich f\u00fcr die Verarbeitung der bereitgestellten personenbezogenen Daten ist Folgendes:<br \/>Information:<\/p>\r\n<p><br \/>Verantwortlich f\u00fcr die Behandlung:<br \/>\uf0a7 Firmenname: CONTANK, S.A.<br \/>\uf0a7 NIF: A08957912<br \/>\uf0a7 Adresse: Trav. de Ca n&#8217;Estape, 5-7 &#8211; 08755 Castellbisbal (Barcelona)<br \/>\uf0a7 Telefon: 937089600<br \/>\uf0a7 E-Mail: rgpd@contank.com<\/p>\r\n<p><br \/>Anwendungsbereich<br \/>Diese Richtlinie gilt:<br \/>\uf0b7 F\u00fcr diejenigen, die die Contank-Website www.contank.com besuchen<br \/>\uf0b7 An diejenigen, die sich freiwillig per Post an Contank wenden<br \/>Senden Sie eine E-Mail, chatten Sie oder f\u00fcllen Sie eines der Formulare zum Sammeln aus<br \/>auf der Contank-Website ver\u00f6ffentlichte Daten<br \/>\uf0b7 F\u00fcr diejenigen, die Informationen \u00fcber die Produkte und Dienstleistungen von Contank anfordern oder die<br \/>Aufforderung zur Teilnahme an kommerziellen Aktionen von Contank.<br \/>\uf0b7 An diejenigen, die ein Vertragsverh\u00e4ltnis mit Contank durch Vertragsabschluss formalisieren<br \/>Ihre Produkte und Dienstleistungen.<br \/>\uf0b7 F\u00fcr diejenigen, die einen anderen auf der Website vorhandenen Dienst nutzen, der die<br \/>\u00dcbermittlung von Daten an Contank oder Zugriff auf Daten durch Contank zur Bereitstellung<br \/>ihrer Dienste.<br \/>\uf0b7 An alle anderen, die direkt oder indirekt ihre Zustimmung gegeben haben<br \/>ausdr\u00fccklich f\u00fcr die Verarbeitung Ihrer Daten durch Contank f\u00fcr einen der<br \/>Zwecke, die in dieser Richtlinie enthalten sind.<\/p>\r\n<p>Zweck der Behandlung: Wir behandeln die Daten und Informationen, die uns Menschen zur Verf\u00fcgung stellen<br \/>interessiert, um:<\/p>\r\n<p>&nbsp;<\/p>\r\n<p>\uf0b7 Bei Versand einer E-Mail an Contank oder einer Mitteilung von<br \/>personenbezogene Daten auf andere Weise, wie z<br \/>Kontakt, den Zweck der Erhebung und Verarbeitung dieser Daten durch Contank<br \/>Es ist die Aufmerksamkeit der Anfragen und Auskunftsersuchen, die \u00fcber die<br \/>Contank-Produkte und Dienstleistungen.<\/p>\r\n<p><br \/>\uf0b7 Beim Senden einer E-Mail an Contank im Zusammenhang mit seinen Angeboten von<br \/>Besch\u00e4ftigung, diese Daten werden zur Teilnahme an den Auswahlverfahren verarbeitet<br \/>von pers\u00f6nlich.<\/p>\r\n<p><br \/>\uf0b7 Bei Contank-Formularen, die Interessenten zur Teilnahme ausf\u00fcllen<br \/>bei allen kommerziellen Aktionen von Contank besteht der Zweck darin,<br \/>diese Teilnahme sowie das Versenden von kommerziellen und Werbemitteilungen<br \/>\u00fcber Contank-Leistungen, es sei denn, der Interessent erkl\u00e4rt ausdr\u00fccklich seine<br \/>Widerspruch gegen die Erhebung Ihrer Daten. Ungeachtet des Vorstehenden ist die<br \/>Der Interessent kann seine Entscheidung jederzeit \u00e4ndern, so oft wie<br \/>w\u00fcnschen, \u00fcber die von Contank hierf\u00fcr bereitgestellten Mittel.<\/p>\r\n<p><br \/>\uf0b7 Bei Beauftragung der von Contank angebotenen Dienstleistungen nur<br \/>diejenigen personenbezogenen Daten, die f\u00fcr die Begr\u00fcndung der Beziehung erforderlich waren<br \/>vertraglich und erm\u00f6glichen die Erbringung von Dienstleistungen und deren Verg\u00fctung durch<br \/>Teil der Kunden, wobei diese Daten erhoben und verarbeitet werden mit:<br \/>Zwecke:<\/p>\r\n<p><br \/>\uf0b7 Der Hauptzweck wird die Aufrechterhaltung des Vertragsverh\u00e4ltnisses sein<br \/>die mit dem Kunden in \u00dcbereinstimmung mit der Art und<br \/>Merkmale der vertraglich vereinbarten Dienstleistungen, Kontaktaufnahme mit Contank mit dem Kunden<br \/>\u00dcber die hier angegebene E-Mail-Adresse, Telefon oder auf andere Weise<br \/>neueste.<\/p>\r\n<p><br \/>\uf0b7 Um Dokumentation und Informationen zu Dienstleistungen zu senden<br \/>vertraglich vereinbart, sowie f\u00fcr die Versendung von kommerziellen Mitteilungen und<br \/>Werbung \u00fcber sie oder \u00e4hnliche von Contank, durch<br \/>per Post, E-Mail, Telefon, SMS oder auf andere vom Kunden angegebene Weise,<br \/>Es sei denn, er erkl\u00e4rt gleichzeitig ausdr\u00fccklich seinen Widerspruch<br \/>die Anstellung. Unabh\u00e4ngig davon, ob sich der Kunde f\u00fcr den Empfang entschieden hat oder nicht<br \/>kommerziellen Informationen von Contank kann der Kunde seine Entscheidung in<br \/>jederzeit und so oft Sie m\u00f6chten, durch die Sektion<br \/>spezifisch daf\u00fcr in Ihrem Kundenbereich verf\u00fcgbar.<\/p>\r\n<p><br \/>\uf0b7 Zur Pflege historischer Aufzeichnungen \u00fcber Gesch\u00e4ftsbeziehungen<br \/>w\u00e4hrend der gesetzlich festgelegten Fristen.<\/p>\r\n<p><br \/>\uf0b7 In den F\u00e4llen, in denen Contank auf personenbezogene Daten zugreifen und\/oder diese verarbeiten muss<br \/>bez\u00fcglich derer der Kunde die Bedingung hatte, verantwortlich zu sein oder<br \/>Verantwortlich f\u00fcr die Behandlung wird Contank diese Daten wie<br \/>Datenverantwortlicher gem\u00e4\u00df den Bestimmungen von Artikel 28 der RGPD und<br \/>gem\u00e4\u00df den Angaben im Abschnitt \u201eContank as\u201c<br \/>f\u00fcr die Behandlung verantwortlich \u201c, in dieser Richtlinie enthalten.<\/p>\r\n<p><br \/>\uf0b7 In \u00dcbereinstimmung mit den Bestimmungen des Gesetzes 25\/2007 vom 18. Oktober \u00fcber<br \/>Aufbewahrung von Daten im Zusammenhang mit elektronischer Kommunikation und<br \/>\u00f6ffentlichen Kommunikationsnetzen informiert Contank den Benutzer, dass<br \/>wird fortfahren, bestimmte generierte Verkehrsdaten zu speichern und zu speichern<br \/>bei der Entwicklung der Kommunikation sowie gegebenenfalls zur Kommunikation<br \/>diese Daten an die zust\u00e4ndigen Stellen, sofern die<br \/>rechtliche Umst\u00e4nde, die in diesem Gesetz vorgesehen sind.<\/p>\r\n<p>\uf0b7 F\u00fcr alle anderen Zwecke, die ausdr\u00fccklich erscheinen<br \/>in den spezifischen Bedingungen enthalten sind, die f\u00fcr das Produkt gelten, oder<br \/>entsprechende Serviceleistung, die vom Kunden beauftragt und ausdr\u00fccklich akzeptiert wurde<br \/>daf\u00fcr.<\/p>\r\n<p>&nbsp;<\/p>\r\n<p>Legitimation: Die Verarbeitung dieser Daten wird durch die Erf\u00fcllung der Verpflichtungen legitimiert<br \/>vertraglich und\/oder gesch\u00e4ftlich.<br \/>Datenaufbewahrungskriterien: Die Daten werden nicht l\u00e4nger als<br \/>erforderlich, f\u00fcr die sie erhoben wurden, es sei denn, es besteht eine gesetzliche Verpflichtung.<br \/>Weitergabe der Daten: Sie werden nicht an andere Dritte weitergegeben, au\u00dfer bei gesetzlicher Verpflichtung oder<br \/>mit ausdr\u00fccklicher Zustimmung des Interessenten.<\/p>\r\n<p><br \/>Empf\u00e4nger personenbezogener Daten<br \/>Die Empf\u00e4nger der von Contank erhobenen personenbezogenen Daten sind die folgenden:<br \/>\uf0b7 eigene Mitarbeiter von Contank bei der Erf\u00fcllung ihrer Aufgaben.<br \/>\uf0b7 Lieferanten von Contank, die an der Erbringung von Dienstleistungen beteiligt sind, in den<br \/>wenn dies zu deren Bereitstellung erforderlich ist.<br \/>\uf0b7 Die Unternehmen, die Mitglieder der Unternehmensgruppe sind, zu der Contank geh\u00f6rt,<br \/>verstanden dies im Sinne von Artikel 42 des Handelsgesetzbuches, dessen T\u00e4tigkeit darin besteht<br \/>die Kommerzialisierung von Dienstleistungen gleicher oder analoger Art, die von . angeboten werden<br \/>Beh\u00e4lter,<br \/>\uf0b7 Die Justiz- oder Verwaltungsorgane sowie die Sicherheitskr\u00e4fte und -organe<br \/>des Staates, falls Contank nach geltendem Recht erforderlich ist<br \/>um Informationen \u00fcber seine Kunden und seine Dienstleistungen bereitzustellen.<br \/>\uf0b7 Alle anderen, die aufgrund der Art des Dienstes auf die Daten zugreifen m\u00fcssen<br \/>bereitgestellt, wie in den Besonderen Bedingungen beschrieben, die<br \/>der Anwendung auf das entsprechende vom Kunden in Auftrag gegebene Produkt oder die entsprechende Dienstleistung und<br \/>von diesem ausdr\u00fccklich akzeptiert.<\/p>\r\n<p><br \/>Internationale Daten\u00fcbertragungen: Es werden keine internationalen Daten\u00fcbertragungen vorgenommen.<br \/>Daten in Drittstaaten au\u00dferhalb der Europ\u00e4ischen Union.<br \/>Rechte, die der interessierten Partei helfen: Die interessierte Partei hat das Recht, die Einwilligung in<br \/>jeder Moment. Ebenso informieren wir Sie, dass Sie Ihre Zugriffsrechte aus\u00fcben k\u00f6nnen,<br \/>Berichtigung und L\u00f6schung (Recht auf Vergessenwerden), Datenbeschr\u00e4nkung, Daten\u00fcbertragbarkeit und<br \/>Widerspruch, einen Brief an Trav. Von Ca n&#8217;Estape, 5-7 &#8211; 08755 Castellbisbal (Barcelona), oder<br \/>E-Mail an rgpd@contank.com<\/p>\r\n<p><br \/>Ebenso wird der Interessent dar\u00fcber informiert, dass er die Einwilligung zum Versand widerrufen kann<br \/>kommerzielle Mitteilungen per E-Mail an rgpd@contank.com<br \/>Die betroffene Person kann diesbez\u00fcglich eine Beschwerde bei der Aufsichtsbeh\u00f6rde einreichen<br \/>zust\u00e4ndige Datenschutzbeh\u00f6rde, derzeit die spanische Agentur zum Schutz von<br \/>Data (AEPD), \u00fcber seine elektronische Zentrale: www.sedeagpd.gob.es\/sede-electronica-web, oder<br \/>per Brief an C \/ Jorge Juan n\u00ba6 &#8211; 28001 MADRID.<br \/>M\u00fcssen alle im Kontaktbereich angeforderten Informationen angegeben werden?<\/p>\r\n<p><br \/>In Bezug auf die Formulare auf der Website muss der Benutzer die als . gekennzeichneten Formulare ausf\u00fcllen<br \/>&#8222;erforderlich&#8220;. Wenn die erforderlichen personenbezogenen Daten nicht oder nur teilweise ausgef\u00fcllt werden, kann dies bedeuten:<br \/>dass CONTANK, S.A. Ihre Anfragen nicht erf\u00fcllen kann und CONTANK, S.A.<br \/>wird von jeglicher Verantwortung f\u00fcr die Nichtbereitstellung oder unvollst\u00e4ndige Bereitstellung von<br \/>die angeforderten Dienste.<\/p>\r\n<p><br \/>Die personenbezogenen Daten, die der Nutzer CONTANK, S.A. sie m\u00fcssen aktuell sein, damit<br \/>die Informationen in den Aufzeichnungen sind aktuell und fehlerfrei. Der Benutzer wird f\u00fcr die Richtigkeit antworten<br \/>der bereitgestellten Daten.<\/p>\r\n<p><br \/>Welche Sicherheitsma\u00dfnahmen setzt das Unternehmen ein?<\/p>\r\n<p><br \/>CONTANK, S.A. weist darauf hin, dass die Verarbeitung personenbezogener Daten insgesamt erfolgt<br \/>Zeitpunkt gem\u00e4\u00df den geltenden Datenschutzbestimmungen und<br \/>Dienste der Informationsgesellschaft.<br \/>CONTANK, S.A. hat technische und organisatorische Sicherheitsma\u00dfnahmen umgesetzt<br \/>notwendig, um die Sicherheit der personenbezogenen Daten des Benutzers zu gew\u00e4hrleisten und deren<br \/>\u00c4nderung, Verlust, Behandlung und \/ oder unbefugter Zugriff je nach Status der<br \/>Technologie, die Art der gespeicherten Daten und die Risiken, denen sie ausgesetzt sind, und<br \/>durch menschliches Handeln oder die physische oder nat\u00fcrliche Umwelt stammen, in \u00dcbereinstimmung mit den Bestimmungen in der<br \/>geltenden Vorschriften.<\/p>\r\n","protected":false},"excerpt":{"rendered":"<p>DATENSCHUTZ-BESTIMMUNGEN Durch diese Datenschutzerkl\u00e4rung von CONTANK, S.A. du willst alle informierenPersonen, die auf der Website www.contank.com surfen und darauf zugreifen, \u00fcber die DatenverarbeitungPersonal durchgef\u00fchrt. Der Zugang zur Website erfordert keine vorherige Registrierung. Bevor Sie eine Anfrage f\u00fcrInformationen \u00fcber das Kontaktformular auf dieser Website, muss der Benutzer dieDatenschutzerkl\u00e4rung, um eine ausdr\u00fcckliche und informierte Zustimmung derVerarbeitung der [&hellip;]<\/p>\n","protected":false},"author":1,"featured_media":0,"parent":0,"menu_order":0,"comment_status":"closed","ping_status":"closed","template":"","meta":{"footnotes":""},"class_list":["post-15101","page","type-page","status-publish","hentry"],"yoast_head":"<!-- This site is optimized with the Yoast SEO plugin v27.3 - https:\/\/yoast.com\/product\/yoast-seo-wordpress\/ -->\n<title>Datenschutzerkl\u00e4rung - Contank - Transporte ADR de l\u00edquidos intermodal<\/title>\n<meta name=\"robots\" content=\"index, follow, max-snippet:-1, max-image-preview:large, max-video-preview:-1\" \/>\n<link rel=\"canonical\" href=\"https:\/\/contank.com\/de\/datenschutzerklarung\/\" \/>\n<meta property=\"og:locale\" content=\"de_DE\" \/>\n<meta property=\"og:type\" content=\"article\" \/>\n<meta property=\"og:title\" content=\"Datenschutzerkl\u00e4rung - Contank - Transporte ADR de l\u00edquidos intermodal\" \/>\n<meta property=\"og:description\" content=\"DATENSCHUTZ-BESTIMMUNGEN Durch diese Datenschutzerkl\u00e4rung von CONTANK, S.A. du willst alle informierenPersonen, die auf der Website www.contank.com surfen und darauf zugreifen, \u00fcber die DatenverarbeitungPersonal durchgef\u00fchrt. Der Zugang zur Website erfordert keine vorherige Registrierung. Bevor Sie eine Anfrage f\u00fcrInformationen \u00fcber das Kontaktformular auf dieser Website, muss der Benutzer dieDatenschutzerkl\u00e4rung, um eine ausdr\u00fcckliche und informierte Zustimmung derVerarbeitung der [&hellip;]\" \/>\n<meta property=\"og:url\" content=\"https:\/\/contank.com\/de\/datenschutzerklarung\/\" \/>\n<meta property=\"og:site_name\" content=\"Contank - Transporte ADR de l\u00edquidos intermodal\" \/>\n<meta property=\"article:modified_time\" content=\"2021-08-23T10:22:54+00:00\" \/>\n<meta name=\"twitter:card\" content=\"summary_large_image\" \/>\n<meta name=\"twitter:site\" content=\"@ContankSA\" \/>\n<meta name=\"twitter:label1\" content=\"Gesch\u00e4tzte Lesezeit\" \/>\n\t<meta name=\"twitter:data1\" content=\"6\u00a0Minuten\" \/>\n<script type=\"application\/ld+json\" class=\"yoast-schema-graph\">{\"@context\":\"https:\\\/\\\/schema.org\",\"@graph\":[{\"@type\":\"WebPage\",\"@id\":\"https:\\\/\\\/contank.com\\\/de\\\/datenschutzerklarung\\\/\",\"url\":\"https:\\\/\\\/contank.com\\\/de\\\/datenschutzerklarung\\\/\",\"name\":\"Datenschutzerkl\u00e4rung - Contank - Transporte ADR de l\u00edquidos intermodal\",\"isPartOf\":{\"@id\":\"https:\\\/\\\/contank.com\\\/#website\"},\"datePublished\":\"2021-05-10T15:14:12+00:00\",\"dateModified\":\"2021-08-23T10:22:54+00:00\",\"breadcrumb\":{\"@id\":\"https:\\\/\\\/contank.com\\\/de\\\/datenschutzerklarung\\\/#breadcrumb\"},\"inLanguage\":\"de\",\"potentialAction\":[{\"@type\":\"ReadAction\",\"target\":[\"https:\\\/\\\/contank.com\\\/de\\\/datenschutzerklarung\\\/\"]}]},{\"@type\":\"BreadcrumbList\",\"@id\":\"https:\\\/\\\/contank.com\\\/de\\\/datenschutzerklarung\\\/#breadcrumb\",\"itemListElement\":[{\"@type\":\"ListItem\",\"position\":1,\"name\":\"Portada\",\"item\":\"https:\\\/\\\/contank.com\\\/de\\\/\"},{\"@type\":\"ListItem\",\"position\":2,\"name\":\"Datenschutzerkl\u00e4rung\"}]},{\"@type\":\"WebSite\",\"@id\":\"https:\\\/\\\/contank.com\\\/#website\",\"url\":\"https:\\\/\\\/contank.com\\\/\",\"name\":\"Contank - Transporte ADR Intermodal\",\"description\":\"Especialistas en Transporte ADR de L\u00edquidos en contenedores\",\"publisher\":{\"@id\":\"https:\\\/\\\/contank.com\\\/#organization\"},\"potentialAction\":[{\"@type\":\"SearchAction\",\"target\":{\"@type\":\"EntryPoint\",\"urlTemplate\":\"https:\\\/\\\/contank.com\\\/?s={search_term_string}\"},\"query-input\":{\"@type\":\"PropertyValueSpecification\",\"valueRequired\":true,\"valueName\":\"search_term_string\"}}],\"inLanguage\":\"de\"},{\"@type\":\"Organization\",\"@id\":\"https:\\\/\\\/contank.com\\\/#organization\",\"name\":\"Contank\",\"url\":\"https:\\\/\\\/contank.com\\\/\",\"logo\":{\"@type\":\"ImageObject\",\"inLanguage\":\"de\",\"@id\":\"https:\\\/\\\/contank.com\\\/#\\\/schema\\\/logo\\\/image\\\/\",\"url\":\"https:\\\/\\\/contank.com\\\/wp-content\\\/uploads\\\/2021\\\/05\\\/ck1.png\",\"contentUrl\":\"https:\\\/\\\/contank.com\\\/wp-content\\\/uploads\\\/2021\\\/05\\\/ck1.png\",\"width\":130,\"height\":72,\"caption\":\"Contank\"},\"image\":{\"@id\":\"https:\\\/\\\/contank.com\\\/#\\\/schema\\\/logo\\\/image\\\/\"},\"sameAs\":[\"https:\\\/\\\/x.com\\\/ContankSA\",\"https:\\\/\\\/www.instagram.com\\\/contank\\\/\",\"https:\\\/\\\/www.linkedin.com\\\/company\\\/11075598\\\/\"]}]}<\/script>\n<!-- \/ Yoast SEO plugin. -->","yoast_head_json":{"title":"Datenschutzerkl\u00e4rung - Contank - Transporte ADR de l\u00edquidos intermodal","robots":{"index":"index","follow":"follow","max-snippet":"max-snippet:-1","max-image-preview":"max-image-preview:large","max-video-preview":"max-video-preview:-1"},"canonical":"https:\/\/contank.com\/de\/datenschutzerklarung\/","og_locale":"de_DE","og_type":"article","og_title":"Datenschutzerkl\u00e4rung - Contank - Transporte ADR de l\u00edquidos intermodal","og_description":"DATENSCHUTZ-BESTIMMUNGEN Durch diese Datenschutzerkl\u00e4rung von CONTANK, S.A. du willst alle informierenPersonen, die auf der Website www.contank.com surfen und darauf zugreifen, \u00fcber die DatenverarbeitungPersonal durchgef\u00fchrt. Der Zugang zur Website erfordert keine vorherige Registrierung. Bevor Sie eine Anfrage f\u00fcrInformationen \u00fcber das Kontaktformular auf dieser Website, muss der Benutzer dieDatenschutzerkl\u00e4rung, um eine ausdr\u00fcckliche und informierte Zustimmung derVerarbeitung der [&hellip;]","og_url":"https:\/\/contank.com\/de\/datenschutzerklarung\/","og_site_name":"Contank - Transporte ADR de l\u00edquidos intermodal","article_modified_time":"2021-08-23T10:22:54+00:00","twitter_card":"summary_large_image","twitter_site":"@ContankSA","twitter_misc":{"Gesch\u00e4tzte Lesezeit":"6\u00a0Minuten"},"schema":{"@context":"https:\/\/schema.org","@graph":[{"@type":"WebPage","@id":"https:\/\/contank.com\/de\/datenschutzerklarung\/","url":"https:\/\/contank.com\/de\/datenschutzerklarung\/","name":"Datenschutzerkl\u00e4rung - Contank - Transporte ADR de l\u00edquidos intermodal","isPartOf":{"@id":"https:\/\/contank.com\/#website"},"datePublished":"2021-05-10T15:14:12+00:00","dateModified":"2021-08-23T10:22:54+00:00","breadcrumb":{"@id":"https:\/\/contank.com\/de\/datenschutzerklarung\/#breadcrumb"},"inLanguage":"de","potentialAction":[{"@type":"ReadAction","target":["https:\/\/contank.com\/de\/datenschutzerklarung\/"]}]},{"@type":"BreadcrumbList","@id":"https:\/\/contank.com\/de\/datenschutzerklarung\/#breadcrumb","itemListElement":[{"@type":"ListItem","position":1,"name":"Portada","item":"https:\/\/contank.com\/de\/"},{"@type":"ListItem","position":2,"name":"Datenschutzerkl\u00e4rung"}]},{"@type":"WebSite","@id":"https:\/\/contank.com\/#website","url":"https:\/\/contank.com\/","name":"Contank - Transporte ADR Intermodal","description":"Especialistas en Transporte ADR de L\u00edquidos en contenedores","publisher":{"@id":"https:\/\/contank.com\/#organization"},"potentialAction":[{"@type":"SearchAction","target":{"@type":"EntryPoint","urlTemplate":"https:\/\/contank.com\/?s={search_term_string}"},"query-input":{"@type":"PropertyValueSpecification","valueRequired":true,"valueName":"search_term_string"}}],"inLanguage":"de"},{"@type":"Organization","@id":"https:\/\/contank.com\/#organization","name":"Contank","url":"https:\/\/contank.com\/","logo":{"@type":"ImageObject","inLanguage":"de","@id":"https:\/\/contank.com\/#\/schema\/logo\/image\/","url":"https:\/\/contank.com\/wp-content\/uploads\/2021\/05\/ck1.png","contentUrl":"https:\/\/contank.com\/wp-content\/uploads\/2021\/05\/ck1.png","width":130,"height":72,"caption":"Contank"},"image":{"@id":"https:\/\/contank.com\/#\/schema\/logo\/image\/"},"sameAs":["https:\/\/x.com\/ContankSA","https:\/\/www.instagram.com\/contank\/","https:\/\/www.linkedin.com\/company\/11075598\/"]}]}},"_links":{"self":[{"href":"https:\/\/contank.com\/de\/wp-json\/wp\/v2\/pages\/15101","targetHints":{"allow":["GET"]}}],"collection":[{"href":"https:\/\/contank.com\/de\/wp-json\/wp\/v2\/pages"}],"about":[{"href":"https:\/\/contank.com\/de\/wp-json\/wp\/v2\/types\/page"}],"author":[{"embeddable":true,"href":"https:\/\/contank.com\/de\/wp-json\/wp\/v2\/users\/1"}],"replies":[{"embeddable":true,"href":"https:\/\/contank.com\/de\/wp-json\/wp\/v2\/comments?post=15101"}],"version-history":[{"count":2,"href":"https:\/\/contank.com\/de\/wp-json\/wp\/v2\/pages\/15101\/revisions"}],"predecessor-version":[{"id":15427,"href":"https:\/\/contank.com\/de\/wp-json\/wp\/v2\/pages\/15101\/revisions\/15427"}],"wp:attachment":[{"href":"https:\/\/contank.com\/de\/wp-json\/wp\/v2\/media?parent=15101"}],"curies":[{"name":"wp","href":"https:\/\/api.w.org\/{rel}","templated":true}]}}