{"id":15089,"date":"2021-05-13T08:40:52","date_gmt":"2021-05-13T08:40:52","guid":{"rendered":"https:\/\/contank.com\/cookies\/"},"modified":"2021-08-23T08:21:39","modified_gmt":"2021-08-23T08:21:39","slug":"cookies","status":"publish","type":"page","link":"https:\/\/contank.com\/de\/cookies\/","title":{"rendered":"Cookies"},"content":{"rendered":"<div class=\"wpb-content-wrapper\"><p>[vc_row][vc_column][vc_column_text]COOKIES-RICHTLINIE<br \/>\n1. Was sind Cookies und warum verwenden wir sie auf der Website?<br \/>\nEin Cookie ist eine Datei, die auf das Ger\u00e4t des Benutzers heruntergeladen wird, um auf ein<br \/>\nbestimmte Website, um Informationen \u00fcber die durchgef\u00fchrte Navigation zu speichern und abzurufen<br \/>\nim Computer.<br \/>\nCookies erm\u00f6glichen es dieser Website unter anderem, Informationen zu speichern und abzurufen<br \/>\n\u00fcber die M\u00f6glichkeiten und Gewohnheiten des Benutzers. Auf dieser Website sind die vorhandenen Cookies<br \/>\nf\u00fcr den Betrieb dieser notwendig.<br \/>\nEs ist wichtig zu beachten, dass die Verwendung von Cookies keine personenbezogenen Daten des<br \/>\nNutzername.<br \/>\n2. Welche Arten von Cookies gibt es?<br \/>\nCookies k\u00f6nnen je nach Dauer ihrer Aktivierung in Cookies von . unterteilt werden<br \/>\nSitzung oder dauerhaft:<br \/>\n\uf0a7 Sitzungscookies: Die Daten, die diese Cookies sammeln und speichern, werden gesammelt<br \/>\nw\u00e4hrend der Benutzer die Webseite durchsucht, und sie werden eliminiert, wenn der Browser geschlossen wird. Ich kenne<br \/>\nSie werden normalerweise verwendet, um Informationen zu speichern, die Sie f\u00fcr die Bereitstellung der<br \/>\nvom Benutzer einmalig angeforderten Dienst.<br \/>\n\uf0a7 Persistente Cookies: Durch diese Cookies werden die Daten weiterhin im<br \/>\nTerminal f\u00fcr einen bestimmten Zeitraum und erleichtert so die Kontrolle des<br \/>\ngew\u00e4hlte Einstellungen, ohne dass Sie bei jedem Besuch der<br \/>\nWebseite.<br \/>\nDar\u00fcber hinaus k\u00f6nnen Cookies je nach der Einheit, die sie verwaltet, als eigene oder als eigene klassifiziert werden<br \/>\nDritter:<br \/>\n\uf0a7 Eigene Cookies: Diese Cookies werden von einem Computer an das Endger\u00e4t des Benutzers gesendet<br \/>\noder vom Herausgeber selbst verwaltete Domain, von der aus die angeforderte Leistung erbracht wird<br \/>\ndurch den Benutzer.<br \/>\n\uf0a7 Cookies von Drittanbietern: Diese Cookies werden von a . an das Endger\u00e4t des Benutzers gesendet<br \/>\nComputer oder Dom\u00e4ne, die nicht vom Herausgeber verwaltet wird, sondern von einer anderen Instanz, die mit<br \/>\ndurch Cookies erhaltene Daten.<br \/>\nIn Bezug auf den Zweck k\u00f6nnen Cookies sein:<br \/>\n\uf0a7 Technische Cookies: Mit diesen Cookies k\u00f6nnen Sie den Verkehr und die Datenkommunikation kontrollieren.<br \/>\n\uf0a7 Personalisierungs-Cookies: Diese Cookies erm\u00f6glichen Benutzern den Zugriff nach einigen<br \/>\neigene Merkmale, die erhoben werden (Browser, Sprache, etc.).<br \/>\n\uf0a7 Analyse-Cookies: Diese Cookies erm\u00f6glichen der f\u00fcr sie verantwortlichen Person die \u00dcberwachung<br \/>\nund Analyse des Verhaltens der Nutzer der Websites und erm\u00f6glichen die Erstellung eines Profils<br \/>\ndes Benutzers.<\/p>\n<p>\uf0a7 Werbe-Cookies: Diese Cookies sammeln Daten \u00fcber die Verwaltung von R\u00e4umen<br \/>\nWerbung.<\/p>\n<p>3. Welche Art von Cookies verwendet das Web?<br \/>\nAblauf des Zwecks des Domainnamens<br \/>\n_ga .contank.com Google-Cookie verwendet<br \/>\nBenutzer zu unterscheiden. 2 Jahre<br \/>\n_gat.contank.com<br \/>\nGoogle-Cookies. Gew\u00f6hnt an<br \/>\nzwischen den verschiedenen unterscheiden<br \/>\nTrack-Objekte erstellt<br \/>\nin der Sitzung. Das Cookie wird erstellt, wenn<br \/>\nlade die Javascript-Bibliothek und nicht<br \/>\nEs gibt eine fr\u00fchere Version des<br \/>\nKeks _gat. Der Keks ist<br \/>\nwird jedes Mal aktualisiert, wenn Sie die<br \/>\nDaten an Google Analytics.<br \/>\n10 Minuten<br \/>\n_gid .contank.com Google-Cookies. Gew\u00f6hnt an<br \/>\nunterscheiden Benutzer 24 Stunden<br \/>\n1P_JAR .google.com Daten an Google \u00fcbertragen 1 Jahr<br \/>\nZUSTIMMUNG .google.com Cookie erzeugt von YouTube<br \/>\nEinwilligung nachverfolgen<br \/>\nvon Keksen.<br \/>\n17 Jahre<br \/>\nOGPC .google.com Um visualisieren zu k\u00f6nnen<br \/>\nrichtig google maps<br \/>\nKarten.<br \/>\n2 Jahre<br \/>\nOTZ google.com Sie sind diejenigen, die behandelt von<br \/>\nein Dritter, erlauben Sie uns<br \/>\nquantifizieren Sie die Anzahl der Benutzer<br \/>\nund damit die Messung durchf\u00fchren und<br \/>\nstatistische Analyse der<br \/>\nGebrauch gemacht von<br \/>\nNutzer unserer Dienste.<br \/>\n1 Monat<br \/>\nANID google.com Enth\u00e4lt einen generierten Wert<br \/>\nzuf\u00e4llig einzigartig, dass<br \/>\nerm\u00f6glicht der Plattform,<br \/>\nBrowser unterscheiden und<br \/>\nGer\u00e4te. Diese Informationen sind<br \/>\nverwendet, um die<br \/>\nAnzeigenleistung und<br \/>\nEmpfehlungen geben<br \/>\nbezogen auf Produkte basierend auf<br \/>\nstatistische Daten.<br \/>\n1 Jahr<br \/>\nNID google.com Registrieren Sie eine eindeutige Identifikation<br \/>\ndas identifiziert das Ger\u00e4t von a<br \/>\nwiederkehrender Benutzer. Die<br \/>\nIdentifikation wird verwendet f\u00fcr<br \/>\nspezifische Anzeigen.<br \/>\n6 Monate<\/p>\n<p>Google-Cookies<br \/>\nDiese Website benutzt Google Analytics, einen Webanalysedienst der Google Inc.,<br \/>\nderen Hauptsitz sich in 1600 Amphitheatre Parkway, Mountain View (Kalifornien) befindet,<br \/>\nCA 94043, USA (\u201eGoogle\u201c).<br \/>\nGoogle Analytics verwendet \u201eCookies\u201c, Textdateien, die sich auf Ihrem Computer befinden, um<br \/>\nhelfen der Website zu analysieren, wie Benutzer sie verwenden.<br \/>\nDie durch den Cookie erzeugten Informationen \u00fcber Ihre Benutzung der Website (einschlie\u00dflich Ihrer IP-Adresse)<br \/>\nsie wird direkt von Google auf Server in den USA \u00fcbertragen und dort abgelegt.<br \/>\nGoogle wird diese Informationen in unserem Auftrag verwenden, um deren Nutzung zu verfolgen.<br \/>\nder Website, Zusammenstellung von Berichten \u00fcber die Aktivit\u00e4t der Website und Erbringung anderer Dienstleistungen<br \/>\nim Zusammenhang mit der Aktivit\u00e4t der Website und der Nutzung des Internets.<br \/>\nGoogle wird diese Informationen gegebenenfalls an Dritte \u00fcbertragen, sofern dies gesetzlich vorgeschrieben ist oder<br \/>\nwenn diese Drittanbieter die Informationen im Auftrag von Google verarbeiten.<br \/>\nGoogle wird Ihre IP-Adresse nicht mit anderen Daten von Google in Verbindung bringen.<br \/>\nWeitere Informationen zu Google-Cookies finden Sie unter diesem Link:<br \/>\nhttps:\/\/www.google.es\/intl\/es\/policies\/technologies\/types\/<\/p>\n<p>4. Wie k\u00f6nnen Sie Cookies in Ihrem Browser deaktivieren?<br \/>\nDer Benutzer kann die auf seinem Computer installierten Cookies zulassen, blockieren oder l\u00f6schen \u00fcber die<br \/>\nKonfiguration der auf Ihrem Computer installierten Browseroptionen. Lesen Sie bitte<br \/>\nLesen Sie den Hilfebereich Ihres Browsers sorgf\u00e4ltig durch, um mehr dar\u00fcber zu erfahren, wie Sie die<br \/>\n&#8222;Privater Modus&#8220; oder entsperren Sie bestimmte Cookies.<br \/>\n\uf0a7 Informationen zu Cookies f\u00fcr Internet Explorer.<br \/>\n\uf0a7 Informationen zu Cookies f\u00fcr Mozilla Firefox.<br \/>\n\uf0a7 Informationen zu Cookies f\u00fcr Opera.<br \/>\n\uf0a7 Informationen zu Cookies f\u00fcr Google Chrome.<br \/>\n\uf0a7 Informationen zu Cookies f\u00fcr Safari.<br \/>\nWeitere Informationen<br \/>\nWeitere Informationen zur Verwendung von Cookies und deren Blockierung finden Sie unter<br \/>\nwww.allaboutcookies.org, www.youronlinechoices.eu. Bei Fragen oder Anmerkungen<br \/>\nBez\u00fcglich unserer Verwendung von Cookies kontaktieren Sie uns bitte unter rgpd@contank.com[\/vc_column_text][\/vc_column][\/vc_row]<\/p>\n<\/div>","protected":false},"excerpt":{"rendered":"<p>[vc_row][vc_column][vc_column_text]COOKIES-RICHTLINIE 1. Was sind Cookies und warum verwenden wir sie auf der Website? Ein Cookie ist eine Datei, die auf das Ger\u00e4t des Benutzers heruntergeladen wird, um auf ein bestimmte Website, um Informationen \u00fcber die durchgef\u00fchrte Navigation zu speichern und abzurufen im Computer. Cookies erm\u00f6glichen es dieser Website unter anderem, Informationen zu speichern und abzurufen [&hellip;]<\/p>\n","protected":false},"author":1,"featured_media":0,"parent":0,"menu_order":0,"comment_status":"closed","ping_status":"closed","template":"page-vc.php","meta":{"footnotes":""},"class_list":["post-15089","page","type-page","status-publish","hentry"],"yoast_head":"<!-- This site is optimized with the Yoast SEO plugin v27.4 - https:\/\/yoast.com\/product\/yoast-seo-wordpress\/ -->\n<title>Cookies - Contank - Transporte ADR de l\u00edquidos intermodal<\/title>\n<meta name=\"robots\" content=\"index, follow, max-snippet:-1, max-image-preview:large, max-video-preview:-1\" \/>\n<link rel=\"canonical\" href=\"https:\/\/contank.com\/de\/cookies\/\" \/>\n<meta property=\"og:locale\" content=\"de_DE\" \/>\n<meta property=\"og:type\" content=\"article\" \/>\n<meta property=\"og:title\" content=\"Cookies - Contank - Transporte ADR de l\u00edquidos intermodal\" \/>\n<meta property=\"og:description\" content=\"[vc_row][vc_column][vc_column_text]COOKIES-RICHTLINIE 1. Was sind Cookies und warum verwenden wir sie auf der Website? Ein Cookie ist eine Datei, die auf das Ger\u00e4t des Benutzers heruntergeladen wird, um auf ein bestimmte Website, um Informationen \u00fcber die durchgef\u00fchrte Navigation zu speichern und abzurufen im Computer. Cookies erm\u00f6glichen es dieser Website unter anderem, Informationen zu speichern und abzurufen [&hellip;]\" \/>\n<meta property=\"og:url\" content=\"https:\/\/contank.com\/de\/cookies\/\" \/>\n<meta property=\"og:site_name\" content=\"Contank - Transporte ADR de l\u00edquidos intermodal\" \/>\n<meta property=\"article:modified_time\" content=\"2021-08-23T08:21:39+00:00\" \/>\n<meta name=\"twitter:card\" content=\"summary_large_image\" \/>\n<meta name=\"twitter:site\" content=\"@ContankSA\" \/>\n<meta name=\"twitter:label1\" content=\"Gesch\u00e4tzte Lesezeit\" \/>\n\t<meta name=\"twitter:data1\" content=\"5\u00a0Minuten\" \/>\n<script type=\"application\/ld+json\" class=\"yoast-schema-graph\">{\"@context\":\"https:\\\/\\\/schema.org\",\"@graph\":[{\"@type\":\"WebPage\",\"@id\":\"https:\\\/\\\/contank.com\\\/de\\\/cookies\\\/\",\"url\":\"https:\\\/\\\/contank.com\\\/de\\\/cookies\\\/\",\"name\":\"Cookies - Contank - Transporte ADR de l\u00edquidos intermodal\",\"isPartOf\":{\"@id\":\"https:\\\/\\\/contank.com\\\/#website\"},\"datePublished\":\"2021-05-13T08:40:52+00:00\",\"dateModified\":\"2021-08-23T08:21:39+00:00\",\"breadcrumb\":{\"@id\":\"https:\\\/\\\/contank.com\\\/de\\\/cookies\\\/#breadcrumb\"},\"inLanguage\":\"de\",\"potentialAction\":[{\"@type\":\"ReadAction\",\"target\":[\"https:\\\/\\\/contank.com\\\/de\\\/cookies\\\/\"]}]},{\"@type\":\"BreadcrumbList\",\"@id\":\"https:\\\/\\\/contank.com\\\/de\\\/cookies\\\/#breadcrumb\",\"itemListElement\":[{\"@type\":\"ListItem\",\"position\":1,\"name\":\"Portada\",\"item\":\"https:\\\/\\\/contank.com\\\/de\\\/\"},{\"@type\":\"ListItem\",\"position\":2,\"name\":\"Cookies\"}]},{\"@type\":\"WebSite\",\"@id\":\"https:\\\/\\\/contank.com\\\/#website\",\"url\":\"https:\\\/\\\/contank.com\\\/\",\"name\":\"Contank - Transporte ADR Intermodal\",\"description\":\"Especialistas en Transporte ADR de L\u00edquidos en contenedores\",\"publisher\":{\"@id\":\"https:\\\/\\\/contank.com\\\/#organization\"},\"potentialAction\":[{\"@type\":\"SearchAction\",\"target\":{\"@type\":\"EntryPoint\",\"urlTemplate\":\"https:\\\/\\\/contank.com\\\/?s={search_term_string}\"},\"query-input\":{\"@type\":\"PropertyValueSpecification\",\"valueRequired\":true,\"valueName\":\"search_term_string\"}}],\"inLanguage\":\"de\"},{\"@type\":\"Organization\",\"@id\":\"https:\\\/\\\/contank.com\\\/#organization\",\"name\":\"Contank\",\"url\":\"https:\\\/\\\/contank.com\\\/\",\"logo\":{\"@type\":\"ImageObject\",\"inLanguage\":\"de\",\"@id\":\"https:\\\/\\\/contank.com\\\/#\\\/schema\\\/logo\\\/image\\\/\",\"url\":\"https:\\\/\\\/contank.com\\\/wp-content\\\/uploads\\\/2021\\\/05\\\/ck1.png\",\"contentUrl\":\"https:\\\/\\\/contank.com\\\/wp-content\\\/uploads\\\/2021\\\/05\\\/ck1.png\",\"width\":130,\"height\":72,\"caption\":\"Contank\"},\"image\":{\"@id\":\"https:\\\/\\\/contank.com\\\/#\\\/schema\\\/logo\\\/image\\\/\"},\"sameAs\":[\"https:\\\/\\\/x.com\\\/ContankSA\",\"https:\\\/\\\/www.instagram.com\\\/contank\\\/\",\"https:\\\/\\\/www.linkedin.com\\\/company\\\/11075598\\\/\"]}]}<\/script>\n<!-- \/ Yoast SEO plugin. -->","yoast_head_json":{"title":"Cookies - Contank - Transporte ADR de l\u00edquidos intermodal","robots":{"index":"index","follow":"follow","max-snippet":"max-snippet:-1","max-image-preview":"max-image-preview:large","max-video-preview":"max-video-preview:-1"},"canonical":"https:\/\/contank.com\/de\/cookies\/","og_locale":"de_DE","og_type":"article","og_title":"Cookies - Contank - Transporte ADR de l\u00edquidos intermodal","og_description":"[vc_row][vc_column][vc_column_text]COOKIES-RICHTLINIE 1. Was sind Cookies und warum verwenden wir sie auf der Website? Ein Cookie ist eine Datei, die auf das Ger\u00e4t des Benutzers heruntergeladen wird, um auf ein bestimmte Website, um Informationen \u00fcber die durchgef\u00fchrte Navigation zu speichern und abzurufen im Computer. Cookies erm\u00f6glichen es dieser Website unter anderem, Informationen zu speichern und abzurufen [&hellip;]","og_url":"https:\/\/contank.com\/de\/cookies\/","og_site_name":"Contank - Transporte ADR de l\u00edquidos intermodal","article_modified_time":"2021-08-23T08:21:39+00:00","twitter_card":"summary_large_image","twitter_site":"@ContankSA","twitter_misc":{"Gesch\u00e4tzte Lesezeit":"5\u00a0Minuten"},"schema":{"@context":"https:\/\/schema.org","@graph":[{"@type":"WebPage","@id":"https:\/\/contank.com\/de\/cookies\/","url":"https:\/\/contank.com\/de\/cookies\/","name":"Cookies - Contank - Transporte ADR de l\u00edquidos intermodal","isPartOf":{"@id":"https:\/\/contank.com\/#website"},"datePublished":"2021-05-13T08:40:52+00:00","dateModified":"2021-08-23T08:21:39+00:00","breadcrumb":{"@id":"https:\/\/contank.com\/de\/cookies\/#breadcrumb"},"inLanguage":"de","potentialAction":[{"@type":"ReadAction","target":["https:\/\/contank.com\/de\/cookies\/"]}]},{"@type":"BreadcrumbList","@id":"https:\/\/contank.com\/de\/cookies\/#breadcrumb","itemListElement":[{"@type":"ListItem","position":1,"name":"Portada","item":"https:\/\/contank.com\/de\/"},{"@type":"ListItem","position":2,"name":"Cookies"}]},{"@type":"WebSite","@id":"https:\/\/contank.com\/#website","url":"https:\/\/contank.com\/","name":"Contank - Transporte ADR Intermodal","description":"Especialistas en Transporte ADR de L\u00edquidos en contenedores","publisher":{"@id":"https:\/\/contank.com\/#organization"},"potentialAction":[{"@type":"SearchAction","target":{"@type":"EntryPoint","urlTemplate":"https:\/\/contank.com\/?s={search_term_string}"},"query-input":{"@type":"PropertyValueSpecification","valueRequired":true,"valueName":"search_term_string"}}],"inLanguage":"de"},{"@type":"Organization","@id":"https:\/\/contank.com\/#organization","name":"Contank","url":"https:\/\/contank.com\/","logo":{"@type":"ImageObject","inLanguage":"de","@id":"https:\/\/contank.com\/#\/schema\/logo\/image\/","url":"https:\/\/contank.com\/wp-content\/uploads\/2021\/05\/ck1.png","contentUrl":"https:\/\/contank.com\/wp-content\/uploads\/2021\/05\/ck1.png","width":130,"height":72,"caption":"Contank"},"image":{"@id":"https:\/\/contank.com\/#\/schema\/logo\/image\/"},"sameAs":["https:\/\/x.com\/ContankSA","https:\/\/www.instagram.com\/contank\/","https:\/\/www.linkedin.com\/company\/11075598\/"]}]}},"_links":{"self":[{"href":"https:\/\/contank.com\/de\/wp-json\/wp\/v2\/pages\/15089","targetHints":{"allow":["GET"]}}],"collection":[{"href":"https:\/\/contank.com\/de\/wp-json\/wp\/v2\/pages"}],"about":[{"href":"https:\/\/contank.com\/de\/wp-json\/wp\/v2\/types\/page"}],"author":[{"embeddable":true,"href":"https:\/\/contank.com\/de\/wp-json\/wp\/v2\/users\/1"}],"replies":[{"embeddable":true,"href":"https:\/\/contank.com\/de\/wp-json\/wp\/v2\/comments?post=15089"}],"version-history":[{"count":5,"href":"https:\/\/contank.com\/de\/wp-json\/wp\/v2\/pages\/15089\/revisions"}],"predecessor-version":[{"id":15422,"href":"https:\/\/contank.com\/de\/wp-json\/wp\/v2\/pages\/15089\/revisions\/15422"}],"wp:attachment":[{"href":"https:\/\/contank.com\/de\/wp-json\/wp\/v2\/media?parent=15089"}],"curies":[{"name":"wp","href":"https:\/\/api.w.org\/{rel}","templated":true}]}}