{"id":15079,"date":"2021-05-13T08:28:56","date_gmt":"2021-05-13T08:28:56","guid":{"rendered":"https:\/\/contank.com\/aviso-legal\/"},"modified":"2021-08-23T10:23:08","modified_gmt":"2021-08-23T10:23:08","slug":"disclaimer","status":"publish","type":"page","link":"https:\/\/contank.com\/de\/disclaimer\/","title":{"rendered":"Disclaimer"},"content":{"rendered":"<p><strong>RECHTLICHE HINWEISE<\/strong><\/p>\n<p>In \u00dcbereinstimmung mit dem Gesetz 34\/2002 vom 11. Juli \u00fcber die Dienste der Informationsgesellschaft<br \/>\nund E-Commerce wird der Benutzer dar\u00fcber informiert, dass der Eigent\u00fcmer der Website www.contank.com<br \/>\ngeh\u00f6rt zur Firma CONTANK, S.A. und ihre Identifikationsdaten sind die folgenden:<\/p>\n<p>\uf0a7 Verantwortlich: CONTANK, S.A.<br \/>\n\uf0a7 NIF: A08957912<br \/>\n\uf0a7 Sitz: Trav. de Ca n&#8217;Estape, 5-7<br \/>\n\uf0a7 Postleitzahl: 08755<br \/>\n\uf0a7 Stadt: Castellbisbal<br \/>\n\uf0a7 Provinz: Barcelona<br \/>\n\uf0a7 E-Mail: rgpd@contank.com<br \/>\n\uf0a7 Registrierungsdaten: Das Unternehmen ist im Handelsregister von [Barcelona] eingetragen, in der<br \/>\nBand [6139], Seite [83] und Seitenzahl [72574].<\/p>\n<p><strong>Greifen Sie auf die Website zu<\/strong><\/p>\n<p>Das Impressum regelt den Zugang und die Nutzung der Website durch die Nutzer und soll<br \/>\nkennen die Dienste der Entit\u00e4t und erm\u00f6glichen den allgemeinen Zugang f\u00fcr alle Internetbenutzer.<br \/>\nZugriff und \/ oder Nutzung der Web-Attribute f\u00fcr denjenigen, der die Bedingung des Benutzers und der Annahme erf\u00fcllt,<br \/>\nvorbehaltlos jeder einzelnen dieser Allgemeinen Gesch\u00e4ftsbedingungen, sowie<br \/>\nsowie die anderen Personen, die gegebenenfalls die Nutzung des Portals oder der Dienste regeln<br \/>\ndamit verkn\u00fcpft.<\/p>\n<p>Der Benutzer muss die rechtlichen Hinweise und die Datenschutz- und Cookie-Richtlinien sorgf\u00e4ltig lesen<br \/>\nwenn Sie beabsichtigen, die Website zu nutzen, da sich CONTANK, S.A. das Recht vorbeh\u00e4lt,<br \/>\njederzeit und ohne vorherige Ank\u00fcndigung \u00c4nderungen vorzunehmen oder<br \/>\nAktualisierung der Inhalte und Dienste, der vorliegenden Zugangs- und Nutzungsbestimmungen und ggf<br \/>\nIm Allgemeinen, wie viele Elemente das Design und die Konfiguration Ihrer Website ausmachen. Wenn Sie die nicht akzeptieren<br \/>\nZugangs- und Nutzungsbedingungen bitten wir Sie, von der Nutzung der Website und ihrer Inhalte abzusehen.<\/p>\n<p><strong>Nutzung der Website<\/strong><\/p>\n<p>Der Benutzer verpflichtet sich, die Website sowie die Informationen sorgf\u00e4ltig zu nutzen<br \/>\nim Zusammenhang mit seinen Dienstleistungen und Aktivit\u00e4ten, vollumf\u00e4nglich sowohl den geltenden Vorschriften als auch den<br \/>\nmit allgemein anerkannten Sitten und guten Manieren und der \u00f6ffentlichen Ordnung, die<br \/>\nZugangs- und Nutzungsbedingungen und alle anderen auf der Website festgelegten Bedingungen.<br \/>\nDar\u00fcber hinaus erkl\u00e4ren Sie sich damit einverstanden, keine der Inhalte f\u00fcr diesen Zweck zu verwenden oder<br \/>\nunerlaubte Wirkungen, die in diesem Text verboten sind, die Rechte und Interessen Dritter verletzen,<br \/>\noder die in irgendeiner Weise den normalen Betrieb besch\u00e4digen, deaktivieren, \u00fcberlasten, verschlechtern oder behindern k\u00f6nnen<br \/>\nNutzung der Inhalte, andere Nutzer oder Internetnutzer (Hardware und<br \/>\nSoftware).<\/p>\n<p><strong>Betrieb der Website<\/strong><\/p>\n<p>Im Falle eines Versto\u00dfes gegen die Bedingungen des rechtlichen Hinweises oder der Datenschutzrichtlinien und<br \/>\nCookies, CONTANK, S.A., beh\u00e4lt sich das Recht vor, den Zugriff auf seine<br \/>\nWebsite, die alle erforderlichen technischen Ma\u00dfnahmen ergreift, um sie zu respektieren. CONTANK, S.A., wird<br \/>\ndie Website so gut wie m\u00f6glich funktionsf\u00e4hig zu halten und Fehler zu vermeiden, oder<br \/>\nsie zu reparieren und den Inhalt auf dem neuesten Stand zu halten. CONTANK, S.A. tut dies jedoch nicht<br \/>\ngarantiert die Verf\u00fcgbarkeit und Kontinuit\u00e4t des Zugriffs auf die Website oder die Nichtexistenz von<br \/>\nFehler im Inhalt.<\/p>\n<p><strong>Verantwortung<\/strong><\/p>\n<p>Der Benutzer ist allein verantwortlich f\u00fcr die Verwendung von Informationen oder<br \/>\nWebseiten-Mechanismus.<br \/>\nCONTANK, S.A. haftet nicht f\u00fcr Sch\u00e4den an der Hardware und\/oder Software des Benutzers<br \/>\ndie sich aus dem Zugriff und der Nutzung der Website ergibt. Ebenso ist es nicht verantwortlich f\u00fcr<br \/>\ndiese Sch\u00e4den und \/ oder Verluste, die durch den Zugriff und \/ oder die Verwendung der Informationen von . verursacht werden k\u00f6nnen<br \/>\ndie Website, und insbesondere solche, die in Computersystemen oder in den<br \/>\nverursacht durch Viren \/ Computerangriffe, St\u00fcrze, Unterbrechungen, Abwesenheit oder Defekt der<br \/>\nKommunikation und\/oder Internet.<\/p>\n<p>Der Benutzer ist f\u00fcr die Sch\u00e4den und \/ oder Verluste verantwortlich, die CONTANK, S.A. erleiden k\u00f6nnen, da<br \/>\nFolge der Verletzung einer der Pflichten, denen sie unterliegt<br \/>\nDurch diesen rechtlichen Hinweis, die geltenden Vorschriften und die Datenschutz- und Cookie-Richtlinie.<br \/>\nRichtlinie zu &#8222;Links&#8220; (verlinkende und verlinkte Website)<\/p>\n<p>a) Verlinkende Website:<br \/>\nDritte, die beabsichtigen, einen Link zu dieser Seite auf einer Webseite aufzunehmen<br \/>\nm\u00fcssen die geltenden Rechtsvorschriften einhalten und k\u00f6nnen keine Inhalte hosten, die<br \/>\nunangemessen, illegal, pornografisch, gewaltt\u00e4tig usw.<br \/>\nCONTANK 937089600 rgpd@contank.com 08755 Castellbisbal (Barcelona)<br \/>\nIn keinem Fall ist CONTANK, S.A. f\u00fcr den Inhalt der Website verantwortlich, noch<br \/>\nf\u00f6rdert, garantiert, \u00fcberwacht oder empfiehlt deren Inhalt.<br \/>\nWenn das verlinkende Web einen der oben genannten Aspekte nicht erf\u00fcllt, ist es verpflichtet, die<br \/>\nsofort verlinken.<\/p>\n<p>b) Verlinkte Webseite:<br \/>\nDiese Website kann Links zu Websites Dritter enthalten, die die<br \/>\nBenutzerzugriff. CONTANK, S.A. ist jedoch nicht verantwortlich f\u00fcr den Inhalt dieser<br \/>\nverlinkte Webseiten, aber der Benutzer ist daf\u00fcr verantwortlich, die<br \/>\ngreift jedes Mal zu, wenn Sie sich einloggen.<br \/>\nSolche Links oder Erw\u00e4hnungen dienen einem Zweck, der keine Billigung, Genehmigung,<br \/>\nMarketing oder eine Beziehung zwischen der Seite und den Personen oder K\u00f6rperschaften, denen die<br \/>\nOrte, wo sie sind.<\/p>\n<p><strong>Geistiges und gewerbliches Eigentum zu den Inhalten<\/strong><\/p>\n<p>CONTANK, S.A. oder seine Lizenzgeber sind Eigent\u00fcmer aller geistigen Eigentumsrechte<br \/>\nauf den Inhalten der Website, wobei alle Designs, Datenbanken,<br \/>\nzugrunde liegende Computerprogramme (Quellcode enthalten) sowie die verschiedenen<br \/>\nElemente, aus denen die Website besteht (Texte, Grafiken, Fotos, Videos, Farben usw.),<br \/>\nStruktur, Ordnung usw. In Bezug auf Marken und Handelsnamen (&#8222;Unterscheidungszeichen&#8220;) sind sie<br \/>\nEigentum von CONTANK, S.A. oder den Lizenzgebern.<\/p>\n<p>Die Nutzung der Website durch den Benutzer impliziert keine \u00dcbertragung eines Rechts auf<br \/>\ngeistiges oder gewerbliches Eigentum. Dem Benutzer ist das Reproduzieren, Kopieren,<br \/>\nverteilen, zur Verf\u00fcgung stellen oder auf andere Weise \u00f6ffentlich kommunizieren, umwandeln<br \/>\noder den Inhalt oder die Unterscheidungszeichen \u00e4ndern, au\u00dfer mit Genehmigung des<br \/>\nInhaber der entsprechenden Rechte oder dies gesetzlich zul\u00e4ssig ist.<\/p>\n<p><strong>Werbung<\/strong><\/p>\n<p>Auf der Website k\u00f6nnen Werbung oder gesponserte Inhalte gehostet werden. Werbetreibende aus<br \/>\nSponsoren sind allein daf\u00fcr verantwortlich, sicherzustellen, dass das Material f\u00fcr ihre<br \/>\nDie Aufnahme in das Web entspricht den jeweils anwendbaren Gesetzen.<br \/>\nCONTANK, S.A. haftet nicht f\u00fcr Fehler, Ungenauigkeiten oder Unregelm\u00e4\u00dfigkeiten, die<br \/>\nWerbe- oder Sponsoreninhalte enthalten.<br \/>\nCONTANK 937089600 rgpd@contank.com 08755 Castellbisbal (Barcelona)<\/p>\n<p>&nbsp;<\/p>\n<p>&nbsp;<\/p>\n<p><strong>G\u00fcltige Gesetzgebung<\/strong><\/p>\n<p>Der rechtliche Hinweis wird in \u00dcbereinstimmung mit der spanischen Gesetzgebung geregelt und ausgelegt.<br \/>\nF\u00fcr die L\u00f6sung von Konflikten, die sich aus dem Zugriff auf die Website ergeben k\u00f6nnen, ist es<br \/>\nwird sich den zust\u00e4ndigen Gerichten gem\u00e4\u00df den Vorschriften des<br \/>\nVerbraucher und Nutzer.<\/p>\n<p>&nbsp;<\/p>\n<p><strong>Kontakt<\/strong><\/p>\n<p>Bei Fragen oder Anmerkungen zu diesem Impressum k\u00f6nnen Sie uns gerne kontaktieren<br \/>\nbei uns per E-Mail rgpd@contank.com<br \/>\nLetztes Update: JUNI 2020<\/p>\n","protected":false},"excerpt":{"rendered":"<p>RECHTLICHE HINWEISE In \u00dcbereinstimmung mit dem Gesetz 34\/2002 vom 11. Juli \u00fcber die Dienste der Informationsgesellschaft und E-Commerce wird der Benutzer dar\u00fcber informiert, dass der Eigent\u00fcmer der Website www.contank.com geh\u00f6rt zur Firma CONTANK, S.A. und ihre Identifikationsdaten sind die folgenden: \uf0a7 Verantwortlich: CONTANK, S.A. \uf0a7 NIF: A08957912 \uf0a7 Sitz: Trav. de Ca n&#8217;Estape, 5-7 \uf0a7 [&hellip;]<\/p>\n","protected":false},"author":1,"featured_media":0,"parent":0,"menu_order":0,"comment_status":"closed","ping_status":"closed","template":"","meta":{"footnotes":""},"class_list":["post-15079","page","type-page","status-publish","hentry"],"yoast_head":"<!-- This site is optimized with the Yoast SEO plugin v27.4 - https:\/\/yoast.com\/product\/yoast-seo-wordpress\/ -->\n<title>Disclaimer - Contank - Transporte ADR de l\u00edquidos intermodal<\/title>\n<meta name=\"robots\" content=\"index, follow, max-snippet:-1, max-image-preview:large, max-video-preview:-1\" \/>\n<link rel=\"canonical\" href=\"https:\/\/contank.com\/de\/disclaimer\/\" \/>\n<meta property=\"og:locale\" content=\"de_DE\" \/>\n<meta property=\"og:type\" content=\"article\" \/>\n<meta property=\"og:title\" content=\"Disclaimer - Contank - Transporte ADR de l\u00edquidos intermodal\" \/>\n<meta property=\"og:description\" content=\"RECHTLICHE HINWEISE In \u00dcbereinstimmung mit dem Gesetz 34\/2002 vom 11. Juli \u00fcber die Dienste der Informationsgesellschaft und E-Commerce wird der Benutzer dar\u00fcber informiert, dass der Eigent\u00fcmer der Website www.contank.com geh\u00f6rt zur Firma CONTANK, S.A. und ihre Identifikationsdaten sind die folgenden: \uf0a7 Verantwortlich: CONTANK, S.A. \uf0a7 NIF: A08957912 \uf0a7 Sitz: Trav. de Ca n&#8217;Estape, 5-7 \uf0a7 [&hellip;]\" \/>\n<meta property=\"og:url\" content=\"https:\/\/contank.com\/de\/disclaimer\/\" \/>\n<meta property=\"og:site_name\" content=\"Contank - Transporte ADR de l\u00edquidos intermodal\" \/>\n<meta property=\"article:modified_time\" content=\"2021-08-23T10:23:08+00:00\" \/>\n<meta name=\"twitter:card\" content=\"summary_large_image\" \/>\n<meta name=\"twitter:site\" content=\"@ContankSA\" \/>\n<meta name=\"twitter:label1\" content=\"Gesch\u00e4tzte Lesezeit\" \/>\n\t<meta name=\"twitter:data1\" content=\"5\u00a0Minuten\" \/>\n<script type=\"application\/ld+json\" class=\"yoast-schema-graph\">{\"@context\":\"https:\\\/\\\/schema.org\",\"@graph\":[{\"@type\":\"WebPage\",\"@id\":\"https:\\\/\\\/contank.com\\\/de\\\/disclaimer\\\/\",\"url\":\"https:\\\/\\\/contank.com\\\/de\\\/disclaimer\\\/\",\"name\":\"Disclaimer - Contank - Transporte ADR de l\u00edquidos intermodal\",\"isPartOf\":{\"@id\":\"https:\\\/\\\/contank.com\\\/#website\"},\"datePublished\":\"2021-05-13T08:28:56+00:00\",\"dateModified\":\"2021-08-23T10:23:08+00:00\",\"breadcrumb\":{\"@id\":\"https:\\\/\\\/contank.com\\\/de\\\/disclaimer\\\/#breadcrumb\"},\"inLanguage\":\"de\",\"potentialAction\":[{\"@type\":\"ReadAction\",\"target\":[\"https:\\\/\\\/contank.com\\\/de\\\/disclaimer\\\/\"]}]},{\"@type\":\"BreadcrumbList\",\"@id\":\"https:\\\/\\\/contank.com\\\/de\\\/disclaimer\\\/#breadcrumb\",\"itemListElement\":[{\"@type\":\"ListItem\",\"position\":1,\"name\":\"Portada\",\"item\":\"https:\\\/\\\/contank.com\\\/de\\\/\"},{\"@type\":\"ListItem\",\"position\":2,\"name\":\"Disclaimer\"}]},{\"@type\":\"WebSite\",\"@id\":\"https:\\\/\\\/contank.com\\\/#website\",\"url\":\"https:\\\/\\\/contank.com\\\/\",\"name\":\"Contank - Transporte ADR Intermodal\",\"description\":\"Especialistas en Transporte ADR de L\u00edquidos en contenedores\",\"publisher\":{\"@id\":\"https:\\\/\\\/contank.com\\\/#organization\"},\"potentialAction\":[{\"@type\":\"SearchAction\",\"target\":{\"@type\":\"EntryPoint\",\"urlTemplate\":\"https:\\\/\\\/contank.com\\\/?s={search_term_string}\"},\"query-input\":{\"@type\":\"PropertyValueSpecification\",\"valueRequired\":true,\"valueName\":\"search_term_string\"}}],\"inLanguage\":\"de\"},{\"@type\":\"Organization\",\"@id\":\"https:\\\/\\\/contank.com\\\/#organization\",\"name\":\"Contank\",\"url\":\"https:\\\/\\\/contank.com\\\/\",\"logo\":{\"@type\":\"ImageObject\",\"inLanguage\":\"de\",\"@id\":\"https:\\\/\\\/contank.com\\\/#\\\/schema\\\/logo\\\/image\\\/\",\"url\":\"https:\\\/\\\/contank.com\\\/wp-content\\\/uploads\\\/2021\\\/05\\\/ck1.png\",\"contentUrl\":\"https:\\\/\\\/contank.com\\\/wp-content\\\/uploads\\\/2021\\\/05\\\/ck1.png\",\"width\":130,\"height\":72,\"caption\":\"Contank\"},\"image\":{\"@id\":\"https:\\\/\\\/contank.com\\\/#\\\/schema\\\/logo\\\/image\\\/\"},\"sameAs\":[\"https:\\\/\\\/x.com\\\/ContankSA\",\"https:\\\/\\\/www.instagram.com\\\/contank\\\/\",\"https:\\\/\\\/www.linkedin.com\\\/company\\\/11075598\\\/\"]}]}<\/script>\n<!-- \/ Yoast SEO plugin. -->","yoast_head_json":{"title":"Disclaimer - Contank - Transporte ADR de l\u00edquidos intermodal","robots":{"index":"index","follow":"follow","max-snippet":"max-snippet:-1","max-image-preview":"max-image-preview:large","max-video-preview":"max-video-preview:-1"},"canonical":"https:\/\/contank.com\/de\/disclaimer\/","og_locale":"de_DE","og_type":"article","og_title":"Disclaimer - Contank - Transporte ADR de l\u00edquidos intermodal","og_description":"RECHTLICHE HINWEISE In \u00dcbereinstimmung mit dem Gesetz 34\/2002 vom 11. Juli \u00fcber die Dienste der Informationsgesellschaft und E-Commerce wird der Benutzer dar\u00fcber informiert, dass der Eigent\u00fcmer der Website www.contank.com geh\u00f6rt zur Firma CONTANK, S.A. und ihre Identifikationsdaten sind die folgenden: \uf0a7 Verantwortlich: CONTANK, S.A. \uf0a7 NIF: A08957912 \uf0a7 Sitz: Trav. de Ca n&#8217;Estape, 5-7 \uf0a7 [&hellip;]","og_url":"https:\/\/contank.com\/de\/disclaimer\/","og_site_name":"Contank - Transporte ADR de l\u00edquidos intermodal","article_modified_time":"2021-08-23T10:23:08+00:00","twitter_card":"summary_large_image","twitter_site":"@ContankSA","twitter_misc":{"Gesch\u00e4tzte Lesezeit":"5\u00a0Minuten"},"schema":{"@context":"https:\/\/schema.org","@graph":[{"@type":"WebPage","@id":"https:\/\/contank.com\/de\/disclaimer\/","url":"https:\/\/contank.com\/de\/disclaimer\/","name":"Disclaimer - Contank - Transporte ADR de l\u00edquidos intermodal","isPartOf":{"@id":"https:\/\/contank.com\/#website"},"datePublished":"2021-05-13T08:28:56+00:00","dateModified":"2021-08-23T10:23:08+00:00","breadcrumb":{"@id":"https:\/\/contank.com\/de\/disclaimer\/#breadcrumb"},"inLanguage":"de","potentialAction":[{"@type":"ReadAction","target":["https:\/\/contank.com\/de\/disclaimer\/"]}]},{"@type":"BreadcrumbList","@id":"https:\/\/contank.com\/de\/disclaimer\/#breadcrumb","itemListElement":[{"@type":"ListItem","position":1,"name":"Portada","item":"https:\/\/contank.com\/de\/"},{"@type":"ListItem","position":2,"name":"Disclaimer"}]},{"@type":"WebSite","@id":"https:\/\/contank.com\/#website","url":"https:\/\/contank.com\/","name":"Contank - Transporte ADR Intermodal","description":"Especialistas en Transporte ADR de L\u00edquidos en contenedores","publisher":{"@id":"https:\/\/contank.com\/#organization"},"potentialAction":[{"@type":"SearchAction","target":{"@type":"EntryPoint","urlTemplate":"https:\/\/contank.com\/?s={search_term_string}"},"query-input":{"@type":"PropertyValueSpecification","valueRequired":true,"valueName":"search_term_string"}}],"inLanguage":"de"},{"@type":"Organization","@id":"https:\/\/contank.com\/#organization","name":"Contank","url":"https:\/\/contank.com\/","logo":{"@type":"ImageObject","inLanguage":"de","@id":"https:\/\/contank.com\/#\/schema\/logo\/image\/","url":"https:\/\/contank.com\/wp-content\/uploads\/2021\/05\/ck1.png","contentUrl":"https:\/\/contank.com\/wp-content\/uploads\/2021\/05\/ck1.png","width":130,"height":72,"caption":"Contank"},"image":{"@id":"https:\/\/contank.com\/#\/schema\/logo\/image\/"},"sameAs":["https:\/\/x.com\/ContankSA","https:\/\/www.instagram.com\/contank\/","https:\/\/www.linkedin.com\/company\/11075598\/"]}]}},"_links":{"self":[{"href":"https:\/\/contank.com\/de\/wp-json\/wp\/v2\/pages\/15079","targetHints":{"allow":["GET"]}}],"collection":[{"href":"https:\/\/contank.com\/de\/wp-json\/wp\/v2\/pages"}],"about":[{"href":"https:\/\/contank.com\/de\/wp-json\/wp\/v2\/types\/page"}],"author":[{"embeddable":true,"href":"https:\/\/contank.com\/de\/wp-json\/wp\/v2\/users\/1"}],"replies":[{"embeddable":true,"href":"https:\/\/contank.com\/de\/wp-json\/wp\/v2\/comments?post=15079"}],"version-history":[{"count":4,"href":"https:\/\/contank.com\/de\/wp-json\/wp\/v2\/pages\/15079\/revisions"}],"predecessor-version":[{"id":15420,"href":"https:\/\/contank.com\/de\/wp-json\/wp\/v2\/pages\/15079\/revisions\/15420"}],"wp:attachment":[{"href":"https:\/\/contank.com\/de\/wp-json\/wp\/v2\/media?parent=15079"}],"curies":[{"name":"wp","href":"https:\/\/api.w.org\/{rel}","templated":true}]}}