{"id":15048,"date":"2021-07-20T10:54:40","date_gmt":"2021-07-20T10:54:40","guid":{"rendered":"https:\/\/contank.com\/proyectos-solidarios\/"},"modified":"2021-10-19T13:54:29","modified_gmt":"2021-10-19T13:54:29","slug":"solidaritats-projekte","status":"publish","type":"page","link":"https:\/\/contank.com\/de\/solidaritats-projekte\/","title":{"rendered":"Solidarit\u00e4tsprojekte"},"content":{"rendered":"<div class=\"wpb-content-wrapper\"><p>[vc_row][vc_column][\/vc_column][\/vc_row][vc_row][vc_column width=&#8220;1\/2&#8243;]<div class=\"et-braket-block-wrapper\"><style>#et-braket-block-1 .braket-title {font-weight:700;color:#212121;}#et-braket-block-1 .braket-sub-title {color:#9a9a9a;}#et-braket-block-1 .braket-button {color:#212121 !important;}#et-braket-block-1 .braket-button:hover {color:#ffffff !important;}#et-braket-block-1 .braket-button:before {box-shadow:inset 0 0 0 1px #212121;}#et-braket-block-1 .braket-button:after {background-color:#ffd23f;}#et-braket-block-1 .braket > div:first-child,\r\n\t\t\t\t\t\t#et-braket-block-1 .braket > div:last-child,\r\n\t\t\t\t\t\t#et-braket-block-1 .braket > div:nth-child(2) > span  {background-color:#ffd23f;}<\/style><div id=\"et-braket-block-1\" data-delay=\"0\" class=\"et-braket-block left \"><div class=\"braket-block-inner et-clearfix\"><div class=\"braket\"><div><\/div><div><span><\/span><\/div><div><\/div><\/div><div class=\"braket-block-content\"><p class=\"braket-sub-title\">CONTANK - Der Gesellschaft verpflichtet.<\/p><h1 class=\"braket-title\" data-mobile-font=\"inherit\" data-tablet-font=\"inherit\">Wir setzen auf eine bessere Welt.<\/h1><\/div><\/div><div class=\"braket-block-content text et-clearfix\"><\/div><\/div><\/div>[\/vc_column][vc_column width=&#8220;1\/2&#8243;][\/vc_column][\/vc_row][vc_row][vc_column][vc_empty_space][\/vc_column][\/vc_row][vc_row][vc_column][vc_column_text]Bei Contank tragen wir mit unserem Sandkorn dazu bei, die Gesellschaft und die Umwelt, die uns umgibt, zu verbessern. Aus diesem Grund haben wir eine Reihe von Projekten zur Verbesserung der Lebensqualit\u00e4t der Menschen unterzeichnet.[\/vc_column_text][\/vc_column][\/vc_row][vc_row full_width=&#8220;stretch_row&#8220; gap=&#8220;0&#8243; css=&#8220;.vc_custom_1622028145198{padding-top: 120px !important;padding-bottom: 80px !important;background-color: #f7f7f7 !important;background-position: center !important;background-repeat: no-repeat !important;background-size: cover !important;}&#8220;][vc_column animation_delay=&#8220;0&#8243; width=&#8220;1\/2&#8243;]<h1 class=\"et-highlight-title \" style=\"font-weight:700;color:#2b2b2b;\" data-mobile-font=\"inherit\" data-tablet-font=\"inherit\"><span class=\"title-inner\">UNHCR\/ACNUR<span class=\"highlight-line\" style=\"background-color:#ffffff;\"><\/span><\/span><\/h1>[vc_column_text]Contank hat einen Kooperationsvertrag mit UNHCR \/ UNHCR unterzeichnet. Der UNHCR \/ UNHCR ist das Gremium der Vereinten Nationen, das f\u00fcr den Schutz von Fl\u00fcchtlingen und Vertriebenen aufgrund von Verfolgung oder Konflikten zust\u00e4ndig ist und dauerhafte L\u00f6sungen f\u00fcr ihre Situation f\u00f6rdert.<\/p>\n<p>Als SUMA-Unternehmen wollen wir bei Contank Gefl\u00fcchtete unterst\u00fctzen und unseren Beitrag in bestimmten Bereichen dringend zu denen leisten, die es am dringendsten brauchen.[\/vc_column_text][\/vc_column][vc_column width=&#8220;1\/2&#8243;][vc_single_image image=&#8220;14878&#8243; img_size=&#8220;full&#8220; alignment=&#8220;right&#8220; onclick=&#8220;custom_link&#8220; css_animation=&#8220;bounceInDown&#8220; link=&#8220;https:\/\/www.acnur.org\/&#8220;][\/vc_column][\/vc_row][vc_row][vc_column width=&#8220;1\/2&#8243;]<h1 class=\"et-highlight-title \" style=\"font-weight:700;color:#2b2b2b;\" data-mobile-font=\"inherit\" data-tablet-font=\"inherit\"><span class=\"title-inner\">Ana Ribot-Stiftung<span class=\"highlight-line\" style=\"background-color:#ffffff;\"><\/span><\/span><\/h1>[vc_single_image image=&#8220;14912&#8243; img_size=&#8220;medium&#8220; style=&#8220;vc_box_rounded&#8220; onclick=&#8220;custom_link&#8220; img_link_target=&#8220;_blank&#8220; css_animation=&#8220;bounceInDown&#8220; css=&#8220;.vc_custom_1634632997000{padding-top: 20px !important;}&#8220; link=&#8220;https:\/\/www.fundacioanaribot.org\/&#8220;][\/vc_column][vc_column width=&#8220;1\/2&#8243;][vc_column_text]Projekt zur Unterst\u00fctzung \u00e4lterer Menschen.<\/p>\n<p>Ihre Aufgabe ist es, die Lebensqualit\u00e4t \u00e4lterer Menschen mit einer Art von Abh\u00e4ngigkeit (physisch, psychisch, sozial) zu verbessern und ihren Familien und Betreuern soziale und psychologische Unterst\u00fctzung zu bieten.<\/p>\n<p>Sensibilisieren Sie f\u00fcr die Probleme und Bed\u00fcrfnisse, die die Abh\u00e4ngigkeit f\u00fcr \u00e4ltere Menschen sowie f\u00fcr das famili\u00e4re und soziale Umfeld mit sich bringt, insbesondere f\u00fcr diejenigen, die auf ihre eigenen Krankheiten wie Alzheimer oder \u00e4hnliches zur\u00fcckzuf\u00fchren sind.<br \/>\nF\u00f6rdern Sie einen Wirtschaftshilfefonds und bieten Sie Menschen, die sich nicht selbst helfen k\u00f6nnen und f\u00fcr die weder sie noch ihre Familien ausreichende finanzielle Mittel haben, emotionale Unterst\u00fctzung.[\/vc_column_text][\/vc_column][\/vc_row][vc_row full_width=&#8220;stretch_row&#8220; gap=&#8220;0&#8243; css=&#8220;.vc_custom_1622028145198{padding-top: 120px !important;padding-bottom: 80px !important;background-color: #f7f7f7 !important;background-position: center !important;background-repeat: no-repeat !important;background-size: cover !important;}&#8220;][vc_column animation_delay=&#8220;0&#8243; width=&#8220;1\/2&#8243;]<h1 class=\"et-highlight-title \" style=\"font-weight:700;color:#2b2b2b;\" data-mobile-font=\"inherit\" data-tablet-font=\"inherit\"><span class=\"title-inner\">M\u00e9decins Sans Fronti\u00e8res <span class=\"highlight-line\" style=\"background-color:#ffffff;\"><\/span><\/span><\/h1>[vc_column_text]M\u00e9decins Sans Fronti\u00e8res, MSF ist eine internationale medizinische und humanit\u00e4re Organisation, die Opfern von Naturkatastrophen oder menschlichen Katastrophen und bewaffneten Konflikten ohne Diskriminierung aufgrund von Rasse, Geschlecht, Religion, Philosophie oder Politik hilft. Im Jahr 2021 war die Gruppe in 70 L\u00e4ndern mit mehr als 43.000 Mitarbeitern aktiv, haupts\u00e4chlich \u00c4rzte, Krankenschwestern und andere lokale medizinische Fachkr\u00e4fte, Logistikexperten, Ingenieure sowie Wasser- und Abwassermanager. Contank hilft bei der Finanzierung der Organisation und ihrer Mission auf der ganzen Welt.[\/vc_column_text][\/vc_column][vc_column width=&#8220;1\/2&#8243;][vc_single_image image=&#8220;16602&#8243; img_size=&#8220;full&#8220; alignment=&#8220;right&#8220; onclick=&#8220;custom_link&#8220; css_animation=&#8220;bounceInDown&#8220; link=&#8220;http:\/\/www.msf.es\/iniciativas&#8220;][\/vc_column][\/vc_row][vc_row full_width=&#8220;stretch_row&#8220; gap=&#8220;64&#8243; content_placement=&#8220;middle&#8220; css_animation=&#8220;fadeInRight&#8220; css=&#8220;.vc_custom_1622041099161{background-position: center !important;background-repeat: no-repeat !important;background-size: cover !important;}&#8220;][vc_column width=&#8220;2\/3&#8243;][\/vc_column][vc_column animation_delay=&#8220;0&#8243; width=&#8220;1\/3&#8243; parallax=&#8220;true&#8220; parallax_image=&#8220;12700&#8243;][\/vc_column][\/vc_row]<\/p>\n<\/div>","protected":false},"excerpt":{"rendered":"<p>[vc_row][vc_column][\/vc_column][\/vc_row][vc_row][vc_column width=&#8220;1\/2&#8243;][\/vc_column][vc_column width=&#8220;1\/2&#8243;][\/vc_column][\/vc_row][vc_row][vc_column][vc_empty_space][\/vc_column][\/vc_row][vc_row][vc_column][vc_column_text]Bei Contank tragen wir mit unserem Sandkorn dazu bei, die Gesellschaft und die Umwelt, die uns umgibt, zu verbessern. Aus diesem Grund haben wir eine Reihe von Projekten zur Verbesserung der Lebensqualit\u00e4t der Menschen unterzeichnet.[\/vc_column_text][\/vc_column][\/vc_row][vc_row full_width=&#8220;stretch_row&#8220; gap=&#8220;0&#8243; css=&#8220;.vc_custom_1622028145198{padding-top: 120px !important;padding-bottom: 80px !important;background-color: #f7f7f7 !important;background-position: center !important;background-repeat: no-repeat !important;background-size: cover !important;}&#8220;][vc_column animation_delay=&#8220;0&#8243; width=&#8220;1\/2&#8243;][vc_column_text]Contank hat [&hellip;]<\/p>\n","protected":false},"author":1,"featured_media":0,"parent":0,"menu_order":0,"comment_status":"closed","ping_status":"closed","template":"page-vc.php","meta":{"footnotes":""},"class_list":["post-15048","page","type-page","status-publish","hentry"],"yoast_head":"<!-- This site is optimized with the Yoast SEO plugin v27.3 - https:\/\/yoast.com\/product\/yoast-seo-wordpress\/ -->\n<title>Solidarit\u00e4tsprojekte - Contank - Transporte ADR de l\u00edquidos intermodal<\/title>\n<meta name=\"robots\" content=\"index, follow, max-snippet:-1, max-image-preview:large, max-video-preview:-1\" \/>\n<link rel=\"canonical\" href=\"https:\/\/contank.com\/de\/solidaritats-projekte\/\" \/>\n<meta property=\"og:locale\" content=\"de_DE\" \/>\n<meta property=\"og:type\" content=\"article\" \/>\n<meta property=\"og:title\" content=\"Solidarit\u00e4tsprojekte - Contank - Transporte ADR de l\u00edquidos intermodal\" \/>\n<meta property=\"og:description\" content=\"[vc_row][vc_column][\/vc_column][\/vc_row][vc_row][vc_column width=&#8220;1\/2&#8243;][\/vc_column][vc_column width=&#8220;1\/2&#8243;][\/vc_column][\/vc_row][vc_row][vc_column][vc_empty_space][\/vc_column][\/vc_row][vc_row][vc_column][vc_column_text]Bei Contank tragen wir mit unserem Sandkorn dazu bei, die Gesellschaft und die Umwelt, die uns umgibt, zu verbessern. Aus diesem Grund haben wir eine Reihe von Projekten zur Verbesserung der Lebensqualit\u00e4t der Menschen unterzeichnet.[\/vc_column_text][\/vc_column][\/vc_row][vc_row full_width=&#8220;stretch_row&#8220; gap=&#8220;0&#8243; css=&#8220;.vc_custom_1622028145198{padding-top: 120px !important;padding-bottom: 80px !important;background-color: #f7f7f7 !important;background-position: center !important;background-repeat: no-repeat !important;background-size: cover !important;}&#8220;][vc_column animation_delay=&#8220;0&#8243; width=&#8220;1\/2&#8243;][vc_column_text]Contank hat [&hellip;]\" \/>\n<meta property=\"og:url\" content=\"https:\/\/contank.com\/de\/solidaritats-projekte\/\" \/>\n<meta property=\"og:site_name\" content=\"Contank - Transporte ADR de l\u00edquidos intermodal\" \/>\n<meta property=\"article:modified_time\" content=\"2021-10-19T13:54:29+00:00\" \/>\n<meta name=\"twitter:card\" content=\"summary_large_image\" \/>\n<meta name=\"twitter:site\" content=\"@ContankSA\" \/>\n<meta name=\"twitter:label1\" content=\"Gesch\u00e4tzte Lesezeit\" \/>\n\t<meta name=\"twitter:data1\" content=\"2\u00a0Minuten\" \/>\n<script type=\"application\/ld+json\" class=\"yoast-schema-graph\">{\"@context\":\"https:\\\/\\\/schema.org\",\"@graph\":[{\"@type\":\"WebPage\",\"@id\":\"https:\\\/\\\/contank.com\\\/de\\\/solidaritats-projekte\\\/\",\"url\":\"https:\\\/\\\/contank.com\\\/de\\\/solidaritats-projekte\\\/\",\"name\":\"Solidarit\u00e4tsprojekte - Contank - Transporte ADR de l\u00edquidos intermodal\",\"isPartOf\":{\"@id\":\"https:\\\/\\\/contank.com\\\/#website\"},\"datePublished\":\"2021-07-20T10:54:40+00:00\",\"dateModified\":\"2021-10-19T13:54:29+00:00\",\"breadcrumb\":{\"@id\":\"https:\\\/\\\/contank.com\\\/de\\\/solidaritats-projekte\\\/#breadcrumb\"},\"inLanguage\":\"de\",\"potentialAction\":[{\"@type\":\"ReadAction\",\"target\":[\"https:\\\/\\\/contank.com\\\/de\\\/solidaritats-projekte\\\/\"]}]},{\"@type\":\"BreadcrumbList\",\"@id\":\"https:\\\/\\\/contank.com\\\/de\\\/solidaritats-projekte\\\/#breadcrumb\",\"itemListElement\":[{\"@type\":\"ListItem\",\"position\":1,\"name\":\"Portada\",\"item\":\"https:\\\/\\\/contank.com\\\/de\\\/\"},{\"@type\":\"ListItem\",\"position\":2,\"name\":\"Solidarit\u00e4tsprojekte\"}]},{\"@type\":\"WebSite\",\"@id\":\"https:\\\/\\\/contank.com\\\/#website\",\"url\":\"https:\\\/\\\/contank.com\\\/\",\"name\":\"Contank - Transporte ADR Intermodal\",\"description\":\"Especialistas en Transporte ADR de L\u00edquidos en contenedores\",\"publisher\":{\"@id\":\"https:\\\/\\\/contank.com\\\/#organization\"},\"potentialAction\":[{\"@type\":\"SearchAction\",\"target\":{\"@type\":\"EntryPoint\",\"urlTemplate\":\"https:\\\/\\\/contank.com\\\/?s={search_term_string}\"},\"query-input\":{\"@type\":\"PropertyValueSpecification\",\"valueRequired\":true,\"valueName\":\"search_term_string\"}}],\"inLanguage\":\"de\"},{\"@type\":\"Organization\",\"@id\":\"https:\\\/\\\/contank.com\\\/#organization\",\"name\":\"Contank\",\"url\":\"https:\\\/\\\/contank.com\\\/\",\"logo\":{\"@type\":\"ImageObject\",\"inLanguage\":\"de\",\"@id\":\"https:\\\/\\\/contank.com\\\/#\\\/schema\\\/logo\\\/image\\\/\",\"url\":\"https:\\\/\\\/contank.com\\\/wp-content\\\/uploads\\\/2021\\\/05\\\/ck1.png\",\"contentUrl\":\"https:\\\/\\\/contank.com\\\/wp-content\\\/uploads\\\/2021\\\/05\\\/ck1.png\",\"width\":130,\"height\":72,\"caption\":\"Contank\"},\"image\":{\"@id\":\"https:\\\/\\\/contank.com\\\/#\\\/schema\\\/logo\\\/image\\\/\"},\"sameAs\":[\"https:\\\/\\\/x.com\\\/ContankSA\",\"https:\\\/\\\/www.instagram.com\\\/contank\\\/\",\"https:\\\/\\\/www.linkedin.com\\\/company\\\/11075598\\\/\"]}]}<\/script>\n<!-- \/ Yoast SEO plugin. -->","yoast_head_json":{"title":"Solidarit\u00e4tsprojekte - Contank - Transporte ADR de l\u00edquidos intermodal","robots":{"index":"index","follow":"follow","max-snippet":"max-snippet:-1","max-image-preview":"max-image-preview:large","max-video-preview":"max-video-preview:-1"},"canonical":"https:\/\/contank.com\/de\/solidaritats-projekte\/","og_locale":"de_DE","og_type":"article","og_title":"Solidarit\u00e4tsprojekte - Contank - Transporte ADR de l\u00edquidos intermodal","og_description":"[vc_row][vc_column][\/vc_column][\/vc_row][vc_row][vc_column width=&#8220;1\/2&#8243;][\/vc_column][vc_column width=&#8220;1\/2&#8243;][\/vc_column][\/vc_row][vc_row][vc_column][vc_empty_space][\/vc_column][\/vc_row][vc_row][vc_column][vc_column_text]Bei Contank tragen wir mit unserem Sandkorn dazu bei, die Gesellschaft und die Umwelt, die uns umgibt, zu verbessern. Aus diesem Grund haben wir eine Reihe von Projekten zur Verbesserung der Lebensqualit\u00e4t der Menschen unterzeichnet.[\/vc_column_text][\/vc_column][\/vc_row][vc_row full_width=&#8220;stretch_row&#8220; gap=&#8220;0&#8243; css=&#8220;.vc_custom_1622028145198{padding-top: 120px !important;padding-bottom: 80px !important;background-color: #f7f7f7 !important;background-position: center !important;background-repeat: no-repeat !important;background-size: cover !important;}&#8220;][vc_column animation_delay=&#8220;0&#8243; width=&#8220;1\/2&#8243;][vc_column_text]Contank hat [&hellip;]","og_url":"https:\/\/contank.com\/de\/solidaritats-projekte\/","og_site_name":"Contank - Transporte ADR de l\u00edquidos intermodal","article_modified_time":"2021-10-19T13:54:29+00:00","twitter_card":"summary_large_image","twitter_site":"@ContankSA","twitter_misc":{"Gesch\u00e4tzte Lesezeit":"2\u00a0Minuten"},"schema":{"@context":"https:\/\/schema.org","@graph":[{"@type":"WebPage","@id":"https:\/\/contank.com\/de\/solidaritats-projekte\/","url":"https:\/\/contank.com\/de\/solidaritats-projekte\/","name":"Solidarit\u00e4tsprojekte - Contank - Transporte ADR de l\u00edquidos intermodal","isPartOf":{"@id":"https:\/\/contank.com\/#website"},"datePublished":"2021-07-20T10:54:40+00:00","dateModified":"2021-10-19T13:54:29+00:00","breadcrumb":{"@id":"https:\/\/contank.com\/de\/solidaritats-projekte\/#breadcrumb"},"inLanguage":"de","potentialAction":[{"@type":"ReadAction","target":["https:\/\/contank.com\/de\/solidaritats-projekte\/"]}]},{"@type":"BreadcrumbList","@id":"https:\/\/contank.com\/de\/solidaritats-projekte\/#breadcrumb","itemListElement":[{"@type":"ListItem","position":1,"name":"Portada","item":"https:\/\/contank.com\/de\/"},{"@type":"ListItem","position":2,"name":"Solidarit\u00e4tsprojekte"}]},{"@type":"WebSite","@id":"https:\/\/contank.com\/#website","url":"https:\/\/contank.com\/","name":"Contank - Transporte ADR Intermodal","description":"Especialistas en Transporte ADR de L\u00edquidos en contenedores","publisher":{"@id":"https:\/\/contank.com\/#organization"},"potentialAction":[{"@type":"SearchAction","target":{"@type":"EntryPoint","urlTemplate":"https:\/\/contank.com\/?s={search_term_string}"},"query-input":{"@type":"PropertyValueSpecification","valueRequired":true,"valueName":"search_term_string"}}],"inLanguage":"de"},{"@type":"Organization","@id":"https:\/\/contank.com\/#organization","name":"Contank","url":"https:\/\/contank.com\/","logo":{"@type":"ImageObject","inLanguage":"de","@id":"https:\/\/contank.com\/#\/schema\/logo\/image\/","url":"https:\/\/contank.com\/wp-content\/uploads\/2021\/05\/ck1.png","contentUrl":"https:\/\/contank.com\/wp-content\/uploads\/2021\/05\/ck1.png","width":130,"height":72,"caption":"Contank"},"image":{"@id":"https:\/\/contank.com\/#\/schema\/logo\/image\/"},"sameAs":["https:\/\/x.com\/ContankSA","https:\/\/www.instagram.com\/contank\/","https:\/\/www.linkedin.com\/company\/11075598\/"]}]}},"_links":{"self":[{"href":"https:\/\/contank.com\/de\/wp-json\/wp\/v2\/pages\/15048","targetHints":{"allow":["GET"]}}],"collection":[{"href":"https:\/\/contank.com\/de\/wp-json\/wp\/v2\/pages"}],"about":[{"href":"https:\/\/contank.com\/de\/wp-json\/wp\/v2\/types\/page"}],"author":[{"embeddable":true,"href":"https:\/\/contank.com\/de\/wp-json\/wp\/v2\/users\/1"}],"replies":[{"embeddable":true,"href":"https:\/\/contank.com\/de\/wp-json\/wp\/v2\/comments?post=15048"}],"version-history":[{"count":4,"href":"https:\/\/contank.com\/de\/wp-json\/wp\/v2\/pages\/15048\/revisions"}],"predecessor-version":[{"id":16615,"href":"https:\/\/contank.com\/de\/wp-json\/wp\/v2\/pages\/15048\/revisions\/16615"}],"wp:attachment":[{"href":"https:\/\/contank.com\/de\/wp-json\/wp\/v2\/media?parent=15048"}],"curies":[{"name":"wp","href":"https:\/\/api.w.org\/{rel}","templated":true}]}}