{"id":15037,"date":"2021-05-21T10:18:36","date_gmt":"2021-05-21T10:18:36","guid":{"rendered":"https:\/\/contank.com\/sostenibilidad\/"},"modified":"2021-12-03T10:54:18","modified_gmt":"2021-12-03T10:54:18","slug":"nachhaltigkeit","status":"publish","type":"page","link":"https:\/\/contank.com\/de\/nachhaltigkeit\/","title":{"rendered":"Nachhaltigkeit"},"content":{"rendered":"<div class=\"wpb-content-wrapper\"><p>[vc_row][vc_column width=&#8220;1\/2&#8243;]<div class=\"et-braket-block-wrapper\"><style>#et-braket-block-1 .braket-title {font-weight:700;color:#212121;}#et-braket-block-1 .braket-sub-title {color:#9a9a9a;}#et-braket-block-1 .braket-button {color:#212121 !important;}#et-braket-block-1 .braket-button:hover {color:#ffffff !important;}#et-braket-block-1 .braket-button:before {box-shadow:inset 0 0 0 1px #212121;}#et-braket-block-1 .braket-button:after {background-color:#ffd23f;}#et-braket-block-1 .braket > div:first-child,\r\n\t\t\t\t\t\t#et-braket-block-1 .braket > div:last-child,\r\n\t\t\t\t\t\t#et-braket-block-1 .braket > div:nth-child(2) > span  {background-color:#ffd23f;}<\/style><div id=\"et-braket-block-1\" data-delay=\"0\" class=\"et-braket-block left \"><div class=\"braket-block-inner et-clearfix\"><div class=\"braket\"><div><\/div><div><span><\/span><\/div><div><\/div><\/div><div class=\"braket-block-content\"><h1 class=\"braket-title\" data-mobile-font=\"inherit\" data-tablet-font=\"inherit\">Management der Nachhaltigkeit<\/h1><\/div><\/div><div class=\"braket-block-content text et-clearfix\"><\/div><\/div><\/div>[\/vc_column][vc_column width=&#8220;1\/2&#8243;][vc_column_text]<\/p>\n<p class=\"titular-componente\" style=\"margin: 0cm; background: white;\"><span style=\"font-family: Roboto; color: #616161;\">Bei Contank verfolgen wir das Ziel, mit Hilfe der folgenden Punkte eine nachhaltige Wertsch\u00f6pfung zu erlangen: <strong>Klimawandel, Umwelt, sicherer Betrieb, Menschen, Ethik und Transparenz sowie Innovation und Technologie<\/strong>. Dar\u00fcber hinaus unterst\u00fctzen wir die Agenda 2030 als festes Bekenntnis zum gesellschaftlichen Fortschritt.<\/span><\/p>\n<p>[\/vc_column_text][\/vc_column][\/vc_row][vc_row full_width=&#8220;stretch_row&#8220; css=&#8220;.vc_custom_1532095330581{padding-top: 72px !important;padding-bottom: 96px !important;}&#8220; el_class=&#8220;.et-carousel-custom-nav-color&#8220;][vc_column]<div class=\"et-testimonial-wrapper\"><div id=\"loop-testimonial-alt-1\" data-columns=\"1\" class=\"loop-testimonial testimonial-alt owl-carousel navigation-only-arrows et-clearfix\"><div class=\"et-testimonial-item\"><div class=\"et-item-inner\"><div class=\"testimonial-content et-clearfix\"><p>Der Schutz des Planeten ist die wichtigste Herausforderung, der wir uns stellen.<\/p>\n<\/div><div class=\"testimonial-person-data\"><h5 class=\"testimonial-title stylish-dash\">Quality Manager<\/h5><p class=\"testimonial-subtitle\">Evelin Fern\u00e1ndez<\/p><\/div><\/div><\/div><\/div><\/div>[\/vc_column][\/vc_row][vc_row][vc_column width=&#8220;1\/3&#8243;][vc_hoverbox image=&#8220;14310&#8243; primary_title=&#8220;Umwelt&#8220; hover_title=&#8220;Umwelt&#8220; shape=&#8220;square&#8220; hover_background_color=&#8220;custom&#8220; hover_custom_background=&#8220;#f9ce22&#8243; el_class=&#8220;cuadrado&#8220;]Wir respektieren die Umwelt und entwickeln T\u00e4tigkeiten im Bereich der Corporate Social Responsibility. Wir versuchen freiwillig unseren Beitrag zur Umweltverbesserung zu leisten.[\/vc_hoverbox]<div class=\"gap et-clearfix \" style=\"height:32px\"><\/div>[vc_hoverbox image=&#8220;14356&#8243; primary_title=&#8220;Arbeitsschutz&#8220; hover_title=&#8220;Arbeitsschutz&#8220; shape=&#8220;square&#8220; hover_background_color=&#8220;custom&#8220; hover_custom_background=&#8220;#f9ce22&#8243; el_class=&#8220;cuadrado&#8220;]Wir bewerten die mit unserer T\u00e4tigkeit zusammenh\u00e4ngenden Gefahren, um die Sicherheit sowohl unseres eigenen Personals als auch unserer Kunden und Lieferanten zu gew\u00e4hrleisten.[\/vc_hoverbox]<div class=\"gap et-clearfix \" style=\"height:32px\"><\/div>[vc_hoverbox image=&#8220;14371&#8243; primary_title=&#8220;Die Angestellten&#8220; hover_title=&#8220;Die Angestellten&#8220; shape=&#8220;square&#8220; hover_background_color=&#8220;custom&#8220; hover_custom_background=&#8220;#f9ce22&#8243; el_class=&#8220;cuadrado&#8220;]Ein vielf\u00e4ltiges Team engagiert sich im Rahmen des Unternehmensprojektes von Contank. Wir glauben an das Talent der Menschen. Daher fokussieren wir auf Vers\u00f6hnung und kontinuierliche Weiterbildung.[\/vc_hoverbox][\/vc_column][vc_column width=&#8220;1\/3&#8243;][vc_hoverbox image=&#8220;14345&#8243; primary_title=&#8220;Klimawandel&#8220; hover_title=&#8220;Klimawandel&#8220; shape=&#8220;square&#8220; hover_background_color=&#8220;custom&#8220; hover_custom_background=&#8220;#f9ce22&#8243; el_class=&#8220;cuadrado&#8220; el_id=&#8220;cuadrado&#8220;]Die Auswirkungen des Klimawandels betreffen uns alle. Wenn nicht umgehend drastische Ma\u00dfnahmen ergriffen werden, wird es in Zukunft viel schwieriger und auch teurer, sich auf die Auswirkungen des Klimawandels einzustellen.[\/vc_hoverbox]<div class=\"gap et-clearfix \" style=\"height:32px\"><\/div>[vc_hoverbox image=&#8220;14360&#8243; primary_title=&#8220;Menschenrechte&#8220; hover_title=&#8220;Menschenrechte&#8220; shape=&#8220;square&#8220; hover_background_color=&#8220;custom&#8220; hover_custom_background=&#8220;#f9ce22&#8243; el_class=&#8220;cuadrado&#8220;]Wir respektieren die Menschenrechte, indem wir die Leitprinzipien der Vereinten Nationen f\u00fcr Wirtschaft und Menschenrechte strikt befolgen. \u00a0<span class=\"et-highlight back-active\" style=\"color:white;background-color:white;\"><a class=\"row-title\" href=\"https:\/\/contank.com\/de\/solidaritats-projekte\/\" aria-label=\"\u00abSolidarit\u00e4tsprojekte\u00bb (Editar)\">Solidarit\u00e4tsprojekte<\/a><\/span>[\/vc_hoverbox]<div class=\"gap et-clearfix \" style=\"height:32px\"><\/div>[vc_hoverbox image=&#8220;14373&#8243; primary_title=&#8220;Verantwortungsvolle Besteuerung&#8220; hover_title=&#8220;Verantwortungsvolle Besteuerung&#8220; shape=&#8220;square&#8220; hover_background_color=&#8220;custom&#8220; hover_custom_background=&#8220;#f9ce22&#8243; el_class=&#8220;cuadrado&#8220;]Verantwortungsvolles Management unserer Besteuerung, Anwendung guter Steuerpraktiken und mit Transparenz.[\/vc_hoverbox][\/vc_column][vc_column width=&#8220;1\/3&#8243;][vc_hoverbox image=&#8220;14351&#8243; primary_title=&#8220;Kreislaufwirtschaft&#8220; hover_title=&#8220;Kreislaufwirtschaft&#8220; shape=&#8220;square&#8220; hover_background_color=&#8220;custom&#8220; hover_custom_background=&#8220;#f9ce22&#8243; el_class=&#8220;cuadrado&#8220;]Reduzierung der Abf\u00e4lle auf ein Mindestma\u00df. Falls ein Produkt das Ende seiner Nutzungsdauer erreicht, werden seine Materialien nach M\u00f6glichkeit im Rahmen der Wirtschaftlichkeit gehalten. Auf diese Weise wird ein Mehrwert erzeugt .[\/vc_hoverbox]<div class=\"gap et-clearfix \" style=\"height:32px\"><\/div>[vc_hoverbox image=&#8220;14365&#8243; primary_title=&#8220;Ethik und Transparenz&#8220; hover_title=&#8220;Ethik und Transparenz&#8220; shape=&#8220;square&#8220; hover_background_color=&#8220;custom&#8220; hover_custom_background=&#8220;#f9ce22&#8243; el_class=&#8220;cuadrado&#8220;]Wir \u00fcben alle unsere T\u00e4tigkeiten auf eine ethische und verantwortungsbewusste Art und Weise aus. Mit unseren kleinen gro\u00dfen Aktionen schaffen wir einen Mehrwert f\u00fcr die Gesellschaft.[\/vc_hoverbox]<div class=\"gap et-clearfix \" style=\"height:32px\"><\/div>[vc_hoverbox image=&#8220;14375&#8243; primary_title=&#8220;Gemeinschaftliche Beziehungen&#8220; hover_title=&#8220;Gemeinschaftliche Beziehungen&#8220; shape=&#8220;square&#8220; hover_background_color=&#8220;custom&#8220; hover_custom_background=&#8220;#f9ce22&#8243; el_class=&#8220;cuadrado&#8220;]Wir bauen enge Beziehungen zu den Gemeinden und Kommunen auf, mit denen wir zusammenarbeiten. Wir st\u00fctzen uns auf Respekt, Dialog und Vertrauen. \u00a0<span class=\"et-highlight back-active\" style=\"color:white;background-color:white;\"><a class=\"row-title\" href=\"https:\/\/contank.com\/de\/solidaritats-projekte\/\" aria-label=\"\u00abSolidarit\u00e4tsprojekte\u00bb (Editar)\">Solidarit\u00e4tsprojekte<\/a><\/span>[\/vc_hoverbox][\/vc_column][\/vc_row][vc_row][vc_column width=&#8220;1\/2&#8243;]<div class=\"gap et-clearfix \" style=\"height:32px\"><\/div>[vc_single_image image=&#8220;14438&#8243; img_size=&#8220;&#8220; onclick=&#8220;custom_link&#8220; link=&#8220;\/wp-content\/uploads\/2021\/05\/RESPONSIBLE-CARE-CERTIFICATE.pdf&#8220;][\/vc_column][vc_column width=&#8220;1\/2&#8243;]<div class=\"gap et-clearfix \" style=\"height:32px\"><\/div>[vc_column_text]<strong>Responsible Care\u00ae <\/strong><span style=\"font-family: Roboto; color: #616161;\">Hierbei handelt es sich um die freiwillige Initiative der globalen chemischen Industrie, die \u00fcber die Einhaltung gesetzlicher und beh\u00f6rdlicher Vorschriften hinaus Unternehmen, nationale Verb\u00e4nde der chemischen Industrie und deren Partner dazu verpflichtet, das Know-how und die Leistung unserer Technologien, Prozesse und Produkte in den Bereichen der Umwelt, Gesundheit, Sicherheit und des Schutzes w\u00e4hrend ihrer gesamten Lebensdauer kontinuierlich zu verbessern.<\/span>[\/vc_column_text][\/vc_column][\/vc_row]<\/p>\n<\/div>","protected":false},"excerpt":{"rendered":"<p>[vc_row][vc_column width=&#8220;1\/2&#8243;][\/vc_column][vc_column width=&#8220;1\/2&#8243;][vc_column_text] Bei Contank verfolgen wir das Ziel, mit Hilfe der folgenden Punkte eine nachhaltige Wertsch\u00f6pfung zu erlangen: Klimawandel, Umwelt, sicherer Betrieb, Menschen, Ethik und Transparenz sowie Innovation und Technologie. Dar\u00fcber hinaus unterst\u00fctzen wir die Agenda 2030 als festes Bekenntnis zum gesellschaftlichen Fortschritt. [\/vc_column_text][\/vc_column][\/vc_row][vc_row full_width=&#8220;stretch_row&#8220; css=&#8220;.vc_custom_1532095330581{padding-top: 72px !important;padding-bottom: 96px !important;}&#8220; el_class=&#8220;.et-carousel-custom-nav-color&#8220;][vc_column][\/vc_column][\/vc_row][vc_row][vc_column width=&#8220;1\/3&#8243;][vc_hoverbox image=&#8220;14310&#8243; primary_title=&#8220;Umwelt&#8220; [&hellip;]<\/p>\n","protected":false},"author":1,"featured_media":0,"parent":0,"menu_order":0,"comment_status":"closed","ping_status":"closed","template":"page-vc.php","meta":{"footnotes":""},"class_list":["post-15037","page","type-page","status-publish","hentry"],"yoast_head":"<!-- This site is optimized with the Yoast SEO plugin v27.4 - https:\/\/yoast.com\/product\/yoast-seo-wordpress\/ -->\n<title>Nachhaltigkeit - Contank - Transporte ADR de l\u00edquidos intermodal<\/title>\n<meta name=\"robots\" content=\"index, follow, max-snippet:-1, max-image-preview:large, max-video-preview:-1\" \/>\n<link rel=\"canonical\" href=\"https:\/\/contank.com\/de\/nachhaltigkeit\/\" \/>\n<meta property=\"og:locale\" content=\"de_DE\" \/>\n<meta property=\"og:type\" content=\"article\" \/>\n<meta property=\"og:title\" content=\"Nachhaltigkeit - Contank - Transporte ADR de l\u00edquidos intermodal\" \/>\n<meta property=\"og:description\" content=\"[vc_row][vc_column width=&#8220;1\/2&#8243;][\/vc_column][vc_column width=&#8220;1\/2&#8243;][vc_column_text] Bei Contank verfolgen wir das Ziel, mit Hilfe der folgenden Punkte eine nachhaltige Wertsch\u00f6pfung zu erlangen: Klimawandel, Umwelt, sicherer Betrieb, Menschen, Ethik und Transparenz sowie Innovation und Technologie. Dar\u00fcber hinaus unterst\u00fctzen wir die Agenda 2030 als festes Bekenntnis zum gesellschaftlichen Fortschritt. [\/vc_column_text][\/vc_column][\/vc_row][vc_row full_width=&#8220;stretch_row&#8220; css=&#8220;.vc_custom_1532095330581{padding-top: 72px !important;padding-bottom: 96px !important;}&#8220; el_class=&#8220;.et-carousel-custom-nav-color&#8220;][vc_column][\/vc_column][\/vc_row][vc_row][vc_column width=&#8220;1\/3&#8243;][vc_hoverbox image=&#8220;14310&#8243; primary_title=&#8220;Umwelt&#8220; [&hellip;]\" \/>\n<meta property=\"og:url\" content=\"https:\/\/contank.com\/de\/nachhaltigkeit\/\" \/>\n<meta property=\"og:site_name\" content=\"Contank - Transporte ADR de l\u00edquidos intermodal\" \/>\n<meta property=\"article:modified_time\" content=\"2021-12-03T10:54:18+00:00\" \/>\n<meta name=\"twitter:card\" content=\"summary_large_image\" \/>\n<meta name=\"twitter:site\" content=\"@ContankSA\" \/>\n<meta name=\"twitter:label1\" content=\"Gesch\u00e4tzte Lesezeit\" \/>\n\t<meta name=\"twitter:data1\" content=\"2\u00a0Minuten\" \/>\n<script type=\"application\/ld+json\" class=\"yoast-schema-graph\">{\"@context\":\"https:\\\/\\\/schema.org\",\"@graph\":[{\"@type\":\"WebPage\",\"@id\":\"https:\\\/\\\/contank.com\\\/de\\\/nachhaltigkeit\\\/\",\"url\":\"https:\\\/\\\/contank.com\\\/de\\\/nachhaltigkeit\\\/\",\"name\":\"Nachhaltigkeit - Contank - Transporte ADR de l\u00edquidos intermodal\",\"isPartOf\":{\"@id\":\"https:\\\/\\\/contank.com\\\/#website\"},\"datePublished\":\"2021-05-21T10:18:36+00:00\",\"dateModified\":\"2021-12-03T10:54:18+00:00\",\"breadcrumb\":{\"@id\":\"https:\\\/\\\/contank.com\\\/de\\\/nachhaltigkeit\\\/#breadcrumb\"},\"inLanguage\":\"de\",\"potentialAction\":[{\"@type\":\"ReadAction\",\"target\":[\"https:\\\/\\\/contank.com\\\/de\\\/nachhaltigkeit\\\/\"]}]},{\"@type\":\"BreadcrumbList\",\"@id\":\"https:\\\/\\\/contank.com\\\/de\\\/nachhaltigkeit\\\/#breadcrumb\",\"itemListElement\":[{\"@type\":\"ListItem\",\"position\":1,\"name\":\"Portada\",\"item\":\"https:\\\/\\\/contank.com\\\/de\\\/\"},{\"@type\":\"ListItem\",\"position\":2,\"name\":\"Nachhaltigkeit\"}]},{\"@type\":\"WebSite\",\"@id\":\"https:\\\/\\\/contank.com\\\/#website\",\"url\":\"https:\\\/\\\/contank.com\\\/\",\"name\":\"Contank - Transporte ADR Intermodal\",\"description\":\"Especialistas en Transporte ADR de L\u00edquidos en contenedores\",\"publisher\":{\"@id\":\"https:\\\/\\\/contank.com\\\/#organization\"},\"potentialAction\":[{\"@type\":\"SearchAction\",\"target\":{\"@type\":\"EntryPoint\",\"urlTemplate\":\"https:\\\/\\\/contank.com\\\/?s={search_term_string}\"},\"query-input\":{\"@type\":\"PropertyValueSpecification\",\"valueRequired\":true,\"valueName\":\"search_term_string\"}}],\"inLanguage\":\"de\"},{\"@type\":\"Organization\",\"@id\":\"https:\\\/\\\/contank.com\\\/#organization\",\"name\":\"Contank\",\"url\":\"https:\\\/\\\/contank.com\\\/\",\"logo\":{\"@type\":\"ImageObject\",\"inLanguage\":\"de\",\"@id\":\"https:\\\/\\\/contank.com\\\/#\\\/schema\\\/logo\\\/image\\\/\",\"url\":\"https:\\\/\\\/contank.com\\\/wp-content\\\/uploads\\\/2021\\\/05\\\/ck1.png\",\"contentUrl\":\"https:\\\/\\\/contank.com\\\/wp-content\\\/uploads\\\/2021\\\/05\\\/ck1.png\",\"width\":130,\"height\":72,\"caption\":\"Contank\"},\"image\":{\"@id\":\"https:\\\/\\\/contank.com\\\/#\\\/schema\\\/logo\\\/image\\\/\"},\"sameAs\":[\"https:\\\/\\\/x.com\\\/ContankSA\",\"https:\\\/\\\/www.instagram.com\\\/contank\\\/\",\"https:\\\/\\\/www.linkedin.com\\\/company\\\/11075598\\\/\"]}]}<\/script>\n<!-- \/ Yoast SEO plugin. -->","yoast_head_json":{"title":"Nachhaltigkeit - Contank - Transporte ADR de l\u00edquidos intermodal","robots":{"index":"index","follow":"follow","max-snippet":"max-snippet:-1","max-image-preview":"max-image-preview:large","max-video-preview":"max-video-preview:-1"},"canonical":"https:\/\/contank.com\/de\/nachhaltigkeit\/","og_locale":"de_DE","og_type":"article","og_title":"Nachhaltigkeit - Contank - Transporte ADR de l\u00edquidos intermodal","og_description":"[vc_row][vc_column width=&#8220;1\/2&#8243;][\/vc_column][vc_column width=&#8220;1\/2&#8243;][vc_column_text] Bei Contank verfolgen wir das Ziel, mit Hilfe der folgenden Punkte eine nachhaltige Wertsch\u00f6pfung zu erlangen: Klimawandel, Umwelt, sicherer Betrieb, Menschen, Ethik und Transparenz sowie Innovation und Technologie. Dar\u00fcber hinaus unterst\u00fctzen wir die Agenda 2030 als festes Bekenntnis zum gesellschaftlichen Fortschritt. [\/vc_column_text][\/vc_column][\/vc_row][vc_row full_width=&#8220;stretch_row&#8220; css=&#8220;.vc_custom_1532095330581{padding-top: 72px !important;padding-bottom: 96px !important;}&#8220; el_class=&#8220;.et-carousel-custom-nav-color&#8220;][vc_column][\/vc_column][\/vc_row][vc_row][vc_column width=&#8220;1\/3&#8243;][vc_hoverbox image=&#8220;14310&#8243; primary_title=&#8220;Umwelt&#8220; [&hellip;]","og_url":"https:\/\/contank.com\/de\/nachhaltigkeit\/","og_site_name":"Contank - Transporte ADR de l\u00edquidos intermodal","article_modified_time":"2021-12-03T10:54:18+00:00","twitter_card":"summary_large_image","twitter_site":"@ContankSA","twitter_misc":{"Gesch\u00e4tzte Lesezeit":"2\u00a0Minuten"},"schema":{"@context":"https:\/\/schema.org","@graph":[{"@type":"WebPage","@id":"https:\/\/contank.com\/de\/nachhaltigkeit\/","url":"https:\/\/contank.com\/de\/nachhaltigkeit\/","name":"Nachhaltigkeit - Contank - Transporte ADR de l\u00edquidos intermodal","isPartOf":{"@id":"https:\/\/contank.com\/#website"},"datePublished":"2021-05-21T10:18:36+00:00","dateModified":"2021-12-03T10:54:18+00:00","breadcrumb":{"@id":"https:\/\/contank.com\/de\/nachhaltigkeit\/#breadcrumb"},"inLanguage":"de","potentialAction":[{"@type":"ReadAction","target":["https:\/\/contank.com\/de\/nachhaltigkeit\/"]}]},{"@type":"BreadcrumbList","@id":"https:\/\/contank.com\/de\/nachhaltigkeit\/#breadcrumb","itemListElement":[{"@type":"ListItem","position":1,"name":"Portada","item":"https:\/\/contank.com\/de\/"},{"@type":"ListItem","position":2,"name":"Nachhaltigkeit"}]},{"@type":"WebSite","@id":"https:\/\/contank.com\/#website","url":"https:\/\/contank.com\/","name":"Contank - Transporte ADR Intermodal","description":"Especialistas en Transporte ADR de L\u00edquidos en contenedores","publisher":{"@id":"https:\/\/contank.com\/#organization"},"potentialAction":[{"@type":"SearchAction","target":{"@type":"EntryPoint","urlTemplate":"https:\/\/contank.com\/?s={search_term_string}"},"query-input":{"@type":"PropertyValueSpecification","valueRequired":true,"valueName":"search_term_string"}}],"inLanguage":"de"},{"@type":"Organization","@id":"https:\/\/contank.com\/#organization","name":"Contank","url":"https:\/\/contank.com\/","logo":{"@type":"ImageObject","inLanguage":"de","@id":"https:\/\/contank.com\/#\/schema\/logo\/image\/","url":"https:\/\/contank.com\/wp-content\/uploads\/2021\/05\/ck1.png","contentUrl":"https:\/\/contank.com\/wp-content\/uploads\/2021\/05\/ck1.png","width":130,"height":72,"caption":"Contank"},"image":{"@id":"https:\/\/contank.com\/#\/schema\/logo\/image\/"},"sameAs":["https:\/\/x.com\/ContankSA","https:\/\/www.instagram.com\/contank\/","https:\/\/www.linkedin.com\/company\/11075598\/"]}]}},"_links":{"self":[{"href":"https:\/\/contank.com\/de\/wp-json\/wp\/v2\/pages\/15037","targetHints":{"allow":["GET"]}}],"collection":[{"href":"https:\/\/contank.com\/de\/wp-json\/wp\/v2\/pages"}],"about":[{"href":"https:\/\/contank.com\/de\/wp-json\/wp\/v2\/types\/page"}],"author":[{"embeddable":true,"href":"https:\/\/contank.com\/de\/wp-json\/wp\/v2\/users\/1"}],"replies":[{"embeddable":true,"href":"https:\/\/contank.com\/de\/wp-json\/wp\/v2\/comments?post=15037"}],"version-history":[{"count":3,"href":"https:\/\/contank.com\/de\/wp-json\/wp\/v2\/pages\/15037\/revisions"}],"predecessor-version":[{"id":16671,"href":"https:\/\/contank.com\/de\/wp-json\/wp\/v2\/pages\/15037\/revisions\/16671"}],"wp:attachment":[{"href":"https:\/\/contank.com\/de\/wp-json\/wp\/v2\/media?parent=15037"}],"curies":[{"name":"wp","href":"https:\/\/api.w.org\/{rel}","templated":true}]}}