{"id":15015,"date":"2018-06-14T09:32:25","date_gmt":"2018-06-14T09:32:25","guid":{"rendered":"https:\/\/contank.com\/nosotros\/"},"modified":"2021-08-23T10:56:36","modified_gmt":"2021-08-23T10:56:36","slug":"uber-uns","status":"publish","type":"page","link":"https:\/\/contank.com\/de\/uber-uns\/","title":{"rendered":"\u00dcber uns"},"content":{"rendered":"<div class=\"wpb-content-wrapper\"><p>[vc_row css=&#8220;.vc_custom_1531321123594{padding-top: 72px !important;padding-bottom: 72px !important;}&#8220;][vc_column][vc_row_inner][vc_column_inner width=&#8220;1\/6&#8243;][\/vc_column_inner][vc_column_inner el_class=&#8220;text-align-center&#8220; width=&#8220;2\/3&#8243;]<h3 id=\"et-animated-title-1\" class=\"et-animated-title et-clearfix  words-direct\" data-mobile-font=\"32px\" data-tablet-font=\"inherit\" data-delay=\"100\" style=\"font-size:48px;font-weight:700;line-height:56px;color:#212121;\"><span class=\"text-wrapper\"><span class=\"text\">Eine Geschichte mit Zukunftsvision<\/span><\/span><\/h3><div class=\"gap et-clearfix \" style=\"height:32px\"><\/div><div class=\"et-simple-braket-block-wrapper\"><style>#et-simple-braket-block-1 .braket-text {font-weight:400;}#et-simple-braket-block-1 .braket > div  {background-color:#ffcb3f;}<\/style><div id=\"et-simple-braket-block-1\" class=\"et-simple-braket-block \"><div class=\"braket\"><div><\/div><div><\/div><div><\/div><\/div><div class=\"braket-text\" data-mobile-font=\"inherit\" data-tablet-font=\"32px\">Die Geschichte des Unternehmens Contank ist von weitreichenden Entscheidungen gepr\u00e4gt. Sie ist die Geschichte eines dynamischen Unternehmens mit internationaler Ausrichtung und mit einem unersch\u00fctterlichen Verst\u00e4ndnis f\u00fcr die Anforderungen seiner Kunden.<\/div><\/div><\/div>[\/vc_column_inner][vc_column_inner width=&#8220;1\/6&#8243;][\/vc_column_inner][\/vc_row_inner]<div class=\"et-timeline-wrapper\"><div id=\"et-timeline-1\" class=\"et-timeline et-clearfix\"><div class=\"et-timeline-item et-clearfix\"><h5 class=\"timeline-item-title\">1989<\/h5><span class=\"timeline-item-icon fa fa-map-marker-alt\"><\/span><div id=\"1989-1\" class=\"timeline-item-content et-clearfix\">[vc_custom_heading text=&#8220;Gr\u00fcndung&#8220; font_container=&#8220;tag:h5|text_align:left&#8220; use_theme_fonts=&#8220;yes&#8220;][vc_column_text]<\/p>\n<p class=\"P68B1DB1-NormalWeb4\" style=\"margin: 0cm; background: white;\">Herr Jos\u00e9 Antonio Lago rief das Unternehmen ins Leben.<\/p>\n<p>[\/vc_column_text]<\/div><\/div><div class=\"et-timeline-item et-clearfix\"><h5 class=\"timeline-item-title\">1994<\/h5><span class=\"timeline-item-icon fa fa-map-marker-alt\"><\/span><div id=\"1994-2\" class=\"timeline-item-content et-clearfix\">[vc_custom_heading text=&#8220;Die neuen B\u00fcror\u00e4umlichkeiten&#8220; font_container=&#8220;tag:h5|text_align:left&#8220; use_theme_fonts=&#8220;yes&#8220;][vc_column_text]<\/p>\n<p class=\"P68B1DB1-NormalWeb4\" style=\"margin: 0cm; background: white;\">Es entstehen die B\u00fcror\u00e4umlichkeiten des Firmensitzes im Col\u00f3n-Geb\u00e4ude in Barcelona.<\/p>\n<p>[\/vc_column_text]<\/div><\/div><div class=\"et-timeline-item et-clearfix\"><h5 class=\"timeline-item-title\">1997<\/h5><span class=\"timeline-item-icon fa fa-map-marker-alt\"><\/span><div id=\"1997-3\" class=\"timeline-item-content et-clearfix\">[vc_custom_heading text=&#8220;100 Tanktainers&#8220; font_container=&#8220;tag:h5|text_align:left&#8220; use_theme_fonts=&#8220;yes&#8220;][vc_column_text]<\/p>\n<p class=\"P68B1DB1-NormalWeb4\" style=\"margin: 0cm; background: white;\">Unsere Flotte hat eine Anzahl von 100 Containern erreicht.<\/p>\n<p>[\/vc_column_text]<\/div><\/div><div class=\"et-timeline-item et-clearfix\"><h5 class=\"timeline-item-title\">2002<\/h5><span class=\"timeline-item-icon fa fa-map-marker-alt\"><\/span><div id=\"2002-4\" class=\"timeline-item-content et-clearfix\">[vc_custom_heading text=&#8220;Neue Logistikbasis&#8220; font_container=&#8220;tag:h5|text_align:left&#8220; use_theme_fonts=&#8220;yes&#8220;][vc_column_text]<\/p>\n<p class=\"P68B1DB1-NormalWeb4\" style=\"margin: 0cm; background: white;\">Erwerb von 30.000 m2 Land in Castellbisbal (Barcelona).<\/p>\n<p>[\/vc_column_text]<\/div><\/div><div class=\"et-timeline-item et-clearfix\"><h5 class=\"timeline-item-title\">2005<\/h5><span class=\"timeline-item-icon fa fa-map-marker-alt\"><\/span><div id=\"2005-5\" class=\"timeline-item-content et-clearfix\">[vc_custom_heading text=&#8220;Neue Logistikbasis&#8220; font_container=&#8220;tag:h5|text_align:left&#8220; use_theme_fonts=&#8220;yes&#8220;][vc_column_text]<\/p>\n<p class=\"P68B1DB1-NormalWeb4\" style=\"margin: 0cm; background: white;\">Einweihung des neuen Logistikkomplexes in Castellbisbal (Barcelona).<\/p>\n<p>[\/vc_column_text]<\/div><\/div><div class=\"et-timeline-item et-clearfix\"><h5 class=\"timeline-item-title\">2010<\/h5><span class=\"timeline-item-icon fa fa-map-marker-alt\"><\/span><div id=\"2010-6\" class=\"timeline-item-content et-clearfix\">[vc_custom_heading text=&#8220;1000 Tanktainers&#8220; font_container=&#8220;tag:h5|text_align:left&#8220; use_theme_fonts=&#8220;yes&#8220;][vc_column_text]<\/p>\n<p class=\"P68B1DB1-NormalWeb4\" style=\"margin: 0cm; background: white;\">Unsere Flotte hat eine Anzahl von 1000 Containern erreicht.<\/p>\n<p>[\/vc_column_text]<\/div><\/div><div class=\"et-timeline-item et-clearfix\"><h5 class=\"timeline-item-title\">2014<\/h5><span class=\"timeline-item-icon fa fa-map-marker-alt\"><\/span><div id=\"2014-7\" class=\"timeline-item-content et-clearfix\">[vc_custom_heading text=&#8220;Neue Lebensmittelw\u00e4sche&#8220; font_container=&#8220;tag:h5|text_align:left&#8220; use_theme_fonts=&#8220;yes&#8220;][vc_column_text]<\/p>\n<p class=\"P68B1DB1-NormalWeb4\" style=\"margin: 0cm; background: white;\">Wir haben die innovative und zertifizierte W\u00e4scherei f\u00fcr Lebensmitteltanks eingeweiht. (Einzigartig in Spanien)<\/p>\n<p>[\/vc_column_text]<\/div><\/div><div class=\"et-timeline-item et-clearfix\"><h5 class=\"timeline-item-title\">2015<\/h5><span class=\"timeline-item-icon fa fa-map-marker-alt\"><\/span><div id=\"2015-8\" class=\"timeline-item-content et-clearfix\">[vc_custom_heading text=&#8220;Neuer CEO: Israel Lago&#8220; font_container=&#8220;tag:h5|text_align:left&#8220; use_theme_fonts=&#8220;yes&#8220;][vc_column_text]<\/p>\n<p class=\"P68B1DB1-NormalWeb4\" style=\"margin: 0cm; background: white;\">Herr Israel Lago wird zum neuen Gesch\u00e4ftsf\u00fchrer des Unternehmens Contank.<\/p>\n<p>[\/vc_column_text]<\/div><\/div><div class=\"et-timeline-item et-clearfix\"><h5 class=\"timeline-item-title\">2016<\/h5><span class=\"timeline-item-icon fa fa-map-marker-alt\"><\/span><div id=\"2016-9\" class=\"timeline-item-content et-clearfix\">[vc_custom_heading text=&#8220;Neue Composite Tanktainers&#8220; font_container=&#8220;tag:h5|text_align:left&#8220; use_theme_fonts=&#8220;yes&#8220;][vc_column_text]Neue Composite-Container, die leichter sind und mehr Tragf\u00e4higkeit anbieten.[\/vc_column_text]<\/div><\/div><div class=\"et-timeline-item et-clearfix\"><h5 class=\"timeline-item-title\">2019<\/h5><span class=\"timeline-item-icon fa fa-map-marker-alt\"><\/span><div id=\"2019-10\" class=\"timeline-item-content et-clearfix\">[vc_custom_heading text=&#8220;30-j\u00e4hriges Jubil\u00e4um des Unternehmens Contank&#8220; font_container=&#8220;tag:h5|text_align:left&#8220; use_theme_fonts=&#8220;yes&#8220;][vc_column_text]<\/p>\n<p class=\"P68B1DB1-NormalWeb4\" style=\"margin: 0cm; background: white;\">Es sind schon 30 Jahre seit der Firmengr\u00fcndung vergangen.<\/p>\n<p>[\/vc_column_text]<\/div><\/div><div class=\"et-timeline-item et-clearfix\"><h5 class=\"timeline-item-title\">2021<\/h5><span class=\"timeline-item-icon fa fa-map-marker-alt\"><\/span><div id=\"2021-11\" class=\"timeline-item-content et-clearfix\">[vc_custom_heading text=&#8220;1500 Contenedores&#8220; font_container=&#8220;tag:h5|text_align:left&#8220; use_theme_fonts=&#8220;yes&#8220;][vc_column_text]<\/p>\n<p class=\"P68B1DB1-NormalWeb4\" style=\"margin: 0cm; background: white;\">Unsere Flotte hat eine Anzahl von 1500 Containern erreicht.<\/p>\n<p>[\/vc_column_text]<\/div><\/div><\/div><\/div>[vc_column_text css_animation=&#8220;fadeInUp&#8220;]<\/p>\n<h3 style=\"text-align: center;\">Gehen wir den weg gemeinsam?<\/h3>\n<p>[\/vc_column_text][vc_single_image image=&#8220;14181&#8243; img_size=&#8220;full&#8220; alignment=&#8220;center&#8220; css_animation=&#8220;bounceInUp&#8220;][\/vc_column][\/vc_row][vc_row full_width=&#8220;stretch_row&#8220; content_placement=&#8220;middle&#8220; css=&#8220;.vc_custom_1622026263322{background-image: url(https:\/\/contank.com\/wp-content\/uploads\/2018\/07\/globus_image_large_color_1.jpg?id=12703) !important;}&#8220;][vc_column width=&#8220;2\/3&#8243;][vc_custom_heading text=&#8220;Reduzieren Sie Ihren CO2-Fu\u00dfabdruck&#8220; font_container=&#8220;tag:h1|text_align:left|color:%23ffffff&#8220; use_theme_fonts=&#8220;yes&#8220; mobile_font_size=&#8220;32px&#8220;][vc_column_text]<span style=\"color: #ffffff;\">Reduzieren Sie Ihren CO2-Fu\u00dfabdruck, indem Sie auf den effizientesten und umweltfreundlichsten Transport, den sogenannten intermodalen Verkehr, setzen.<\/span>[\/vc_column_text][\/vc_column][vc_column width=&#8220;1\/3&#8243;]<a target=\"_self\" href=\"\/de\/kontakt\/\" id=\"et-button-1\" style=\"color:#ffffff;font-weight:800 !important;\" class=\"et-button   icon-position-left modal-false large hover-none false click-material\" data-color=\"#ffffff\" ><span style=\"\" class=\"hover\"><\/span><span style=\"\" class=\"regular\"><\/span><span style=\"background-color:#ffffff;\" class=\"et-ink\"><\/span><span class=\"text\">Lassen Sie uns jetzt sprechen!<\/span><\/a>[\/vc_column][vc_column][\/vc_column][\/vc_row]<\/p>\n<\/div>","protected":false},"excerpt":{"rendered":"<p>[vc_row css=&#8220;.vc_custom_1531321123594{padding-top: 72px !important;padding-bottom: 72px !important;}&#8220;][vc_column][vc_row_inner][vc_column_inner width=&#8220;1\/6&#8243;][\/vc_column_inner][vc_column_inner el_class=&#8220;text-align-center&#8220; width=&#8220;2\/3&#8243;][\/vc_column_inner][vc_column_inner width=&#8220;1\/6&#8243;][\/vc_column_inner][\/vc_row_inner][vc_column_text css_animation=&#8220;fadeInUp&#8220;] Gehen wir den weg gemeinsam? [\/vc_column_text][vc_single_image image=&#8220;14181&#8243; img_size=&#8220;full&#8220; alignment=&#8220;center&#8220; css_animation=&#8220;bounceInUp&#8220;][\/vc_column][\/vc_row][vc_row full_width=&#8220;stretch_row&#8220; content_placement=&#8220;middle&#8220; css=&#8220;.vc_custom_1622026263322{background-image: url(https:\/\/contank.com\/wp-content\/uploads\/2018\/07\/globus_image_large_color_1.jpg?id=12703) !important;}&#8220;][vc_column width=&#8220;2\/3&#8243;][vc_custom_heading text=&#8220;Reduzieren Sie Ihren CO2-Fu\u00dfabdruck&#8220; font_container=&#8220;tag:h1|text_align:left|color:%23ffffff&#8220; use_theme_fonts=&#8220;yes&#8220; mobile_font_size=&#8220;32px&#8220;][vc_column_text]Reduzieren Sie Ihren CO2-Fu\u00dfabdruck, indem Sie auf den effizientesten und umweltfreundlichsten Transport, den sogenannten intermodalen Verkehr, setzen.[\/vc_column_text][\/vc_column][vc_column width=&#8220;1\/3&#8243;][\/vc_column][vc_column][\/vc_column][\/vc_row]<\/p>\n","protected":false},"author":1,"featured_media":0,"parent":0,"menu_order":0,"comment_status":"closed","ping_status":"closed","template":"page-vc.php","meta":{"footnotes":""},"class_list":["post-15015","page","type-page","status-publish","hentry"],"yoast_head":"<!-- This site is optimized with the Yoast SEO plugin v27.3 - https:\/\/yoast.com\/product\/yoast-seo-wordpress\/ -->\n<title>\u00dcber uns - Contank - Transporte ADR de l\u00edquidos intermodal<\/title>\n<meta name=\"robots\" content=\"index, follow, max-snippet:-1, max-image-preview:large, max-video-preview:-1\" \/>\n<link rel=\"canonical\" href=\"https:\/\/contank.com\/de\/uber-uns\/\" \/>\n<meta property=\"og:locale\" content=\"de_DE\" \/>\n<meta property=\"og:type\" content=\"article\" \/>\n<meta property=\"og:title\" content=\"\u00dcber uns - Contank - Transporte ADR de l\u00edquidos intermodal\" \/>\n<meta property=\"og:description\" content=\"[vc_row css=&#8220;.vc_custom_1531321123594{padding-top: 72px !important;padding-bottom: 72px !important;}&#8220;][vc_column][vc_row_inner][vc_column_inner width=&#8220;1\/6&#8243;][\/vc_column_inner][vc_column_inner el_class=&#8220;text-align-center&#8220; width=&#8220;2\/3&#8243;][\/vc_column_inner][vc_column_inner width=&#8220;1\/6&#8243;][\/vc_column_inner][\/vc_row_inner][vc_column_text css_animation=&#8220;fadeInUp&#8220;] Gehen wir den weg gemeinsam? [\/vc_column_text][vc_single_image image=&#8220;14181&#8243; img_size=&#8220;full&#8220; alignment=&#8220;center&#8220; css_animation=&#8220;bounceInUp&#8220;][\/vc_column][\/vc_row][vc_row full_width=&#8220;stretch_row&#8220; content_placement=&#8220;middle&#8220; css=&#8220;.vc_custom_1622026263322{background-image: url(https:\/\/contank.com\/wp-content\/uploads\/2018\/07\/globus_image_large_color_1.jpg?id=12703) !important;}&#8220;][vc_column width=&#8220;2\/3&#8243;][vc_custom_heading text=&#8220;Reduzieren Sie Ihren CO2-Fu\u00dfabdruck&#8220; font_container=&#8220;tag:h1|text_align:left|color:%23ffffff&#8220; use_theme_fonts=&#8220;yes&#8220; mobile_font_size=&#8220;32px&#8220;][vc_column_text]Reduzieren Sie Ihren CO2-Fu\u00dfabdruck, indem Sie auf den effizientesten und umweltfreundlichsten Transport, den sogenannten intermodalen Verkehr, setzen.[\/vc_column_text][\/vc_column][vc_column width=&#8220;1\/3&#8243;][\/vc_column][vc_column][\/vc_column][\/vc_row]\" \/>\n<meta property=\"og:url\" content=\"https:\/\/contank.com\/de\/uber-uns\/\" \/>\n<meta property=\"og:site_name\" content=\"Contank - Transporte ADR de l\u00edquidos intermodal\" \/>\n<meta property=\"article:modified_time\" content=\"2021-08-23T10:56:36+00:00\" \/>\n<meta name=\"twitter:card\" content=\"summary_large_image\" \/>\n<meta name=\"twitter:site\" content=\"@ContankSA\" \/>\n<meta name=\"twitter:label1\" content=\"Gesch\u00e4tzte Lesezeit\" \/>\n\t<meta name=\"twitter:data1\" content=\"4\u00a0Minuten\" \/>\n<script type=\"application\/ld+json\" class=\"yoast-schema-graph\">{\"@context\":\"https:\\\/\\\/schema.org\",\"@graph\":[{\"@type\":\"WebPage\",\"@id\":\"https:\\\/\\\/contank.com\\\/de\\\/uber-uns\\\/\",\"url\":\"https:\\\/\\\/contank.com\\\/de\\\/uber-uns\\\/\",\"name\":\"\u00dcber uns - Contank - Transporte ADR de l\u00edquidos intermodal\",\"isPartOf\":{\"@id\":\"https:\\\/\\\/contank.com\\\/#website\"},\"datePublished\":\"2018-06-14T09:32:25+00:00\",\"dateModified\":\"2021-08-23T10:56:36+00:00\",\"breadcrumb\":{\"@id\":\"https:\\\/\\\/contank.com\\\/de\\\/uber-uns\\\/#breadcrumb\"},\"inLanguage\":\"de\",\"potentialAction\":[{\"@type\":\"ReadAction\",\"target\":[\"https:\\\/\\\/contank.com\\\/de\\\/uber-uns\\\/\"]}]},{\"@type\":\"BreadcrumbList\",\"@id\":\"https:\\\/\\\/contank.com\\\/de\\\/uber-uns\\\/#breadcrumb\",\"itemListElement\":[{\"@type\":\"ListItem\",\"position\":1,\"name\":\"Portada\",\"item\":\"https:\\\/\\\/contank.com\\\/de\\\/\"},{\"@type\":\"ListItem\",\"position\":2,\"name\":\"\u00dcber uns\"}]},{\"@type\":\"WebSite\",\"@id\":\"https:\\\/\\\/contank.com\\\/#website\",\"url\":\"https:\\\/\\\/contank.com\\\/\",\"name\":\"Contank - Transporte ADR Intermodal\",\"description\":\"Especialistas en Transporte ADR de L\u00edquidos en contenedores\",\"publisher\":{\"@id\":\"https:\\\/\\\/contank.com\\\/#organization\"},\"potentialAction\":[{\"@type\":\"SearchAction\",\"target\":{\"@type\":\"EntryPoint\",\"urlTemplate\":\"https:\\\/\\\/contank.com\\\/?s={search_term_string}\"},\"query-input\":{\"@type\":\"PropertyValueSpecification\",\"valueRequired\":true,\"valueName\":\"search_term_string\"}}],\"inLanguage\":\"de\"},{\"@type\":\"Organization\",\"@id\":\"https:\\\/\\\/contank.com\\\/#organization\",\"name\":\"Contank\",\"url\":\"https:\\\/\\\/contank.com\\\/\",\"logo\":{\"@type\":\"ImageObject\",\"inLanguage\":\"de\",\"@id\":\"https:\\\/\\\/contank.com\\\/#\\\/schema\\\/logo\\\/image\\\/\",\"url\":\"https:\\\/\\\/contank.com\\\/wp-content\\\/uploads\\\/2021\\\/05\\\/ck1.png\",\"contentUrl\":\"https:\\\/\\\/contank.com\\\/wp-content\\\/uploads\\\/2021\\\/05\\\/ck1.png\",\"width\":130,\"height\":72,\"caption\":\"Contank\"},\"image\":{\"@id\":\"https:\\\/\\\/contank.com\\\/#\\\/schema\\\/logo\\\/image\\\/\"},\"sameAs\":[\"https:\\\/\\\/x.com\\\/ContankSA\",\"https:\\\/\\\/www.instagram.com\\\/contank\\\/\",\"https:\\\/\\\/www.linkedin.com\\\/company\\\/11075598\\\/\"]}]}<\/script>\n<!-- \/ Yoast SEO plugin. -->","yoast_head_json":{"title":"\u00dcber uns - Contank - Transporte ADR de l\u00edquidos intermodal","robots":{"index":"index","follow":"follow","max-snippet":"max-snippet:-1","max-image-preview":"max-image-preview:large","max-video-preview":"max-video-preview:-1"},"canonical":"https:\/\/contank.com\/de\/uber-uns\/","og_locale":"de_DE","og_type":"article","og_title":"\u00dcber uns - Contank - Transporte ADR de l\u00edquidos intermodal","og_description":"[vc_row css=&#8220;.vc_custom_1531321123594{padding-top: 72px !important;padding-bottom: 72px !important;}&#8220;][vc_column][vc_row_inner][vc_column_inner width=&#8220;1\/6&#8243;][\/vc_column_inner][vc_column_inner el_class=&#8220;text-align-center&#8220; width=&#8220;2\/3&#8243;][\/vc_column_inner][vc_column_inner width=&#8220;1\/6&#8243;][\/vc_column_inner][\/vc_row_inner][vc_column_text css_animation=&#8220;fadeInUp&#8220;] Gehen wir den weg gemeinsam? [\/vc_column_text][vc_single_image image=&#8220;14181&#8243; img_size=&#8220;full&#8220; alignment=&#8220;center&#8220; css_animation=&#8220;bounceInUp&#8220;][\/vc_column][\/vc_row][vc_row full_width=&#8220;stretch_row&#8220; content_placement=&#8220;middle&#8220; css=&#8220;.vc_custom_1622026263322{background-image: url(https:\/\/contank.com\/wp-content\/uploads\/2018\/07\/globus_image_large_color_1.jpg?id=12703) !important;}&#8220;][vc_column width=&#8220;2\/3&#8243;][vc_custom_heading text=&#8220;Reduzieren Sie Ihren CO2-Fu\u00dfabdruck&#8220; font_container=&#8220;tag:h1|text_align:left|color:%23ffffff&#8220; use_theme_fonts=&#8220;yes&#8220; mobile_font_size=&#8220;32px&#8220;][vc_column_text]Reduzieren Sie Ihren CO2-Fu\u00dfabdruck, indem Sie auf den effizientesten und umweltfreundlichsten Transport, den sogenannten intermodalen Verkehr, setzen.[\/vc_column_text][\/vc_column][vc_column width=&#8220;1\/3&#8243;][\/vc_column][vc_column][\/vc_column][\/vc_row]","og_url":"https:\/\/contank.com\/de\/uber-uns\/","og_site_name":"Contank - Transporte ADR de l\u00edquidos intermodal","article_modified_time":"2021-08-23T10:56:36+00:00","twitter_card":"summary_large_image","twitter_site":"@ContankSA","twitter_misc":{"Gesch\u00e4tzte Lesezeit":"4\u00a0Minuten"},"schema":{"@context":"https:\/\/schema.org","@graph":[{"@type":"WebPage","@id":"https:\/\/contank.com\/de\/uber-uns\/","url":"https:\/\/contank.com\/de\/uber-uns\/","name":"\u00dcber uns - Contank - Transporte ADR de l\u00edquidos intermodal","isPartOf":{"@id":"https:\/\/contank.com\/#website"},"datePublished":"2018-06-14T09:32:25+00:00","dateModified":"2021-08-23T10:56:36+00:00","breadcrumb":{"@id":"https:\/\/contank.com\/de\/uber-uns\/#breadcrumb"},"inLanguage":"de","potentialAction":[{"@type":"ReadAction","target":["https:\/\/contank.com\/de\/uber-uns\/"]}]},{"@type":"BreadcrumbList","@id":"https:\/\/contank.com\/de\/uber-uns\/#breadcrumb","itemListElement":[{"@type":"ListItem","position":1,"name":"Portada","item":"https:\/\/contank.com\/de\/"},{"@type":"ListItem","position":2,"name":"\u00dcber uns"}]},{"@type":"WebSite","@id":"https:\/\/contank.com\/#website","url":"https:\/\/contank.com\/","name":"Contank - Transporte ADR Intermodal","description":"Especialistas en Transporte ADR de L\u00edquidos en contenedores","publisher":{"@id":"https:\/\/contank.com\/#organization"},"potentialAction":[{"@type":"SearchAction","target":{"@type":"EntryPoint","urlTemplate":"https:\/\/contank.com\/?s={search_term_string}"},"query-input":{"@type":"PropertyValueSpecification","valueRequired":true,"valueName":"search_term_string"}}],"inLanguage":"de"},{"@type":"Organization","@id":"https:\/\/contank.com\/#organization","name":"Contank","url":"https:\/\/contank.com\/","logo":{"@type":"ImageObject","inLanguage":"de","@id":"https:\/\/contank.com\/#\/schema\/logo\/image\/","url":"https:\/\/contank.com\/wp-content\/uploads\/2021\/05\/ck1.png","contentUrl":"https:\/\/contank.com\/wp-content\/uploads\/2021\/05\/ck1.png","width":130,"height":72,"caption":"Contank"},"image":{"@id":"https:\/\/contank.com\/#\/schema\/logo\/image\/"},"sameAs":["https:\/\/x.com\/ContankSA","https:\/\/www.instagram.com\/contank\/","https:\/\/www.linkedin.com\/company\/11075598\/"]}]}},"_links":{"self":[{"href":"https:\/\/contank.com\/de\/wp-json\/wp\/v2\/pages\/15015","targetHints":{"allow":["GET"]}}],"collection":[{"href":"https:\/\/contank.com\/de\/wp-json\/wp\/v2\/pages"}],"about":[{"href":"https:\/\/contank.com\/de\/wp-json\/wp\/v2\/types\/page"}],"author":[{"embeddable":true,"href":"https:\/\/contank.com\/de\/wp-json\/wp\/v2\/users\/1"}],"replies":[{"embeddable":true,"href":"https:\/\/contank.com\/de\/wp-json\/wp\/v2\/comments?post=15015"}],"version-history":[{"count":4,"href":"https:\/\/contank.com\/de\/wp-json\/wp\/v2\/pages\/15015\/revisions"}],"predecessor-version":[{"id":15440,"href":"https:\/\/contank.com\/de\/wp-json\/wp\/v2\/pages\/15015\/revisions\/15440"}],"wp:attachment":[{"href":"https:\/\/contank.com\/de\/wp-json\/wp\/v2\/media?parent=15015"}],"curies":[{"name":"wp","href":"https:\/\/api.w.org\/{rel}","templated":true}]}}