{"id":15005,"date":"2021-05-25T10:00:10","date_gmt":"2021-05-25T10:00:10","guid":{"rendered":"https:\/\/contank.com\/servicios-electronicos\/"},"modified":"2021-09-20T07:39:47","modified_gmt":"2021-09-20T07:39:47","slug":"e-dienstleistungen","status":"publish","type":"page","link":"https:\/\/contank.com\/de\/e-dienstleistungen\/","title":{"rendered":"E-Dienstleistungen"},"content":{"rendered":"<div class=\"wpb-content-wrapper\"><p>[vc_row][vc_column width=&#8220;1\/2&#8243;]<h1 id=\"et-animated-title-1\" class=\"et-animated-title et-clearfix  curtain curtain-left\" data-mobile-font=\"inherit\" data-tablet-font=\"inherit\" data-delay=\"0\" style=\"font-size:32px;font-weight:700;color:#212121;\"><span class=\"text-wrapper\"><span class=\"text\">Digitale Dienstleistungen<\/span><span class=\"curtain\" style=\"background-color:#ffcb3f;\"><\/span><\/span><\/h1><div class=\"et-braket-block-wrapper\"><style>#et-braket-block-1 .braket-title {font-weight:700;color:#212121;}#et-braket-block-1 .braket-sub-title {color:#9a9a9a;}#et-braket-block-1 .braket-button {color:#212121 !important;}#et-braket-block-1 .braket-button:hover {color:#ffffff !important;}#et-braket-block-1 .braket-button:before {box-shadow:inset 0 0 0 1px #212121;}#et-braket-block-1 .braket-button:after {background-color:#f9ce3e;}#et-braket-block-1 .braket > div:first-child,\r\n\t\t\t\t\t\t#et-braket-block-1 .braket > div:last-child,\r\n\t\t\t\t\t\t#et-braket-block-1 .braket > div:nth-child(2) > span  {background-color:#f9ce3e;}<\/style><div id=\"et-braket-block-1\" data-delay=\"0\" class=\"et-braket-block left \"><div class=\"braket-block-inner et-clearfix\"><div class=\"braket\"><div><\/div><div><span><\/span><\/div><div><\/div><\/div><div class=\"braket-block-content\"><h1 class=\"braket-title\" data-mobile-font=\"inherit\" data-tablet-font=\"inherit\">Gemeinsam auf den besten Plattformen<\/h1><\/div><\/div><div class=\"braket-block-content text et-clearfix\"><\/div><\/div><\/div>[\/vc_column][vc_column width=&#8220;1\/2&#8243;][vc_column_text]<\/p>\n<p class=\"P68B1DB1-NormalWeb3\" style=\"margin: 0cm; background: white;\">Wir arbeiten mit den bedeutendsten Supply-Chain-Plattformen unserer Branche zusammen. Dies versetzt uns in die Lage, unser System mit dem unserer Kunden zu integrieren. Auf diese Weise ist eine \u00dcbertragung der Daten in Echtzeit m\u00f6glich und Anrufe und E-Mail-Austausch k\u00f6nnen auf ein Mindestma\u00df reduziert werden.<\/p>\n<p>[\/vc_column_text][vc_single_image image=&#8220;14458&#8243; img_size=&#8220;large&#8220;][\/vc_column][\/vc_row][vc_row][vc_column width=&#8220;1\/4&#8243;][vc_single_image image=&#8220;14477&#8243;][\/vc_column][vc_column width=&#8220;1\/4&#8243;][vc_single_image image=&#8220;14465&#8243;][\/vc_column][vc_column width=&#8220;1\/4&#8243;][vc_single_image image=&#8220;14466&#8243;][\/vc_column][vc_column width=&#8220;1\/4&#8243;][vc_single_image image=&#8220;14479&#8243; css=&#8220;.vc_custom_1621940233504{background-position: center !important;background-repeat: no-repeat !important;background-size: contain !important;}&#8220;][\/vc_column][\/vc_row][vc_row][vc_column width=&#8220;1\/4&#8243;][vc_single_image image=&#8220;14480&#8243;][\/vc_column][vc_column width=&#8220;1\/4&#8243;][vc_single_image image=&#8220;14484&#8243;][\/vc_column][vc_column width=&#8220;1\/4&#8243;][vc_single_image image=&#8220;14486&#8243;][\/vc_column][vc_column width=&#8220;1\/4&#8243;][vc_single_image image=&#8220;14481&#8243; css=&#8220;.vc_custom_1621940457739{background-position: center !important;background-repeat: no-repeat !important;background-size: contain !important;}&#8220;][\/vc_column][\/vc_row][vc_row full_width=&#8220;stretch_row&#8220; gap=&#8220;2&#8243; css=&#8220;.vc_custom_1621941272707{background-color: #ffca3a !important;}&#8220;][vc_column]<div class=\"gap et-clearfix \" style=\"height:12px\"><\/div>[\/vc_column][\/vc_row][vc_row][vc_column width=&#8220;1\/2&#8243;]<div class=\"et-braket-block-wrapper\"><style>#et-braket-block-2 .braket-title {font-weight:700;color:#212121;}#et-braket-block-2 .braket-sub-title {color:#9a9a9a;}#et-braket-block-2 .braket-button {color:#212121 !important;}#et-braket-block-2 .braket-button:hover {color:#ffffff !important;}#et-braket-block-2 .braket-button:before {box-shadow:inset 0 0 0 1px #212121;}#et-braket-block-2 .braket-button:after {background-color:#fcd03f;}#et-braket-block-2 .braket > div:first-child,\r\n\t\t\t\t\t\t#et-braket-block-2 .braket > div:last-child,\r\n\t\t\t\t\t\t#et-braket-block-2 .braket > div:nth-child(2) > span  {background-color:#fcd03f;}<\/style><div id=\"et-braket-block-2\" data-delay=\"0\" class=\"et-braket-block left \"><div class=\"braket-block-inner et-clearfix\"><div class=\"braket\"><div><\/div><div><span><\/span><\/div><div><\/div><\/div><div class=\"braket-block-content\"><h1 class=\"braket-title\" data-mobile-font=\"inherit\" data-tablet-font=\"inherit\">EDI-Integration<\/h1><\/div><\/div><div class=\"braket-block-content text et-clearfix\"><\/div><\/div><\/div>[\/vc_column][vc_column width=&#8220;1\/2&#8243;][vc_column_text]<\/p>\n<p style=\"margin: 0cm; background: white;\"><span style=\"font-family: Roboto; color: #616161;\">Integration durch elektronische Akten <strong>EDI \/ XML<\/strong>\u00a0auf dem direkten Wege zwischen Contank und Ihrem Unternehmen. Schnell, sicher und zuverl\u00e4ssig.<\/span><\/p>\n<p><img loading=\"lazy\" decoding=\"async\" class=\"wp-image-14499 aligncenter\" style=\"text-align: right;\" src=\"https:\/\/contank.com\/wp-content\/uploads\/2021\/05\/edi-1-300x300.png\" alt=\"\" width=\"194\" height=\"194\" \/><\/p>\n<p class=\"P68B1DB1-NormalWeb3\" style=\"margin: 0cm; background: white;\">Dank des Dateiaustauschsystems ist die \u00dcbermittlung bzw. die Entgegennahme der gesendeten Daten gew\u00e4hrleistet, wodurch menschlichen Fehlern im Laufe des gesamten Verfahrens vorgebeugt wird.<\/p>\n<p>[\/vc_column_text][\/vc_column][\/vc_row][vc_row full_width=&#8220;stretch_row&#8220; gap=&#8220;2&#8243; css=&#8220;.vc_custom_1621941272707{background-color: #ffca3a !important;}&#8220;][vc_column]<div class=\"gap et-clearfix \" style=\"height:12px\"><\/div>[\/vc_column][\/vc_row][vc_row][vc_column width=&#8220;1\/2&#8243;]<div class=\"et-braket-block-wrapper\"><style>#et-braket-block-3 .braket-title {font-weight:700;color:#212121;}#et-braket-block-3 .braket-sub-title {color:#9a9a9a;}#et-braket-block-3 .braket-button {color:#212121 !important;}#et-braket-block-3 .braket-button:hover {color:#ffffff !important;}#et-braket-block-3 .braket-button:before {box-shadow:inset 0 0 0 1px #212121;}#et-braket-block-3 .braket-button:after {background-color:#fcd03f;}#et-braket-block-3 .braket > div:first-child,\r\n\t\t\t\t\t\t#et-braket-block-3 .braket > div:last-child,\r\n\t\t\t\t\t\t#et-braket-block-3 .braket > div:nth-child(2) > span  {background-color:#fcd03f;}<\/style><div id=\"et-braket-block-3\" data-delay=\"0\" class=\"et-braket-block left \"><div class=\"braket-block-inner et-clearfix\"><div class=\"braket\"><div><\/div><div><span><\/span><\/div><div><\/div><\/div><div class=\"braket-block-content\"><h1 class=\"braket-title\" data-mobile-font=\"inherit\" data-tablet-font=\"inherit\">Contank Mobile APP<\/h1><\/div><\/div><div class=\"braket-block-content text et-clearfix\"><div class=\"et-clearfix braket-block-content-inner\"><p><a href=\"https:\/\/contankmobile.com\/\">Zugang f\u00fcr Lieferanten (ContankMobile)<\/a><\/p>\n<p><a href=\"https:\/\/contank.com\/en\/customer-access\/\">Kundenzugang<\/a><\/div><\/div><\/div><\/div>[\/vc_column][vc_column width=&#8220;1\/2&#8243;][vc_column_text]<\/p>\n<p style=\"margin: 0cm; background: white;\"><span style=\"font-family: Roboto; color: #616161;\">Alle unsere Fahrer und Lieferanten haben eine eigene APP, in der sie den Status ihrer Fahrten <strong>in Echtzeit<\/strong> nachverfolgen k\u00f6nnen.<\/span><\/p>\n<p style=\"margin: 0cm; background: white;\"><span style=\"font-family: Roboto; color: #616161;\">\u00a0<\/span><\/p>\n<p><a href=\"https:\/\/play.google.com\/store\/apps\/details?id=com.contank.contankmobile\"><img loading=\"lazy\" decoding=\"async\" class=\"wp-image-14728 alignleft\" src=\"https:\/\/contank.com\/wp-content\/uploads\/2021\/05\/android-300x300.png\" alt=\"\" width=\"57\" height=\"57\" \/><\/a><\/p>\n<p><a href=\"https:\/\/apps.apple.com\/es\/app\/ck-safety-driving\/id1465713607\"><img loading=\"lazy\" decoding=\"async\" class=\"wp-image-14729 alignright\" src=\"https:\/\/contank.com\/wp-content\/uploads\/2021\/05\/ios-300x300.png\" alt=\"\" width=\"65\" height=\"65\" \/><\/a> <span style=\"font-family: Roboto; color: #616161;\">Dank dieser App sind wir in der Lage, mit unseren Kunden die<strong>\u00a0GPS-Positionierung<\/strong>\u00a0und die <strong>Voraussichtliche Lieferzeit<\/strong>\u00a0(ETA) zu teilen.<\/span>[\/vc_column_text][\/vc_column][\/vc_row][vc_row][vc_column width=&#8220;1\/3&#8243;][vc_single_image image=&#8220;14733&#8243; img_size=&#8220;medium&#8220;][\/vc_column][vc_column width=&#8220;1\/3&#8243;][vc_single_image image=&#8220;14735&#8243; img_size=&#8220;medium&#8220;][\/vc_column][vc_column width=&#8220;1\/3&#8243;][vc_single_image image=&#8220;14737&#8243; img_size=&#8220;large&#8220;][\/vc_column][\/vc_row]<\/p>\n<\/div>","protected":false},"excerpt":{"rendered":"<p>[vc_row][vc_column width=&#8220;1\/2&#8243;][\/vc_column][vc_column width=&#8220;1\/2&#8243;][vc_column_text] Wir arbeiten mit den bedeutendsten Supply-Chain-Plattformen unserer Branche zusammen. Dies versetzt uns in die Lage, unser System mit dem unserer Kunden zu integrieren. Auf diese Weise ist eine \u00dcbertragung der Daten in Echtzeit m\u00f6glich und Anrufe und E-Mail-Austausch k\u00f6nnen auf ein Mindestma\u00df reduziert werden. [\/vc_column_text][vc_single_image image=&#8220;14458&#8243; img_size=&#8220;large&#8220;][\/vc_column][\/vc_row][vc_row][vc_column width=&#8220;1\/4&#8243;][vc_single_image image=&#8220;14477&#8243;][\/vc_column][vc_column width=&#8220;1\/4&#8243;][vc_single_image image=&#8220;14465&#8243;][\/vc_column][vc_column width=&#8220;1\/4&#8243;][vc_single_image [&hellip;]<\/p>\n","protected":false},"author":1,"featured_media":0,"parent":0,"menu_order":0,"comment_status":"closed","ping_status":"closed","template":"","meta":{"footnotes":""},"class_list":["post-15005","page","type-page","status-publish","hentry"],"yoast_head":"<!-- This site is optimized with the Yoast SEO plugin v27.4 - https:\/\/yoast.com\/product\/yoast-seo-wordpress\/ -->\n<title>E-Dienstleistungen - Contank - Transporte ADR de l\u00edquidos intermodal<\/title>\n<meta name=\"robots\" content=\"index, follow, max-snippet:-1, max-image-preview:large, max-video-preview:-1\" \/>\n<link rel=\"canonical\" href=\"https:\/\/contank.com\/de\/e-dienstleistungen\/\" \/>\n<meta property=\"og:locale\" content=\"de_DE\" \/>\n<meta property=\"og:type\" content=\"article\" \/>\n<meta property=\"og:title\" content=\"E-Dienstleistungen - Contank - Transporte ADR de l\u00edquidos intermodal\" \/>\n<meta property=\"og:description\" content=\"[vc_row][vc_column width=&#8220;1\/2&#8243;][\/vc_column][vc_column width=&#8220;1\/2&#8243;][vc_column_text] Wir arbeiten mit den bedeutendsten Supply-Chain-Plattformen unserer Branche zusammen. Dies versetzt uns in die Lage, unser System mit dem unserer Kunden zu integrieren. Auf diese Weise ist eine \u00dcbertragung der Daten in Echtzeit m\u00f6glich und Anrufe und E-Mail-Austausch k\u00f6nnen auf ein Mindestma\u00df reduziert werden. [\/vc_column_text][vc_single_image image=&#8220;14458&#8243; img_size=&#8220;large&#8220;][\/vc_column][\/vc_row][vc_row][vc_column width=&#8220;1\/4&#8243;][vc_single_image image=&#8220;14477&#8243;][\/vc_column][vc_column width=&#8220;1\/4&#8243;][vc_single_image image=&#8220;14465&#8243;][\/vc_column][vc_column width=&#8220;1\/4&#8243;][vc_single_image [&hellip;]\" \/>\n<meta property=\"og:url\" content=\"https:\/\/contank.com\/de\/e-dienstleistungen\/\" \/>\n<meta property=\"og:site_name\" content=\"Contank - Transporte ADR de l\u00edquidos intermodal\" \/>\n<meta property=\"article:modified_time\" content=\"2021-09-20T07:39:47+00:00\" \/>\n<meta property=\"og:image\" content=\"https:\/\/contank.com\/wp-content\/uploads\/2021\/05\/edi-1-300x300.png\" \/>\n<meta name=\"twitter:card\" content=\"summary_large_image\" \/>\n<meta name=\"twitter:site\" content=\"@ContankSA\" \/>\n<meta name=\"twitter:label1\" content=\"Gesch\u00e4tzte Lesezeit\" \/>\n\t<meta name=\"twitter:data1\" content=\"2\u00a0Minuten\" \/>\n<script type=\"application\/ld+json\" class=\"yoast-schema-graph\">{\"@context\":\"https:\\\/\\\/schema.org\",\"@graph\":[{\"@type\":\"WebPage\",\"@id\":\"https:\\\/\\\/contank.com\\\/de\\\/e-dienstleistungen\\\/\",\"url\":\"https:\\\/\\\/contank.com\\\/de\\\/e-dienstleistungen\\\/\",\"name\":\"E-Dienstleistungen - Contank - Transporte ADR de l\u00edquidos intermodal\",\"isPartOf\":{\"@id\":\"https:\\\/\\\/contank.com\\\/#website\"},\"primaryImageOfPage\":{\"@id\":\"https:\\\/\\\/contank.com\\\/de\\\/e-dienstleistungen\\\/#primaryimage\"},\"image\":{\"@id\":\"https:\\\/\\\/contank.com\\\/de\\\/e-dienstleistungen\\\/#primaryimage\"},\"thumbnailUrl\":\"https:\\\/\\\/contank.com\\\/wp-content\\\/uploads\\\/2021\\\/05\\\/edi-1-300x300.png\",\"datePublished\":\"2021-05-25T10:00:10+00:00\",\"dateModified\":\"2021-09-20T07:39:47+00:00\",\"breadcrumb\":{\"@id\":\"https:\\\/\\\/contank.com\\\/de\\\/e-dienstleistungen\\\/#breadcrumb\"},\"inLanguage\":\"de\",\"potentialAction\":[{\"@type\":\"ReadAction\",\"target\":[\"https:\\\/\\\/contank.com\\\/de\\\/e-dienstleistungen\\\/\"]}]},{\"@type\":\"ImageObject\",\"inLanguage\":\"de\",\"@id\":\"https:\\\/\\\/contank.com\\\/de\\\/e-dienstleistungen\\\/#primaryimage\",\"url\":\"https:\\\/\\\/contank.com\\\/wp-content\\\/uploads\\\/2021\\\/05\\\/edi-1-300x300.png\",\"contentUrl\":\"https:\\\/\\\/contank.com\\\/wp-content\\\/uploads\\\/2021\\\/05\\\/edi-1-300x300.png\"},{\"@type\":\"BreadcrumbList\",\"@id\":\"https:\\\/\\\/contank.com\\\/de\\\/e-dienstleistungen\\\/#breadcrumb\",\"itemListElement\":[{\"@type\":\"ListItem\",\"position\":1,\"name\":\"Portada\",\"item\":\"https:\\\/\\\/contank.com\\\/de\\\/\"},{\"@type\":\"ListItem\",\"position\":2,\"name\":\"E-Dienstleistungen\"}]},{\"@type\":\"WebSite\",\"@id\":\"https:\\\/\\\/contank.com\\\/#website\",\"url\":\"https:\\\/\\\/contank.com\\\/\",\"name\":\"Contank - Transporte ADR Intermodal\",\"description\":\"Especialistas en Transporte ADR de L\u00edquidos en contenedores\",\"publisher\":{\"@id\":\"https:\\\/\\\/contank.com\\\/#organization\"},\"potentialAction\":[{\"@type\":\"SearchAction\",\"target\":{\"@type\":\"EntryPoint\",\"urlTemplate\":\"https:\\\/\\\/contank.com\\\/?s={search_term_string}\"},\"query-input\":{\"@type\":\"PropertyValueSpecification\",\"valueRequired\":true,\"valueName\":\"search_term_string\"}}],\"inLanguage\":\"de\"},{\"@type\":\"Organization\",\"@id\":\"https:\\\/\\\/contank.com\\\/#organization\",\"name\":\"Contank\",\"url\":\"https:\\\/\\\/contank.com\\\/\",\"logo\":{\"@type\":\"ImageObject\",\"inLanguage\":\"de\",\"@id\":\"https:\\\/\\\/contank.com\\\/#\\\/schema\\\/logo\\\/image\\\/\",\"url\":\"https:\\\/\\\/contank.com\\\/wp-content\\\/uploads\\\/2021\\\/05\\\/ck1.png\",\"contentUrl\":\"https:\\\/\\\/contank.com\\\/wp-content\\\/uploads\\\/2021\\\/05\\\/ck1.png\",\"width\":130,\"height\":72,\"caption\":\"Contank\"},\"image\":{\"@id\":\"https:\\\/\\\/contank.com\\\/#\\\/schema\\\/logo\\\/image\\\/\"},\"sameAs\":[\"https:\\\/\\\/x.com\\\/ContankSA\",\"https:\\\/\\\/www.instagram.com\\\/contank\\\/\",\"https:\\\/\\\/www.linkedin.com\\\/company\\\/11075598\\\/\"]}]}<\/script>\n<!-- \/ Yoast SEO plugin. -->","yoast_head_json":{"title":"E-Dienstleistungen - Contank - Transporte ADR de l\u00edquidos intermodal","robots":{"index":"index","follow":"follow","max-snippet":"max-snippet:-1","max-image-preview":"max-image-preview:large","max-video-preview":"max-video-preview:-1"},"canonical":"https:\/\/contank.com\/de\/e-dienstleistungen\/","og_locale":"de_DE","og_type":"article","og_title":"E-Dienstleistungen - Contank - Transporte ADR de l\u00edquidos intermodal","og_description":"[vc_row][vc_column width=&#8220;1\/2&#8243;][\/vc_column][vc_column width=&#8220;1\/2&#8243;][vc_column_text] Wir arbeiten mit den bedeutendsten Supply-Chain-Plattformen unserer Branche zusammen. Dies versetzt uns in die Lage, unser System mit dem unserer Kunden zu integrieren. Auf diese Weise ist eine \u00dcbertragung der Daten in Echtzeit m\u00f6glich und Anrufe und E-Mail-Austausch k\u00f6nnen auf ein Mindestma\u00df reduziert werden. [\/vc_column_text][vc_single_image image=&#8220;14458&#8243; img_size=&#8220;large&#8220;][\/vc_column][\/vc_row][vc_row][vc_column width=&#8220;1\/4&#8243;][vc_single_image image=&#8220;14477&#8243;][\/vc_column][vc_column width=&#8220;1\/4&#8243;][vc_single_image image=&#8220;14465&#8243;][\/vc_column][vc_column width=&#8220;1\/4&#8243;][vc_single_image [&hellip;]","og_url":"https:\/\/contank.com\/de\/e-dienstleistungen\/","og_site_name":"Contank - Transporte ADR de l\u00edquidos intermodal","article_modified_time":"2021-09-20T07:39:47+00:00","og_image":[{"url":"https:\/\/contank.com\/wp-content\/uploads\/2021\/05\/edi-1-300x300.png","type":"","width":"","height":""}],"twitter_card":"summary_large_image","twitter_site":"@ContankSA","twitter_misc":{"Gesch\u00e4tzte Lesezeit":"2\u00a0Minuten"},"schema":{"@context":"https:\/\/schema.org","@graph":[{"@type":"WebPage","@id":"https:\/\/contank.com\/de\/e-dienstleistungen\/","url":"https:\/\/contank.com\/de\/e-dienstleistungen\/","name":"E-Dienstleistungen - Contank - Transporte ADR de l\u00edquidos intermodal","isPartOf":{"@id":"https:\/\/contank.com\/#website"},"primaryImageOfPage":{"@id":"https:\/\/contank.com\/de\/e-dienstleistungen\/#primaryimage"},"image":{"@id":"https:\/\/contank.com\/de\/e-dienstleistungen\/#primaryimage"},"thumbnailUrl":"https:\/\/contank.com\/wp-content\/uploads\/2021\/05\/edi-1-300x300.png","datePublished":"2021-05-25T10:00:10+00:00","dateModified":"2021-09-20T07:39:47+00:00","breadcrumb":{"@id":"https:\/\/contank.com\/de\/e-dienstleistungen\/#breadcrumb"},"inLanguage":"de","potentialAction":[{"@type":"ReadAction","target":["https:\/\/contank.com\/de\/e-dienstleistungen\/"]}]},{"@type":"ImageObject","inLanguage":"de","@id":"https:\/\/contank.com\/de\/e-dienstleistungen\/#primaryimage","url":"https:\/\/contank.com\/wp-content\/uploads\/2021\/05\/edi-1-300x300.png","contentUrl":"https:\/\/contank.com\/wp-content\/uploads\/2021\/05\/edi-1-300x300.png"},{"@type":"BreadcrumbList","@id":"https:\/\/contank.com\/de\/e-dienstleistungen\/#breadcrumb","itemListElement":[{"@type":"ListItem","position":1,"name":"Portada","item":"https:\/\/contank.com\/de\/"},{"@type":"ListItem","position":2,"name":"E-Dienstleistungen"}]},{"@type":"WebSite","@id":"https:\/\/contank.com\/#website","url":"https:\/\/contank.com\/","name":"Contank - Transporte ADR Intermodal","description":"Especialistas en Transporte ADR de L\u00edquidos en contenedores","publisher":{"@id":"https:\/\/contank.com\/#organization"},"potentialAction":[{"@type":"SearchAction","target":{"@type":"EntryPoint","urlTemplate":"https:\/\/contank.com\/?s={search_term_string}"},"query-input":{"@type":"PropertyValueSpecification","valueRequired":true,"valueName":"search_term_string"}}],"inLanguage":"de"},{"@type":"Organization","@id":"https:\/\/contank.com\/#organization","name":"Contank","url":"https:\/\/contank.com\/","logo":{"@type":"ImageObject","inLanguage":"de","@id":"https:\/\/contank.com\/#\/schema\/logo\/image\/","url":"https:\/\/contank.com\/wp-content\/uploads\/2021\/05\/ck1.png","contentUrl":"https:\/\/contank.com\/wp-content\/uploads\/2021\/05\/ck1.png","width":130,"height":72,"caption":"Contank"},"image":{"@id":"https:\/\/contank.com\/#\/schema\/logo\/image\/"},"sameAs":["https:\/\/x.com\/ContankSA","https:\/\/www.instagram.com\/contank\/","https:\/\/www.linkedin.com\/company\/11075598\/"]}]}},"_links":{"self":[{"href":"https:\/\/contank.com\/de\/wp-json\/wp\/v2\/pages\/15005","targetHints":{"allow":["GET"]}}],"collection":[{"href":"https:\/\/contank.com\/de\/wp-json\/wp\/v2\/pages"}],"about":[{"href":"https:\/\/contank.com\/de\/wp-json\/wp\/v2\/types\/page"}],"author":[{"embeddable":true,"href":"https:\/\/contank.com\/de\/wp-json\/wp\/v2\/users\/1"}],"replies":[{"embeddable":true,"href":"https:\/\/contank.com\/de\/wp-json\/wp\/v2\/comments?post=15005"}],"version-history":[{"count":4,"href":"https:\/\/contank.com\/de\/wp-json\/wp\/v2\/pages\/15005\/revisions"}],"predecessor-version":[{"id":16588,"href":"https:\/\/contank.com\/de\/wp-json\/wp\/v2\/pages\/15005\/revisions\/16588"}],"wp:attachment":[{"href":"https:\/\/contank.com\/de\/wp-json\/wp\/v2\/media?parent=15005"}],"curies":[{"name":"wp","href":"https:\/\/api.w.org\/{rel}","templated":true}]}}