{"id":14993,"date":"2021-05-26T07:57:43","date_gmt":"2021-05-26T07:57:43","guid":{"rendered":"https:\/\/contank.com\/equipamiento\/"},"modified":"2021-08-23T10:55:03","modified_gmt":"2021-08-23T10:55:03","slug":"ausstattung","status":"publish","type":"page","link":"https:\/\/contank.com\/de\/ausstattung\/","title":{"rendered":"Ausstattung"},"content":{"rendered":"<div class=\"wpb-content-wrapper\"><p>[vc_row][vc_column][\/vc_column][\/vc_row][vc_row][vc_column width=&#8220;1\/2&#8243;]<div class=\"et-braket-block-wrapper\"><style>#et-braket-block-1 .braket-title {font-weight:700;color:#212121;}#et-braket-block-1 .braket-sub-title {color:#9a9a9a;}#et-braket-block-1 .braket-button {color:#212121 !important;}#et-braket-block-1 .braket-button:hover {color:#ffffff !important;}#et-braket-block-1 .braket-button:before {box-shadow:inset 0 0 0 1px #212121;}#et-braket-block-1 .braket-button:after {background-color:#ffd23f;}#et-braket-block-1 .braket > div:first-child,\r\n\t\t\t\t\t\t#et-braket-block-1 .braket > div:last-child,\r\n\t\t\t\t\t\t#et-braket-block-1 .braket > div:nth-child(2) > span  {background-color:#ffd23f;}<\/style><div id=\"et-braket-block-1\" data-delay=\"0\" class=\"et-braket-block left \"><div class=\"braket-block-inner et-clearfix\"><div class=\"braket\"><div><\/div><div><span><\/span><\/div><div><\/div><\/div><div class=\"braket-block-content\"><p class=\"braket-sub-title\">CONTANK - EINE L\u00d6SUNG F\u00dcR JEGLICHE ANFORDERUNG<\/p><h1 class=\"braket-title\" data-mobile-font=\"inherit\" data-tablet-font=\"inherit\">Ein Container f\u00fcr die Dienstleistungen jeglicher Art<\/h1><\/div><\/div><div class=\"braket-block-content text et-clearfix\"><\/div><\/div><\/div>[\/vc_column][vc_column width=&#8220;1\/2&#8243;][\/vc_column][\/vc_row][vc_row][vc_column][vc_empty_space][\/vc_column][\/vc_row][vc_row][vc_column][vc_column_text]<\/p>\n<p class=\"P68B1DB1-NormalWeb4\" style=\"background: white; margin: 0cm 0cm 18.0pt 0cm;\"><span lang=\"DE\">Wir erneuern und erweitern st\u00e4ndig unsere Containerflotte, indem wir daf\u00fcr sorgen, dass unsere Einheiten immer neu gebaut werden. Alle Container werden nach den aktuellsten Sicherheitsstandards entwickelt und hergestellt und sind Gegenstand regelm\u00e4\u00dfiger ADR\/IMO\/CSC-Inspektionen.<\/span><\/p>\n<p class=\"P68B1DB1-NormalWeb4\" style=\"background: white; margin: 0cm 0cm 18.0pt 0cm;\"><span lang=\"DE\">\u00a0<\/span><\/p>\n<p style=\"margin: 0cm; background: white;\"><span lang=\"DE\" style=\"font-family: Roboto; color: #616161;\">Wir haben <strong>Vorrat an eigenen Containern<\/strong>\u00a0sowohl in unserer Logistikbasis in Castellbisbal als auch in den europ\u00e4ischen Hauptverkehrsknotenpunkten zwecks Gew\u00e4hrleistung der Verf\u00fcgbarkeit und Flexibilit\u00e4t der Dienstleistungen.<\/span><\/p>\n<p>[\/vc_column_text][\/vc_column][\/vc_row][vc_row full_width=&#8220;stretch_row&#8220; gap=&#8220;0&#8243; css=&#8220;.vc_custom_1622028145198{padding-top: 120px !important;padding-bottom: 80px !important;background-color: #f7f7f7 !important;background-position: center !important;background-repeat: no-repeat !important;background-size: cover !important;}&#8220;][vc_column animation_delay=&#8220;0&#8243; width=&#8220;1\/2&#8243;]<h1 class=\"et-highlight-title \" style=\"font-weight:700;color:#2b2b2b;\" data-mobile-font=\"inherit\" data-tablet-font=\"inherit\"><span class=\"title-inner\">Einzeltank-Container<span class=\"highlight-line\" style=\"background-color:#ffffff;\"><\/span><\/span><\/h1>[vc_column_text]<strong>Container von 17500L bis 35000L<\/strong><\/p>\n<p>&nbsp;<\/p>\n<p>Einzeltank-Container von 20&#8220;, 25&#8220; und 30&#8220; f\u00fcr den Transport eines einzigen Produkts, Fassungsverm\u00f6gen von 17.500 L. &#8211; 21.000 L. &#8211; 24.000 L. &#8211; 25.000 L. &#8211; 26.000 L. &#8211; 27.000 L. &#8211; 31.000 L. &#8211; 33.500 L. und 35.000 L.[\/vc_column_text][\/vc_column][vc_column width=&#8220;1\/2&#8243;][vc_single_image image=&#8220;14556&#8243; img_size=&#8220;full&#8220; alignment=&#8220;right&#8220; css_animation=&#8220;bounceInDown&#8220;][\/vc_column][\/vc_row][vc_row][vc_column][\/vc_column][\/vc_row][vc_row full_width=&#8220;stretch_row&#8220; gap=&#8220;0&#8243; css=&#8220;.vc_custom_1622027338345{padding-top: 120px !important;padding-bottom: 80px !important;background-position: center !important;background-repeat: no-repeat !important;background-size: cover !important;}&#8220;][vc_column width=&#8220;1\/2&#8243;][vc_single_image image=&#8220;14597&#8243; img_size=&#8220;full&#8220; css_animation=&#8220;bounceInDown&#8220;][\/vc_column][vc_column animation_delay=&#8220;0&#8243; width=&#8220;1\/2&#8243;]<h1 class=\"et-highlight-title \" style=\"font-weight:700;color:#2b2b2b;\" data-mobile-font=\"inherit\" data-tablet-font=\"inherit\"><span class=\"title-inner\">Container mit mehreren F\u00e4chern<span class=\"highlight-line\" style=\"background-color:#ffffff;\"><\/span><\/span><\/h1>[vc_column_text]<\/p>\n<p style=\"margin: 0cm; background: white;\"><strong><span lang=\"DE\" style=\"font-family: Roboto; color: #616161;\">Container von 24500L bis 32500L<\/span><\/strong><\/p>\n<p class=\"P68B1DB1-NormalWeb4\" style=\"background: white; margin: 0cm 0cm 18.0pt 0cm;\"><span lang=\"DE\">Mehrkammercontainer mit 2\/3\/4 F\u00e4chern. Ideal f\u00fcr den gleichzeitigen Transport mehrerer Produkte.<\/span><\/p>\n<p class=\"P68B1DB1-NormalWeb4\" style=\"background: white; margin: 0cm 0cm 18.0pt 0cm;\"><span lang=\"DE\">Mit Fassungsverm\u00f6gen von:<\/span><\/p>\n<p class=\"P68B1DB1-NormalWeb4\" style=\"margin: 0cm; background: white;\"><span lang=\"DE\">2 F\u00e4cher: 24.500 L.\u00a0 \/ 3 F\u00e4cher: 32.000 L. \/\u00a0 4 F\u00e4cher: 32.000 L. \u2013 32.500 L.<\/span><\/p>\n<p>[\/vc_column_text][\/vc_column][\/vc_row][vc_row full_width=&#8220;stretch_row&#8220; gap=&#8220;0&#8243; css=&#8220;.vc_custom_1622028145198{padding-top: 120px !important;padding-bottom: 80px !important;background-color: #f7f7f7 !important;background-position: center !important;background-repeat: no-repeat !important;background-size: cover !important;}&#8220;][vc_column animation_delay=&#8220;0&#8243; width=&#8220;1\/2&#8243;]<h1 class=\"et-highlight-title \" style=\"font-weight:700;color:#2b2b2b;\" data-mobile-font=\"inherit\" data-tablet-font=\"inherit\"><span class=\"title-inner\">Leichte Verbundcontainer<span class=\"highlight-line\" style=\"background-color:#ffffff;\"><\/span><\/span><\/h1>[vc_column_text]NEU! Verbundcontainer, leichter und mit gr\u00f6\u00dferer Tragf\u00e4higkeit f\u00fcr den Transport in der Chemiebranche.<\/p>\n<p>Fassungsverm\u00f6gen zwischen 26000L und 34400L von 20\u2033 und 24\u2033 Dank des ADR-Zertifikats wird die Tragf\u00e4higkeit um zwei 2 Tonnen erh\u00f6ht<\/p>\n<p>H\u00f6chsttemperatur von 60C\u00ba.[\/vc_column_text][\/vc_column][vc_column width=&#8220;1\/2&#8243;][vc_single_image image=&#8220;14593&#8243; img_size=&#8220;full&#8220; alignment=&#8220;right&#8220; css_animation=&#8220;bounceInDown&#8220;][\/vc_column][\/vc_row][vc_row full_width=&#8220;stretch_row&#8220; gap=&#8220;0&#8243; css=&#8220;.vc_custom_1622027338345{padding-top: 120px !important;padding-bottom: 80px !important;background-position: center !important;background-repeat: no-repeat !important;background-size: cover !important;}&#8220;][vc_column width=&#8220;1\/2&#8243;][vc_single_image image=&#8220;14599&#8243; img_size=&#8220;full&#8220; css_animation=&#8220;bounceInDown&#8220;][\/vc_column][vc_column animation_delay=&#8220;0&#8243; width=&#8220;1\/2&#8243;]<h1 class=\"et-highlight-title \" style=\"font-weight:700;color:#2b2b2b;\" data-mobile-font=\"inherit\" data-tablet-font=\"inherit\"><span class=\"title-inner\">Hochtemperatur-container<span class=\"highlight-line\" style=\"background-color:#ffffff;\"><\/span><\/span><\/h1>[vc_column_text]<\/p>\n<p style=\"margin: 0cm; background: white;\"><strong><span lang=\"DE\" style=\"font-family: Roboto; color: #616161;\">Container von 24500L bis 32500L<\/span><\/strong><\/p>\n<p class=\"P68B1DB1-NormalWeb4\" style=\"background: white; margin: 0cm 0cm 18.0pt 0cm;\"><span lang=\"DE\">Mehrkammercontainer mit 2\/3\/4 F\u00e4chern. Ideal f\u00fcr den gleichzeitigen Transport mehrerer Produkte.<\/span><\/p>\n<p class=\"P68B1DB1-NormalWeb4\" style=\"margin: 0cm; background: white;\"><span lang=\"DE\">Mit Fassungsverm\u00f6gen von: 2 F\u00e4cher: 24.500 L.\u00a0 \/ 3 F\u00e4cher: 32.000 L. \/\u00a0 4 F\u00e4cher: 32.000 L. \u2013 32.500 L.<\/span><\/p>\n<p>[\/vc_column_text][\/vc_column][\/vc_row][vc_row full_width=&#8220;stretch_row&#8220; gap=&#8220;64&#8243; content_placement=&#8220;middle&#8220; css_animation=&#8220;fadeInRight&#8220; css=&#8220;.vc_custom_1622041099161{background-position: center !important;background-repeat: no-repeat !important;background-size: cover !important;}&#8220;][vc_column width=&#8220;2\/3&#8243;][\/vc_column][vc_column animation_delay=&#8220;0&#8243; width=&#8220;1\/3&#8243; parallax=&#8220;true&#8220; parallax_image=&#8220;12700&#8243;][\/vc_column][\/vc_row][vc_row full_width=&#8220;stretch_row&#8220; gap=&#8220;0&#8243; css=&#8220;.vc_custom_1622028145198{padding-top: 120px !important;padding-bottom: 80px !important;background-color: #f7f7f7 !important;background-position: center !important;background-repeat: no-repeat !important;background-size: cover !important;}&#8220;][vc_column animation_delay=&#8220;0&#8243; width=&#8220;1\/2&#8243;]<h1 class=\"et-highlight-title \" style=\"font-weight:700;color:#2b2b2b;\" data-mobile-font=\"inherit\" data-tablet-font=\"inherit\"><span class=\"title-inner\">Container f\u00fcr die Verteilung<span class=\"highlight-line\" style=\"background-color:#ffffff;\"><\/span><\/span><\/h1>[vc_column_text]<strong>Container mit Z\u00e4hler, ideal f\u00fcr die Verteilung von Fl\u00fcssigkeiten auf mehrere Empf\u00e4nger.<\/strong><\/p>\n<p>M\u00f6glichkeit der Verteilung fl\u00fcssiger Produkte in loser Sch\u00fcttung.<\/p>\n<p>Derzeit sind wir mit Greenchem Ib\u00e9rica der nationaler Distributor von Adblue.[\/vc_column_text][\/vc_column][vc_column width=&#8220;1\/2&#8243;][vc_single_image image=&#8220;14856&#8243; img_size=&#8220;full&#8220; alignment=&#8220;right&#8220; css_animation=&#8220;bounceInDown&#8220;][\/vc_column][\/vc_row][vc_row full_width=&#8220;stretch_row&#8220; gap=&#8220;48&#8243; content_placement=&#8220;middle&#8220; css_animation=&#8220;zoomInRight&#8220; css=&#8220;.vc_custom_1622041549437{background-image: url(https:\/\/contank.com\/wp-content\/uploads\/2018\/07\/globus_image_small_color_1.jpg?id=12700) !important;}&#8220;][vc_column][vc_row_inner content_placement=&#8220;middle&#8220;][vc_column_inner width=&#8220;1\/2&#8243;][vc_column_text]<\/p>\n<h2>Ben\u00f6tigen Sie weitere Informationen?<\/h2>\n<p>[\/vc_column_text][\/vc_column_inner][vc_column_inner width=&#8220;1\/2&#8243;][vc_column_text]<\/p>\n<h3 style=\"text-align: center;\"><span style=\"color: #ffffff;\"><a style=\"color: #ffffff;\" href=\"https:\/\/contank.com\/de\/kontakt\">WIR SPRECHEN?<\/a><\/span><\/h3>\n<p>[\/vc_column_text][\/vc_column_inner][\/vc_row_inner][\/vc_column][\/vc_row]<\/p>\n<\/div>","protected":false},"excerpt":{"rendered":"<p>[vc_row][vc_column][\/vc_column][\/vc_row][vc_row][vc_column width=&#8220;1\/2&#8243;][\/vc_column][vc_column width=&#8220;1\/2&#8243;][\/vc_column][\/vc_row][vc_row][vc_column][vc_empty_space][\/vc_column][\/vc_row][vc_row][vc_column][vc_column_text] Wir erneuern und erweitern st\u00e4ndig unsere Containerflotte, indem wir daf\u00fcr sorgen, dass unsere Einheiten immer neu gebaut werden. Alle Container werden nach den aktuellsten Sicherheitsstandards entwickelt und hergestellt und sind Gegenstand regelm\u00e4\u00dfiger ADR\/IMO\/CSC-Inspektionen. \u00a0 Wir haben Vorrat an eigenen Containern\u00a0sowohl in unserer Logistikbasis in Castellbisbal als auch in den europ\u00e4ischen Hauptverkehrsknotenpunkten zwecks [&hellip;]<\/p>\n","protected":false},"author":1,"featured_media":0,"parent":0,"menu_order":0,"comment_status":"closed","ping_status":"closed","template":"page-vc.php","meta":{"footnotes":""},"class_list":["post-14993","page","type-page","status-publish","hentry"],"yoast_head":"<!-- This site is optimized with the Yoast SEO plugin v27.4 - https:\/\/yoast.com\/product\/yoast-seo-wordpress\/ -->\n<title>Ausstattung - Contank - Transporte ADR de l\u00edquidos intermodal<\/title>\n<meta name=\"robots\" content=\"index, follow, max-snippet:-1, max-image-preview:large, max-video-preview:-1\" \/>\n<link rel=\"canonical\" href=\"https:\/\/contank.com\/de\/ausstattung\/\" \/>\n<meta property=\"og:locale\" content=\"de_DE\" \/>\n<meta property=\"og:type\" content=\"article\" \/>\n<meta property=\"og:title\" content=\"Ausstattung - Contank - Transporte ADR de l\u00edquidos intermodal\" \/>\n<meta property=\"og:description\" content=\"[vc_row][vc_column][\/vc_column][\/vc_row][vc_row][vc_column width=&#8220;1\/2&#8243;][\/vc_column][vc_column width=&#8220;1\/2&#8243;][\/vc_column][\/vc_row][vc_row][vc_column][vc_empty_space][\/vc_column][\/vc_row][vc_row][vc_column][vc_column_text] Wir erneuern und erweitern st\u00e4ndig unsere Containerflotte, indem wir daf\u00fcr sorgen, dass unsere Einheiten immer neu gebaut werden. Alle Container werden nach den aktuellsten Sicherheitsstandards entwickelt und hergestellt und sind Gegenstand regelm\u00e4\u00dfiger ADR\/IMO\/CSC-Inspektionen. \u00a0 Wir haben Vorrat an eigenen Containern\u00a0sowohl in unserer Logistikbasis in Castellbisbal als auch in den europ\u00e4ischen Hauptverkehrsknotenpunkten zwecks [&hellip;]\" \/>\n<meta property=\"og:url\" content=\"https:\/\/contank.com\/de\/ausstattung\/\" \/>\n<meta property=\"og:site_name\" content=\"Contank - Transporte ADR de l\u00edquidos intermodal\" \/>\n<meta property=\"article:modified_time\" content=\"2021-08-23T10:55:03+00:00\" \/>\n<meta name=\"twitter:card\" content=\"summary_large_image\" \/>\n<meta name=\"twitter:site\" content=\"@ContankSA\" \/>\n<meta name=\"twitter:label1\" content=\"Gesch\u00e4tzte Lesezeit\" \/>\n\t<meta name=\"twitter:data1\" content=\"4\u00a0Minuten\" \/>\n<script type=\"application\/ld+json\" class=\"yoast-schema-graph\">{\"@context\":\"https:\\\/\\\/schema.org\",\"@graph\":[{\"@type\":\"WebPage\",\"@id\":\"https:\\\/\\\/contank.com\\\/de\\\/ausstattung\\\/\",\"url\":\"https:\\\/\\\/contank.com\\\/de\\\/ausstattung\\\/\",\"name\":\"Ausstattung - Contank - Transporte ADR de l\u00edquidos intermodal\",\"isPartOf\":{\"@id\":\"https:\\\/\\\/contank.com\\\/#website\"},\"datePublished\":\"2021-05-26T07:57:43+00:00\",\"dateModified\":\"2021-08-23T10:55:03+00:00\",\"breadcrumb\":{\"@id\":\"https:\\\/\\\/contank.com\\\/de\\\/ausstattung\\\/#breadcrumb\"},\"inLanguage\":\"de\",\"potentialAction\":[{\"@type\":\"ReadAction\",\"target\":[\"https:\\\/\\\/contank.com\\\/de\\\/ausstattung\\\/\"]}]},{\"@type\":\"BreadcrumbList\",\"@id\":\"https:\\\/\\\/contank.com\\\/de\\\/ausstattung\\\/#breadcrumb\",\"itemListElement\":[{\"@type\":\"ListItem\",\"position\":1,\"name\":\"Portada\",\"item\":\"https:\\\/\\\/contank.com\\\/de\\\/\"},{\"@type\":\"ListItem\",\"position\":2,\"name\":\"Ausstattung\"}]},{\"@type\":\"WebSite\",\"@id\":\"https:\\\/\\\/contank.com\\\/#website\",\"url\":\"https:\\\/\\\/contank.com\\\/\",\"name\":\"Contank - Transporte ADR Intermodal\",\"description\":\"Especialistas en Transporte ADR de L\u00edquidos en contenedores\",\"publisher\":{\"@id\":\"https:\\\/\\\/contank.com\\\/#organization\"},\"potentialAction\":[{\"@type\":\"SearchAction\",\"target\":{\"@type\":\"EntryPoint\",\"urlTemplate\":\"https:\\\/\\\/contank.com\\\/?s={search_term_string}\"},\"query-input\":{\"@type\":\"PropertyValueSpecification\",\"valueRequired\":true,\"valueName\":\"search_term_string\"}}],\"inLanguage\":\"de\"},{\"@type\":\"Organization\",\"@id\":\"https:\\\/\\\/contank.com\\\/#organization\",\"name\":\"Contank\",\"url\":\"https:\\\/\\\/contank.com\\\/\",\"logo\":{\"@type\":\"ImageObject\",\"inLanguage\":\"de\",\"@id\":\"https:\\\/\\\/contank.com\\\/#\\\/schema\\\/logo\\\/image\\\/\",\"url\":\"https:\\\/\\\/contank.com\\\/wp-content\\\/uploads\\\/2021\\\/05\\\/ck1.png\",\"contentUrl\":\"https:\\\/\\\/contank.com\\\/wp-content\\\/uploads\\\/2021\\\/05\\\/ck1.png\",\"width\":130,\"height\":72,\"caption\":\"Contank\"},\"image\":{\"@id\":\"https:\\\/\\\/contank.com\\\/#\\\/schema\\\/logo\\\/image\\\/\"},\"sameAs\":[\"https:\\\/\\\/x.com\\\/ContankSA\",\"https:\\\/\\\/www.instagram.com\\\/contank\\\/\",\"https:\\\/\\\/www.linkedin.com\\\/company\\\/11075598\\\/\"]}]}<\/script>\n<!-- \/ Yoast SEO plugin. -->","yoast_head_json":{"title":"Ausstattung - Contank - Transporte ADR de l\u00edquidos intermodal","robots":{"index":"index","follow":"follow","max-snippet":"max-snippet:-1","max-image-preview":"max-image-preview:large","max-video-preview":"max-video-preview:-1"},"canonical":"https:\/\/contank.com\/de\/ausstattung\/","og_locale":"de_DE","og_type":"article","og_title":"Ausstattung - Contank - Transporte ADR de l\u00edquidos intermodal","og_description":"[vc_row][vc_column][\/vc_column][\/vc_row][vc_row][vc_column width=&#8220;1\/2&#8243;][\/vc_column][vc_column width=&#8220;1\/2&#8243;][\/vc_column][\/vc_row][vc_row][vc_column][vc_empty_space][\/vc_column][\/vc_row][vc_row][vc_column][vc_column_text] Wir erneuern und erweitern st\u00e4ndig unsere Containerflotte, indem wir daf\u00fcr sorgen, dass unsere Einheiten immer neu gebaut werden. Alle Container werden nach den aktuellsten Sicherheitsstandards entwickelt und hergestellt und sind Gegenstand regelm\u00e4\u00dfiger ADR\/IMO\/CSC-Inspektionen. \u00a0 Wir haben Vorrat an eigenen Containern\u00a0sowohl in unserer Logistikbasis in Castellbisbal als auch in den europ\u00e4ischen Hauptverkehrsknotenpunkten zwecks [&hellip;]","og_url":"https:\/\/contank.com\/de\/ausstattung\/","og_site_name":"Contank - Transporte ADR de l\u00edquidos intermodal","article_modified_time":"2021-08-23T10:55:03+00:00","twitter_card":"summary_large_image","twitter_site":"@ContankSA","twitter_misc":{"Gesch\u00e4tzte Lesezeit":"4\u00a0Minuten"},"schema":{"@context":"https:\/\/schema.org","@graph":[{"@type":"WebPage","@id":"https:\/\/contank.com\/de\/ausstattung\/","url":"https:\/\/contank.com\/de\/ausstattung\/","name":"Ausstattung - Contank - Transporte ADR de l\u00edquidos intermodal","isPartOf":{"@id":"https:\/\/contank.com\/#website"},"datePublished":"2021-05-26T07:57:43+00:00","dateModified":"2021-08-23T10:55:03+00:00","breadcrumb":{"@id":"https:\/\/contank.com\/de\/ausstattung\/#breadcrumb"},"inLanguage":"de","potentialAction":[{"@type":"ReadAction","target":["https:\/\/contank.com\/de\/ausstattung\/"]}]},{"@type":"BreadcrumbList","@id":"https:\/\/contank.com\/de\/ausstattung\/#breadcrumb","itemListElement":[{"@type":"ListItem","position":1,"name":"Portada","item":"https:\/\/contank.com\/de\/"},{"@type":"ListItem","position":2,"name":"Ausstattung"}]},{"@type":"WebSite","@id":"https:\/\/contank.com\/#website","url":"https:\/\/contank.com\/","name":"Contank - Transporte ADR Intermodal","description":"Especialistas en Transporte ADR de L\u00edquidos en contenedores","publisher":{"@id":"https:\/\/contank.com\/#organization"},"potentialAction":[{"@type":"SearchAction","target":{"@type":"EntryPoint","urlTemplate":"https:\/\/contank.com\/?s={search_term_string}"},"query-input":{"@type":"PropertyValueSpecification","valueRequired":true,"valueName":"search_term_string"}}],"inLanguage":"de"},{"@type":"Organization","@id":"https:\/\/contank.com\/#organization","name":"Contank","url":"https:\/\/contank.com\/","logo":{"@type":"ImageObject","inLanguage":"de","@id":"https:\/\/contank.com\/#\/schema\/logo\/image\/","url":"https:\/\/contank.com\/wp-content\/uploads\/2021\/05\/ck1.png","contentUrl":"https:\/\/contank.com\/wp-content\/uploads\/2021\/05\/ck1.png","width":130,"height":72,"caption":"Contank"},"image":{"@id":"https:\/\/contank.com\/#\/schema\/logo\/image\/"},"sameAs":["https:\/\/x.com\/ContankSA","https:\/\/www.instagram.com\/contank\/","https:\/\/www.linkedin.com\/company\/11075598\/"]}]}},"_links":{"self":[{"href":"https:\/\/contank.com\/de\/wp-json\/wp\/v2\/pages\/14993","targetHints":{"allow":["GET"]}}],"collection":[{"href":"https:\/\/contank.com\/de\/wp-json\/wp\/v2\/pages"}],"about":[{"href":"https:\/\/contank.com\/de\/wp-json\/wp\/v2\/types\/page"}],"author":[{"embeddable":true,"href":"https:\/\/contank.com\/de\/wp-json\/wp\/v2\/users\/1"}],"replies":[{"embeddable":true,"href":"https:\/\/contank.com\/de\/wp-json\/wp\/v2\/comments?post=14993"}],"version-history":[{"count":6,"href":"https:\/\/contank.com\/de\/wp-json\/wp\/v2\/pages\/14993\/revisions"}],"predecessor-version":[{"id":15439,"href":"https:\/\/contank.com\/de\/wp-json\/wp\/v2\/pages\/14993\/revisions\/15439"}],"wp:attachment":[{"href":"https:\/\/contank.com\/de\/wp-json\/wp\/v2\/media?parent=14993"}],"curies":[{"name":"wp","href":"https:\/\/api.w.org\/{rel}","templated":true}]}}