{"id":14984,"date":"2021-05-25T15:38:15","date_gmt":"2021-05-25T15:38:15","guid":{"rendered":"https:\/\/contank.com\/stock-de-seguridad\/"},"modified":"2021-08-20T16:05:48","modified_gmt":"2021-08-20T16:05:48","slug":"sicherheitsbestand","status":"publish","type":"page","link":"https:\/\/contank.com\/de\/sicherheitsbestand\/","title":{"rendered":"Sicherheitsbestand"},"content":{"rendered":"<div class=\"wpb-content-wrapper\"><p>[vc_row][vc_column width=&#8220;1\/2&#8243;]<h1 id=\"et-animated-title-1\" class=\"et-animated-title et-clearfix  curtain curtain-left\" data-mobile-font=\"inherit\" data-tablet-font=\"inherit\" data-delay=\"0\" style=\"font-weight:700;color:#212121;\"><span class=\"text-wrapper\"><span class=\"text\">Sicherheitsbestand<\/span><span class=\"curtain\" style=\"background-color:#fcc93f;\"><\/span><\/span><\/h1>[vc_empty_space height=&#8220;52px&#8220;][vc_images_carousel images=&#8220;14279,13907,14605&#8243; img_size=&#8220;medium&#8220; speed=&#8220;2000&#8243; autoplay=&#8220;yes&#8220;][\/vc_column][vc_column width=&#8220;1\/2&#8243;][vc_column_text]<\/p>\n<p class=\"P68B1DB1-NormalWeb1\" style=\"margin: 0cm; background: white;\"><span lang=\"DE\">Es besteht die M\u00f6glichkeit der Erstellung eines Puffer-Sicherheitsbestandes f\u00fcr die Lagerung Ihres Containers und f\u00fcr die gleichzeitige Vermeidung von Lagerungskosten. Diese Option eignet sich perfekt, wenn kein geplanter Liefertermin feststeht und der Container in einem Containerdepot oder in einem Terminal gelagert wird.<\/span><\/p>\n<p>[\/vc_column_text][\/vc_column][\/vc_row][vc_row][vc_column width=&#8220;1\/2&#8243;][vc_column_text]<strong>Wir gestalten jede Fahrt so flexibel wie m\u00f6glich<\/strong>. Dies erm\u00f6glicht uns eine Kostenverminderung, da der Container in den TERMINALS bzw. LAGERH\u00c4USERN in Erwartung des Endladedatums beim Endkunden beladen bleibt.[\/vc_column_text][\/vc_column][vc_column width=&#8220;1\/2&#8243;]<h1 id=\"et-animated-title-2\" class=\"et-animated-title et-clearfix  curtain curtain-left\" data-mobile-font=\"inherit\" data-tablet-font=\"inherit\" data-delay=\"0\" style=\"font-weight:700;color:#212121;\"><span class=\"text-wrapper\"><span class=\"text\">Die Lagerung der Container nach der 2-Schritte-Methode<\/span><span class=\"curtain\" style=\"background-color:#f7c53d;\"><\/span><\/span><\/h1>[vc_empty_space height=&#8220;62px&#8220;][\/vc_column][\/vc_row][vc_row full_width=&#8220;stretch_row&#8220; css=&#8220;.vc_custom_1622477068622{background-image: url(https:\/\/contank.com\/wp-content\/uploads\/2018\/07\/world3.jpg?id=13593) !important;}&#8220; el_id=&#8220;white&#8220; el_class=&#8220;white&#8220;][vc_column animation_delay=&#8220;0&#8243; el_id=&#8220;white&#8220; el_class=&#8220;white&#8220;][vc_row_inner][vc_column_inner width=&#8220;1\/2&#8243; css=&#8220;.vc_custom_1622476869511{padding-top: 50px !important;}&#8220;]<h1 class=\"et-highlight-title \" style=\"font-weight:700;color:#f9f9f9;\" data-mobile-font=\"inherit\" data-tablet-font=\"inherit\"><span class=\"title-inner\">Wir sprechen?<span class=\"highlight-line\" style=\"background-color:#ffc53f;\"><\/span><\/span><\/h1>[\/vc_column_inner][vc_column_inner el_class=&#8220;white&#8220; width=&#8220;1\/2&#8243; el_id=&#8220;white&#8220;]\n<div class=\"wpcf7 no-js\" id=\"wpcf7-f15342-o1\" lang=\"es-ES\" dir=\"ltr\" data-wpcf7-id=\"15342\">\n<div class=\"screen-reader-response\"><p role=\"status\" aria-live=\"polite\" aria-atomic=\"true\"><\/p> <ul><\/ul><\/div>\n<form action=\"\/de\/wp-json\/wp\/v2\/pages\/14984#wpcf7-f15342-o1\" method=\"post\" class=\"wpcf7-form init\" aria-label=\"Formulario de contacto\" novalidate=\"novalidate\" data-status=\"init\">\n<fieldset class=\"hidden-fields-container\"><input type=\"hidden\" name=\"_wpcf7\" value=\"15342\" \/><input type=\"hidden\" name=\"_wpcf7_version\" value=\"6.1.2\" \/><input type=\"hidden\" name=\"_wpcf7_locale\" value=\"es_ES\" \/><input type=\"hidden\" name=\"_wpcf7_unit_tag\" value=\"wpcf7-f15342-o1\" \/><input type=\"hidden\" name=\"_wpcf7_container_post\" value=\"0\" \/><input type=\"hidden\" name=\"_wpcf7_posted_data_hash\" value=\"\" \/><input type=\"hidden\" name=\"_wpcf7_recaptcha_response\" value=\"\" \/>\n<\/fieldset>\n<p><label> Ihr Name<br \/>\n<span class=\"wpcf7-form-control-wrap\" data-name=\"your-name\"><input size=\"40\" maxlength=\"400\" class=\"wpcf7-form-control wpcf7-text wpcf7-validates-as-required\" aria-required=\"true\" aria-invalid=\"false\" value=\"\" type=\"text\" name=\"your-name\" \/><\/span> <\/label>\n<\/p>\n<p><label> Ihre E-Mail Adresse<br \/>\n<span class=\"wpcf7-form-control-wrap\" data-name=\"your-email\"><input size=\"40\" maxlength=\"400\" class=\"wpcf7-form-control wpcf7-email wpcf7-validates-as-required wpcf7-text wpcf7-validates-as-email\" aria-required=\"true\" aria-invalid=\"false\" value=\"\" type=\"email\" name=\"your-email\" \/><\/span> <\/label>\n<\/p>\n<p><label> Ihr Unternehmen<br \/>\n<span class=\"wpcf7-form-control-wrap\" data-name=\"your-subject\"><input size=\"40\" maxlength=\"400\" class=\"wpcf7-form-control wpcf7-text wpcf7-validates-as-required\" aria-required=\"true\" aria-invalid=\"false\" value=\"\" type=\"text\" name=\"your-subject\" \/><\/span> <\/label>\n<\/p>\n<p><label> Ihre Nachricht<br \/>\n<span class=\"wpcf7-form-control-wrap\" data-name=\"your-message\"><textarea cols=\"40\" rows=\"10\" maxlength=\"2000\" class=\"wpcf7-form-control wpcf7-textarea\" aria-invalid=\"false\" name=\"your-message\"><\/textarea><\/span> <\/label>\n<\/p>\n<p><span class=\"wpcf7-form-control-wrap\" data-name=\"acceptance-773\"><span class=\"wpcf7-form-control wpcf7-acceptance\"><span class=\"wpcf7-list-item\"><label><input type=\"checkbox\" name=\"acceptance-773\" value=\"1\" aria-invalid=\"false\" \/><span class=\"wpcf7-list-item-label\">Ich habe die <a href=\"https:\/\/contank.com\/de\/datenschutzerklarung\/\" target=\"_blank\" rel=\"noopener\">Datenschutzrichtlinie des Unternehmens Contank S.A<\/a> und die darin beschriebene Behandlung meiner Daten gelesen und akzeptiere diese.<\/span><\/label><\/span><\/span><\/span>\n<\/p>\n<p><span class=\"wpcf7-form-control-wrap\" data-name=\"quiz-535\"><label><span class=\"wpcf7-quiz-label\">L\u00f6sen Sie die mathematische Operation: 11 + 4<\/span> <input size=\"40\" class=\"wpcf7-form-control wpcf7-quiz\" autocomplete=\"off\" aria-required=\"true\" aria-invalid=\"false\" type=\"text\" name=\"quiz-535\" \/><\/label><input type=\"hidden\" name=\"_wpcf7_quiz_answer_quiz-535\" value=\"3dfe091b3479227f953e5d0ef4f3bfdf\" \/><\/span>\n<\/p>\n<p><input class=\"wpcf7-form-control wpcf7-submit has-spinner\" type=\"submit\" value=\"Senden\" \/>\n<\/p><div class=\"wpcf7-response-output\" aria-hidden=\"true\"><\/div>\n<\/form>\n<\/div>\n[\/vc_column_inner][\/vc_row_inner][\/vc_column][\/vc_row]<\/p>\n<\/div>","protected":false},"excerpt":{"rendered":"<p>[vc_row][vc_column width=&#8220;1\/2&#8243;][vc_empty_space height=&#8220;52px&#8220;][vc_images_carousel images=&#8220;14279,13907,14605&#8243; img_size=&#8220;medium&#8220; speed=&#8220;2000&#8243; autoplay=&#8220;yes&#8220;][\/vc_column][vc_column width=&#8220;1\/2&#8243;][vc_column_text] Es besteht die M\u00f6glichkeit der Erstellung eines Puffer-Sicherheitsbestandes f\u00fcr die Lagerung Ihres Containers und f\u00fcr die gleichzeitige Vermeidung von Lagerungskosten. Diese Option eignet sich perfekt, wenn kein geplanter Liefertermin feststeht und der Container in einem Containerdepot oder in einem Terminal gelagert wird. [\/vc_column_text][\/vc_column][\/vc_row][vc_row][vc_column width=&#8220;1\/2&#8243;][vc_column_text]Wir gestalten jede Fahrt [&hellip;]<\/p>\n","protected":false},"author":1,"featured_media":0,"parent":0,"menu_order":0,"comment_status":"closed","ping_status":"closed","template":"page-vc.php","meta":{"footnotes":""},"class_list":["post-14984","page","type-page","status-publish","hentry"],"yoast_head":"<!-- This site is optimized with the Yoast SEO plugin v27.3 - https:\/\/yoast.com\/product\/yoast-seo-wordpress\/ -->\n<title>Sicherheitsbestand - Contank - Transporte ADR de l\u00edquidos intermodal<\/title>\n<meta name=\"robots\" content=\"index, follow, max-snippet:-1, max-image-preview:large, max-video-preview:-1\" \/>\n<link rel=\"canonical\" href=\"https:\/\/contank.com\/de\/sicherheitsbestand\/\" \/>\n<meta property=\"og:locale\" content=\"de_DE\" \/>\n<meta property=\"og:type\" content=\"article\" \/>\n<meta property=\"og:title\" content=\"Sicherheitsbestand - Contank - Transporte ADR de l\u00edquidos intermodal\" \/>\n<meta property=\"og:description\" content=\"[vc_row][vc_column width=&#8220;1\/2&#8243;][vc_empty_space height=&#8220;52px&#8220;][vc_images_carousel images=&#8220;14279,13907,14605&#8243; img_size=&#8220;medium&#8220; speed=&#8220;2000&#8243; autoplay=&#8220;yes&#8220;][\/vc_column][vc_column width=&#8220;1\/2&#8243;][vc_column_text] Es besteht die M\u00f6glichkeit der Erstellung eines Puffer-Sicherheitsbestandes f\u00fcr die Lagerung Ihres Containers und f\u00fcr die gleichzeitige Vermeidung von Lagerungskosten. Diese Option eignet sich perfekt, wenn kein geplanter Liefertermin feststeht und der Container in einem Containerdepot oder in einem Terminal gelagert wird. [\/vc_column_text][\/vc_column][\/vc_row][vc_row][vc_column width=&#8220;1\/2&#8243;][vc_column_text]Wir gestalten jede Fahrt [&hellip;]\" \/>\n<meta property=\"og:url\" content=\"https:\/\/contank.com\/de\/sicherheitsbestand\/\" \/>\n<meta property=\"og:site_name\" content=\"Contank - Transporte ADR de l\u00edquidos intermodal\" \/>\n<meta property=\"article:modified_time\" content=\"2021-08-20T16:05:48+00:00\" \/>\n<meta name=\"twitter:card\" content=\"summary_large_image\" \/>\n<meta name=\"twitter:site\" content=\"@ContankSA\" \/>\n<meta name=\"twitter:label1\" content=\"Gesch\u00e4tzte Lesezeit\" \/>\n\t<meta name=\"twitter:data1\" content=\"1\u00a0Minute\" \/>\n<script type=\"application\/ld+json\" class=\"yoast-schema-graph\">{\"@context\":\"https:\\\/\\\/schema.org\",\"@graph\":[{\"@type\":\"WebPage\",\"@id\":\"https:\\\/\\\/contank.com\\\/de\\\/sicherheitsbestand\\\/\",\"url\":\"https:\\\/\\\/contank.com\\\/de\\\/sicherheitsbestand\\\/\",\"name\":\"Sicherheitsbestand - Contank - Transporte ADR de l\u00edquidos intermodal\",\"isPartOf\":{\"@id\":\"https:\\\/\\\/contank.com\\\/#website\"},\"datePublished\":\"2021-05-25T15:38:15+00:00\",\"dateModified\":\"2021-08-20T16:05:48+00:00\",\"breadcrumb\":{\"@id\":\"https:\\\/\\\/contank.com\\\/de\\\/sicherheitsbestand\\\/#breadcrumb\"},\"inLanguage\":\"de\",\"potentialAction\":[{\"@type\":\"ReadAction\",\"target\":[\"https:\\\/\\\/contank.com\\\/de\\\/sicherheitsbestand\\\/\"]}]},{\"@type\":\"BreadcrumbList\",\"@id\":\"https:\\\/\\\/contank.com\\\/de\\\/sicherheitsbestand\\\/#breadcrumb\",\"itemListElement\":[{\"@type\":\"ListItem\",\"position\":1,\"name\":\"Portada\",\"item\":\"https:\\\/\\\/contank.com\\\/de\\\/\"},{\"@type\":\"ListItem\",\"position\":2,\"name\":\"Sicherheitsbestand\"}]},{\"@type\":\"WebSite\",\"@id\":\"https:\\\/\\\/contank.com\\\/#website\",\"url\":\"https:\\\/\\\/contank.com\\\/\",\"name\":\"Contank - Transporte ADR Intermodal\",\"description\":\"Especialistas en Transporte ADR de L\u00edquidos en contenedores\",\"publisher\":{\"@id\":\"https:\\\/\\\/contank.com\\\/#organization\"},\"potentialAction\":[{\"@type\":\"SearchAction\",\"target\":{\"@type\":\"EntryPoint\",\"urlTemplate\":\"https:\\\/\\\/contank.com\\\/?s={search_term_string}\"},\"query-input\":{\"@type\":\"PropertyValueSpecification\",\"valueRequired\":true,\"valueName\":\"search_term_string\"}}],\"inLanguage\":\"de\"},{\"@type\":\"Organization\",\"@id\":\"https:\\\/\\\/contank.com\\\/#organization\",\"name\":\"Contank\",\"url\":\"https:\\\/\\\/contank.com\\\/\",\"logo\":{\"@type\":\"ImageObject\",\"inLanguage\":\"de\",\"@id\":\"https:\\\/\\\/contank.com\\\/#\\\/schema\\\/logo\\\/image\\\/\",\"url\":\"https:\\\/\\\/contank.com\\\/wp-content\\\/uploads\\\/2021\\\/05\\\/ck1.png\",\"contentUrl\":\"https:\\\/\\\/contank.com\\\/wp-content\\\/uploads\\\/2021\\\/05\\\/ck1.png\",\"width\":130,\"height\":72,\"caption\":\"Contank\"},\"image\":{\"@id\":\"https:\\\/\\\/contank.com\\\/#\\\/schema\\\/logo\\\/image\\\/\"},\"sameAs\":[\"https:\\\/\\\/x.com\\\/ContankSA\",\"https:\\\/\\\/www.instagram.com\\\/contank\\\/\",\"https:\\\/\\\/www.linkedin.com\\\/company\\\/11075598\\\/\"]}]}<\/script>\n<!-- \/ Yoast SEO plugin. -->","yoast_head_json":{"title":"Sicherheitsbestand - Contank - Transporte ADR de l\u00edquidos intermodal","robots":{"index":"index","follow":"follow","max-snippet":"max-snippet:-1","max-image-preview":"max-image-preview:large","max-video-preview":"max-video-preview:-1"},"canonical":"https:\/\/contank.com\/de\/sicherheitsbestand\/","og_locale":"de_DE","og_type":"article","og_title":"Sicherheitsbestand - Contank - Transporte ADR de l\u00edquidos intermodal","og_description":"[vc_row][vc_column width=&#8220;1\/2&#8243;][vc_empty_space height=&#8220;52px&#8220;][vc_images_carousel images=&#8220;14279,13907,14605&#8243; img_size=&#8220;medium&#8220; speed=&#8220;2000&#8243; autoplay=&#8220;yes&#8220;][\/vc_column][vc_column width=&#8220;1\/2&#8243;][vc_column_text] Es besteht die M\u00f6glichkeit der Erstellung eines Puffer-Sicherheitsbestandes f\u00fcr die Lagerung Ihres Containers und f\u00fcr die gleichzeitige Vermeidung von Lagerungskosten. Diese Option eignet sich perfekt, wenn kein geplanter Liefertermin feststeht und der Container in einem Containerdepot oder in einem Terminal gelagert wird. [\/vc_column_text][\/vc_column][\/vc_row][vc_row][vc_column width=&#8220;1\/2&#8243;][vc_column_text]Wir gestalten jede Fahrt [&hellip;]","og_url":"https:\/\/contank.com\/de\/sicherheitsbestand\/","og_site_name":"Contank - Transporte ADR de l\u00edquidos intermodal","article_modified_time":"2021-08-20T16:05:48+00:00","twitter_card":"summary_large_image","twitter_site":"@ContankSA","twitter_misc":{"Gesch\u00e4tzte Lesezeit":"1\u00a0Minute"},"schema":{"@context":"https:\/\/schema.org","@graph":[{"@type":"WebPage","@id":"https:\/\/contank.com\/de\/sicherheitsbestand\/","url":"https:\/\/contank.com\/de\/sicherheitsbestand\/","name":"Sicherheitsbestand - Contank - Transporte ADR de l\u00edquidos intermodal","isPartOf":{"@id":"https:\/\/contank.com\/#website"},"datePublished":"2021-05-25T15:38:15+00:00","dateModified":"2021-08-20T16:05:48+00:00","breadcrumb":{"@id":"https:\/\/contank.com\/de\/sicherheitsbestand\/#breadcrumb"},"inLanguage":"de","potentialAction":[{"@type":"ReadAction","target":["https:\/\/contank.com\/de\/sicherheitsbestand\/"]}]},{"@type":"BreadcrumbList","@id":"https:\/\/contank.com\/de\/sicherheitsbestand\/#breadcrumb","itemListElement":[{"@type":"ListItem","position":1,"name":"Portada","item":"https:\/\/contank.com\/de\/"},{"@type":"ListItem","position":2,"name":"Sicherheitsbestand"}]},{"@type":"WebSite","@id":"https:\/\/contank.com\/#website","url":"https:\/\/contank.com\/","name":"Contank - Transporte ADR Intermodal","description":"Especialistas en Transporte ADR de L\u00edquidos en contenedores","publisher":{"@id":"https:\/\/contank.com\/#organization"},"potentialAction":[{"@type":"SearchAction","target":{"@type":"EntryPoint","urlTemplate":"https:\/\/contank.com\/?s={search_term_string}"},"query-input":{"@type":"PropertyValueSpecification","valueRequired":true,"valueName":"search_term_string"}}],"inLanguage":"de"},{"@type":"Organization","@id":"https:\/\/contank.com\/#organization","name":"Contank","url":"https:\/\/contank.com\/","logo":{"@type":"ImageObject","inLanguage":"de","@id":"https:\/\/contank.com\/#\/schema\/logo\/image\/","url":"https:\/\/contank.com\/wp-content\/uploads\/2021\/05\/ck1.png","contentUrl":"https:\/\/contank.com\/wp-content\/uploads\/2021\/05\/ck1.png","width":130,"height":72,"caption":"Contank"},"image":{"@id":"https:\/\/contank.com\/#\/schema\/logo\/image\/"},"sameAs":["https:\/\/x.com\/ContankSA","https:\/\/www.instagram.com\/contank\/","https:\/\/www.linkedin.com\/company\/11075598\/"]}]}},"_links":{"self":[{"href":"https:\/\/contank.com\/de\/wp-json\/wp\/v2\/pages\/14984","targetHints":{"allow":["GET"]}}],"collection":[{"href":"https:\/\/contank.com\/de\/wp-json\/wp\/v2\/pages"}],"about":[{"href":"https:\/\/contank.com\/de\/wp-json\/wp\/v2\/types\/page"}],"author":[{"embeddable":true,"href":"https:\/\/contank.com\/de\/wp-json\/wp\/v2\/users\/1"}],"replies":[{"embeddable":true,"href":"https:\/\/contank.com\/de\/wp-json\/wp\/v2\/comments?post=14984"}],"version-history":[{"count":2,"href":"https:\/\/contank.com\/de\/wp-json\/wp\/v2\/pages\/14984\/revisions"}],"predecessor-version":[{"id":15394,"href":"https:\/\/contank.com\/de\/wp-json\/wp\/v2\/pages\/14984\/revisions\/15394"}],"wp:attachment":[{"href":"https:\/\/contank.com\/de\/wp-json\/wp\/v2\/media?parent=14984"}],"curies":[{"name":"wp","href":"https:\/\/api.w.org\/{rel}","templated":true}]}}