{"id":14976,"date":"2021-05-25T15:38:59","date_gmt":"2021-05-25T15:38:59","guid":{"rendered":"https:\/\/contank.com\/entregas-alta-temperatura\/"},"modified":"2021-08-23T11:14:47","modified_gmt":"2021-08-23T11:14:47","slug":"hochtemperatur-lieferungen","status":"publish","type":"page","link":"https:\/\/contank.com\/de\/hochtemperatur-lieferungen\/","title":{"rendered":"Hochtemperatur Lieferungen"},"content":{"rendered":"<div class=\"wpb-content-wrapper\"><p>[vc_row][vc_column width=&#8220;1\/2&#8243;]<h1 id=\"et-animated-title-1\" class=\"et-animated-title et-clearfix  curtain curtain-left\" data-mobile-font=\"inherit\" data-tablet-font=\"inherit\" data-delay=\"0\" style=\"font-weight:700;color:#212121;\"><span class=\"text-wrapper\"><span class=\"text\">Wir liefern Ihr Produkt in der angegebenen Temperatur.<\/span><span class=\"curtain\" style=\"background-color:#fcd63f;\"><\/span><\/span><\/h1>[vc_empty_space height=&#8220;50px&#8220;][vc_single_image image=&#8220;14753&#8243; img_size=&#8220;medium&#8220;][\/vc_column][vc_column width=&#8220;1\/2&#8243;][vc_column_text]<\/p>\n<p class=\"P68B1DB1-NormalWeb3\" style=\"background: white; margin: 0cm 0cm 18.0pt 0cm;\">Jedes Produkt erfordert ein anderes Lieferverfahren. Das ist genau der Grund, wof\u00fcr wir die Produkte innerhalb des von unseren Kunden angef\u00fchrten Temperaturbereichs liefern.<\/p>\n<p style=\"margin: 0cm; background: white;\"><span style=\"font-family: Roboto; color: #616161;\">Wir f\u00fchren mehrere Standorte in ganz Europa, an denen wir die Container f\u00fcr eine <strong>optimale Liefertemperatur<\/strong> erw\u00e4rmen.<\/span><\/p>\n<p>[\/vc_column_text][\/vc_column][\/vc_row]<\/p>\n<\/div>","protected":false},"excerpt":{"rendered":"<p>[vc_row][vc_column width=&#8220;1\/2&#8243;][vc_empty_space height=&#8220;50px&#8220;][vc_single_image image=&#8220;14753&#8243; img_size=&#8220;medium&#8220;][\/vc_column][vc_column width=&#8220;1\/2&#8243;][vc_column_text] Jedes Produkt erfordert ein anderes Lieferverfahren. Das ist genau der Grund, wof\u00fcr wir die Produkte innerhalb des von unseren Kunden angef\u00fchrten Temperaturbereichs liefern. Wir f\u00fchren mehrere Standorte in ganz Europa, an denen wir die Container f\u00fcr eine optimale Liefertemperatur erw\u00e4rmen. [\/vc_column_text][\/vc_column][\/vc_row]<\/p>\n","protected":false},"author":1,"featured_media":0,"parent":0,"menu_order":0,"comment_status":"closed","ping_status":"closed","template":"","meta":{"footnotes":""},"class_list":["post-14976","page","type-page","status-publish","hentry"],"yoast_head":"<!-- This site is optimized with the Yoast SEO plugin v27.3 - https:\/\/yoast.com\/product\/yoast-seo-wordpress\/ -->\n<title>Hochtemperatur Lieferungen - Contank - Transporte ADR de l\u00edquidos intermodal<\/title>\n<meta name=\"robots\" content=\"index, follow, max-snippet:-1, max-image-preview:large, max-video-preview:-1\" \/>\n<link rel=\"canonical\" href=\"https:\/\/contank.com\/de\/hochtemperatur-lieferungen\/\" \/>\n<meta property=\"og:locale\" content=\"de_DE\" \/>\n<meta property=\"og:type\" content=\"article\" \/>\n<meta property=\"og:title\" content=\"Hochtemperatur Lieferungen - Contank - Transporte ADR de l\u00edquidos intermodal\" \/>\n<meta property=\"og:description\" content=\"[vc_row][vc_column width=&#8220;1\/2&#8243;][vc_empty_space height=&#8220;50px&#8220;][vc_single_image image=&#8220;14753&#8243; img_size=&#8220;medium&#8220;][\/vc_column][vc_column width=&#8220;1\/2&#8243;][vc_column_text] Jedes Produkt erfordert ein anderes Lieferverfahren. Das ist genau der Grund, wof\u00fcr wir die Produkte innerhalb des von unseren Kunden angef\u00fchrten Temperaturbereichs liefern. Wir f\u00fchren mehrere Standorte in ganz Europa, an denen wir die Container f\u00fcr eine optimale Liefertemperatur erw\u00e4rmen. [\/vc_column_text][\/vc_column][\/vc_row]\" \/>\n<meta property=\"og:url\" content=\"https:\/\/contank.com\/de\/hochtemperatur-lieferungen\/\" \/>\n<meta property=\"og:site_name\" content=\"Contank - Transporte ADR de l\u00edquidos intermodal\" \/>\n<meta property=\"article:modified_time\" content=\"2021-08-23T11:14:47+00:00\" \/>\n<meta name=\"twitter:card\" content=\"summary_large_image\" \/>\n<meta name=\"twitter:site\" content=\"@ContankSA\" \/>\n<script type=\"application\/ld+json\" class=\"yoast-schema-graph\">{\"@context\":\"https:\\\/\\\/schema.org\",\"@graph\":[{\"@type\":\"WebPage\",\"@id\":\"https:\\\/\\\/contank.com\\\/de\\\/hochtemperatur-lieferungen\\\/\",\"url\":\"https:\\\/\\\/contank.com\\\/de\\\/hochtemperatur-lieferungen\\\/\",\"name\":\"Hochtemperatur Lieferungen - Contank - Transporte ADR de l\u00edquidos intermodal\",\"isPartOf\":{\"@id\":\"https:\\\/\\\/contank.com\\\/#website\"},\"datePublished\":\"2021-05-25T15:38:59+00:00\",\"dateModified\":\"2021-08-23T11:14:47+00:00\",\"breadcrumb\":{\"@id\":\"https:\\\/\\\/contank.com\\\/de\\\/hochtemperatur-lieferungen\\\/#breadcrumb\"},\"inLanguage\":\"de\",\"potentialAction\":[{\"@type\":\"ReadAction\",\"target\":[\"https:\\\/\\\/contank.com\\\/de\\\/hochtemperatur-lieferungen\\\/\"]}]},{\"@type\":\"BreadcrumbList\",\"@id\":\"https:\\\/\\\/contank.com\\\/de\\\/hochtemperatur-lieferungen\\\/#breadcrumb\",\"itemListElement\":[{\"@type\":\"ListItem\",\"position\":1,\"name\":\"Portada\",\"item\":\"https:\\\/\\\/contank.com\\\/de\\\/\"},{\"@type\":\"ListItem\",\"position\":2,\"name\":\"Hochtemperatur Lieferungen\"}]},{\"@type\":\"WebSite\",\"@id\":\"https:\\\/\\\/contank.com\\\/#website\",\"url\":\"https:\\\/\\\/contank.com\\\/\",\"name\":\"Contank - Transporte ADR Intermodal\",\"description\":\"Especialistas en Transporte ADR de L\u00edquidos en contenedores\",\"publisher\":{\"@id\":\"https:\\\/\\\/contank.com\\\/#organization\"},\"potentialAction\":[{\"@type\":\"SearchAction\",\"target\":{\"@type\":\"EntryPoint\",\"urlTemplate\":\"https:\\\/\\\/contank.com\\\/?s={search_term_string}\"},\"query-input\":{\"@type\":\"PropertyValueSpecification\",\"valueRequired\":true,\"valueName\":\"search_term_string\"}}],\"inLanguage\":\"de\"},{\"@type\":\"Organization\",\"@id\":\"https:\\\/\\\/contank.com\\\/#organization\",\"name\":\"Contank\",\"url\":\"https:\\\/\\\/contank.com\\\/\",\"logo\":{\"@type\":\"ImageObject\",\"inLanguage\":\"de\",\"@id\":\"https:\\\/\\\/contank.com\\\/#\\\/schema\\\/logo\\\/image\\\/\",\"url\":\"https:\\\/\\\/contank.com\\\/wp-content\\\/uploads\\\/2021\\\/05\\\/ck1.png\",\"contentUrl\":\"https:\\\/\\\/contank.com\\\/wp-content\\\/uploads\\\/2021\\\/05\\\/ck1.png\",\"width\":130,\"height\":72,\"caption\":\"Contank\"},\"image\":{\"@id\":\"https:\\\/\\\/contank.com\\\/#\\\/schema\\\/logo\\\/image\\\/\"},\"sameAs\":[\"https:\\\/\\\/x.com\\\/ContankSA\",\"https:\\\/\\\/www.instagram.com\\\/contank\\\/\",\"https:\\\/\\\/www.linkedin.com\\\/company\\\/11075598\\\/\"]}]}<\/script>\n<!-- \/ Yoast SEO plugin. -->","yoast_head_json":{"title":"Hochtemperatur Lieferungen - Contank - Transporte ADR de l\u00edquidos intermodal","robots":{"index":"index","follow":"follow","max-snippet":"max-snippet:-1","max-image-preview":"max-image-preview:large","max-video-preview":"max-video-preview:-1"},"canonical":"https:\/\/contank.com\/de\/hochtemperatur-lieferungen\/","og_locale":"de_DE","og_type":"article","og_title":"Hochtemperatur Lieferungen - Contank - Transporte ADR de l\u00edquidos intermodal","og_description":"[vc_row][vc_column width=&#8220;1\/2&#8243;][vc_empty_space height=&#8220;50px&#8220;][vc_single_image image=&#8220;14753&#8243; img_size=&#8220;medium&#8220;][\/vc_column][vc_column width=&#8220;1\/2&#8243;][vc_column_text] Jedes Produkt erfordert ein anderes Lieferverfahren. Das ist genau der Grund, wof\u00fcr wir die Produkte innerhalb des von unseren Kunden angef\u00fchrten Temperaturbereichs liefern. Wir f\u00fchren mehrere Standorte in ganz Europa, an denen wir die Container f\u00fcr eine optimale Liefertemperatur erw\u00e4rmen. [\/vc_column_text][\/vc_column][\/vc_row]","og_url":"https:\/\/contank.com\/de\/hochtemperatur-lieferungen\/","og_site_name":"Contank - Transporte ADR de l\u00edquidos intermodal","article_modified_time":"2021-08-23T11:14:47+00:00","twitter_card":"summary_large_image","twitter_site":"@ContankSA","schema":{"@context":"https:\/\/schema.org","@graph":[{"@type":"WebPage","@id":"https:\/\/contank.com\/de\/hochtemperatur-lieferungen\/","url":"https:\/\/contank.com\/de\/hochtemperatur-lieferungen\/","name":"Hochtemperatur Lieferungen - Contank - Transporte ADR de l\u00edquidos intermodal","isPartOf":{"@id":"https:\/\/contank.com\/#website"},"datePublished":"2021-05-25T15:38:59+00:00","dateModified":"2021-08-23T11:14:47+00:00","breadcrumb":{"@id":"https:\/\/contank.com\/de\/hochtemperatur-lieferungen\/#breadcrumb"},"inLanguage":"de","potentialAction":[{"@type":"ReadAction","target":["https:\/\/contank.com\/de\/hochtemperatur-lieferungen\/"]}]},{"@type":"BreadcrumbList","@id":"https:\/\/contank.com\/de\/hochtemperatur-lieferungen\/#breadcrumb","itemListElement":[{"@type":"ListItem","position":1,"name":"Portada","item":"https:\/\/contank.com\/de\/"},{"@type":"ListItem","position":2,"name":"Hochtemperatur Lieferungen"}]},{"@type":"WebSite","@id":"https:\/\/contank.com\/#website","url":"https:\/\/contank.com\/","name":"Contank - Transporte ADR Intermodal","description":"Especialistas en Transporte ADR de L\u00edquidos en contenedores","publisher":{"@id":"https:\/\/contank.com\/#organization"},"potentialAction":[{"@type":"SearchAction","target":{"@type":"EntryPoint","urlTemplate":"https:\/\/contank.com\/?s={search_term_string}"},"query-input":{"@type":"PropertyValueSpecification","valueRequired":true,"valueName":"search_term_string"}}],"inLanguage":"de"},{"@type":"Organization","@id":"https:\/\/contank.com\/#organization","name":"Contank","url":"https:\/\/contank.com\/","logo":{"@type":"ImageObject","inLanguage":"de","@id":"https:\/\/contank.com\/#\/schema\/logo\/image\/","url":"https:\/\/contank.com\/wp-content\/uploads\/2021\/05\/ck1.png","contentUrl":"https:\/\/contank.com\/wp-content\/uploads\/2021\/05\/ck1.png","width":130,"height":72,"caption":"Contank"},"image":{"@id":"https:\/\/contank.com\/#\/schema\/logo\/image\/"},"sameAs":["https:\/\/x.com\/ContankSA","https:\/\/www.instagram.com\/contank\/","https:\/\/www.linkedin.com\/company\/11075598\/"]}]}},"_links":{"self":[{"href":"https:\/\/contank.com\/de\/wp-json\/wp\/v2\/pages\/14976","targetHints":{"allow":["GET"]}}],"collection":[{"href":"https:\/\/contank.com\/de\/wp-json\/wp\/v2\/pages"}],"about":[{"href":"https:\/\/contank.com\/de\/wp-json\/wp\/v2\/types\/page"}],"author":[{"embeddable":true,"href":"https:\/\/contank.com\/de\/wp-json\/wp\/v2\/users\/1"}],"replies":[{"embeddable":true,"href":"https:\/\/contank.com\/de\/wp-json\/wp\/v2\/comments?post=14976"}],"version-history":[{"count":2,"href":"https:\/\/contank.com\/de\/wp-json\/wp\/v2\/pages\/14976\/revisions"}],"predecessor-version":[{"id":15392,"href":"https:\/\/contank.com\/de\/wp-json\/wp\/v2\/pages\/14976\/revisions\/15392"}],"wp:attachment":[{"href":"https:\/\/contank.com\/de\/wp-json\/wp\/v2\/media?parent=14976"}],"curies":[{"name":"wp","href":"https:\/\/api.w.org\/{rel}","templated":true}]}}