{"id":14964,"date":"2021-05-25T15:36:04","date_gmt":"2021-05-25T15:36:04","guid":{"rendered":"https:\/\/contank.com\/transporte-liquidos\/"},"modified":"2021-08-20T16:04:09","modified_gmt":"2021-08-20T16:04:09","slug":"flussigkeitstransport","status":"publish","type":"page","link":"https:\/\/contank.com\/de\/flussigkeitstransport\/","title":{"rendered":"Fl\u00fcssigkeitstransport"},"content":{"rendered":"<div class=\"wpb-content-wrapper\"><p>[vc_row][vc_column][vc_row_inner content_placement=&#8220;middle&#8220;][vc_column_inner width=&#8220;1\/2&#8243;]<div class=\"et-braket-block-wrapper\"><style>#et-braket-block-1 .braket-title {font-weight:700;color:#212121;}#et-braket-block-1 .braket-sub-title {color:#9a9a9a;}#et-braket-block-1 .braket-button {color:#212121 !important;}#et-braket-block-1 .braket-button:hover {color:#ffffff !important;}#et-braket-block-1 .braket-button:before {box-shadow:inset 0 0 0 1px #212121;}#et-braket-block-1 .braket-button:after {background-color:#fcc33f;}#et-braket-block-1 .braket > div:first-child,\r\n\t\t\t\t\t\t#et-braket-block-1 .braket > div:last-child,\r\n\t\t\t\t\t\t#et-braket-block-1 .braket > div:nth-child(2) > span  {background-color:#fcc33f;}<\/style><div id=\"et-braket-block-1\" data-delay=\"0\" class=\"et-braket-block left \"><div class=\"braket-block-inner et-clearfix\"><div class=\"braket\"><div><\/div><div><span><\/span><\/div><div><\/div><\/div><div class=\"braket-block-content\"><p class=\"braket-sub-title\">TRANSPORT CHEMISCHER FL\u00dcSSIGKEITEN<\/p><h1 class=\"braket-title\" data-mobile-font=\"inherit\" data-tablet-font=\"inherit\">Spezialisten im Bereich des Transports fl\u00fcssiger chemischer Produkte.<\/h1><\/div><\/div><div class=\"braket-block-content text et-clearfix\"><\/div><\/div><\/div>[\/vc_column_inner][vc_column_inner width=&#8220;1\/2&#8243;][vc_single_image image=&#8220;14556&#8243; img_size=&#8220;full&#8220; alignment=&#8220;center&#8220; css_animation=&#8220;fadeInDownBig&#8220;][\/vc_column_inner][\/vc_row_inner][vc_empty_space height=&#8220;62px&#8220;][\/vc_column][\/vc_row][vc_row][vc_column width=&#8220;1\/2&#8243;][vc_empty_space height=&#8220;80px&#8220;]<h1 id=\"et-animated-title-1\" class=\"et-animated-title et-clearfix  curtain curtain-left\" data-mobile-font=\"inherit\" data-tablet-font=\"inherit\" data-delay=\"0\" style=\"font-weight:700;color:#212121;\"><span class=\"text-wrapper\"><span class=\"text\">INTERMODALER TRANSPORT<\/span><span class=\"curtain\" style=\"background-color:#fcc93f;\"><\/span><\/span><\/h1>[\/vc_column][vc_column width=&#8220;1\/2&#8243;][vc_column_text]Wir sind <strong>Experten auf dem Gebiet des intermodalen Transports von ADR-G\u00fctern<\/strong>\u00a0der Klassen (3, 4, 5, 6, 8 und 9) <strong>und von Nicht-ADR-G\u00fctern,<\/strong>\u00a0mit einer erneuerten <a href=\"https:\/\/contank.com\/equipamiento\/\">Containerflotte<\/a> von IsoTank zu 20&#8220;, von SwapBody zu 25&#8220; und von SwapBody zu 30&#8220;.<\/p>\n<p>Dank des intermodalen Transports von <strong>ADR-<\/strong>\u00a0und <strong>Nicht-ADR-G\u00fctern<\/strong>, <strong>erzielen wir eine deutliche Verminderung der CO2-Emissionen<\/strong>\u00a0im Vergleich zur selben Route auf der Stra\u00dfe. Au\u00dferdem werden die mit der Fahrt verbundenen Risiken verringert, da die <strong>intermodale Methode auch die sicherste Methode<\/strong>\u00a0ist.[\/vc_column_text][\/vc_column][\/vc_row][vc_row][vc_column animation_delay=&#8220;0&#8243; css=&#8220;.vc_custom_1622112770163{background-image: url(https:\/\/contank.com\/wp-content\/uploads\/2018\/07\/world.jpg?id=11623) !important;}&#8220;]<div class=\"et-process-wrapper\"><style>#et-process-1 .process-angle, #et-process-1 .process-item-icon, #et-process-1 .process-item-title {color:#fcd03f}<\/style><div id=\"et-process-1\" data-animate=\"true\" class=\"et-process  columns-3 effect-moveUp et-clearfix\"><div class=\"et-process-item et-item et-clearfix\"><div class=\"et-item-inner\"><span class=\"process-item-icon fa fa-industry\"><\/span><h5 class=\"process-item-title\">WIR LADEN DAS PRODUKT IM URSPRUNGSWERK UND LAGERN ES DANN AM TERMINAL.<\/h5><\/div><\/div><div class=\"et-process-item et-item et-clearfix\"><div class=\"et-item-inner\"><span class=\"process-item-icon fa fa-train\"><\/span><h5 class=\"process-item-title\">DER GROSSTEIL DER ROUTE WIRD MIT DER EISENBAHN ODER PER SCHIFF ZUR\u00dcCKGELEGT.<\/h5><\/div><\/div><div class=\"et-process-item et-item et-clearfix\"><div class=\"et-item-inner\"><span class=\"process-item-icon fa fa-industry\"><\/span><h5 class=\"process-item-title\">WIR HOLEN DEN CONTAINER AM TERMINAL AB UND LIEFERN IHN AN DEN ENDKUNDEN AUS.<\/h5><\/div><\/div><\/div><\/div>[vc_row_inner css=&#8220;.vc_custom_1622114979450{margin-top: 50px !important;}&#8220;][vc_column_inner width=&#8220;1\/3&#8243;][vc_single_image image=&#8220;14696&#8243; img_size=&#8220;medium&#8220; css_animation=&#8220;slideInUp&#8220;][\/vc_column_inner][vc_column_inner width=&#8220;1\/3&#8243;][vc_single_image image=&#8220;14664&#8243; img_size=&#8220;full&#8220; alignment=&#8220;center&#8220;][\/vc_column_inner][vc_column_inner width=&#8220;1\/3&#8243;][vc_column_text]Wir stellen Ihrem Unternehmen ein <strong>CO2-Einsparzertifikat<\/strong>\u00a0aus, damit Sie in Erfahrung bringen k\u00f6nnen, wie viele Tonnen sie dank der intermodalen Methode einsparen konnten.<\/p>\n<p>Vermindern Sie Ihren CO2-Fu\u00dfabdruck, indem Sie auf Intermodal setzen![\/vc_column_text][\/vc_column_inner][\/vc_row_inner][\/vc_column][\/vc_row][vc_row][vc_column][vc_empty_space height=&#8220;90px&#8220;]<div class=\"gap et-clearfix \" style=\"height:32px\"><\/div>[\/vc_column][\/vc_row][vc_row][vc_column width=&#8220;1\/2&#8243;][vc_column_text]Der<strong>\u00a0Stra\u00dfentransport von Fl\u00fcssigkeiten<\/strong>\u00a0F\u00fcr diese Option entscheidet man sich,\u00a0 wenn keine intermodale Alternative zur Verf\u00fcgung steht oder falls der Container vor seiner Entladung gelagert werden muss. Unsere Einheit, die aus einer Zugmaschine, einem Fahrgestell und einem Container besteht, erm\u00f6glicht den Betrieb zwecks Verminderung der Zusatzkosten f\u00fcr die Lagerung.<\/p>\n<p>Eine weitere Anwendung des Stra\u00dfentransports sind Expressdienste, falls ein Kunde mal einen Eilauftrag erteilt.[\/vc_column_text][\/vc_column][vc_column width=&#8220;1\/2&#8243;]<h1 id=\"et-animated-title-2\" class=\"et-animated-title et-clearfix  curtain curtain-left\" data-mobile-font=\"inherit\" data-tablet-font=\"inherit\" data-delay=\"0\" style=\"font-weight:700;color:#212121;\"><span class=\"text-wrapper\"><span class=\"text\">G\u00dcTERKRAFTVER-KEHR<\/span><span class=\"curtain\" style=\"background-color:#fcc93f;\"><\/span><\/span><\/h1>[\/vc_column][\/vc_row][vc_row][vc_column]<div class=\"et-process-wrapper\"><style>#et-process-2 .process-angle, #et-process-2 .process-item-icon, #et-process-2 .process-item-title {color:#fcd03f}<\/style><div id=\"et-process-2\" data-animate=\"false\" class=\"et-process  columns-3 effect-none et-clearfix\"><div class=\"et-process-item et-item et-clearfix\"><div class=\"et-item-inner\"><span class=\"process-item-icon fa fa-industry\"><\/span><h5 class=\"process-item-title\">LADUNG DES PRODUKTES IM URSPRUNGSWERK.<\/h5><\/div><\/div><div class=\"et-process-item et-item et-clearfix\"><div class=\"et-item-inner\"><span class=\"process-item-icon fa fa-truck\"><\/span><h5 class=\"process-item-title\">VOLLST\u00c4NDIGE ROUTE AUF DEM LANDWEG.<\/h5><\/div><\/div><div class=\"et-process-item et-item et-clearfix\"><div class=\"et-item-inner\"><span class=\"process-item-icon fa fa-industry\"><\/span><h5 class=\"process-item-title\">ENTLADUND DES PRODUKTES IM ZIELWERK.<\/h5><\/div><\/div><\/div><\/div>[\/vc_column][\/vc_row][vc_row][vc_column width=&#8220;1\/2&#8243;]<h1 id=\"et-animated-title-3\" class=\"et-animated-title et-clearfix  curtain curtain-left\" data-mobile-font=\"inherit\" data-tablet-font=\"inherit\" data-delay=\"0\" style=\"font-weight:700;color:#212121;\"><span class=\"text-wrapper\"><span class=\"text\">VERTEILUNG AUF DEM LANDWEG<\/span><span class=\"curtain\" style=\"background-color:#fcc93f;\"><\/span><\/span><\/h1>[\/vc_column][vc_column width=&#8220;1\/2&#8243;][vc_column_text]<\/p>\n<p class=\"P68B1DB1-Normal8\" style=\"margin-bottom: 0cm; line-height: normal; background: white;\"><span lang=\"DE\">Container mit integriertem Literz\u00e4hler, ideal f\u00fcr die Verteilung von Fl\u00fcssigkeiten auf mehrere Container.<\/span><\/p>\n<p class=\"P68B1DB1-Normal5\" style=\"margin-bottom: 18.0pt; line-height: normal; background: white;\"><span lang=\"DE\">M\u00f6glichkeit der Verteilung fl\u00fcssiger Massenprodukte in Mehrfachlieferungen auf Landwegrouten.<\/span><\/p>\n<p class=\"P68B1DB1-Normal5\" style=\"line-height: normal; background: white;\"><span lang=\"DE\">Z\u00e4hler mit idealer Telemetrie, um die an jeden Empf\u00e4nger gelieferten Liter auf dem digitalen Wege zu melden.<\/span><\/p>\n<p>[\/vc_column_text][\/vc_column][\/vc_row][vc_row][vc_column][vc_single_image image=&#8220;14856&#8243; img_size=&#8220;large&#8220; alignment=&#8220;center&#8220;][\/vc_column][\/vc_row][vc_row full_width=&#8220;stretch_row&#8220; gap=&#8220;48&#8243; css=&#8220;.vc_custom_1622477318825{background-image: url(https:\/\/contank.com\/wp-content\/uploads\/2018\/07\/globus_image_large_dark.jpg?id=13226) !important;background-position: center !important;background-repeat: no-repeat !important;background-size: cover !important;}&#8220; el_id=&#8220;white&#8220; el_class=&#8220;white&#8220;][vc_column animation_delay=&#8220;0&#8243; css_animation=&#8220;bounceInUp&#8220; width=&#8220;1\/2&#8243; css=&#8220;.vc_custom_1622043998589{margin-top: 100px !important;}&#8220;]<h1 class=\"et-highlight-title \" style=\"font-weight:700;color:#dbdbdb;\" data-mobile-font=\"inherit\" data-tablet-font=\"inherit\"><span class=\"title-inner\">BEN\u00d6TIGT WEITERE INFORMATIONEN?<span class=\"highlight-line\" style=\"background-color:#ffffff;\"><\/span><\/span><\/h1>[\/vc_column][vc_column animation_delay=&#8220;0&#8243; css_animation=&#8220;bounceInLeft&#8220; width=&#8220;1\/2&#8243; el_class=&#8220;.cuadrado&#8220;]\n<div class=\"wpcf7 no-js\" id=\"wpcf7-f15342-o1\" lang=\"es-ES\" dir=\"ltr\" data-wpcf7-id=\"15342\">\n<div class=\"screen-reader-response\"><p role=\"status\" aria-live=\"polite\" aria-atomic=\"true\"><\/p> <ul><\/ul><\/div>\n<form action=\"\/de\/wp-json\/wp\/v2\/pages\/14964#wpcf7-f15342-o1\" method=\"post\" class=\"wpcf7-form init\" aria-label=\"Formulario de contacto\" novalidate=\"novalidate\" data-status=\"init\">\n<fieldset class=\"hidden-fields-container\"><input type=\"hidden\" name=\"_wpcf7\" value=\"15342\" \/><input type=\"hidden\" name=\"_wpcf7_version\" value=\"6.1.2\" \/><input type=\"hidden\" name=\"_wpcf7_locale\" value=\"es_ES\" \/><input type=\"hidden\" name=\"_wpcf7_unit_tag\" value=\"wpcf7-f15342-o1\" \/><input type=\"hidden\" name=\"_wpcf7_container_post\" value=\"0\" \/><input type=\"hidden\" name=\"_wpcf7_posted_data_hash\" value=\"\" \/><input type=\"hidden\" name=\"_wpcf7_recaptcha_response\" value=\"\" \/>\n<\/fieldset>\n<p><label> Ihr Name<br \/>\n<span class=\"wpcf7-form-control-wrap\" data-name=\"your-name\"><input size=\"40\" maxlength=\"400\" class=\"wpcf7-form-control wpcf7-text wpcf7-validates-as-required\" aria-required=\"true\" aria-invalid=\"false\" value=\"\" type=\"text\" name=\"your-name\" \/><\/span> <\/label>\n<\/p>\n<p><label> Ihre E-Mail Adresse<br \/>\n<span class=\"wpcf7-form-control-wrap\" data-name=\"your-email\"><input size=\"40\" maxlength=\"400\" class=\"wpcf7-form-control wpcf7-email wpcf7-validates-as-required wpcf7-text wpcf7-validates-as-email\" aria-required=\"true\" aria-invalid=\"false\" value=\"\" type=\"email\" name=\"your-email\" \/><\/span> <\/label>\n<\/p>\n<p><label> Ihr Unternehmen<br \/>\n<span class=\"wpcf7-form-control-wrap\" data-name=\"your-subject\"><input size=\"40\" maxlength=\"400\" class=\"wpcf7-form-control wpcf7-text wpcf7-validates-as-required\" aria-required=\"true\" aria-invalid=\"false\" value=\"\" type=\"text\" name=\"your-subject\" \/><\/span> <\/label>\n<\/p>\n<p><label> Ihre Nachricht<br \/>\n<span class=\"wpcf7-form-control-wrap\" data-name=\"your-message\"><textarea cols=\"40\" rows=\"10\" maxlength=\"2000\" class=\"wpcf7-form-control wpcf7-textarea\" aria-invalid=\"false\" name=\"your-message\"><\/textarea><\/span> <\/label>\n<\/p>\n<p><span class=\"wpcf7-form-control-wrap\" data-name=\"acceptance-773\"><span class=\"wpcf7-form-control wpcf7-acceptance\"><span class=\"wpcf7-list-item\"><label><input type=\"checkbox\" name=\"acceptance-773\" value=\"1\" aria-invalid=\"false\" \/><span class=\"wpcf7-list-item-label\">Ich habe die <a href=\"https:\/\/contank.com\/de\/datenschutzerklarung\/\" target=\"_blank\" rel=\"noopener\">Datenschutzrichtlinie des Unternehmens Contank S.A<\/a> und die darin beschriebene Behandlung meiner Daten gelesen und akzeptiere diese.<\/span><\/label><\/span><\/span><\/span>\n<\/p>\n<p><span class=\"wpcf7-form-control-wrap\" data-name=\"quiz-535\"><label><span class=\"wpcf7-quiz-label\">L\u00f6sen Sie die mathematische Operation: 11 + 4<\/span> <input size=\"40\" class=\"wpcf7-form-control wpcf7-quiz\" autocomplete=\"off\" aria-required=\"true\" aria-invalid=\"false\" type=\"text\" name=\"quiz-535\" \/><\/label><input type=\"hidden\" name=\"_wpcf7_quiz_answer_quiz-535\" value=\"3dfe091b3479227f953e5d0ef4f3bfdf\" \/><\/span>\n<\/p>\n<p><input class=\"wpcf7-form-control wpcf7-submit has-spinner\" type=\"submit\" value=\"Senden\" \/>\n<\/p><div class=\"wpcf7-response-output\" aria-hidden=\"true\"><\/div>\n<\/form>\n<\/div>\n[\/vc_column][\/vc_row]<\/p>\n<\/div>","protected":false},"excerpt":{"rendered":"<p>[vc_row][vc_column][vc_row_inner content_placement=&#8220;middle&#8220;][vc_column_inner width=&#8220;1\/2&#8243;][\/vc_column_inner][vc_column_inner width=&#8220;1\/2&#8243;][vc_single_image image=&#8220;14556&#8243; img_size=&#8220;full&#8220; alignment=&#8220;center&#8220; css_animation=&#8220;fadeInDownBig&#8220;][\/vc_column_inner][\/vc_row_inner][vc_empty_space height=&#8220;62px&#8220;][\/vc_column][\/vc_row][vc_row][vc_column width=&#8220;1\/2&#8243;][vc_empty_space height=&#8220;80px&#8220;][\/vc_column][vc_column width=&#8220;1\/2&#8243;][vc_column_text]Wir sind Experten auf dem Gebiet des intermodalen Transports von ADR-G\u00fctern\u00a0der Klassen (3, 4, 5, 6, 8 und 9) und von Nicht-ADR-G\u00fctern,\u00a0mit einer erneuerten Containerflotte von IsoTank zu 20&#8220;, von SwapBody zu 25&#8220; und von SwapBody zu 30&#8220;. Dank des intermodalen Transports von ADR-\u00a0und [&hellip;]<\/p>\n","protected":false},"author":1,"featured_media":0,"parent":0,"menu_order":0,"comment_status":"closed","ping_status":"closed","template":"page-vc.php","meta":{"footnotes":""},"class_list":["post-14964","page","type-page","status-publish","hentry"],"yoast_head":"<!-- This site is optimized with the Yoast SEO plugin v27.3 - https:\/\/yoast.com\/product\/yoast-seo-wordpress\/ -->\n<title>Fl\u00fcssigkeitstransport - Contank - Transporte ADR de l\u00edquidos intermodal<\/title>\n<meta name=\"robots\" content=\"index, follow, max-snippet:-1, max-image-preview:large, max-video-preview:-1\" \/>\n<link rel=\"canonical\" href=\"https:\/\/contank.com\/de\/flussigkeitstransport\/\" \/>\n<meta property=\"og:locale\" content=\"de_DE\" \/>\n<meta property=\"og:type\" content=\"article\" \/>\n<meta property=\"og:title\" content=\"Fl\u00fcssigkeitstransport - Contank - Transporte ADR de l\u00edquidos intermodal\" \/>\n<meta property=\"og:description\" content=\"[vc_row][vc_column][vc_row_inner content_placement=&#8220;middle&#8220;][vc_column_inner width=&#8220;1\/2&#8243;][\/vc_column_inner][vc_column_inner width=&#8220;1\/2&#8243;][vc_single_image image=&#8220;14556&#8243; img_size=&#8220;full&#8220; alignment=&#8220;center&#8220; css_animation=&#8220;fadeInDownBig&#8220;][\/vc_column_inner][\/vc_row_inner][vc_empty_space height=&#8220;62px&#8220;][\/vc_column][\/vc_row][vc_row][vc_column width=&#8220;1\/2&#8243;][vc_empty_space height=&#8220;80px&#8220;][\/vc_column][vc_column width=&#8220;1\/2&#8243;][vc_column_text]Wir sind Experten auf dem Gebiet des intermodalen Transports von ADR-G\u00fctern\u00a0der Klassen (3, 4, 5, 6, 8 und 9) und von Nicht-ADR-G\u00fctern,\u00a0mit einer erneuerten Containerflotte von IsoTank zu 20&#8220;, von SwapBody zu 25&#8220; und von SwapBody zu 30&#8220;. Dank des intermodalen Transports von ADR-\u00a0und [&hellip;]\" \/>\n<meta property=\"og:url\" content=\"https:\/\/contank.com\/de\/flussigkeitstransport\/\" \/>\n<meta property=\"og:site_name\" content=\"Contank - Transporte ADR de l\u00edquidos intermodal\" \/>\n<meta property=\"article:modified_time\" content=\"2021-08-20T16:04:09+00:00\" \/>\n<meta name=\"twitter:card\" content=\"summary_large_image\" \/>\n<meta name=\"twitter:site\" content=\"@ContankSA\" \/>\n<meta name=\"twitter:label1\" content=\"Gesch\u00e4tzte Lesezeit\" \/>\n\t<meta name=\"twitter:data1\" content=\"4\u00a0Minuten\" \/>\n<script type=\"application\/ld+json\" class=\"yoast-schema-graph\">{\"@context\":\"https:\\\/\\\/schema.org\",\"@graph\":[{\"@type\":\"WebPage\",\"@id\":\"https:\\\/\\\/contank.com\\\/de\\\/flussigkeitstransport\\\/\",\"url\":\"https:\\\/\\\/contank.com\\\/de\\\/flussigkeitstransport\\\/\",\"name\":\"Fl\u00fcssigkeitstransport - Contank - Transporte ADR de l\u00edquidos intermodal\",\"isPartOf\":{\"@id\":\"https:\\\/\\\/contank.com\\\/#website\"},\"datePublished\":\"2021-05-25T15:36:04+00:00\",\"dateModified\":\"2021-08-20T16:04:09+00:00\",\"breadcrumb\":{\"@id\":\"https:\\\/\\\/contank.com\\\/de\\\/flussigkeitstransport\\\/#breadcrumb\"},\"inLanguage\":\"de\",\"potentialAction\":[{\"@type\":\"ReadAction\",\"target\":[\"https:\\\/\\\/contank.com\\\/de\\\/flussigkeitstransport\\\/\"]}]},{\"@type\":\"BreadcrumbList\",\"@id\":\"https:\\\/\\\/contank.com\\\/de\\\/flussigkeitstransport\\\/#breadcrumb\",\"itemListElement\":[{\"@type\":\"ListItem\",\"position\":1,\"name\":\"Portada\",\"item\":\"https:\\\/\\\/contank.com\\\/de\\\/\"},{\"@type\":\"ListItem\",\"position\":2,\"name\":\"Fl\u00fcssigkeitstransport\"}]},{\"@type\":\"WebSite\",\"@id\":\"https:\\\/\\\/contank.com\\\/#website\",\"url\":\"https:\\\/\\\/contank.com\\\/\",\"name\":\"Contank - Transporte ADR Intermodal\",\"description\":\"Especialistas en Transporte ADR de L\u00edquidos en contenedores\",\"publisher\":{\"@id\":\"https:\\\/\\\/contank.com\\\/#organization\"},\"potentialAction\":[{\"@type\":\"SearchAction\",\"target\":{\"@type\":\"EntryPoint\",\"urlTemplate\":\"https:\\\/\\\/contank.com\\\/?s={search_term_string}\"},\"query-input\":{\"@type\":\"PropertyValueSpecification\",\"valueRequired\":true,\"valueName\":\"search_term_string\"}}],\"inLanguage\":\"de\"},{\"@type\":\"Organization\",\"@id\":\"https:\\\/\\\/contank.com\\\/#organization\",\"name\":\"Contank\",\"url\":\"https:\\\/\\\/contank.com\\\/\",\"logo\":{\"@type\":\"ImageObject\",\"inLanguage\":\"de\",\"@id\":\"https:\\\/\\\/contank.com\\\/#\\\/schema\\\/logo\\\/image\\\/\",\"url\":\"https:\\\/\\\/contank.com\\\/wp-content\\\/uploads\\\/2021\\\/05\\\/ck1.png\",\"contentUrl\":\"https:\\\/\\\/contank.com\\\/wp-content\\\/uploads\\\/2021\\\/05\\\/ck1.png\",\"width\":130,\"height\":72,\"caption\":\"Contank\"},\"image\":{\"@id\":\"https:\\\/\\\/contank.com\\\/#\\\/schema\\\/logo\\\/image\\\/\"},\"sameAs\":[\"https:\\\/\\\/x.com\\\/ContankSA\",\"https:\\\/\\\/www.instagram.com\\\/contank\\\/\",\"https:\\\/\\\/www.linkedin.com\\\/company\\\/11075598\\\/\"]}]}<\/script>\n<!-- \/ Yoast SEO plugin. -->","yoast_head_json":{"title":"Fl\u00fcssigkeitstransport - Contank - Transporte ADR de l\u00edquidos intermodal","robots":{"index":"index","follow":"follow","max-snippet":"max-snippet:-1","max-image-preview":"max-image-preview:large","max-video-preview":"max-video-preview:-1"},"canonical":"https:\/\/contank.com\/de\/flussigkeitstransport\/","og_locale":"de_DE","og_type":"article","og_title":"Fl\u00fcssigkeitstransport - Contank - Transporte ADR de l\u00edquidos intermodal","og_description":"[vc_row][vc_column][vc_row_inner content_placement=&#8220;middle&#8220;][vc_column_inner width=&#8220;1\/2&#8243;][\/vc_column_inner][vc_column_inner width=&#8220;1\/2&#8243;][vc_single_image image=&#8220;14556&#8243; img_size=&#8220;full&#8220; alignment=&#8220;center&#8220; css_animation=&#8220;fadeInDownBig&#8220;][\/vc_column_inner][\/vc_row_inner][vc_empty_space height=&#8220;62px&#8220;][\/vc_column][\/vc_row][vc_row][vc_column width=&#8220;1\/2&#8243;][vc_empty_space height=&#8220;80px&#8220;][\/vc_column][vc_column width=&#8220;1\/2&#8243;][vc_column_text]Wir sind Experten auf dem Gebiet des intermodalen Transports von ADR-G\u00fctern\u00a0der Klassen (3, 4, 5, 6, 8 und 9) und von Nicht-ADR-G\u00fctern,\u00a0mit einer erneuerten Containerflotte von IsoTank zu 20&#8220;, von SwapBody zu 25&#8220; und von SwapBody zu 30&#8220;. Dank des intermodalen Transports von ADR-\u00a0und [&hellip;]","og_url":"https:\/\/contank.com\/de\/flussigkeitstransport\/","og_site_name":"Contank - Transporte ADR de l\u00edquidos intermodal","article_modified_time":"2021-08-20T16:04:09+00:00","twitter_card":"summary_large_image","twitter_site":"@ContankSA","twitter_misc":{"Gesch\u00e4tzte Lesezeit":"4\u00a0Minuten"},"schema":{"@context":"https:\/\/schema.org","@graph":[{"@type":"WebPage","@id":"https:\/\/contank.com\/de\/flussigkeitstransport\/","url":"https:\/\/contank.com\/de\/flussigkeitstransport\/","name":"Fl\u00fcssigkeitstransport - Contank - Transporte ADR de l\u00edquidos intermodal","isPartOf":{"@id":"https:\/\/contank.com\/#website"},"datePublished":"2021-05-25T15:36:04+00:00","dateModified":"2021-08-20T16:04:09+00:00","breadcrumb":{"@id":"https:\/\/contank.com\/de\/flussigkeitstransport\/#breadcrumb"},"inLanguage":"de","potentialAction":[{"@type":"ReadAction","target":["https:\/\/contank.com\/de\/flussigkeitstransport\/"]}]},{"@type":"BreadcrumbList","@id":"https:\/\/contank.com\/de\/flussigkeitstransport\/#breadcrumb","itemListElement":[{"@type":"ListItem","position":1,"name":"Portada","item":"https:\/\/contank.com\/de\/"},{"@type":"ListItem","position":2,"name":"Fl\u00fcssigkeitstransport"}]},{"@type":"WebSite","@id":"https:\/\/contank.com\/#website","url":"https:\/\/contank.com\/","name":"Contank - Transporte ADR Intermodal","description":"Especialistas en Transporte ADR de L\u00edquidos en contenedores","publisher":{"@id":"https:\/\/contank.com\/#organization"},"potentialAction":[{"@type":"SearchAction","target":{"@type":"EntryPoint","urlTemplate":"https:\/\/contank.com\/?s={search_term_string}"},"query-input":{"@type":"PropertyValueSpecification","valueRequired":true,"valueName":"search_term_string"}}],"inLanguage":"de"},{"@type":"Organization","@id":"https:\/\/contank.com\/#organization","name":"Contank","url":"https:\/\/contank.com\/","logo":{"@type":"ImageObject","inLanguage":"de","@id":"https:\/\/contank.com\/#\/schema\/logo\/image\/","url":"https:\/\/contank.com\/wp-content\/uploads\/2021\/05\/ck1.png","contentUrl":"https:\/\/contank.com\/wp-content\/uploads\/2021\/05\/ck1.png","width":130,"height":72,"caption":"Contank"},"image":{"@id":"https:\/\/contank.com\/#\/schema\/logo\/image\/"},"sameAs":["https:\/\/x.com\/ContankSA","https:\/\/www.instagram.com\/contank\/","https:\/\/www.linkedin.com\/company\/11075598\/"]}]}},"_links":{"self":[{"href":"https:\/\/contank.com\/de\/wp-json\/wp\/v2\/pages\/14964","targetHints":{"allow":["GET"]}}],"collection":[{"href":"https:\/\/contank.com\/de\/wp-json\/wp\/v2\/pages"}],"about":[{"href":"https:\/\/contank.com\/de\/wp-json\/wp\/v2\/types\/page"}],"author":[{"embeddable":true,"href":"https:\/\/contank.com\/de\/wp-json\/wp\/v2\/users\/1"}],"replies":[{"embeddable":true,"href":"https:\/\/contank.com\/de\/wp-json\/wp\/v2\/comments?post=14964"}],"version-history":[{"count":2,"href":"https:\/\/contank.com\/de\/wp-json\/wp\/v2\/pages\/14964\/revisions"}],"predecessor-version":[{"id":15390,"href":"https:\/\/contank.com\/de\/wp-json\/wp\/v2\/pages\/14964\/revisions\/15390"}],"wp:attachment":[{"href":"https:\/\/contank.com\/de\/wp-json\/wp\/v2\/media?parent=14964"}],"curies":[{"name":"wp","href":"https:\/\/api.w.org\/{rel}","templated":true}]}}